{"id":99,"date":"2015-09-08T12:45:37","date_gmt":"2015-09-08T12:45:37","guid":{"rendered":"http:\/\/178.216.200.219\/?page_id=99"},"modified":"2024-12-06T11:24:36","modified_gmt":"2024-12-06T11:24:36","slug":"o-profesorze-h-skarzynskim","status":"publish","type":"page","link":"https:\/\/henrykskarzynski.pl\/?page_id=99&lang=pl","title":{"rendered":"O mnie"},"content":{"rendered":"<div id=\"metaslider-id-15417\" style=\"max-width: 664px; margin: 0 auto;\" class=\"ml-slider-3-108-0 metaslider metaslider-flex metaslider-15417 ml-slider ms-theme-default nav-hidden\" role=\"region\" aria-label=\"Wykszta\u0142cenie\" data-height=\"328\" data-width=\"664\">\n    <div id=\"metaslider_container_15417\">\n        <div id=\"metaslider_15417\">\n            <ul class='slides'>\n                <li style=\"display: block; width: 100%;\" class=\"slide-14062 ms-image \" aria-roledescription=\"slide\" data-date=\"2015-10-04 13:06:26\" data-filename=\"10.png\" data-slide-type=\"image\"><img loading=\"lazy\" decoding=\"async\" width=\"664\" height=\"328\" src=\"https:\/\/henrykskarzynski.pl\/wp-content\/uploads\/2015\/10\/10.png\" class=\"slider-15417 slide-14062 msDefaultImage\" alt=\"\" rel=\"\" title=\"\" srcset=\"https:\/\/henrykskarzynski.pl\/wp-content\/uploads\/2015\/10\/10.png 664w, https:\/\/henrykskarzynski.pl\/wp-content\/uploads\/2015\/10\/10-300x148.png 300w\" sizes=\"auto, (max-width: 664px) 100vw, 664px\" \/><\/li>\n            <\/ul>\n        <\/div>\n        \n    <\/div>\n<\/div>\n<p><strong>Prof. dr hab. n. med. dr h.c. multi Henryk Skar\u017cy\u0144ski <\/strong>&#8211; \u015bwiatowej s\u0142awy otochirurg, specjalista z dziedziny otorynolaryngologii, audiologii, foniatrii i otolaryngologii dzieci\u0119cej.<\/p>\n<p>Za\u0142o\u017cyciel i od pocz\u0105tku istnienia (1996 r.) dyrektor Instytutu Fizjologii i Patologii S\u0142uchu a wcze\u015bniej, od 1993 r. O\u015brodka Diagnostyczno-Leczniczo-Rehabilitacyjnego dla Os\u00f3b Nies\u0142ysz\u0105cych i Niedos\u0142ysz\u0105cych \u201eCochlear Center\u201d, pierwszego w Polsce a drugiego tego typu w Europie o\u015brodka zapewniaj\u0105cego kompleksow\u0105 opiek\u0119 medyczn\u0105 pacjentom z zaburzeniami s\u0142uchu. Od 2003 kieruje stworzonym przez siebie \u015awiatowym Centrum S\u0142uchu Instytutu Fizjologii i Patologii S\u0142uchu, wiod\u0105cym \u015bwiatowym o\u015brodkiem implant\u00f3w s\u0142uchowych. W o\u015brodkach tych pod kierunkiem prof. H. Skar\u017cy\u0144skiego konsekwentnie opracowywane s\u0105 i wdra\u017cane nowe procedury medyczne umo\u017cliwiaj\u0105ce leczenie coraz to nowych grup pacjent\u00f3w z zaburzeniami s\u0142uchu oraz programy umo\u017cliwiaj\u0105ce wczesne i skuteczne wykrywanie i leczenie wad s\u0142uchu, kt\u00f3re spotka\u0142y si\u0119 z mi\u0119dzynarodowym uznaniem i s\u0105 obecnie wdra\u017cane i rozwijane na ca\u0142ym \u015bwiecie.<\/p>\n<p>W 2024 roku profesor Henryk Skar\u017cy\u0144ski otrzyma\u0142 Order Or\u0142a Bia\u0142ego, najwy\u017csze polskie odznaczenie pa\u0144stwowe, w uznaniu swoich znamienitych zas\u0142ug dla rozwoju polskiej medycyny, w szczeg\u00f3lno\u015bci na rzecz os\u00f3b z zaburzeniami komunikacji mi\u0119dzyludzkiej, za osi\u0105gni\u0119cia w dzia\u0142alno\u015bci naukowej, klinicznej, dydaktycznej i organizacyjnej oraz za popularyzowanie polskiej my\u015bli naukowej na \u015bwiecie.<\/p>\n<p>Od 2011 roku sprawuje funkcj\u0119 Konsultanta Krajowego w dziedzinie Otorynolaryngologii. Wcze\u015bniej by\u0142 Konsultantem Krajowym w Dziedzinie Audiologii i Foniatrii (2008-2011 oraz 1998-2001) i Specjalist\u0105 Krajowym w dziedzinie Audiologii i Foniatrii (1994-1998). Jest Profesorem Honorowym Brigham Young University w Provo UT, USA (1998), Profesorem Nadzwyczajnym State Medical and Pharmaceutical University Nicolae Testemitanu w Kiszyniowie w Mo\u0142dawii (2012) i Profesorem Honorowym Narodowego Centrum Matki i Dziecka w Biszkeku w Kirgistanie (2016), a tak\u017ce doktorem honoris causa Akademii Pedagogiki Specjalnej w Warszawie (2011), Uniwersytetu Warszawskiego (2012), Uniwersytetu Marii Curie-Sk\u0142odowskiej w Lublinie (2014) i Uniwersytetu Kardyna\u0142a Stefana Wyszy\u0144skiego w Warszawie (2022).<\/p>\n<p>Profesor H. Skar\u017cy\u0144ski jako pierwszy w Polsce wykonywa\u0142 operacje implant\u00f3w \u015blimakowych u dzieci i doros\u0142ych (1992), implant\u00f3w s\u0142uchowych na przewodnictwo kostne u dzieci (1997), implant\u00f3w s\u0142uchowych do pnia m\u00f3zgu (1998) i implant\u00f3w ucha \u015brodkowego (2003). W 1997 roku opracowa\u0142 i wdro\u017cy\u0142 klinicznie nowatorsk\u0105 w skali \u015bwiatowej metod\u0119 zachowania przedoperacyjnych resztek s\u0142uchu i leczenia r\u00f3\u017cnych typ\u00f3w cz\u0119\u015bciowej g\u0142uchoty (Partial Deafness Treatment \u2013 PDT). Wyniki pierwszych grup dzieci i doros\u0142ych leczonych t\u0105 metod\u0105 przedstawi\u0142 w roku 2000 na europejskim kongresie EUFOS w Berlinie i europejskiej konferencji ESPCI w Antwerpii. Od 2002 r. jako \u015bwiatowy pionier metody PDT, na podstawie dobrych wynik\u00f3w implantowanych pacjent\u00f3w stopniowo poszerza\u0142 wskazania w zakresie zachowanego dobrego s\u0142uchu dope\u0142nianego s\u0142uchem elektrycznym za po\u015brednictwem implantu \u015blimakowego i tym samym rozszerzy\u0142 wskazania do stosowania implant\u00f3w u milion\u00f3w pacjent\u00f3w, zw\u0142aszcza w\u015br\u00f3d senior\u00f3w \u2013 stale powi\u0119kszaj\u0105cej si\u0119 grupy we wsp\u00f3\u0142czesnych spo\u0142ecze\u0144stwach. Zapocz\u0105tkowa\u0142 tym samych tzw. polsk\u0105 szko\u0142\u0119 otologii w nauce i medycynie \u015bwiatowej.<\/p>\n<p>Dzia\u0142alno\u015b\u0107 naukowo-badawcza prof. H. Skar\u017cy\u0144skiego koncentruje si\u0119 przede wszystkim na zagadnieniach zwi\u0105zanych z fizjologi\u0105 i zaburzeniami narz\u0105d\u00f3w s\u0142uchu i r\u00f3wnowagi, w szczeg\u00f3lno\u015bci w odniesieniu do wczesnego wykrywania i leczenia zaburze\u0144 s\u0142uchu, w tym ca\u0142kowitej i cz\u0119\u015bciowej g\u0142uchoty, zastosowania elektronicznych protez s\u0142uchu, nowych metod chirurgii rekonstrukcyjnej ucha i nowych technologii w otochirurgii i audiologii, m.in. telemedycyny na potrzeby telediagnostyki i telerehabilitacji. Jest autorem licznych innowacyjnych rozwi\u0105za\u0144 i koncepcji, kt\u00f3re mia\u0142y bardzo istotny wp\u0142yw na rozw\u00f3j mo\u017cliwo\u015bci wsp\u00f3\u0142czesnej medycyny, wielu patent\u00f3w i nowych urz\u0105dze\u0144 wszczepialnych (protezka ucha \u015brodkowego, elektroda implantu \u015blimakowego), nowatorskich narz\u0119dzi do oceny efekt\u00f3w terapii (Skala Skar\u017cy\u0144skiego i wsp. do oceny terapii cz\u0119\u015bciowej g\u0142uchoty, Skala Skar\u017cy\u0144skiego do oceny chirurgicznego leczenia wad wrodzonych ucha, Skala Skar\u017cy\u0144skiego w terapii szum\u00f3w usznych), oraz diagnostycznych (aplikacje do bada\u0144 przesiewowych narz\u0105d\u00f3w zmys\u0142\u00f3w, Kapsu\u0142a Bada\u0144 Zmys\u0142\u00f3w).<\/p>\n<p>Prof. H. Skar\u017cy\u0144ski prowadzi szeroko zakrojon\u0105 dzia\u0142alno\u015b\u0107 szkoleniow\u0105 i dydaktyczn\u0105 w Polsce i na arenie mi\u0119dzynarodowej. Istotn\u0105 cz\u0119\u015bci\u0105 dzia\u0142alno\u015bci edukacyjnej s\u0105 operacje pokazowe, kt\u00f3re przeprowadza\u0142 osobi\u015bcie w kilkunastu krajach Azji, Ameryki Po\u0142udniowej i Europy, a tak\u017ce online, m.in. w ramach \u015bwiatowych transmisji chirurgicznych Global Otology \u2013 Neurootology Live Surgical Broadcast sieci LION (2008-2020). Od roku 2007 wyk\u0142ada i wykonuje operacje pokazowe r\u00f3wnie\u017c podczas mi\u0119dzynarodowych kurs\u00f3w dla otochirurg\u00f3w z cyklu Window Approach Workshop WAW, kt\u00f3rych jest pomys\u0142odawc\u0105 i organizatorem, po\u015bwi\u0119conych opracowanej przez siebie technice minimalnie inwazyjnego dost\u0119pu do \u015blimaka przez okienko okr\u0105g\u0142e (odby\u0142o si\u0119 ju\u017c ponad 80 edycji tych warsztat\u00f3w).<\/p>\n<p>Jest zas\u0142u\u017conym nauczycielem akademickim, od wielu lat prowadzi wyk\u0142ady dla student\u00f3w, lekarzy, naukowc\u00f3w i innych specjalist\u00f3w z kraju i zagranicy podczas kongres\u00f3w kontynentalnych oraz na zaproszenie licznych plac\u00f3wek naukowych w Europie, Ameryce P\u00f3\u0142nocnej, Ameryce Po\u0142udniowej, Azji, Afryce i Australii. Jest wsp\u00f3\u0142tw\u00f3rc\u0105 unikatowego kierunku kszta\u0142cenia uniwersyteckiego Logopedia i Audiologia zorganizowanego we wsp\u00f3\u0142pracy z Uniwersytetem Marii Curie-Sk\u0142odowskiej w Lublinie. By\u0142 inicjatorem za\u0142o\u017cenia Policealnej Szko\u0142y Audiologii przy IFPS kszta\u0142c\u0105cej protetyk\u00f3w s\u0142uchu. Jest wsp\u00f3\u0142organizatorem i wyk\u0142adowc\u0105 Studium Obiektywnych Bada\u0144 S\u0142uchu SOBS (od 2003 r.) oraz tw\u00f3rc\u0105 Akademii Otochirurgii (86 edycji od 1992). Organizator kurs\u00f3w podyplomowych, na kt\u00f3rych jest wyk\u0142adowc\u0105, z otolaryngologii, audiologii i foniatrii (od 1983) oraz surdologopedii (od 1998), kurs\u00f3w przeddyplomowych dla student\u00f3w Warszawskiego Uniwersytetu Medycznego (1980\u20132000). Wyk\u0142adowca i organizator kurs\u00f3w doszkalaj\u0105cych dla lekarzy audiolog\u00f3w i otochirurg\u00f3w (od 2003) we wsp\u00f3\u0142pracy z Hearing and Speech Sciences Laboratory, Brigham Young University w Provo (USA) oraz Department of Communicative Disorders, East Tennessee State University (USA).<\/p>\n<p>Prof. H. Skar\u017cy\u0144ski jest do\u015bwiadczonym organizatorem krajowych i mi\u0119dzynarodowych konferencji naukowych, w tym najwa\u017cniejszych \u015bwiatowych zjazd\u00f3w audiolog\u00f3w i otolog\u00f3w jak 9th European Symposium on Paediatric Cochlear Implantation ESPCI (2009), 10th European Federation of Audiology Societies EFAS Congress (2011), 1st World Tinnitus Congress i 12th International Tinnitus Seminar (2017), XXV International Evoked Response Audiometry Study Group Biennial Symposium (2017), 4th International Symposium on Otosclerosis and Stapes Surgery (2018), 35th Politzer Society Meeting (2019), 2nd Word Congress of Otology (2019), XXXV World Congress of Audiology (2022), 7th International Conference on Hyperacusis and Misophonia ICHM7 (2024) oraz 59th Inner Ear Biology Workshop (2024). Jest pomys\u0142odawc\u0105 i organizatorem Kongresu \u201eZdrowie Polak\u00f3w\u201d , kt\u00f3rego pierwsza edycja mia\u0142a miejsce w 2019 r. Ponadto by\u0142 organizatorem kilkudziesi\u0119ciu innych mi\u0119dzynarodowych konferencji naukowych, warsztat\u00f3w naukowo-szkoleniowych i sympozj\u00f3w bilateralnych. W 1998 r. za zas\u0142ugi dla promocji Polski jako kraju kongres\u00f3w i konferencji zosta\u0142 nagrodzony tytu\u0142em \u201eHonorowy Ambasador Kongres\u00f3w Polskich\u201d.<\/p>\n<p>W latach 1993\u20131998 opracowywa\u0142 programy wczesnego wykrywania wad s\u0142uchu u noworodk\u00f3w i by\u0142 sygnatariuszem Europejskiego konsensusu w sprawie przesiewowych bada\u0144 u noworodk\u00f3w podpisanego w Mediolanie (1998). Podczas prezydencji Polski w Unii Europejskiej w 2011 r. zainicjowa\u0142 i koordynowa\u0142 szereg dzia\u0142a\u0144 zwi\u0105zanych ze zg\u0142oszonym przez siebie tematem Wyr\u00f3wnywanie szans edukacyjnych dzieci z zaburzeniami komunikacyjnymi, kt\u00f3ry sta\u0142 si\u0119 g\u0142\u00f3wnym priorytetem polskiej prezydencji w UE. Najwa\u017cniejszym osi\u0105gni\u0119ciem tych dzia\u0142a\u0144 by\u0142o przyj\u0119cie w czerwcu 2011 r. przez przedstawicieli europejskich towarzystw naukowych z 27 kraj\u00f3w oraz organizacji europejskich audiolog\u00f3w, foniatr\u00f3w, logoped\u00f3w i okulist\u00f3w dw\u00f3ch mi\u0119dzynarodowych dokument\u00f3w: Europejskiego Konsensusu Naukowego \u2018Badania przesiewowe s\u0142uchu, wzroku i mowy u dzieci w wieku przedszkolnym i szkolnym\u2019 oraz Europejskiego Konsensusu Naukowego \u2018Badania przesiewowe s\u0142uchu u dzieci w wieku przedszkolnym i szkolnym\u2019. Na podstawie tych konsensus\u00f3w zosta\u0142a przyj\u0119ta Konkluzja Rady UE nt. wczesnego wykrywania i leczenia zaburze\u0144 komunikacyjnych u dzieci, z uwzgl\u0119dnieniem zastosowania narz\u0119dzi e-zdrowia i innowacyjnych rozwi\u0105za\u0144, w Brukseli, 2 grudnia 2011.<\/p>\n<p>Jest autorem ponad 5 tysi\u0119cy publikacji naukowych oraz ponad 4 tysi\u0119cy doniesie\u0144 naukowych na zagranicznych i krajowych konferencjach, kongresach i sympozjach. Uczestniczy\u0142 b\u0105d\u017a kierowa\u0142 ponad 100 projektami badawczymi i wdro\u017ceniowymi. Jest cz\u0142onkiem wiod\u0105cych presti\u017cowych zagranicznych i krajowych towarzystw naukowych, w tym cz\u0142onkiem \u2013 korespondentem Polskiej Akademii Nauk, cz\u0142onkiem Polskiego Towarzystwa Lekarskiego, Polskiego Towarzystwa Otolaryngolog\u00f3w Chirurgii G\u0142owy i Szyi. By\u0142 pierwszym Polakiem przyj\u0119tym do American Otological Society, a tak\u017ce cz\u0142onkiem CORLAS \u2013 Collegium Oto-Rhino-Laryngologicum Amicitiae Sacrum, American Neurotology Society, American Academy of Audiology, cz\u0142onkiem-za\u0142o\u017cycielem European Academy of Otology and Neuro-Otology EAONO, European Federation of Audiology Societies EFAS, Europejskiej Akademii Nauk i Sztuk, a tak\u017ce cz\u0142onkiem-za\u0142o\u017cycielem Forum S\u0142uchu przy WHO,.<\/p>\n<p>Prof. H. Skar\u017cy\u0144ski otrzyma\u0142 za swoj\u0105 niestrudzon\u0105 dzia\u0142alno\u015b\u0107 liczne nagrody i wyr\u00f3\u017cnienia, w tym polskie i zagraniczne odznaczenia pa\u0144stwowe. Do najwa\u017cniejszych z nich nale\u017c\u0105: Order Or\u0142a Bia\u0142ego (2024), Medal Stulecia Odzyskania Niepodleg\u0142o\u015bci (2018), Krzy\u017c Komandorski Polonia Restituta (2012), Krzy\u017c Oficerski Polonia Restituta (2006), Krzy\u017c Kawalerski Polonia Restituta (2000), Br\u0105zowy Medal za Zas\u0142ugi dla Obronno\u015bci Kraju (1978) i Br\u0105zowy Krzy\u017c Zas\u0142ugi (1977). Spo\u015br\u00f3d najwy\u017cszych zagranicznych odznacze\u0144 pa\u0144stwowych nale\u017cy wymieni\u0107 ordery nadane przez Kr\u00f3la Belgii, prezydenta Gruzji, Order Zas\u0142ugi nadany przez Prezydenta Ukrainy, order \u201aEcce Homo\u2019, a tak\u017ce order \u201ePro Ecclesia et Pontifice\u201d nadany przez J\u015a. Papie\u017ca Franciszka. Prof. Henryk Skar\u017cynski jest te\u017c laureatem Mi\u0119dzynarodowego Orderu U\u015bmiechu przyznanego przez dzieci.<\/p>\n<p>Wyj\u0105tkowe miejsce w imponuj\u0105cym zbiorze nagr\u00f3d i wyr\u00f3\u017cnie\u0144 prof. H. Skar\u017cy\u0144skiego zajmuj\u0105 trzy Rekordy Guinnessa. Pierwszy z nich zdoby\u0142a w 2012 r. nale\u017c\u0105ca do prof. Henryka Skar\u017cy\u0144skiego kolekcja 1377 \u015blimak\u00f3w. Kolejne, za \u201eSpotkanie w jednym miejscu i czasie najwi\u0119kszej liczby pacjent\u00f3w z implantami s\u0142uchowymi\u201d zdobyli dwukrotnie pacjenci prof. Skar\u017cy\u0144skiego, spotykaj\u0105cy si\u0119 rokrocznie 15 lipca w \u015awiatowym Centrum S\u0142uchu w Kajetanach na kolejnych rocznicach pierwszego w Polsce wszczepienia implantu \u015blimakowego osobie nies\u0142ysz\u0105cej. Rekord zosta\u0142 ustanowiony w 2012 roku na pikniku rodzinnym z okazji 20-tej rocznicy tego wydarzenia, a pobity tak\u017ce przez pacjent\u00f3w prof. Skar\u017cy\u0144skiego w 2017 roku na pikniku z okazji 25 rocznicy.<\/p>\n<p>W 2014 r. prof. H. Skar\u017cy\u0144ski zainicjowa\u0142 i zorganizowa\u0142 pierwszy w \u015bwiecie Mi\u0119dzynarodowy Festiwal Muzyczny dla Dzieci, M\u0142odzie\u017cy i Doros\u0142ych z Zaburzeniami S\u0142uchu \u201e\u015alimakowe Rytmy\u201d z my\u015bl\u0105 o osobach g\u0142uchych i g\u0142\u0119boko niedos\u0142ysz\u0105cych, kt\u00f3re dzi\u0119ki wszczepieniu implant\u00f3w odzyska\u0142y s\u0142uch i rozwijaj\u0105 swoje umiej\u0119tno\u015bci artystyczne. Coroczne edycje Festiwalu s\u0105 wydarzeniami muzycznymi i naukowymi znanymi na ca\u0142ym \u015bwiecie. Ponadto jest wsp\u00f3\u0142autorem program\u00f3w muzykoterapeutycznych dla pacjent\u00f3w po wszczepieniu implant\u00f3w (m.in. \u201eMuzyka w rozwoju s\u0142uchowym cz\u0142owieka\u201d) i zorganizowa\u0142 5 mi\u0119dzynarodowych konferencji po\u015bwi\u0119conych dziedzinie muzykoterapii. Jako jeden z pierwszych w \u015bwiecie w\u0142\u0105czy\u0142 muzykoterapi\u0119 do programu obowi\u0105zkowej rehabilitacji po wszczepieniu implant\u00f3w s\u0142uchowych u pacjent\u00f3w pediatrycznych i doros\u0142ych, dzi\u0119ki czemu proces rehabilitacji przebiega efektywniej.<\/p>\n<p>Jest te\u017c autorem licznych scenariuszy film\u00f3w dokumentalnych i instrukta\u017cowych, wierszy okoliczno\u015bciowych, tekst\u00f3w piosenek, spektakli okoliczno\u015bciowych i pokaz\u00f3w, a tak\u017ce libretta musicalu \u201ePrzerwana cisza\u201d. W roku 2017 by\u0142 producentem filmu dokumentalnego \u201eMoja Sonata Ksi\u0119\u017cycowa\u201d. W roku 2019, na scenie Warszawskiej Opery Kameralnej zosta\u0142 wystawiony musical \u201ePrzerwana Cisza\u201d, opowiadaj\u0105cy o losach pacjent\u00f3w prof. Henryka Skar\u017cy\u0144skiego, do kt\u00f3rego napisa\u0142 libretto. Aktualnie pracuje nad dwoma scenariuszami filmowymi dot. problem\u00f3w komunikacji mi\u0119dzyludzkiej we wsp\u00f3\u0142czesnym spo\u0142ecze\u0144stwie.<\/p>\n<p>Prof. Henryk Skar\u017cy\u0144ski jest tak\u017ce autorem powie\u015bci filmowej pt.: \u201ePowr\u00f3t Beethovena\u201d, w kt\u00f3rej przez pryzmat tragedii znanego kompozytora i pianisty pokazane s\u0105 osi\u0105gni\u0119cia artystyczne pacjent\u00f3w \u015awiatowego Centrum S\u0142uchu i osi\u0105gni\u0119cia polskiego programu leczenia g\u0142uchoty.<strong><br \/>\n<\/strong><\/p>\n<div class=\"fusion-widget-area fusion-widget-area-1 fusion-content-widget-area\"><div><h2 class=\"rounded\">Informacje w innych serwisach WWW:<\/h2>\n\t<ul class='xoxo blogroll'>\n<li><a href=\"http:\/\/www.chopin.edu.pl\/pl\/osobowe\/henryk-skarzynski\" rel=\"co-worker colleague\" target=\"_blank\">Biografia Prof. Henryka Skar\u017cy\u0144skiego na Chopin.edu.pl<\/a><\/li>\n<li><a href=\"https:\/\/pl.wikipedia.org\/wiki\/Henryk_Skar%C5%BCy%C5%84ski_(lekarz)\" rel=\"me\" target=\"_blank\">Prof. H. Skar\u017cy\u0144ski w Wikipedia<\/a><\/li>\n<li><a href=\"http:\/\/www.mini.pw.edu.pl\/~konwersa\/biogramy\/skarzynski.pdf\" title=\"Prof. dr hab. n. med. Henryk Skar\u017cy\u0144ski \u2013 absolwent Akademii Medycznej w Warszawie (w 1979 r.). W roku 1983 uzyska\u0142 tytu\u0142 dr n. med., w roku 1989 tytu\u0142 dr hab. med., a w roku 1995 tytu\u0142 profesora medycyny.\" target=\"_blank\">Biografia naukowa prof. Henryka Skar\u017cy\u0144skiego: Politechnika Warszawska<\/a>\nProf. dr hab. n. med. Henryk Skar\u017cy\u0144ski \u2013 absolwent Akademii Medycznej w Warszawie (w 1979 r.). W roku 1983 uzyska\u0142 tytu\u0142 dr n. med., w roku 1989 tytu\u0142 dr hab. med., a w roku 1995 tytu\u0142 profesora medycyny.<\/li>\n<li><a href=\"http:\/\/www.aps.edu.pl\/aktualno%C5%9Bci\/archiwum\/prof-dr-hab-n-med-henryk-skar%C5%BCy%C5%84ski.aspx\" rel=\"co-worker\" title=\"Przedstawiamy sylwetk\u0119 laureata doktoratu honorowego APS przyznanego w 2011 roku.\" target=\"_blank\">Akademia Pedagogiki Specjalnej<\/a>\nPrzedstawiamy sylwetk\u0119 laureata doktoratu honorowego APS przyznanego w 2011 roku.<\/li>\n\n\t<\/ul>\n<\/div>\n<div class=\"fusion-additional-widget-content\"><\/div><\/div>\n","protected":false},"excerpt":{"rendered":"<p>Prof. dr hab. n. med. dr h.c. multi Henryk Skar\u017cy\u0144ski &#8211; \u015bwiatowej s\u0142awy otochirurg, specjalista z dziedziny otorynolaryngologii, audiologii, foniatrii i otolaryngologii dzieci\u0119cej. Za\u0142o\u017cyciel i od pocz\u0105tku istnienia (1996 r.) dyrektor Instytutu Fizjologii i Patologii S\u0142uchu a wcze\u015bniej, od 1993 ..<\/p>\n<div class=\"reading\"><a href=\"https:\/\/henrykskarzynski.pl\/?page_id=99&#038;lang=pl\">&gt;&gt;&gt;<\/a><\/div>\n","protected":false},"author":3,"featured_media":0,"parent":0,"menu_order":21,"comment_status":"closed","ping_status":"closed","template":"","meta":{"footnotes":""},"class_list":["post-99","page","type-page","status-publish","hentry"],"_links":{"self":[{"href":"https:\/\/henrykskarzynski.pl\/index.php?rest_route=\/wp\/v2\/pages\/99","targetHints":{"allow":["GET"]}}],"collection":[{"href":"https:\/\/henrykskarzynski.pl\/index.php?rest_route=\/wp\/v2\/pages"}],"about":[{"href":"https:\/\/henrykskarzynski.pl\/index.php?rest_route=\/wp\/v2\/types\/page"}],"author":[{"embeddable":true,"href":"https:\/\/henrykskarzynski.pl\/index.php?rest_route=\/wp\/v2\/users\/3"}],"replies":[{"embeddable":true,"href":"https:\/\/henrykskarzynski.pl\/index.php?rest_route=%2Fwp%2Fv2%2Fcomments&post=99"}],"version-history":[{"count":30,"href":"https:\/\/henrykskarzynski.pl\/index.php?rest_route=\/wp\/v2\/pages\/99\/revisions"}],"predecessor-version":[{"id":24765,"href":"https:\/\/henrykskarzynski.pl\/index.php?rest_route=\/wp\/v2\/pages\/99\/revisions\/24765"}],"wp:attachment":[{"href":"https:\/\/henrykskarzynski.pl\/index.php?rest_route=%2Fwp%2Fv2%2Fmedia&parent=99"}],"curies":[{"name":"wp","href":"https:\/\/api.w.org\/{rel}","templated":true}]}}