{"id":96,"date":"2015-09-08T12:44:30","date_gmt":"2015-09-08T12:44:30","guid":{"rendered":"http:\/\/178.216.200.219\/?page_id=96"},"modified":"2015-10-26T21:08:47","modified_gmt":"2015-10-26T21:08:47","slug":"umow-wizyte","status":"publish","type":"page","link":"https:\/\/henrykskarzynski.pl\/?page_id=96&lang=pl","title":{"rendered":"Informacje dla pacjent\u00f3w"},"content":{"rendered":"<div id=\"metaslider-id-15417\" style=\"max-width: 664px; margin: 0 auto;\" class=\"ml-slider-3-108-0 metaslider metaslider-flex metaslider-15417 ml-slider ms-theme-default nav-hidden\" role=\"region\" aria-label=\"Wykszta\u0142cenie\" data-height=\"328\" data-width=\"664\">\n    <div id=\"metaslider_container_15417\">\n        <div id=\"metaslider_15417\">\n            <ul class='slides'>\n                <li style=\"display: block; width: 100%;\" class=\"slide-14062 ms-image \" aria-roledescription=\"slide\" data-date=\"2015-10-04 13:06:26\" data-filename=\"10.png\" data-slide-type=\"image\"><img loading=\"lazy\" decoding=\"async\" width=\"664\" height=\"328\" src=\"https:\/\/henrykskarzynski.pl\/wp-content\/uploads\/2015\/10\/10.png\" class=\"slider-15417 slide-14062 msDefaultImage\" alt=\"\" rel=\"\" title=\"\" srcset=\"https:\/\/henrykskarzynski.pl\/wp-content\/uploads\/2015\/10\/10.png 664w, https:\/\/henrykskarzynski.pl\/wp-content\/uploads\/2015\/10\/10-300x148.png 300w\" sizes=\"auto, (max-width: 664px) 100vw, 664px\" \/><\/li>\n            <\/ul>\n        <\/div>\n        \n    <\/div>\n<\/div>\n<p>Informacje na temat rejestracji, wymaganych dokument\u00f3w oraz lokalizacji mo\u017cna <strong><a href=\"http:\/\/whc.ifps.org.pl\/dla-pacjentow\/\" target=\"_blank\">przeczyta\u0107 na tej stronie<\/a><\/strong>.<\/p>\n","protected":false},"excerpt":{"rendered":"<p>Informacje na temat rejestracji, wymaganych dokument\u00f3w oraz lokalizacji mo\u017cna przeczyta\u0107 na tej stronie.<\/p>\n","protected":false},"author":3,"featured_media":0,"parent":0,"menu_order":15,"comment_status":"closed","ping_status":"closed","template":"","meta":{"footnotes":""},"class_list":["post-96","page","type-page","status-publish","hentry"],"_links":{"self":[{"href":"https:\/\/henrykskarzynski.pl\/index.php?rest_route=\/wp\/v2\/pages\/96","targetHints":{"allow":["GET"]}}],"collection":[{"href":"https:\/\/henrykskarzynski.pl\/index.php?rest_route=\/wp\/v2\/pages"}],"about":[{"href":"https:\/\/henrykskarzynski.pl\/index.php?rest_route=\/wp\/v2\/types\/page"}],"author":[{"embeddable":true,"href":"https:\/\/henrykskarzynski.pl\/index.php?rest_route=\/wp\/v2\/users\/3"}],"replies":[{"embeddable":true,"href":"https:\/\/henrykskarzynski.pl\/index.php?rest_route=%2Fwp%2Fv2%2Fcomments&post=96"}],"version-history":[{"count":0,"href":"https:\/\/henrykskarzynski.pl\/index.php?rest_route=\/wp\/v2\/pages\/96\/revisions"}],"wp:attachment":[{"href":"https:\/\/henrykskarzynski.pl\/index.php?rest_route=%2Fwp%2Fv2%2Fmedia&parent=96"}],"curies":[{"name":"wp","href":"https:\/\/api.w.org\/{rel}","templated":true}]}}