{"id":7,"date":"2013-12-12T14:55:41","date_gmt":"2015-09-07T14:09:10","guid":{"rendered":"http:\/\/178.216.200.219\/?page_id=7"},"modified":"2019-04-30T11:28:05","modified_gmt":"2019-04-30T11:28:05","slug":"przebieg-pracy-zawodowej","status":"publish","type":"page","link":"https:\/\/henrykskarzynski.pl\/?page_id=7&lang=pl","title":{"rendered":"Przebieg pracy zawodowej"},"content":{"rendered":"<div id=\"metaslider-id-15422\" style=\"max-width: 664px; margin: 0 auto;\" class=\"ml-slider-3-107-0 metaslider metaslider-flex metaslider-15422 ml-slider ms-theme-default nav-hidden\" role=\"region\" aria-label=\"Dzia\u0142. nauk.\" data-height=\"328\" data-width=\"664\">\n    <div id=\"metaslider_container_15422\">\n        <div id=\"metaslider_15422\">\n            <ul class='slides'>\n                <li style=\"display: block; width: 100%;\" class=\"slide-15423 ms-image \" aria-roledescription=\"slide\" data-date=\"2015-10-26 21:10:50\" data-filename=\"41.png\" data-slide-type=\"image\"><img loading=\"lazy\" decoding=\"async\" width=\"640\" height=\"328\" src=\"https:\/\/henrykskarzynski.pl\/wp-content\/uploads\/2015\/10\/41.png\" class=\"slider-15422 slide-15423 msDefaultImage\" alt=\"\" rel=\"\" title=\"\" srcset=\"https:\/\/henrykskarzynski.pl\/wp-content\/uploads\/2015\/10\/41.png 640w, https:\/\/henrykskarzynski.pl\/wp-content\/uploads\/2015\/10\/41-300x154.png 300w\" sizes=\"auto, (max-width: 640px) 100vw, 640px\" \/><\/li>\n            <\/ul>\n        <\/div>\n        \n    <\/div>\n<\/div>\n<table style=\"width: 569px;\" cellspacing=\"1\" cellpadding=\"1\">\n<tbody>\n<tr>\n<td style=\"width: 102px; text-align: left;\" width=\"125\">od 1996 r.<\/td>\n<td style=\"width: 756px;\"><b>Resortowy Instytut Fizjologii i Patologii S\u0142uchu<\/b><br \/>\npe\u0142nione funkcje:<\/p>\n<ul>\n<li>dyrektor Instytutu (od 1996 r.)<\/li>\n<li>kierownik Kliniki Chor\u00f3b Uszu (1999-2003)<\/li>\n<li>kierownik Mi\u0119dzynarodowego Centrum S\u0142uchu i Mowy (2003-2012)<\/li>\n<li>kierownik Kliniki Oto-Ryno-Laryngochirurgii (2003-2012)<\/li>\n<li>kierownik \u015awiatowego Centrum S\u0142uchu (od 2012 r.)<\/li>\n<li>kierownik Kliniki Oto-Ryno-Laryngochirurgii (od 2012 r.)<\/li>\n<\/ul>\n<\/td>\n<\/tr>\n<tr>\n<td style=\"width: 102px; text-align: left;\">od 2002 r. do 2018 r.<\/td>\n<td style=\"width: 756px;\"><b>Katedra Audiologii i Foniatrii, Akademia Muzyczna, a od 2009 r.\u00a0 Uniwersytet Muzyczny Fryderyka Chopina<\/b><br \/>\npe\u0142nione funkcje:<\/p>\n<ul>\n<li>kierownik Katedry<\/li>\n<\/ul>\n<\/td>\n<\/tr>\n<tr>\n<td style=\"width: 102px; text-align: left;\">od 1993 r. do 1996 r.<\/td>\n<td style=\"width: 756px;\"><b>O\u015brodek Diagnostyczno-Leczniczo-Rehabilitacyjny dla Os\u00f3b Nies\u0142ysz\u0105cych i Niedos\u0142ysz\u0105cych \u201eCochlear-Center\u201d<\/b><br \/>\npe\u0142nione funkcje:<\/p>\n<ul>\n<li>dyrektor O\u015brodka<\/li>\n<\/ul>\n<\/td>\n<\/tr>\n<tr>\n<td style=\"width: 102px; text-align: left;\">od 1980 r. do 2000 r.<\/td>\n<td style=\"width: 756px;\"><b>Katedra i Klinika Otolaryngologii AM w Warszawie<\/b><\/p>\n<ul>\n<li>kolejne stanowiska: asystent (1980), starszy asystent (1982), adiunkt (1985), docent (1990), profesor nadzw. Akademii Medycznej (1993), tytu\u0142 naukowy profesora medycyny (1995)<\/li>\n<li>pe\u0142nione funkcje: zast\u0119pca ordynatora oddzia\u0142u (1985), ordynator oddzia\u0142u (1986), zast\u0119pca kierownika Kliniki (1989)<\/li>\n<\/ul>\n<\/td>\n<\/tr>\n<\/tbody>\n<\/table>\n","protected":false},"excerpt":{"rendered":"<p>od 1996 r. Resortowy Instytut Fizjologii i Patologii S\u0142uchu pe\u0142nione funkcje: dyrektor Instytutu (od 1996 r.) kierownik Kliniki Chor\u00f3b Uszu (1999-2003) kierownik Mi\u0119dzynarodowego Centrum S\u0142uchu i Mowy (2003-2012) kierownik Kliniki Oto-Ryno-Laryngochirurgii (2003-2012) kierownik \u015awiatowego Centrum S\u0142uchu (od 2012 r.) kierownik ..<\/p>\n<div class=\"reading\"><a href=\"https:\/\/henrykskarzynski.pl\/?page_id=7&#038;lang=pl\">&gt;&gt;&gt;<\/a><\/div>\n","protected":false},"author":3,"featured_media":0,"parent":0,"menu_order":31,"comment_status":"closed","ping_status":"closed","template":"","meta":{"footnotes":""},"class_list":["post-7","page","type-page","status-publish","hentry"],"_links":{"self":[{"href":"https:\/\/henrykskarzynski.pl\/index.php?rest_route=\/wp\/v2\/pages\/7","targetHints":{"allow":["GET"]}}],"collection":[{"href":"https:\/\/henrykskarzynski.pl\/index.php?rest_route=\/wp\/v2\/pages"}],"about":[{"href":"https:\/\/henrykskarzynski.pl\/index.php?rest_route=\/wp\/v2\/types\/page"}],"author":[{"embeddable":true,"href":"https:\/\/henrykskarzynski.pl\/index.php?rest_route=\/wp\/v2\/users\/3"}],"replies":[{"embeddable":true,"href":"https:\/\/henrykskarzynski.pl\/index.php?rest_route=%2Fwp%2Fv2%2Fcomments&post=7"}],"version-history":[{"count":0,"href":"https:\/\/henrykskarzynski.pl\/index.php?rest_route=\/wp\/v2\/pages\/7\/revisions"}],"wp:attachment":[{"href":"https:\/\/henrykskarzynski.pl\/index.php?rest_route=%2Fwp%2Fv2%2Fmedia&parent=7"}],"curies":[{"name":"wp","href":"https:\/\/api.w.org\/{rel}","templated":true}]}}