{"id":5,"date":"2015-09-07T14:08:27","date_gmt":"2015-09-07T14:08:27","guid":{"rendered":"http:\/\/178.216.200.219\/?page_id=5"},"modified":"2024-11-24T12:48:14","modified_gmt":"2024-11-24T12:48:14","slug":"rozwoj-naukowy","status":"publish","type":"page","link":"https:\/\/henrykskarzynski.pl\/?page_id=5&lang=pl","title":{"rendered":"Rozw\u00f3j naukowy"},"content":{"rendered":"<div id=\"metaslider-id-15422\" style=\"max-width: 664px; margin: 0 auto;\" class=\"ml-slider-3-108-0 metaslider metaslider-flex metaslider-15422 ml-slider ms-theme-default nav-hidden\" role=\"region\" aria-label=\"Dzia\u0142. nauk.\" data-height=\"328\" data-width=\"664\">\n    <div id=\"metaslider_container_15422\">\n        <div id=\"metaslider_15422\">\n            <ul class='slides'>\n                <li style=\"display: block; width: 100%;\" class=\"slide-15423 ms-image \" aria-roledescription=\"slide\" data-date=\"2015-10-26 21:10:50\" data-filename=\"41.png\" data-slide-type=\"image\"><img loading=\"lazy\" decoding=\"async\" width=\"640\" height=\"328\" src=\"https:\/\/henrykskarzynski.pl\/wp-content\/uploads\/2015\/10\/41.png\" class=\"slider-15422 slide-15423 msDefaultImage\" alt=\"\" rel=\"\" title=\"\" srcset=\"https:\/\/henrykskarzynski.pl\/wp-content\/uploads\/2015\/10\/41.png 640w, https:\/\/henrykskarzynski.pl\/wp-content\/uploads\/2015\/10\/41-300x154.png 300w\" sizes=\"auto, (max-width: 640px) 100vw, 640px\" \/><\/li>\n            <\/ul>\n        <\/div>\n        \n    <\/div>\n<\/div>\n<div class=\"su-accordion su-u-trim\">\n<div class=\"su-spoiler su-spoiler-style-fancy su-spoiler-icon-plus su-spoiler-closed\" data-scroll-offset=\"0\" data-anchor-in-url=\"no\"><div class=\"su-spoiler-title\" tabindex=\"0\" role=\"button\"><span class=\"su-spoiler-icon\"><\/span>Wykszta\u0142cenie<\/div><div class=\"su-spoiler-content su-u-clearfix su-u-trim\">\n<table border=\"0\" cellspacing=\"1\" cellpadding=\"1\">\n<tbody>\n<tr>\n<td width=\"125\">1973 &#8211; 1979 r.<\/td>\n<td>studia na Wydziale Lekarskim Akademii Medycznej w Warszawie<\/td>\n<\/tr>\n<tr>\n<td>1979 &#8211; 1980 r.<\/td>\n<td>sta\u017c na Akademii Medycznej w Warszawie<\/td>\n<\/tr>\n<tr>\n<td>1982 r.<\/td>\n<td>specjalizacja I stopnia w otolaryngologii<\/td>\n<\/tr>\n<tr>\n<td>1983 r.<\/td>\n<td>doktor nauk medycznych, Akademia Medyczna w Warszawie<\/td>\n<\/tr>\n<tr>\n<td>1986 r.<\/td>\n<td>specjalizacja II stopnia w otolaryngologii<\/td>\n<\/tr>\n<tr>\n<td>1989 r.<\/td>\n<td>stypendysta w Departament ORL, Uniwersytecki Szpital w Zurichu (Szwajcaria), pod opiek\u0105 prof. Ugo Fisha<\/td>\n<\/tr>\n<tr>\n<td>1989 r.<\/td>\n<td>stypendysta w Univ. of Paris, Hospital Cochin Pary\u017c (Francja), pod opiek\u0105 prof. Jean Marie Sterkersa<\/td>\n<\/tr>\n<tr>\n<td>1989 r.<\/td>\n<td>doktor habilitowany nauk medycznych, Akademia Medyczna w Warszawie<\/td>\n<\/tr>\n<tr>\n<td>1990 r.<\/td>\n<td>stypendysta w Klinice Otolaryngologii Univ. Paris Hospital St-Antoine Pary\u017c (Francja), pod opiek\u0105 prof. Claude-Henri Chouarda<\/td>\n<\/tr>\n<tr>\n<td>1991 r.<\/td>\n<td>stypendysta w 2-gim Departamencie Otolaryngologii, Uniwersytet w Wiedniu (Austria), pod opiek\u0105 prof. Kurta Buriana<\/td>\n<\/tr>\n<tr>\n<td>1991 r.<\/td>\n<td>docent Akademii Medycznej w Warszawie<\/td>\n<\/tr>\n<tr>\n<td>1993 r.<\/td>\n<td>tytu\u0142 naukowy profesora nadzwyczajnego Akademii Medycznej w Warszawie<\/td>\n<\/tr>\n<tr>\n<td>1994 r.<\/td>\n<td>sta\u017c otologiczny w Mayo Clinic, Rochester (USA), po opiek\u0105 prof. Thomasa J. McDonalda<\/td>\n<\/tr>\n<tr>\n<td>1995 r.<\/td>\n<td>tytu\u0142 naukowy profesora medycyny<\/td>\n<\/tr>\n<tr>\n<td>1996 r.<\/td>\n<td>stypendysta w Departamencie Audiologii i Terapii Mowy, BYU, Provo UT (USA)<\/td>\n<\/tr>\n<tr>\n<td>2009 r.<\/td>\n<td>specjalizacja II stopnia z audiologii i foniatrii<\/td>\n<\/tr>\n<\/tbody>\n<\/table>\n<table style=\"width: 473px;\" border=\"0\" cellspacing=\"1\" cellpadding=\"1\">\n<tbody>\n<tr>\n<td style=\"width: 125px;\">2016 r.<\/td>\n<td style=\"width: 348px;\">specjalizacja z otorynolaryngologii dzieci\u0119cej<\/td>\n<\/tr>\n<\/tbody>\n<\/table>\n<\/div><\/div>\n<div class=\"su-spoiler su-spoiler-style-fancy su-spoiler-icon-plus su-spoiler-closed\" data-scroll-offset=\"0\" data-anchor-in-url=\"no\"><div class=\"su-spoiler-title\" tabindex=\"0\" role=\"button\"><span class=\"su-spoiler-icon\"><\/span>Honorowe tytu\u0142y naukowe<\/div><div class=\"su-spoiler-content su-u-clearfix su-u-trim\">\n<table border=\"0\" cellspacing=\"1\" cellpadding=\"1\">\n<tbody>\n<tr>\n<td width=\"125\">1998 r.<\/td>\n<td><a href=\"https:\/\/henrykskarzynski.pl\/pl\/aktualnosci\/czlonek-honorowy-katedry-audiologii-i-zaburzen-komunikacji-jezykowej.html\">Profesor Honorowy Brigham Young University w Provo UT (USA)<\/a><\/td>\n<\/tr>\n<tr>\n<td>2011 r.<\/td>\n<td><a href=\"https:\/\/henrykskarzynski.pl\/pl\/aktualnosci\/honorowy-tytul-doktora-honoris-causa-nadany-przez-akademie-pedagogiki-specjalnej-w-warszawie.html\">Doktor honoris causa Akademii Pedagogiki Specjalnej im. Marii Grzegorzewskiej w Warszawie<\/a><\/td>\n<\/tr>\n<tr>\n<td>2012 r.<\/td>\n<td><a href=\"\/pl\/aktualnosci\/prof-henryk-skarzynski-wyrozniony-tytulem-profesora-nadzwyczajnego.html\">Profesor Nadzwyczajny State Medical and Pharmaceutical University Nicolae Testemitanu, Kiszyni\u00f3w, Mo\u0142dawia<\/a><\/td>\n<\/tr>\n<tr>\n<td>2012 r.<\/td>\n<td><a href=\"\/pl\/aktualnosci\/prof-henryk-skarzynski-doktorem-honoris-causa-uniwersytetu-warszawskiego.html\">Doktor honoris causa Uniwersytetu Warszawskiego, przyznany na wniosek rad wydzia\u0142\u00f3w Biologii i Zarz\u0105dzania<\/a><\/td>\n<\/tr>\n<tr>\n<td>2014 r.<\/td>\n<td><a href=\"\/pl\/aktualnosci-pl\/profesor-henryk-skarzynski-doktorem-honoris-causa-uniwersytetu-marii-curie-sklodowskiej-w-lublinie.html\">Doktor honoris causa Uniwersytetu Marii Curie-Sk\u0142odowskiej w Lublinie<\/a><\/td>\n<\/tr>\n<tr>\n<td style=\"width: 78px;\">2016 r.<\/td>\n<td style=\"width: 391px;\"><a href=\"https:\/\/henrykskarzynski.pl\/pl\/aktualnosci-pl\/prof-henryk-skarzynski-podczas-vii-kongresu-pediatrow-krajow-wspolnoty-niepodleglych-panstw-oraz-innych-krajow-swiata.html\">Honorowy Profesor Narodowego Centrum Matki i\u00a0Dziecka w\u00a0Biszkeku, Kirgistan<\/a><\/td>\n<\/tr>\n<tr>\n<td style=\"width: 78px;\">2022 r.<\/td>\n<td style=\"width: 391px;\"><a href=\"https:\/\/henrykskarzynski.pl\/pl\/aktualnosci-pl\/prof-henryk-skarzynski-doktorem-honoris-causa-uniwersytetu-kardynala-stefana-wyszynskiego-w-warszawie.html\">Doktor honoris causa Uniwersytetu Kardyna\u0142a Stefana Wyszy\u0144skiego w Warszawie<\/a><\/td>\n<\/tr>\n<\/tbody>\n<\/table>\n<\/div><\/div>\n<div class=\"su-spoiler su-spoiler-style-fancy su-spoiler-icon-plus su-spoiler-closed\" data-scroll-offset=\"0\" data-anchor-in-url=\"no\"><div class=\"su-spoiler-title\" tabindex=\"0\" role=\"button\"><span class=\"su-spoiler-icon\"><\/span>Dzia\u0142alno\u015b\u0107 w charakterze eksperta<\/div><div class=\"su-spoiler-content su-u-clearfix su-u-trim\">\n<\/div><\/div>\n<\/div>\n<table cellspacing=\"1\" cellpadding=\"1\">\n<tbody>\n<tr>\n<td width=\"125\">2022-2024<\/td>\n<td>Cz\u0142onek Rady Ekspert\u00f3w przy Rzeczniku Praw Pacjenta<\/td>\n<\/tr>\n<\/tbody>\n<tbody>\n<tr>\n<td width=\"125\">2020-2022<\/td>\n<td>Przewodnicz\u0105cy komisji przygotowuj\u0105cej program specjalizacji z dziedziny otorynolaryngologii<\/td>\n<\/tr>\n<\/tbody>\n<tbody>\n<tr>\n<td width=\"125\">od 2018<\/td>\n<td>Cz\u0142onek za\u0142o\u017cyciel \u015awiatowego Forum S\u0142uchu przy \u015awiatowej Organizacji Zdrowia<\/td>\n<\/tr>\n<\/tbody>\n<tbody>\n<tr>\n<td width=\"125\">2014-2016<\/td>\n<td>Przewodnicz\u0105cy Komisji przygotowuj\u0105cej program specjalizacji z dziedziny otorynolaryngologii<\/td>\n<\/tr>\n<\/tbody>\n<tbody>\n<tr>\n<td width=\"125\">od 2012<\/td>\n<td>Doradca w Society for Middle-Ear Disease (SMED)<\/td>\n<\/tr>\n<\/tbody>\n<tbody>\n<tr>\n<td width=\"125\">od 2011<\/td>\n<td>Przewodnicz\u0105cy Pa\u0144stwowej Komisji Egzaminacyjnej w dziedzinie otorynolaryngologii<\/td>\n<\/tr>\n<tr>\n<td>od 2011<\/td>\n<td><a href=\"http:\/\/www.konsultant-krajowy.pl\/\">Konsultant Krajowy w dziedzinie Otorynolaryngologii<\/a><\/td>\n<\/tr>\n<tr>\n<td>2010-2012<\/td>\n<td>Przewodnicz\u0105cy Pa\u0144stwowej Komisji Egzaminacyjnej w dziedzinie surdologopedii<\/td>\n<\/tr>\n<tr>\n<td>2009-2012<\/td>\n<td>Przewodnicz\u0105cy Pa\u0144stwowej Komisji Egzaminacyjnej w dziedzinie neurologopedii<\/td>\n<\/tr>\n<tr>\n<td>2008-2011<\/td>\n<td>Przewodnicz\u0105cy Pa\u0144stwowej Komisji Egzaminacyjnej w dziedzinie audiologii i foniatrii<\/td>\n<\/tr>\n<tr>\n<td>2008-2011<\/td>\n<td>Konsultant Krajowy w Dziedzinie Audiologii i Foniatrii<\/td>\n<\/tr>\n<tr>\n<td>od 2007<\/td>\n<td>tw\u00f3rca mi\u0119dzynarodowego specjalistycznego szkolenia dla otochirurg\u00f3w \u2013 Window Approach Workshop (WAW) \u2013 o zasi\u0119gu \u015bwiatowym (82 edycje)<\/td>\n<\/tr>\n<tr>\n<td>od 2007<\/td>\n<td>inicjator za\u0142o\u017cenia przy IFPS Policealnej Szko\u0142y Audiologii o uprawnieniach pa\u0144stwowej szko\u0142y pomaturalnej, kt\u00f3ra kszta\u0142ci protetyk\u00f3w s\u0142uchu<\/td>\n<\/tr>\n<tr>\n<td>od 2007<\/td>\n<td>wsp\u00f3\u0142tw\u00f3rca (wraz z Uniwersytetem Marii Curie-Sk\u0142odowskiej w Lublinie) unikatowego kierunku kszta\u0142cenia uniwersyteckiego \u201elogopedia i audiologia\u201d, a jednocze\u015bnie wyk\u0142adowca i organizator zaj\u0119\u0107 dydaktycznych w ramach tego kierunku<\/td>\n<\/tr>\n<tr>\n<td>od 2003<\/td>\n<td>wyk\u0142adowca i wsp\u00f3\u0142organizator SOBS \u2013 Studium Obiektywnych Bada\u0144 S\u0142uchu<\/td>\n<\/tr>\n<tr>\n<td>od 2003<\/td>\n<td>wyk\u0142adowca i organizator kurs\u00f3w doszkalaj\u0105cych dla lekarzy audiolog\u00f3w i otochirurg\u00f3w we wsp\u00f3\u0142pracy z Hearing and Speech Sciences Laboratory z Brigham Young University w Provo (USA) oraz Department of Communicative Disorders z East Tennessee State University (USA);<\/td>\n<\/tr>\n<tr>\n<td>2001-2008<\/td>\n<td>cz\u0142onek Zespo\u0142u Ekspert\u00f3w Ministra Zdrowia ds. akredytacji jednostek ubiegaj\u0105\u00adcych si\u0119 o mo\u017cliwo\u015b\u0107 prowadzenia specjalizacji z audiologii i foniatrii<\/td>\n<\/tr>\n<tr>\n<td>2002-2008<\/td>\n<td>Konsultant Wojew\u00f3dzki ds. Audiologii i Foniatrii<\/td>\n<\/tr>\n<tr>\n<td>od 2002<\/td>\n<td>Cz\u0142onek Rady Programowej Polskiego Towarzystwa Audioprotetyk\u00f3w<\/td>\n<\/tr>\n<tr>\n<td>od 2000<\/td>\n<td>Cz\u0142onek Komisji przygotowuj\u0105cej program specjalizacji z dziedziny oto-ryno-laryngologii<\/td>\n<\/tr>\n<tr>\n<td>1998-2001<\/td>\n<td>Konsultant Krajowy w Dziedzinie Audiologii i Foniatrii<\/td>\n<\/tr>\n<tr>\n<td>1998-2001<\/td>\n<td>Przewodnicz\u0105cy Pa\u0144stwowej Komisji Egzaminacyjnej w dziedzinie audiologii i foniatrii<\/td>\n<\/tr>\n<tr>\n<td>1994-1998<\/td>\n<td>Specjalista Krajowy w Dziedzinie Audiologii<\/td>\n<\/tr>\n<tr>\n<td>1994-1998<\/td>\n<td>Przewodnicz\u0105cy Pa\u0144stwowej Komisji Egzaminacyjnej w dziedzinie audiologii<\/td>\n<\/tr>\n<tr>\n<td>od 1994<\/td>\n<td>Doradca Naukowy Fundacji Pomocy Dzieciom z Uszkodzeniami S\u0142uchu F.A.N.D.A. w Buenos Aires, w Argentynie<\/td>\n<\/tr>\n<tr>\n<td>1993-2004<\/td>\n<td>recenzent 112 program\u00f3w naukowo-badawczych KBN, Ministra Nauki oraz kilkudziesi\u0119ciu innych opracowa\u0144 dla Ministerstwa Zdrowia, PFRON, KBN, ZUS, MSZ<\/td>\n<\/tr>\n<tr>\n<td>od 1992<\/td>\n<td>tw\u00f3rca Akademii Otochirurgii (86 edycji) i wyk\u0142adowca na kursach mikrochirurgii ucha<\/td>\n<\/tr>\n<tr>\n<td>1980-2000<\/td>\n<td>wieloletni nauczyciel akademicki w Warszawskim Uniwersytecie Medycznym<\/td>\n<\/tr>\n<tr>\n<td>1980-2000<\/td>\n<td>wyk\u0142adowca na kursach przeddyplomowych dla student\u00f3w oraz podyplomowych \u2013 z otorynolaryngologii, audiologii i foniatrii (od 1983), a tak\u017ce surdologopedii (od 1998)<\/td>\n<\/tr>\n<\/tbody>\n<\/table>\n","protected":false},"excerpt":{"rendered":"<p>2022-2024 Cz\u0142onek Rady Ekspert\u00f3w przy Rzeczniku Praw Pacjenta 2020-2022 Przewodnicz\u0105cy komisji przygotowuj\u0105cej program specjalizacji z dziedziny otorynolaryngologii od 2018 Cz\u0142onek za\u0142o\u017cyciel \u015awiatowego Forum S\u0142uchu przy \u015awiatowej Organizacji Zdrowia 2014-2016 Przewodnicz\u0105cy Komisji przygotowuj\u0105cej program specjalizacji z dziedziny otorynolaryngologii od 2012 Doradca ..<\/p>\n<div class=\"reading\"><a href=\"https:\/\/henrykskarzynski.pl\/?page_id=5&#038;lang=pl\">&gt;&gt;&gt;<\/a><\/div>\n","protected":false},"author":3,"featured_media":0,"parent":99,"menu_order":0,"comment_status":"closed","ping_status":"closed","template":"","meta":{"footnotes":""},"class_list":["post-5","page","type-page","status-publish","hentry"],"_links":{"self":[{"href":"https:\/\/henrykskarzynski.pl\/index.php?rest_route=\/wp\/v2\/pages\/5","targetHints":{"allow":["GET"]}}],"collection":[{"href":"https:\/\/henrykskarzynski.pl\/index.php?rest_route=\/wp\/v2\/pages"}],"about":[{"href":"https:\/\/henrykskarzynski.pl\/index.php?rest_route=\/wp\/v2\/types\/page"}],"author":[{"embeddable":true,"href":"https:\/\/henrykskarzynski.pl\/index.php?rest_route=\/wp\/v2\/users\/3"}],"replies":[{"embeddable":true,"href":"https:\/\/henrykskarzynski.pl\/index.php?rest_route=%2Fwp%2Fv2%2Fcomments&post=5"}],"version-history":[{"count":16,"href":"https:\/\/henrykskarzynski.pl\/index.php?rest_route=\/wp\/v2\/pages\/5\/revisions"}],"predecessor-version":[{"id":24696,"href":"https:\/\/henrykskarzynski.pl\/index.php?rest_route=\/wp\/v2\/pages\/5\/revisions\/24696"}],"up":[{"embeddable":true,"href":"https:\/\/henrykskarzynski.pl\/index.php?rest_route=\/wp\/v2\/pages\/99"}],"wp:attachment":[{"href":"https:\/\/henrykskarzynski.pl\/index.php?rest_route=%2Fwp%2Fv2%2Fmedia&parent=5"}],"curies":[{"name":"wp","href":"https:\/\/api.w.org\/{rel}","templated":true}]}}