{"id":47,"date":"2015-09-07T14:46:31","date_gmt":"2015-09-07T14:46:31","guid":{"rendered":"http:\/\/178.216.200.219\/?page_id=47"},"modified":"2015-10-26T11:02:52","modified_gmt":"2015-10-26T11:02:52","slug":"podziekowania-2","status":"publish","type":"page","link":"https:\/\/henrykskarzynski.pl\/?page_id=47&lang=pl","title":{"rendered":"Podzi\u0119kowania"},"content":{"rendered":"<h2><\/h2>\n<hr \/>\n<div class=\"innercontent\">\n<p><em><a href=\"https:\/\/henrykskarzynski.pl\/wp-content\/uploads\/2015\/09\/zdj\u0119cie-HS.jpg\"><img loading=\"lazy\" decoding=\"async\" class=\"size-medium wp-image-132 alignleft\" src=\"https:\/\/henrykskarzynski.pl\/wp-content\/uploads\/2015\/09\/zdj\u0119cie-HS-233x300.jpg\" alt=\"Profesor Henryk Skar\u017cy\u0144ski\" width=\"233\" height=\"300\" srcset=\"https:\/\/henrykskarzynski.pl\/wp-content\/uploads\/2015\/09\/zdj\u0119cie-HS-233x300.jpg 233w, https:\/\/henrykskarzynski.pl\/wp-content\/uploads\/2015\/09\/zdj\u0119cie-HS-794x1024.jpg 794w, https:\/\/henrykskarzynski.pl\/wp-content\/uploads\/2015\/09\/zdj\u0119cie-HS-768x990.jpg 768w, https:\/\/henrykskarzynski.pl\/wp-content\/uploads\/2015\/09\/zdj\u0119cie-HS.jpg 931w\" sizes=\"auto, (max-width: 233px) 100vw, 233px\" \/><\/a>Pewnie nie by\u0142bym tym, kim jestem, ani tu, gdzie jestem, gdyby nie moja rodzina, przyjaciele, wsp\u00f3\u0142pracownicy. Wiele im zawdzi\u0119czam, ale te\u017c wiele staram si\u0119 dawa\u0107. Ta wzajemna symbioza od lat daje mi poczucie\u00a0<\/em><em>dobrze spe\u0142nionego obowi\u0105zku i\u00a0<\/em><em>bezpiecze\u0144stwa. Pomaga w gorszych chwilach.<\/em><\/p>\n<p><em>Mam w \u017cyciu szcz\u0119\u015bcie, bo wiele pomys\u0142\u00f3w zrealizowa\u0142em. Przeprowadzi\u0142em pierwsze w kraju lub w \u015bwiecie operacje, utworzy\u0142em nowe i unikatowe plac\u00f3wki medyczne, a moja aktywno\u015b\u0107 kliniczna obejmuje sto kilkadziesi\u0105t r\u00f3\u017cnych przeprowadzonych procedur operacyjnych, w tym wiele nowych rozwi\u0105za\u0144. Zawsze staram si\u0119 wykorzystywa\u0107 szanse, jakie niesie post\u0119p, bo maj\u0105 one wp\u0142yw na rozw\u00f3j naszego spo\u0142ecze\u0144stwa, naszego kraju i tak naprawd\u0119 ka\u017cdego z nas. Nie narzekam, tylko pracuj\u0119, a najwi\u0119ksz\u0105 satysfakcj\u0119 czerpi\u0119 z tego, \u017ce uda\u0142o si\u0119 co\u015b konkretnego zrobi\u0107 i pozostanie po nas wyra\u017any \u015blad.<\/em><\/p>\n<p><em>Mam te\u017c szcz\u0119\u015bcie do ludzi. Dane mi by\u0142o spotka\u0107 na swojej drodze zar\u00f3wno najwybitniejszych \u015bwiatowej s\u0142awy naukowc\u00f3w, profesor\u00f3w, m\u0105drych polityk\u00f3w, kompetentnych urz\u0119dnik\u00f3w, \u017cyczliwych dziennikarzy, jak i wyj\u0105tkowych ciekawych \u015bwiata m\u0142odych ludzi. M\u00f3j sukces to tak\u017ce efekt udzielonego mi przez nich wszystkich wsparcia i wiary we mnie i moje pomys\u0142y.\u00a0Zaufanie jakim mnie obdarzono, motywowa\u0142o mnie do jeszcze bardziej wyt\u0119\u017conej pracy dla spo\u0142ecze\u0144stwa. Wierz\u0119, \u017ce moje osi\u0105gni\u0119cia w obszarze klinicznym, naukowym, dydaktycznym \u015bwiadcz\u0105 o tym, \u00a0\u017ce tego zaufania nie zawiod\u0142em.\u00a0<\/em><\/p>\n<p><em>W tej galerii znajd\u0105 Pa\u0144stwo wiele niezwyk\u0142ych Os\u00f3b, kt\u00f3rych mam zaszczyt nazywa\u0107 Przyjaci\u00f3\u0142mi, ludzi z ca\u0142ego serca oddanych pacjentom, pomagaj\u0105cych prze\u0142amywa\u0107 bariery dotycz\u0105ce os\u00f3b niepe\u0142nosprawnych, czy wspieraj\u0105cych idee komunikacji mi\u0119dzyludzkiej. Dzi\u0119ki Ich wsparciu mog\u0142em dzia\u0142a\u0107 tak, by w pozytywistycznym podej\u015bciu do \u017cycia i ludzi zmienia\u0107 \u015bwiat na lepszy.<br \/>\nI chocia\u017c kiedy spotyka si\u0119 Osoby tak wyj\u0105tkowe, kiedy wsp\u00f3\u0142tworzy si\u0119 wielkie rzeczy i uczestniczy w niezwyk\u0142ych wydarzeniach, trudno za to dzi\u0119kowa\u0107 zwyk\u0142ymi s\u0142owami, ja za to wszystko Pa\u0144stwu bardzo dzi\u0119kuj\u0119.<\/em><\/p>\n<p><em><strong>Henryk Skar\u017cy\u0144ski<\/strong><\/em><\/p>\n<\/div>\n","protected":false},"excerpt":{"rendered":"<p>Pewnie nie by\u0142bym tym, kim jestem, ani tu, gdzie jestem, gdyby nie moja rodzina, przyjaciele, wsp\u00f3\u0142pracownicy. Wiele im zawdzi\u0119czam, ale te\u017c wiele staram si\u0119 dawa\u0107. Ta wzajemna symbioza od lat daje mi poczucie\u00a0dobrze spe\u0142nionego obowi\u0105zku i\u00a0bezpiecze\u0144stwa. Pomaga w gorszych chwilach. ..<\/p>\n<div class=\"reading\"><a href=\"https:\/\/henrykskarzynski.pl\/?page_id=47&#038;lang=pl\">&gt;&gt;&gt;<\/a><\/div>\n","protected":false},"author":3,"featured_media":0,"parent":0,"menu_order":26,"comment_status":"closed","ping_status":"closed","template":"","meta":{"footnotes":""},"class_list":["post-47","page","type-page","status-publish","hentry"],"_links":{"self":[{"href":"https:\/\/henrykskarzynski.pl\/index.php?rest_route=\/wp\/v2\/pages\/47","targetHints":{"allow":["GET"]}}],"collection":[{"href":"https:\/\/henrykskarzynski.pl\/index.php?rest_route=\/wp\/v2\/pages"}],"about":[{"href":"https:\/\/henrykskarzynski.pl\/index.php?rest_route=\/wp\/v2\/types\/page"}],"author":[{"embeddable":true,"href":"https:\/\/henrykskarzynski.pl\/index.php?rest_route=\/wp\/v2\/users\/3"}],"replies":[{"embeddable":true,"href":"https:\/\/henrykskarzynski.pl\/index.php?rest_route=%2Fwp%2Fv2%2Fcomments&post=47"}],"version-history":[{"count":0,"href":"https:\/\/henrykskarzynski.pl\/index.php?rest_route=\/wp\/v2\/pages\/47\/revisions"}],"wp:attachment":[{"href":"https:\/\/henrykskarzynski.pl\/index.php?rest_route=%2Fwp%2Fv2%2Fmedia&parent=47"}],"curies":[{"name":"wp","href":"https:\/\/api.w.org\/{rel}","templated":true}]}}