{"id":37,"date":"2013-11-15T12:52:27","date_gmt":"2015-09-07T14:22:40","guid":{"rendered":"http:\/\/178.216.200.219\/?page_id=37"},"modified":"2024-12-03T13:10:10","modified_gmt":"2024-12-03T13:10:10","slug":"dzialalnosc-organizacyjna","status":"publish","type":"page","link":"https:\/\/henrykskarzynski.pl\/?page_id=37&lang=pl","title":{"rendered":"Dzia\u0142alno\u015b\u0107 organizacyjna"},"content":{"rendered":"<div class=\"innercontent\">\n<table cellspacing=\"1\" cellpadding=\"1\">\n<tbody>\n<tr>\n<td style=\"width: 80px;\">2024 r.<\/td>\n<td style=\"width: 389px;\">pomys\u0142odawca i organizator 6. Kongresu &#8222;Zdrowie Polak\u00f3w&#8221;<\/td>\n<\/tr>\n<tr>\n<td style=\"width: 80px;\">2024 r.<\/td>\n<td style=\"width: 389px;\">wsp\u00f3\u0142organizator 7<sup>th<\/sup> International Conference on Hyperacusis and Misophonia w Warszawie<\/td>\n<\/tr>\n<tr>\n<td style=\"width: 80px;\">2024 r.<\/td>\n<td style=\"width: 389px;\">wsp\u00f3\u0142organizator 59th Inner Ear Biology Workshop w Warszawie<\/td>\n<\/tr>\n<tr>\n<td style=\"width: 80px;\">2024 r.<\/td>\n<td style=\"width: 389px;\">pomys\u0142odawca i organizator X Mi\u0119dzynarodowego Festiwalu Muzycznego Dzieci M\u0142odzie\u017cy i Doros\u0142ych z Zaburzeniami S\u0142uchu \u201e\u015alimakowe Rytmy\u201d wraz z Konferencj\u0105 Naukowo-Szkoleniow\u0105 &#8222;Sztuka w terapii, medycynie i nauce&#8221;<\/td>\n<\/tr>\n<tr>\n<td style=\"width: 80px;\">2024 r.<\/td>\n<td style=\"width: 389px;\">pomys\u0142odawca i organizator 2. Kongresu \u201eNauka dla Spo\u0142ecze\u0144stwa\u201d<\/td>\n<\/tr>\n<tr>\n<td style=\"width: 80px;\">2023 r.<\/td>\n<td style=\"width: 389px;\">pomys\u0142odawca i organizator 5. Kongresu &#8222;Zdrowie Polak\u00f3w&#8221;<\/td>\n<\/tr>\n<tr>\n<td style=\"width: 80px;\">2023 r.<\/td>\n<td style=\"width: 389px;\">\u00a0pomys\u0142odawca i organizator 1. Kongresu \u201eNauka dla Spo\u0142ecze\u0144stwa\u201d<\/td>\n<\/tr>\n<tr>\n<td style=\"width: 80px;\">2023 r.<\/td>\n<td style=\"width: 389px;\">pomys\u0142odawca i organizator IX Mi\u0119dzynarodowego Festiwalu Muzycznego Dzieci M\u0142odzie\u017cy i Doros\u0142ych z Zaburzeniami S\u0142uchu \u201e\u015alimakowe Rytmy\u201d wraz z warsztatami muzycznymi &#8222;Muzyka i sztuka w terapii&#8221; oraz Konferencj\u0105 Naukow\u0105 &#8222;Muzyka w rozwoju s\u0142uchowym cz\u0142owieka&#8221;<\/td>\n<\/tr>\n<tr>\n<td style=\"width: 80px;\">2022 r.<\/td>\n<td style=\"width: 389px;\">pomys\u0142odawca i organizator V edycji Wielospecjalistycznego Programu Przeciwdzia\u0142ania Chorobom Cywilizacyjnym i Wsparcia Zdrowia Polak\u00f3w<a href=\"http:\/\/popierwszezdrowie.pl\/\"> \u201ePo Pierwsze Zdrowie\u201d<\/a><\/td>\n<\/tr>\n<tr>\n<td style=\"width: 80px;\">2022 r.<\/td>\n<td style=\"width: 389px;\">pomys\u0142odawca i organizator VIII Mi\u0119dzynarodowego Festiwalu Muzycznego Dzieci M\u0142odzie\u017cy i Doros\u0142ych z Zaburzeniami S\u0142uchu \u201e\u015alimakowe Rytmy\u201d (online) z\u00a0 Konferencj\u0105 Naukowo-Szkoleniow\u0105 &#8222;Muzyka w rozwoju s\u0142uchowym cz\u0142owieka&#8221; (online)<\/td>\n<\/tr>\n<tr>\n<td style=\"width: 80px;\">2022 r.<\/td>\n<td style=\"width: 389px;\">pomys\u0142odawca i organizator 4. Kongresu &#8222;Zdrowie Polak\u00f3w&#8221; 2022<\/td>\n<\/tr>\n<tr>\n<td style=\"width: 80px;\">2022 r.<\/td>\n<td style=\"width: 389px;\">organizator XXXV World Congress of Audiology<\/td>\n<\/tr>\n<tr>\n<td style=\"width: 80px;\">2021 r.<\/td>\n<td style=\"width: 389px;\">pomys\u0142odawca i organizator cyklu 25. interdyscyplinarnych konferencji popularno-naukowych pod nazw\u0105 \u201eNauka dla spo\u0142ecze\u0144stwa\u201d<\/td>\n<\/tr>\n<tr>\n<td style=\"width: 80px;\">2021 r.<\/td>\n<td style=\"width: 389px;\">pomys\u0142odawca i organizator 3. Kongresu &#8222;Zdrowie Polak\u00f3w&#8221; 2021<\/td>\n<\/tr>\n<tr>\n<td style=\"width: 80px;\">2021 r.<\/td>\n<td style=\"width: 389px;\">pomys\u0142odawca i organizator VII Mi\u0119dzynarodowego Festiwalu Muzycznego Dzieci M\u0142odzie\u017cy i Doros\u0142ych z Zaburzeniami S\u0142uchu \u201e\u015alimakowe Rytmy\u201d z e-konferencj\u0105 naukow\u0105 i e-warsztatami &#8222;Muzyka w rozwoju s\u0142uchowym cz\u0142owieka&#8221; (online)<\/td>\n<\/tr>\n<tr>\n<td style=\"width: 80px;\">2020 r.<\/td>\n<td style=\"width: 389px;\">pomys\u0142odawca i organizator 2. Kongresu &#8222;Zdrowie Polak\u00f3w&#8221; 2020<\/td>\n<\/tr>\n<tr>\n<td style=\"width: 80px;\">2020 r.<\/td>\n<td style=\"width: 389px;\">pomys\u0142odawca i organizator VI Mi\u0119dzynarodowego Festiwalu Muzycznego Dzieci M\u0142odzie\u017cy i Doros\u0142ych z Zaburzeniami S\u0142uchu \u201e\u015alimakowe Rytmy\u201d (online)<\/td>\n<\/tr>\n<\/tbody>\n<tbody>\n<tr>\n<td style=\"width: 80px;\">2019 r.<\/td>\n<td style=\"width: 389px;\">organizator 32nd Politzer Society Meeting<\/td>\n<\/tr>\n<tr>\n<td style=\"width: 80px;\">2019 r.<\/td>\n<td style=\"width: 389px;\">pomys\u0142odawca i organizator 1. Kongresu &#8222;Zdrowie Polak\u00f3w&#8221; 2019<\/td>\n<\/tr>\n<tr>\n<td style=\"width: 80px;\">2019 r.<\/td>\n<td style=\"width: 389px;\">pomys\u0142odawca i organizator II World Congress of Otology<\/td>\n<\/tr>\n<tr>\n<td style=\"width: 80px;\">2019 r.<\/td>\n<td style=\"width: 389px;\">pomys\u0142odawca i organizator V Mi\u0119dzynarodowego Festiwalu Muzycznego Dzieci M\u0142odzie\u017cy i Doros\u0142ych z Zaburzeniami S\u0142uchu \u201e\u015alimakowe Rytmy\u201d z Mi\u0119dzynarodow\u0105 Konferencj\u0105 Naukow\u0105ej &#8222;Muzyka w rozwoju s\u0142uchowym cz\u0142owieka&#8221;<\/td>\n<\/tr>\n<\/tbody>\n<\/table>\n<div class=\"innercontent\">\n<table cellspacing=\"1\" cellpadding=\"1\">\n<tbody>\n<tr>\n<td style=\"width: 80px;\">2019 r.<\/td>\n<td style=\"width: 389px;\">pomys\u0142odawca i organizator IV edycji Wielospecjalistycznego Programu Przeciwdzia\u0142ania Chorobom Cywilizacyjnym i Wsparcia Zdrowia Polak\u00f3w<a href=\"http:\/\/popierwszezdrowie.pl\/\"> \u201ePo Pierwsze Zdrowie\u201d<\/a><\/td>\n<\/tr>\n<\/tbody>\n<\/table>\n<div class=\"innercontent\">\n<table cellspacing=\"1\" cellpadding=\"1\">\n<tbody>\n<tr>\n<td style=\"width: 80px;\">2018 r.<\/td>\n<td style=\"width: 389px;\">pomys\u0142odawca i organizator III edycji Wielospecjalistycznego Programu Przeciwdzia\u0142ania Chorobom Cywilizacyjnym i Wsparcia Zdrowia Polak\u00f3w<a href=\"http:\/\/popierwszezdrowie.pl\/\"> \u201ePo Pierwsze Zdrowie\u201d<\/a><\/td>\n<\/tr>\n<\/tbody>\n<\/table>\n<div class=\"innercontent\">\n<table cellspacing=\"1\" cellpadding=\"1\">\n<tbody>\n<tr>\n<td style=\"width: 80px;\">2018 r.<\/td>\n<td style=\"width: 389px;\">pomys\u0142odawca i organizator <a href=\"https:\/\/festiwal.ifps.org.pl\/\">IV Mi\u0119dzynarodowego Festiwalu Muzycznego Dzieci M\u0142odzie\u017cy i Doros\u0142ych z Zaburzeniami S\u0142uchu \u201e\u015alimakowe Rytmy\u201d<\/a><\/td>\n<\/tr>\n<\/tbody>\n<\/table>\n<div class=\"innercontent\">\n<table cellspacing=\"1\" cellpadding=\"1\">\n<tbody>\n<tr>\n<td style=\"width: 80px;\">2017 r.<\/td>\n<td style=\"width: 389px;\">pomys\u0142odawca i organizator II edycji Wielospecjalistycznego Programu Przeciwdzia\u0142ania Chorobom Cywilizacyjnym i Wsparcia Zdrowia Polak\u00f3w<a href=\"http:\/\/popierwszezdrowie.pl\/po-pierwsze-zdrowie-2017\/\"> \u201ePo Pierwsze Zdrowie\u201d<\/a><\/td>\n<\/tr>\n<tr>\n<td style=\"width: 80px;\">2017 r.<\/td>\n<td style=\"width: 389px;\">organizator XXV International Evoked Response Audiometry Study Group (IERASG) Biennial Symposium<\/td>\n<\/tr>\n<tr>\n<td style=\"width: 80px;\">2017 r.<\/td>\n<td style=\"width: 389px;\">organizator i pomys\u0142odawca I\u00a0World Tinnitus Congress and XII International Tinnitus Seminar<\/td>\n<\/tr>\n<tr>\n<td style=\"width: 80px;\">2017 r.<\/td>\n<td style=\"width: 389px;\">organizator <a href=\"http:\/\/popierwszezdrowie.pl\/po-pierwsze-zdrowie-2017\/\">International BONEBRIDGE and SOUNDBRIDGE Symposium<\/a><\/td>\n<\/tr>\n<\/tbody>\n<tbody>\n<tr>\n<td style=\"width: 80px;\">2017 r.<\/td>\n<td style=\"width: 389px;\">\n<p class=\"title\">pomys\u0142odawca i organizator <a href=\"https:\/\/festiwal.ifps.org.pl\/2018\/02\/iii-miedzynarodowy-festiwal-muzyczny-dzieci-mlodziezy-i-doroslych-z-zaburzeniami-sluchu-slimakowe-rytmy-10-14-lipca-2017-r-warsztaty-mistrzowskie\/\">III Mi\u0119dzynarodowego Festiwalu Muzycznego Dzieci M\u0142odzie\u017cy i Doros\u0142ych z Zaburzeniami S\u0142uchu \u201e\u015alimakowe Rytmy\u201d<\/a><\/p>\n<\/td>\n<\/tr>\n<\/tbody>\n<\/table>\n<table cellspacing=\"1\" cellpadding=\"1\">\n<tbody>\n<tr>\n<td style=\"width: 78px;\">2016 r.<\/td>\n<td style=\"width: 391px;\">pomys\u0142odawca i organizator I edycji Wielospecjalistycznego Programu Przeciwdzia\u0142ania Chorobom Cywilizacyjnym i Wsparcia Zdrowia Polak\u00f3w<a href=\"http:\/\/popierwszezdrowie.pl\/po-pierwsze-zdrowie-2016\/\"> \u201ePo Pierwsze Zdrowie\u201d<\/a><\/td>\n<\/tr>\n<\/tbody>\n<\/table>\n<table cellspacing=\"1\" cellpadding=\"1\">\n<tbody>\n<tr>\n<td style=\"width: 78px;\">2016 r.<\/td>\n<td style=\"width: 391px;\">\n<p class=\"title\">pomys\u0142odawca i organizator <a href=\"http:\/\/slysze.inz.waw.pl\/ii-miedzynarodowy-festiwal-muzyczny-dzieci-mlodziezy-i-doroslych-z-zaburzeniami-sluchu-slimakowe-rytmy-wydanie-specjalne\/\">II Mi\u0119dzynarodowego Festiwalu Muzycznego Dzieci M\u0142odzie\u017cy i Doros\u0142ych z Zaburzeniami S\u0142uchu \u201e\u015alimakowe Rytmy\u201d<\/a><\/p>\n<\/td>\n<\/tr>\n<tr>\n<td style=\"width: 78px;\">od 2016 r.<\/td>\n<td style=\"width: 391px;\">\n<p class=\"title\">pomys\u0142odawca i organizator cyklicznych Konferencji naukowych pt. \u201eWytyczne w otorynolaryngologii, audiologii i foniatrii\u201d<\/p>\n<\/td>\n<\/tr>\n<\/tbody>\n<\/table>\n<table cellspacing=\"1\" cellpadding=\"1\">\n<tbody>\n<tr>\n<td width=\"125\">2015 r.<\/td>\n<td>pomys\u0142odawca i organizator <a href=\"https:\/\/henrykskarzynski.pl\/pl\/aktualnosci-pl\/uroczysta-gala-i-miedzynarodowego-festiwalu-muzycznego-dzieci-mlodziezy-i-doroslych-z-zaburzeniami-sluchu-slimakowe-rytmy.html\">I Mi\u0119dzynarodowego Festiwalu Muzycznego Dzieci M\u0142odzie\u017cy i Doros\u0142ych z Zaburzeniami S\u0142uchu \u201e\u015alimakowe Rytmy&#8221;<\/a><\/td>\n<\/tr>\n<\/tbody>\n<\/table>\n<table cellspacing=\"1\" cellpadding=\"1\">\n<tbody>\n<tr>\n<td width=\"125\">2012 r.<\/td>\n<td>pomys\u0142odawca budowy i organizator <a href=\"https:\/\/henrykskarzynski.pl\/pl\/aktualnosci-pl\/swiatowe-centrum-sluchu.html\">\u015awiatowego Centrum S\u0142uchu w Kajetanach pod Warszaw\u0105<\/a><\/td>\n<\/tr>\n<tr>\n<td>2011 r.<\/td>\n<td>prezydent X Europejskiego Kongresu EFAS<\/td>\n<\/tr>\n<tr>\n<td>2009 r.<\/td>\n<td>organizator budowy i\u00a0 zaplecza Naukowego Centrum Obrazowania Biomedycznego<\/td>\n<\/tr>\n<tr>\n<td>2009 r.<\/td>\n<td>prezydent <a href=\"\/wp-content\/uploads\/2015\/10\/PDFy\/ESPCI_2009.pdf\">IX Europejskiej Konferencji ESPCI<\/a><\/td>\n<\/tr>\n<tr>\n<td>od 2008 r.<\/td>\n<td>przewodnicz\u0105cy i wsp\u00f3\u0142organizator corocznych serii mi\u0119dzynarodowych kurs\u00f3w i konferencji chirurgii endoskopowej zatok (International Endoscopic Sinus Surgery Course)<\/td>\n<\/tr>\n<tr>\n<td>od 2007 r.<\/td>\n<td>organizator cyklu mi\u0119dzynarodowych warsztat\u00f3w z operacjami pokazowymi Window Approach Workshop<\/td>\n<\/tr>\n<tr>\n<td>od 2007 r.<\/td>\n<td>organizator Policealnej Szko\u0142y Audiologii przy Instytucie Fizjologii i Patologii S\u0142uchu, kszta\u0142c\u0105cej protetyk\u00f3w s\u0142uchu<\/td>\n<\/tr>\n<tr>\n<td>od 2007 r.<\/td>\n<td>wyk\u0142adowca i organizator zaj\u0119\u0107 dydaktycznych z audiologii dla student\u00f3w unikatowego kierunku Logopedia i Audiologia UMCS<\/td>\n<\/tr>\n<tr>\n<td>od 2007 r.<\/td>\n<td>organizator pokazowych operacji otochirurgicznych w \u015bwiatowej sieci LION<\/td>\n<\/tr>\n<tr>\n<td>od 2006 r.<\/td>\n<td>wyk\u0142adowca i wsp\u00f3\u0142organizator kurs\u00f3w dla protetyk\u00f3w s\u0142uchu<\/td>\n<\/tr>\n<tr>\n<td>2004 r.<\/td>\n<td>wsp\u00f3\u0142organizator Portalu Edukacyjnego w zakresie kszta\u0142cenia podyplomowego policealnego<\/td>\n<\/tr>\n<tr>\n<td>2004 r.<\/td>\n<td>organizator Akademii Otochirurgii, wyk\u0142adowca na kursach mikrochirurgii ucha<\/td>\n<\/tr>\n<tr>\n<td>2003 r.<\/td>\n<td>organizator budowy i organizacji <a href=\"https:\/\/henrykskarzynski.pl\/pl\/aktualnosci-pl\/10-rocznica-powstania-miedzynarodowego-centrum-sluchu-i-mowy.html\">Mi\u0119dzynarodowego Centrum S\u0142uchu i Mowy<\/a><\/td>\n<\/tr>\n<tr>\n<td>2000 &#8211; 2012 r.<\/td>\n<td>organizacja wielu nowych program\u00f3w o zasi\u0119gu regionalnym i krajowym, dotycz\u0105cych wczesnego wykrywania zaburze\u0144 s\u0142uchu u dzieci w wieku szkolnym<\/td>\n<\/tr>\n<tr>\n<td>1996 r.<\/td>\n<td>opracowanie programu, organizacja zespo\u0142u i uruchomienie resortowego Instytutu Fizjologii i Patologii S\u0142uchu<\/td>\n<\/tr>\n<tr>\n<td>1993 r.<\/td>\n<td>opracowanie programu dzia\u0142ania i utworzenie O\u015brodka Diagnostyczno-Leczniczo-Rehabilitacyjnego dla Os\u00f3b Nies\u0142ysz\u0105cych i Niedos\u0142ysz\u0105cych &#8222;Cochlear Center&#8221;<\/td>\n<\/tr>\n<\/tbody>\n<\/table>\n<\/div>\n<\/div>\n<\/div>\n<\/div>\n<\/div>\n","protected":false},"excerpt":{"rendered":"<p>2024 r. pomys\u0142odawca i organizator 6. Kongresu &#8222;Zdrowie Polak\u00f3w&#8221; 2024 r. wsp\u00f3\u0142organizator 7th International Conference on Hyperacusis and Misophonia w Warszawie 2024 r. wsp\u00f3\u0142organizator 59th Inner Ear Biology Workshop w Warszawie 2024 r. pomys\u0142odawca i organizator X Mi\u0119dzynarodowego Festiwalu Muzycznego ..<\/p>\n<div class=\"reading\"><a href=\"https:\/\/henrykskarzynski.pl\/?page_id=37&#038;lang=pl\">&gt;&gt;&gt;<\/a><\/div>\n","protected":false},"author":3,"featured_media":0,"parent":0,"menu_order":9,"comment_status":"closed","ping_status":"closed","template":"","meta":{"footnotes":""},"class_list":["post-37","page","type-page","status-publish","hentry"],"_links":{"self":[{"href":"https:\/\/henrykskarzynski.pl\/index.php?rest_route=\/wp\/v2\/pages\/37","targetHints":{"allow":["GET"]}}],"collection":[{"href":"https:\/\/henrykskarzynski.pl\/index.php?rest_route=\/wp\/v2\/pages"}],"about":[{"href":"https:\/\/henrykskarzynski.pl\/index.php?rest_route=\/wp\/v2\/types\/page"}],"author":[{"embeddable":true,"href":"https:\/\/henrykskarzynski.pl\/index.php?rest_route=\/wp\/v2\/users\/3"}],"replies":[{"embeddable":true,"href":"https:\/\/henrykskarzynski.pl\/index.php?rest_route=%2Fwp%2Fv2%2Fcomments&post=37"}],"version-history":[{"count":39,"href":"https:\/\/henrykskarzynski.pl\/index.php?rest_route=\/wp\/v2\/pages\/37\/revisions"}],"predecessor-version":[{"id":24746,"href":"https:\/\/henrykskarzynski.pl\/index.php?rest_route=\/wp\/v2\/pages\/37\/revisions\/24746"}],"wp:attachment":[{"href":"https:\/\/henrykskarzynski.pl\/index.php?rest_route=%2Fwp%2Fv2%2Fmedia&parent=37"}],"curies":[{"name":"wp","href":"https:\/\/api.w.org\/{rel}","templated":true}]}}