{"id":24583,"date":"2024-11-14T13:25:31","date_gmt":"2024-11-14T13:25:31","guid":{"rendered":"https:\/\/henrykskarzynski.pl\/?page_id=24583"},"modified":"2024-12-17T12:40:34","modified_gmt":"2024-12-17T12:40:34","slug":"rozdzialy-w-monografiach","status":"publish","type":"page","link":"https:\/\/henrykskarzynski.pl\/?page_id=24583&lang=pl","title":{"rendered":"Rozdzia\u0142y w monografiach"},"content":{"rendered":"<h4><a href=\"https:\/\/henrykskarzynski.pl\/wp-content\/uploads\/2024\/12\/24_12-Rozdzialy-w-monografiach-pol-1.pdf\">Rozdzia\u0142y w monografiach polskoj\u0119zycznych &#8211; spis PDF<\/a><\/h4>\n<h4><a href=\"https:\/\/henrykskarzynski.pl\/wp-content\/uploads\/2024\/12\/24_12-Rozdzialy-w-monografiach-ang-1.pdf\">Rozdzia\u0142y w monografiach angloj\u0119zycznych &#8211; spis PDF<\/a><\/h4>\n<p>&nbsp;<\/p>\n<p><strong>Niekt\u00f3re wybrane rozdzia\u0142y w monografiach:<\/strong><\/p>\n<p><span style=\"color: #000000;\"><a style=\"color: #000000;\" href=\"https:\/\/henrykskarzynski.pl\/wp-content\/uploads\/2021\/11\/Advances-In-Audiology-And-Hearing-Science_vol-1.pdf\">Advances in audiology and hearing science vol. 1: &#8222;Solutions for Partial Deafness&#8221; &#8211; PDF<\/a><\/span><\/p>\n<p><span style=\"color: #000000;\"><a style=\"color: #000000;\" href=\"https:\/\/henrykskarzynski.pl\/wp-content\/uploads\/2021\/11\/Advances-In-Audiology-And-Hearing-Science_vol-2.pdf\">Advances in audiology and hearing science vol. 2: &#8222;Assessment of Early Auditory Development in Children After Cochlear Implantation&#8221; &#8211; PDF<\/a><\/span><\/p>\n<p><span style=\"color: #000000;\"><a style=\"color: #000000;\" href=\"https:\/\/henrykskarzynski.pl\/wp-content\/uploads\/2021\/11\/Zlota-Ksiega-Nauki-Polskiej.pdf\">Z\u0142ota Ksi\u0119ga Nauki Polskiej w 100 rocznic\u0119 odzyskania niepodleg\u0142o\u015bci: &#8222;Prof. Henryk Skar\u017cy\u0144ski&#8221; &#8211; PDF<\/a><\/span><\/p>\n<p><span style=\"color: #000000;\"><a style=\"color: #000000;\" href=\"https:\/\/henrykskarzynski.pl\/wp-content\/uploads\/2021\/11\/Barwy-ciszy.pdf\">Barwy ciszy: &#8222;Cisza a rozw\u00f3j drogi s\u0142uchowej cz\u0142owieka &#8222;, &#8222;Czy neurony lubi\u0105 cisz\u0119?&#8221; &#8211; PDF<\/a><\/span><\/p>\n<p><span style=\"color: #000000;\"><a style=\"color: #000000;\" href=\"https:\/\/henrykskarzynski.pl\/wp-content\/uploads\/2021\/11\/Science-in-Poland.pdf\">Science in Poland in 34 Snapshots: &#8222;Skar\u017cy\u0144ski&#8217;s Method of Partial Deafness Treatment: The Polish School of Otosurgery in World Scienc&#8221; &#8211; PDF <\/a><\/span><\/p>\n<p><span style=\"color: #000000;\"><a style=\"color: #000000;\" href=\"https:\/\/henrykskarzynski.pl\/wp-content\/uploads\/2021\/11\/Informatyka-w-medycynie_PAN.pdf\">In\u017cynieria biomedyczna podstawy i zastosowania. Informatyka w medycynie: &#8222;Telemedycyna w audiologii i otolaryngologii&#8221; &#8211; PDF<\/a><\/span><\/p>\n<p><span style=\"color: #000000;\"><a style=\"color: #000000;\" href=\"https:\/\/henrykskarzynski.pl\/wp-content\/uploads\/2021\/11\/Advances-in-Clinical-Audiology.pdf\">Advances in Clinical Audiology: &#8222;Treatment of Partial Deafness: The Polish School in World Science&#8221; &#8211; PDF<\/a><\/span><\/p>\n<p><span style=\"color: #000000;\"><a style=\"color: #000000;\" href=\"https:\/\/henrykskarzynski.pl\/wp-content\/uploads\/2021\/11\/Zarys-otoneurologii.pdf\">Zarys otoneurologii: &#8222;Chirurgia zawrot\u00f3w g\u0142owy&#8221;, &#8222;Zawroty g\u0142owy jatrogenne&#8221; &#8211; PDF<\/a><\/span><\/p>\n<p><span style=\"color: #000000;\"><a style=\"color: #000000;\" href=\"https:\/\/henrykskarzynski.pl\/wp-content\/uploads\/2021\/11\/Update-on-hearing-loss.pdf\">Update on hearing loss: &#8222;Technological Advances in Universal Neonatal Hearing Screening (UNHS)&#8221; &#8211; PDF<\/a><\/span><\/p>\n<p><span style=\"color: #000000;\"><a style=\"color: #000000;\" href=\"https:\/\/henrykskarzynski.pl\/wp-content\/uploads\/2021\/11\/Mistrzowie-Nauki.pdf\">Mistrzowie nauki &#8211; rzecz o zespo\u0142ach naukowych: &#8222;Nigdy nie wyzby\u0142em si\u0119 marze\u0144&#8221; &#8211; PDF<\/a><\/span><\/p>\n<p><span style=\"color: #000000;\"><a style=\"color: #000000;\" href=\"https:\/\/henrykskarzynski.pl\/wp-content\/uploads\/2021\/11\/Culture-and-Neural-Frames-of-Cognition-and-Communication.pdf\">Culture and Neural Frames of Cognition and Communication: Hearing Loss and Auditory Processing Disorders: Clinical and Experimental Perspective&#8221; &#8211; PDF <\/a><\/span><\/p>\n<p><span style=\"color: #000000;\"><a style=\"color: #000000;\" href=\"https:\/\/henrykskarzynski.pl\/wp-content\/uploads\/2021\/11\/Edukacja-nieslyszacych.pdf\">Edukacja nies\u0142ysz\u0105cych &#8211; wczoraj, dzi\u015b i jutro: &#8222;Wp\u0142yw wieku w momencie operacji wszczepienia implantu \u015blimakowego na osi\u0105gni\u0119cia szkolne dzieci z niedos\u0142uchem prelingwalnym&#8221; &#8211; PDF<\/a><\/span><\/p>\n<p><span style=\"color: #000000;\"><a style=\"color: #000000;\" href=\"https:\/\/henrykskarzynski.pl\/wp-content\/uploads\/2021\/11\/Electric-Acoustic-Stimulation-in-Children.pdf\">Electric Acoustic Stimulation in Children: &#8222;Electric Acoustic Stimulation in Children&#8221; &#8211; PDF<\/a><\/span><\/p>\n<p><span style=\"color: #000000;\"><a style=\"color: #000000;\" href=\"https:\/\/henrykskarzynski.pl\/wp-content\/uploads\/2021\/11\/Interdyscyplinarne_konteksty.pdf\">Interdyscyplinarne konteksty wczesnej interwencji, wczesnego wspomagania rozwoju dziecka &#8211; PDF<\/a><\/span><\/p>\n<p><span style=\"color: #000000;\"><a style=\"color: #000000;\" href=\"https:\/\/henrykskarzynski.pl\/wp-content\/uploads\/2021\/11\/ImpiantiCocleari.pdf\">Impianti cocleari: &#8222;L\u2019impianto cocleare nella sordit\u00e0 parziale&#8221; &#8211; PDF<\/a><\/span><\/p>\n<p><span style=\"color: #000000;\"><a style=\"color: #000000;\" href=\"https:\/\/henrykskarzynski.pl\/wp-content\/uploads\/2021\/11\/Audiologia-kliniczna.-Zarys.-wyd-4.pdf\">Audiologia kliniczna &#8211; zarys: &#8222;Wszczepy \u015blimakowe i pniowe&#8221; &#8211; PDF<\/a><\/span><\/p>\n<p><span style=\"color: #000000;\"><a style=\"color: #000000;\" href=\"https:\/\/henrykskarzynski.pl\/wp-content\/uploads\/2021\/11\/Information-Technology.pdf\">Information technology solutions for healthcare: &#8222;IT Applications for the Remote Testing of Hearing&#8221; &#8211; PDF<\/a><\/span><\/p>\n<p><span style=\"color: #000000;\"><a style=\"color: #000000;\" href=\"https:\/\/henrykskarzynski.pl\/wp-content\/uploads\/2021\/11\/Otorynolaryngologia-dziecieca.pdf\">Otorynolaryngologia dzieci\u0119ca: &#8222;Implanty \u015blimakowe&#8221; &#8211; PDF<\/a><\/span><\/p>\n<p><span style=\"color: #000000;\"><a style=\"color: #000000;\" href=\"https:\/\/henrykskarzynski.pl\/wp-content\/uploads\/2021\/11\/Intelligent-Systemfor-Environmental.pdf\">Monitoring, Security, and Rescue Techniques in Multiagent System: &#8222;Intelligent System for Environmental Noise Monitoring&#8221; &#8211; PDF<\/a><\/span><\/p>\n<p><span style=\"color: #000000;\"><a style=\"color: #000000;\" href=\"https:\/\/henrykskarzynski.pl\/wp-content\/uploads\/2021\/11\/Blok-operacyjny-organizacja-i-funkcjonowanie.pdf\">Blok operacyjny &#8211; organizacja i funkcjonowanie: &#8222;Blok operacyjny w otolaryngologii&#8221; &#8211; PDF<\/a><\/span><\/p>\n<p><span style=\"color: #000000;\"><a style=\"color: #000000;\" href=\"https:\/\/henrykskarzynski.pl\/wp-content\/uploads\/2021\/11\/Tinnitus-Treatment_R_Tyler.pdf\">Tinnitus Treatment: &#8222;Tinnitus Retraining Therapy&#8221; &#8211; PDF<\/a><\/span><\/p>\n<p><span style=\"color: #000000;\"><a style=\"color: #000000;\" href=\"https:\/\/henrykskarzynski.pl\/wp-content\/uploads\/2021\/11\/Sliwinska-Kowalska-M_Audiologia-kliniczna.pdf\">Audiologia kliniczna: &#8222;Wszczepy \u015blimakowe&#8221; &#8211; PDF<\/a><\/span><\/p>\n<p><span style=\"color: #000000;\"><a style=\"color: #000000;\" href=\"https:\/\/henrykskarzynski.pl\/wp-content\/uploads\/2021\/11\/Control-of-breathing-during-sleep_spis.pdf\">Control of breathing during sleep and anesthesia: &#8222;Conchoplasty in the treatment of the obstructive sleep apnea syndrome&#8221;, &#8222;Disturbed patency of the upper airway and its consequences&#8221;, &#8222;The effects of adeno and tonsillectomy in children with sleep apnea syndrome&#8221; &#8211; PDF<\/a><\/span><\/p>\n","protected":false},"excerpt":{"rendered":"<p>Rozdzia\u0142y w monografiach polskoj\u0119zycznych &#8211; spis PDF Rozdzia\u0142y w monografiach angloj\u0119zycznych &#8211; spis PDF &nbsp; Niekt\u00f3re wybrane rozdzia\u0142y w monografiach: Advances in audiology and hearing science vol. 1: &#8222;Solutions for Partial Deafness&#8221; &#8211; PDF Advances in audiology and hearing science ..<\/p>\n<div class=\"reading\"><a href=\"https:\/\/henrykskarzynski.pl\/?page_id=24583&#038;lang=pl\">&gt;&gt;&gt;<\/a><\/div>\n","protected":false},"author":14,"featured_media":0,"parent":21971,"menu_order":3,"comment_status":"closed","ping_status":"closed","template":"","meta":{"footnotes":""},"class_list":["post-24583","page","type-page","status-publish","hentry"],"_links":{"self":[{"href":"https:\/\/henrykskarzynski.pl\/index.php?rest_route=\/wp\/v2\/pages\/24583","targetHints":{"allow":["GET"]}}],"collection":[{"href":"https:\/\/henrykskarzynski.pl\/index.php?rest_route=\/wp\/v2\/pages"}],"about":[{"href":"https:\/\/henrykskarzynski.pl\/index.php?rest_route=\/wp\/v2\/types\/page"}],"author":[{"embeddable":true,"href":"https:\/\/henrykskarzynski.pl\/index.php?rest_route=\/wp\/v2\/users\/14"}],"replies":[{"embeddable":true,"href":"https:\/\/henrykskarzynski.pl\/index.php?rest_route=%2Fwp%2Fv2%2Fcomments&post=24583"}],"version-history":[{"count":8,"href":"https:\/\/henrykskarzynski.pl\/index.php?rest_route=\/wp\/v2\/pages\/24583\/revisions"}],"predecessor-version":[{"id":24850,"href":"https:\/\/henrykskarzynski.pl\/index.php?rest_route=\/wp\/v2\/pages\/24583\/revisions\/24850"}],"up":[{"embeddable":true,"href":"https:\/\/henrykskarzynski.pl\/index.php?rest_route=\/wp\/v2\/pages\/21971"}],"wp:attachment":[{"href":"https:\/\/henrykskarzynski.pl\/index.php?rest_route=%2Fwp%2Fv2%2Fmedia&parent=24583"}],"curies":[{"name":"wp","href":"https:\/\/api.w.org\/{rel}","templated":true}]}}