{"id":24580,"date":"2024-11-14T13:23:46","date_gmt":"2024-11-14T13:23:46","guid":{"rendered":"https:\/\/henrykskarzynski.pl\/?page_id=24580"},"modified":"2024-12-17T12:35:22","modified_gmt":"2024-12-17T12:35:22","slug":"monografie","status":"publish","type":"page","link":"https:\/\/henrykskarzynski.pl\/?page_id=24580&lang=pl","title":{"rendered":"Monografie"},"content":{"rendered":"<h4><a href=\"https:\/\/henrykskarzynski.pl\/wp-content\/uploads\/2024\/12\/24_12-Monografie-1.pdf\">Monografie polskoj\u0119zyczne i angloj\u0119zyczne &#8211; spis PDF<\/a><\/h4>\n<p>&nbsp;<\/p>\n<p>70. Domowa Klinika Muzykoterapii (w przygotowaniu)<\/p>\n<p><a>69. Beats of Cochlea &#8211; \u015alimakowe Rytmy (2024)<\/a><\/p>\n<p>68. Kongres &#8222;Zdrowie Polak\u00f3w&#8221; 2023. Raport (2024)<\/p>\n<p>67. Kongres &#8222;Zdrowie Polak\u00f3w&#8221; 2022. Raport (2023)<\/p>\n<p>66. Instytuty badawcze 1992-2022 (2022)<\/p>\n<p>65. Kongres &#8222;Zdrowie Polak\u00f3w&#8221; 2021. Raport (2022)<\/p>\n<p>64. Warsztaty i turnus rehabilitacyjny muzykoterapii dla dzieci z Ukrainy &#8211; u\u017cytkownik\u00f3w implant\u00f3w \u015blimakowych z wykorzystaniem najnowocze\u015bniejszych na \u015bwiecie form rehabilitacji (2022)<\/p>\n<p><a href=\"https:\/\/henrykskarzynski.pl\/wp-content\/uploads\/2021\/12\/Methods-of-Partial-Deafness-Treatment.pdf\">63. Methods of Partial Deafness Treatment (2021) &#8211; PDF<\/a><\/p>\n<p><a href=\"https:\/\/henrykskarzynski.pl\/wp-content\/uploads\/2021\/11\/Implanty-sluchowe_Wskazania-i-wyniki_s.pdf\">62. Implanty s\u0142uchowe. Wskazania i wyniki na podstawie mi\u0119dzynarodowych warsztat\u00f3w otochirurgicznych \u201eWindow Approach Workshop\u201d (2021) &#8211; PDF<\/a><\/p>\n<p><a href=\"https:\/\/henrykskarzynski.pl\/wp-content\/uploads\/2021\/11\/Powrot-Beethoventa_s.pdf\">61. Powrot Beethovena (2021)- PDF<\/a><\/p>\n<p><a href=\"https:\/\/henrykskarzynski.pl\/wp-content\/uploads\/2021\/11\/Przyjaciele-po-wsze-czasy_Friends-forever_s.pdf\">60. Przyjaciele po wsze czasy &#8211; Friends Forever (2020)- PDF<\/a><\/p>\n<p><a href=\"https:\/\/henrykskarzynski.pl\/wp-content\/uploads\/2021\/11\/Kroki-milowe_Milestones.pdf\">59. Kroki milowe_Milestones (2020)- PDF<\/a><\/p>\n<p><a href=\"https:\/\/henrykskarzynski.pl\/wp-content\/uploads\/2021\/11\/Silence-Interrupted_s.pdf\">58. Silence Interrupted (2020)- PDF<\/a><\/p>\n<p>57. 25 lat Instytutu Fizjologii i Patologii S\u0142uchu. Media, tom 3 (2020)<\/p>\n<p>56. Kursy praktyczne z otochirurgii z elementami chirurgii podstawy czaszki (2020)<\/p>\n<p>55. Kursy praktyczne z rynochirurgii (2020)<\/p>\n<p>54. Kursy praktyczne z fonochirurgii (2020)<\/p>\n<p><a href=\"https:\/\/henrykskarzynski.pl\/wp-content\/uploads\/2021\/11\/Kongres-Zdrowia-Polakow-2020_Raport_s.pdf\">53. II Kongres &#8222;Zdrowie Polak\u00f3w&#8221; 2020. Raport (2021)- PDF<\/a><\/p>\n<p><a href=\"https:\/\/henrykskarzynski.pl\/wp-content\/uploads\/2021\/11\/Kongres-Zdrowia-Polakow-2019_Raport_s.pdf\">52. I Kongres &#8222;Zdrowie Polak\u00f3w&#8221; 2019. Raport (2020)- PDF<\/a><\/p>\n<p><a href=\"https:\/\/henrykskarzynski.pl\/wp-content\/uploads\/2021\/11\/1001-cases-in-otology_s.pdf\">51. 1001 Cases in Otology (2019) &#8211; PDF<\/a><\/p>\n<p><a href=\"https:\/\/henrykskarzynski.pl\/wp-content\/uploads\/2021\/11\/Program-badan-przesiewowych-sluchu_s.pdf\">50. Program bada\u0144 przesiewowych s\u0142uchu dla uczni\u00f3w klas pierwszych szk\u00f3\u0142 podstawowych z wojew\u00f3dztwa mazowieckiego w latach 2017\u20132019 \/ Hearing Screening program for first grade students of primary schools from Mazovian Voivodeshop in the years 2017-2019 (2019)<\/a><\/p>\n<p>49. Po pierwsze zdrowie. Wielospecjalistyczny program przeciwdzia\u0142ania chorobom cywilizacyjnym w wsparcia zdrowia Polak\u00f3w (2018 &#8211; wyd. I, 2019 &#8211; wyd. II)<\/p>\n<p><a href=\"https:\/\/henrykskarzynski.pl\/wp-content\/uploads\/2021\/11\/Health-First_2018.pdf\">48. Health First. The year-round Multi-Specialist Program for Preventing Civilization Diseases and Supporting the Healt of Poles (2019) &#8211; PDF<\/a><\/p>\n<p>47. Otolaryngologia (2019)<\/p>\n<p><a href=\"https:\/\/henrykskarzynski.pl\/wp-content\/uploads\/2021\/11\/Przerwana-cisza_-Jak-powstal-scenariusz_s.pdf\">46. Przerwana cisza. Jak powstawa\u0142 scenariusz musicalu? (2019) &#8211; PDF<\/a><\/p>\n<p>45. Zarys otoneurologii (2019)<\/p>\n<p><a href=\"https:\/\/henrykskarzynski.pl\/wp-content\/uploads\/2021\/11\/25-lat-naszej-tozsamosci_s.pdf\">44. 25 lat naszej to\u017csamo\u015bci. Od Centrum Implant\u00f3w \u015alimakowych \u201eCochlear Center&#8221; do \u015awiatowego Centrum S\u0142uchu IFPS (2018) &#8211; PDF<\/a><\/p>\n<p><a href=\"https:\/\/henrykskarzynski.pl\/wp-content\/uploads\/2021\/11\/25-years-of-our-organizational-identity-anniversary.-From-the-Cochlear-Center-1993-to-the-World-Hearing-Center-of-the-Institute-of-Physiology-and-Pathology-of-Hearing-2018.pdf\">43. 25 years of our organizational identity. From the \u201cCochlear Center\u201d to the World Hearing Center of the Institute of Physiology and Pathology of Hearing (2018) &#8211; PDF<\/a><\/p>\n<p>42. International BONEBRIDGE and SOUNDBRIDGE Symposium March 30 \u2013 April 1, 2017, Warsaw, Poland (2017)<\/p>\n<p><a href=\"https:\/\/henrykskarzynski.pl\/wp-content\/uploads\/2021\/11\/The-GUINNESS-World-Record-Beaten-in-Kajetany.pdf\">41. Meeting in one place and time of the largest number of people with hearing implants on 12 July 2017. The Guinness World Record Beaten in Kajetany (2017) &#8211; PDF<\/a><\/p>\n<p><a href=\"https:\/\/henrykskarzynski.pl\/wp-content\/uploads\/2021\/11\/Szumy-uszne-i-nadwrazliwosc-sluchowa.-Kompendium-dla-pacjentow-i-specjalistow_s.pdf\">40. Szumy uszne i nadwra\u017cliwo\u015b\u0107 s\u0142uchowa. Kompendium dla pacjent\u00f3w i specjalist\u00f3w (2017)- PDF<\/a><\/p>\n<p><a href=\"https:\/\/henrykskarzynski.pl\/wp-content\/uploads\/2021\/11\/Tinnitus-and-Hyperacusis-Compendium-for-patients-and-specialists.pdf\">39. Tinnitus and Hyperacusis Compendium for Patients and Specialists (2017) &#8211; PDF<\/a><\/p>\n<p><a href=\"https:\/\/henrykskarzynski.pl\/wp-content\/uploads\/2021\/11\/Techniki-chiruriczne-w-laryngologii.pdf\">38. Techniki chirurgiczne w laryngologii &#8211; PDF<\/a><\/p>\n<p>37. Beats of Cochlea. Program Naukowo-Medyczny &#8222;Muzyka w rozwoju s\u0142uchowym cz\u0142owieka&#8221; \/ Beats of Cochlea. Scientific and Medical Program &#8222;Music in human auditory development&#8221; (2017)<\/p>\n<p><a href=\"https:\/\/henrykskarzynski.pl\/wp-content\/uploads\/2021\/11\/Prawie-wszystko-o-sluchu_s.pdf\">36. Prawie wszystko o s\u0142uchu w muzyce, sztuce, prozie, medycynie (2016 &#8211; wyd. I, 2017 &#8211; wyd. 2) &#8211; PDF\u00a0<\/a><\/p>\n<p><a href=\"https:\/\/henrykskarzynski.pl\/wp-content\/uploads\/2021\/11\/MONOGRAFIA-MEDIA-tom-2_s.pdf\">35. 20 lat. Instytut Fizjologii i Patologii S\u0142uchu. Media, tom 2<\/a><a href=\"https:\/\/henrykskarzynski.pl\/wp-content\/uploads\/2021\/11\/MONOGRAFIA-MEDIA-tom-2_s.pdf\"> (2017)- PDF<\/a><\/p>\n<p><a href=\"https:\/\/henrykskarzynski.pl\/wp-content\/uploads\/2021\/11\/MONOGRAFIA-MEDIA-tom-1_s.pdf\">34. 20 lat. Instytut Fizjologii i Patologii S\u0142uchu. Media, tom 1 (2016) &#8211; PDF<\/a><\/p>\n<p><a href=\"https:\/\/henrykskarzynski.pl\/wp-content\/uploads\/2021\/11\/Endoskopowa-chirurgia-zatok.pdf\">33. Endoskopowa chirurgia zatok. Anatomia, tr\u00f3jwymiarowa rekonstrukcja i technika chirurgiczna (2015) &#8211; PDF<\/a><\/p>\n<p><a href=\"https:\/\/henrykskarzynski.pl\/wp-content\/uploads\/2021\/11\/Beats-of-Cochlea_slimakowe-rytmy_app.pdf\">32. Beats of Cochlea 2015. I Mi\u0119dzynarodowy Festiwal Muzyczny Dzieci, M\u0142odzie\u017cy i Doros\u0142ych z Zaburzeniami S\u0142uchu \/ Beats of Cochlea 2015. 1st International Music Festival for Children, Youths and Adults with Hearing Disorders (2015) &#8211; PDF<\/a><\/p>\n<p><a href=\"https:\/\/henrykskarzynski.pl\/wp-content\/uploads\/2021\/11\/20-lat-od-CC-do-WHC_app.pdf\">31. 20 lat od O\u015brodka Diagnostyczno-Leczniczo-Rehabilitacyjnego dla Os\u00f3b Nies\u0142ysz\u0105cych i Niedos\u0142ysz\u0105cych \u201eCochlear Center\u201d do \u015awiatowego Centrum S\u0142uchu (2013) &#8211; PDF<\/a><\/p>\n<p><a href=\"https:\/\/henrykskarzynski.pl\/wp-content\/uploads\/2021\/11\/Wyrownywanie-szans-dzieci-z-zaburzeniami-komunikacyjnymi-w-krajach-Europy_-Equal-opportunities-for-children-with-communication-disorders-in-European-countries.pdf\">30. Wyr\u00f3wnywanie szans dzieci z zaburzeniami komunikacyjnymi w krajach Europy_ Equal opportunities for children with communication disorders in European countries (2012) &#8211; PDF<\/a><\/p>\n<p><a href=\"https:\/\/henrykskarzynski.pl\/wp-content\/uploads\/2021\/11\/Obrazowanie-szlakow-istoty-bialej-mozgowia.pdf\">29. Obrazowanie szlak\u00f3w istoty bia\u0142ej m\u00f3zgowia: od morfologii do patologii (2011) &#8211; PDF<\/a><\/p>\n<p><a href=\"https:\/\/henrykskarzynski.pl\/wp-content\/uploads\/2021\/11\/IFPS-Informator-1996-2006_app.pdf\">28. Instytut Fizjologii i Patologii S\u0142uchu 1996\u20132006 (2006)<\/a><\/p>\n<p>27. Urazy ko\u015bci skroniowej. Cykl: Zaburzenia s\u0142uchu (2005)<\/p>\n<p><a href=\"https:\/\/henrykskarzynski.pl\/wp-content\/uploads\/2021\/11\/Maria-Goralowna-wspomnienie.pdf\">26. Maria G\u00f3ral\u00f3wna &#8211; wspomnienie (2005) &#8211; PDF<\/a><\/p>\n<p><a href=\"https:\/\/henrykskarzynski.pl\/wp-content\/uploads\/2021\/11\/Uczen-zmysly-komunikacja.pdf\">25. Ucze\u0144, zmys\u0142y, komunikacja (2004) &#8211; PDF<\/a><\/p>\n<p><a href=\"https:\/\/henrykskarzynski.pl\/wp-content\/uploads\/2021\/11\/Implanty-slimakowe-rehabilitacja.pdf\">24. Implanty \u015blimakowe &#8211; rehabilitacja\u00a0 (2004)- PDF<\/a><\/p>\n<p><a href=\"https:\/\/henrykskarzynski.pl\/wp-content\/uploads\/2021\/11\/Objawy-laryngologiczne-w-rzadkich-zespolach-chorobowych.pdf\">23. Objawy laryngologiczne w rzadkich zespo\u0142ach chorobowych (2002) &#8211; PDF<\/a><\/p>\n<p><a href=\"https:\/\/henrykskarzynski.pl\/wp-content\/uploads\/2021\/11\/Technika-komputerowa.pdf\">22. Technika komputerowa w audiologii i foniatrii (2002) &#8211; PDF<\/a><\/p>\n<p><a href=\"https:\/\/henrykskarzynski.pl\/wp-content\/uploads\/2021\/11\/Wybrane-procedury-z-zakresu-audiologii-i-otologii-wskazowki-dla-swiadczeniodawcow-i-platnikow.pdf\">21. Wybrane procedury z zakresu audiologii i otologii &#8211; wskaz\u00f3wki dla \u015bwiadczeniodawc\u00f3w i p\u0142atnik\u00f3w (2002) &#8211; PDF<\/a><\/p>\n<p>20. Instytut Fizjologii i Patologii S\u0142uchu (2001)<\/p>\n<p><a href=\"https:\/\/henrykskarzynski.pl\/wp-content\/uploads\/2021\/11\/Anatomia-topograficzna-kosci-skroniowej-dla-potrzeb-otochirurgii.pdf\">19. Anatomia topograficzna ko\u015bci skroniowej dla potrzeb otochirurgii (2000) &#8211; PDF<\/a><\/p>\n<p><a href=\"https:\/\/henrykskarzynski.pl\/wp-content\/uploads\/2021\/11\/Szumy-uszne-i-nadwrazzliwosc-na-dzwieki_wskazowki_lekki.pdf\">18. Szumy uszne i nadwra\u017cliwo\u015b\u0107 na d\u017awi\u0119ki w praktyce klinicznej &#8211; wskaz\u00f3wki dla \u015bwiadczeniodawc\u00f3w i p\u0142atnik\u00f3w (2000) &#8211; PDF<\/a><\/p>\n<p><a href=\"https:\/\/henrykskarzynski.pl\/wp-content\/uploads\/2021\/11\/Szumy-uszne-w-zyciu-codziennym.pdf\">17. Szumy uszne w \u017cyciu codziennym. Porady praktyczne dla pacjent\u00f3w (2000) &#8211; PDF<\/a><\/p>\n<p>16. System Powszechnych Bada\u0144 S\u0142uchu &#8222;S\u0142ysz\u0119\u2026&#8221; \/ &#8222;I Can Hear\u2026&#8221; A System for Universal Hearing Screening (2000)<\/p>\n<p><a href=\"https:\/\/henrykskarzynski.pl\/wp-content\/uploads\/2021\/11\/Urazy-kosci-skroniowej.pdf\">15. Urazy ko\u015bci skroniowej (1999) &#8211; PDF<\/a><\/p>\n<p><a href=\"https:\/\/henrykskarzynski.pl\/wp-content\/uploads\/2021\/11\/Szumy-uszne-i-nadwrazliwosc-na-dzwieki.pdf\">14. Szumy uszne i nadwra\u017cliwo\u015b\u0107 nad d\u017awi\u0119ki. Cykl: Zaburzenia s\u0142uchu (1998) &#8211; PDF<\/a><\/p>\n<p>13. Program pomocy dla os\u00f3b nies\u0142ysz\u0105cych w Polsce. Sprawozdanie z wykonania programu przygotowane pod redakcj\u0105 realizatora programu prof. dr hab. Henryka Skar\u017cy\u0144skiego (1997)<\/p>\n<p><a href=\"https:\/\/henrykskarzynski.pl\/wp-content\/uploads\/2021\/11\/Implant-nadziei.pdf\"> 12. Implant nadziei. Nowe szanse dla os\u00f3b nies\u0142ysz\u0105cych. Pytania i odpowiedzi (1995)<\/a><\/p>\n<p><a href=\"https:\/\/henrykskarzynski.pl\/wp-content\/uploads\/2021\/11\/Homo-Homini-kryteria.pdf\">11. Kryteria kwalifikacji do zabieg\u00f3w wszczepiania implant\u00f3w \u015blimakowych i program rehabilitacji ca\u0142kowitej utraty s\u0142uchu u dzieci &#8211; PDF<\/a><\/p>\n<p>10. Badania kliniczne i do\u015bwiadczalne uk\u0142adu ch\u0142onnego gard\u0142a dolnego w zdrowiu i w chorobie nowotworowej (praca habilitacyjna, 1989)<\/p>\n<p>9. Wybrane problemy leczenia i rehabilitacji chorych z tympanoskleroz\u0105. Podsumowanie wynik\u00f3w bada\u0144 prowadzonych w ramach programu MZ-XIII, temat AK\/49 (1988)<\/p>\n<p>8. Program \u0107wicze\u0144 rehabilitacyjnych w zaburzeniach r\u00f3wnowagi pochodzenia obwodowego. Podsumowanie wynik\u00f3w bada\u0144 prowadzonych w ramach programu MZ-XIII, temat AK\/49 (1987)<\/p>\n<p>7. Badania morfologiczne i kliniczne materia\u0142\u00f3w stosowanych w chirurgii ucha. Opracowanie monograficzne stanowi\u0105ce sprawozdanie z bada\u0144 prowadzonych w ramach tematu naukowo-badawczego II K\/18 zrealizowanego w ramach problemu resortowego MZ-XIV w latach 1981\u20131985 (1986)<\/p>\n<p>6. Badania uk\u0142adu ch\u0142onnego krtani. Opracowanie monograficzne stanowi\u0105ce sprawozdanie z bada\u0144 realizowanych w latach 1983\u20131985 prowadzonych w ramach prac naukowo-badawczych AM, nr W-410 (1986)<\/p>\n<p>5. Opracowanie optymalnych metod rehabilitacji chorych z tympano- i otoskleroz\u0105. Opracowanie monograficzne stanowi\u0105ce podsumowanie I-go etapu bada\u0144 prowadzonych w ramach tematu naukowo-badawczego AK\/49 (1986)<\/p>\n<p>4. Stan naczy\u0144 limfatycznych b\u0142ony \u015bluzowej w raku krtani (praca na stopie\u0144 doktora nauk medycznych, 1983)<\/p>\n<p>3. Badania morfologiczne, do\u015bwiadczalne i kliniczne uk\u0142adu ch\u0142onnego krtani i gard\u0142a dolnego. Opracowanie monograficzne stanowi\u0105ce podsumowanie I i II etapu bada\u0144 prowadzonych w ramach prac naukowo-badawczych, temat nr W-12<\/p>\n<p>2. Ocena 3-letnich wynik\u00f3w operacyjnego leczenia raka krtani u chorych w Warszawskiej Klinice Otolaryngologii w 1978 roku. Raport przygotowany w ramach realizacji programu PR-6, temat nr 1503<\/p>\n<p>1. Ocena wp\u0142ywu implant\u00f3w z tytanu na zachowanie si\u0119 regionalnych w\u0119z\u0142\u00f3w ch\u0142onnych, tkanek mi\u0119kkich i ko\u015bci, cz. I, II. Praca realizowana w ramach tematu naukowo-badawczego AK\/49<\/p>\n","protected":false},"excerpt":{"rendered":"<p>Monografie polskoj\u0119zyczne i angloj\u0119zyczne &#8211; spis PDF &nbsp; 70. Domowa Klinika Muzykoterapii (w przygotowaniu) 69. Beats of Cochlea &#8211; \u015alimakowe Rytmy (2024) 68. Kongres &#8222;Zdrowie Polak\u00f3w&#8221; 2023. Raport (2024) 67. Kongres &#8222;Zdrowie Polak\u00f3w&#8221; 2022. Raport (2023) 66. Instytuty badawcze 1992-2022 ..<\/p>\n<div class=\"reading\"><a href=\"https:\/\/henrykskarzynski.pl\/?page_id=24580&#038;lang=pl\">&gt;&gt;&gt;<\/a><\/div>\n","protected":false},"author":14,"featured_media":0,"parent":21971,"menu_order":3,"comment_status":"closed","ping_status":"closed","template":"","meta":{"footnotes":""},"class_list":["post-24580","page","type-page","status-publish","hentry"],"_links":{"self":[{"href":"https:\/\/henrykskarzynski.pl\/index.php?rest_route=\/wp\/v2\/pages\/24580","targetHints":{"allow":["GET"]}}],"collection":[{"href":"https:\/\/henrykskarzynski.pl\/index.php?rest_route=\/wp\/v2\/pages"}],"about":[{"href":"https:\/\/henrykskarzynski.pl\/index.php?rest_route=\/wp\/v2\/types\/page"}],"author":[{"embeddable":true,"href":"https:\/\/henrykskarzynski.pl\/index.php?rest_route=\/wp\/v2\/users\/14"}],"replies":[{"embeddable":true,"href":"https:\/\/henrykskarzynski.pl\/index.php?rest_route=%2Fwp%2Fv2%2Fcomments&post=24580"}],"version-history":[{"count":13,"href":"https:\/\/henrykskarzynski.pl\/index.php?rest_route=\/wp\/v2\/pages\/24580\/revisions"}],"predecessor-version":[{"id":24841,"href":"https:\/\/henrykskarzynski.pl\/index.php?rest_route=\/wp\/v2\/pages\/24580\/revisions\/24841"}],"up":[{"embeddable":true,"href":"https:\/\/henrykskarzynski.pl\/index.php?rest_route=\/wp\/v2\/pages\/21971"}],"wp:attachment":[{"href":"https:\/\/henrykskarzynski.pl\/index.php?rest_route=%2Fwp%2Fv2%2Fmedia&parent=24580"}],"curies":[{"name":"wp","href":"https:\/\/api.w.org\/{rel}","templated":true}]}}