{"id":23297,"date":"2023-02-23T12:04:49","date_gmt":"2023-02-23T12:04:49","guid":{"rendered":"https:\/\/henrykskarzynski.pl\/?page_id=23297"},"modified":"2023-12-15T11:06:31","modified_gmt":"2023-12-15T11:06:31","slug":"publications-3","status":"publish","type":"page","link":"https:\/\/henrykskarzynski.pl\/?page_id=23297&lang=pl","title":{"rendered":"Publications"},"content":{"rendered":"<p>L&#8217;activit\u00e9 de recherche scientifique est mesur\u00e9e par les publications scientifiques dans des revues internationales reconnues. L&#8217;activit\u00e9 des chercheurs ou celle des centres de recherche peut \u00eatre consult\u00e9e gr\u00e2ce \u00e0 des moteurs de recherche de publications scientifiques telles que, par exemple, Web of Science, Scopus ou Google Scholar. Celles-ci permettent de v\u00e9rifier le nombre de publications consacr\u00e9es \u00e0 un sujet (d\u00e9fini dans un terme de recherche) d\u2019un auteur donn\u00e9 et d\u00e9terminent sa position par rapport \u00e0 d\u2019autres chercheurs publiant leurs articles scientifiques du m\u00eame domaine. L\u2019analyse de l&#8217;\u0153uvre scientifique du professeur Henryk Skar\u017cy\u0144ski effectu\u00e9e \u00e0 l\u2019aide du Web of Science semble impressionnante.<\/p>\n<p>Selon les donn\u00e9es de l\u2019d\u00e9cembre 2023, le professeur Henryk Skar\u017cy\u0144ski est le leader mondial sur la liste des chercheurs menant leurs \u00e9tudes dans le domaine de la surdit\u00e9 partielle (<em>partial deafness<\/em>) : il est l\u2019auteur du plus grand nombre de publications sur le sujet. Les r\u00e9sultats d\u2019analyse de publications internationales pour les mots-cl\u00e9s suivants : fen\u00eatre cochl\u00e9aire (<em>round window<\/em>), test de d\u00e9pistage auditif (<em>hearing screening<\/em>), l\u2019audition (<em>hearing<\/em>), l\u2019implantation cochl\u00e9aire (<em>cochlear implantation<\/em>) ou l\u2019audition \u00e9lectro-acoustique (<em>electro-acoustic hearing<\/em>) d\u00e9montrent que le professeur\u00a0 Henryk Skar\u017cy\u0144ski se classe parmi les dix premiers chercheurs &#8211; auteurs des publications scientifiques sur les sujets ci-mentionn\u00e9s.<\/p>\n<p>Voici les r\u00e9sultats d\u2019une analyse de l&#8217;\u0153uvre scientifique du professeur Henryk Skar\u017cy\u0144ski effectu\u00e9e \u00e0 l\u2019aide de la Web of Science (d\u00e9cembre 2023) :<\/p>\n<ul>\n<li>1er dans le monde pour le mot-cl\u00e9 partial deafness (sur 732 articles trouv\u00e9s)<\/li>\n<li>1er pour le mot-cl\u00e9 hearing screening \u2013 school (sur 814 articles trouv\u00e9s)<\/li>\n<li>3\u00e8me pour le mot-cl\u00e9 children hearing screening (sur 3 915 articles trouv\u00e9s)<\/li>\n<li>2\u00e8me pour le mot-cl\u00e9 hearing \u2013 questionnaire (sur 10 765 articles trouv\u00e9s)<\/li>\n<li>4\u00e8me pour le mot-cl\u00e9 hearing screening (sur 10 757 articles trouv\u00e9s)<\/li>\n<li>6\u00e8me pour le mot-cl\u00e9 round window (sur 5 089 articles trouv\u00e9s)<\/li>\n<li>9\u00e8me pour le mot-cl\u00e9 hearing (sur 189 900 articles trouv\u00e9s)<\/li>\n<li>7\u00e8me pour le mot-cl\u00e9 hearing implant (sur 14 854 articles trouv\u00e9s)<\/li>\n<li>7\u00e8me pour le mot-cl\u00e9 high frequency hearing loss (sur 7 181 articles trouv\u00e9s)<\/li>\n<li>7\u00e8me pour le mot-cl\u00e9 Rehabilitation of Hearings (sur 4 919 articles trouv\u00e9s)<\/li>\n<li>7\u00e8me pour le mot-cl\u00e9 hearing treatment (sur 21 797 articles trouv\u00e9s)<\/li>\n<li>7\u00e8me pour le mot-cl\u00e9 hearing preservation (sur 4 284 articles trouv\u00e9s)<\/li>\n<li>5\u00e8me pour le mot-cl\u00e9 Hearing\u00a0 \u2013 quality of life (sur 6 659 articles trouv\u00e9s)<\/li>\n<li>13\u00e8me pour le mot-cl\u00e9 hearing loss (sur 68 721 articles trouv\u00e9s)<\/li>\n<li>18\u00e8me pour le mot-cl\u00e9 cochlear implant (sur 19 191 articles trouv\u00e9s)<\/li>\n<li>39\u00e8me pour le mot-cl\u00e9 tinnitus (sur 13 812 articles trouv\u00e9s)<\/li>\n<\/ul>\n<p>&nbsp;<\/p>\n<p>Il convient de rappeler que la Web of Science est un ensemble de bases de donn\u00e9es des r\u00e9sum\u00e9s et de donn\u00e9es bibliom\u00e9triques g\u00e9r\u00e9 par la soci\u00e9t\u00e9 Clarivate Analytics. Les bases sont constitu\u00e9es \u00e0 partir des revues scientifiques figurant sur la liste de l\u2019Institute for Scientific Information, le <em>Journal Citation Reports<\/em>. Ces revues sont consid\u00e9r\u00e9es les plus importantes pour la science internationale. La base est mise \u00e0 disposition \u00e0 toutes les universit\u00e9s et centres de recherche en Pologne par le Minist\u00e8re de l&#8217;\u00e9ducation et de l\u2019enseignement sup\u00e9rieur.<\/p>\n<h2><a href=\"https:\/\/henrykskarzynski.pl\/wp-content\/uploads\/2023\/02\/Publications.pdf\">Publications scientifiques<\/a><\/h2>\n<h2><a href=\"https:\/\/henrykskarzynski.pl\/wp-content\/uploads\/2023\/02\/Publications-in-peer-reviewed-international-and-polish-conference-materials.pdf\">Publications dans des documents de congr\u00e8s \u00e9valu\u00e9s par des pairs<\/a><\/h2>\n<h2><a href=\"https:\/\/henrykskarzynski.pl\/wp-content\/uploads\/2023\/02\/Presentations-at-scientific-meetings.pdf\">Pr\u00e9sentations lors de congr\u00e8s scientifiques<\/a><\/h2>\n<p>&nbsp;<\/p>\n<p>&nbsp;<\/p>\n","protected":false},"excerpt":{"rendered":"<p>L&#8217;activit\u00e9 de recherche scientifique est mesur\u00e9e par les publications scientifiques dans des revues internationales reconnues. L&#8217;activit\u00e9 des chercheurs ou celle des centres de recherche peut \u00eatre consult\u00e9e gr\u00e2ce \u00e0 des moteurs de recherche de publications scientifiques telles que, par exemple, ..<\/p>\n<div class=\"reading\"><a href=\"https:\/\/henrykskarzynski.pl\/?page_id=23297&#038;lang=pl\">&gt;&gt;&gt;<\/a><\/div>\n","protected":false},"author":9,"featured_media":0,"parent":0,"menu_order":0,"comment_status":"closed","ping_status":"closed","template":"","meta":{"footnotes":""},"class_list":["post-23297","page","type-page","status-publish","hentry"],"_links":{"self":[{"href":"https:\/\/henrykskarzynski.pl\/index.php?rest_route=\/wp\/v2\/pages\/23297","targetHints":{"allow":["GET"]}}],"collection":[{"href":"https:\/\/henrykskarzynski.pl\/index.php?rest_route=\/wp\/v2\/pages"}],"about":[{"href":"https:\/\/henrykskarzynski.pl\/index.php?rest_route=\/wp\/v2\/types\/page"}],"author":[{"embeddable":true,"href":"https:\/\/henrykskarzynski.pl\/index.php?rest_route=\/wp\/v2\/users\/9"}],"replies":[{"embeddable":true,"href":"https:\/\/henrykskarzynski.pl\/index.php?rest_route=%2Fwp%2Fv2%2Fcomments&post=23297"}],"version-history":[{"count":5,"href":"https:\/\/henrykskarzynski.pl\/index.php?rest_route=\/wp\/v2\/pages\/23297\/revisions"}],"predecessor-version":[{"id":23887,"href":"https:\/\/henrykskarzynski.pl\/index.php?rest_route=\/wp\/v2\/pages\/23297\/revisions\/23887"}],"wp:attachment":[{"href":"https:\/\/henrykskarzynski.pl\/index.php?rest_route=%2Fwp%2Fv2%2Fmedia&parent=23297"}],"curies":[{"name":"wp","href":"https:\/\/api.w.org\/{rel}","templated":true}]}}