{"id":23210,"date":"2022-12-19T10:43:37","date_gmt":"2022-12-19T10:43:37","guid":{"rendered":"https:\/\/henrykskarzynski.pl\/?page_id=23210"},"modified":"2022-12-19T10:53:32","modified_gmt":"2022-12-19T10:53:32","slug":"mitgliedschaft-in-auslaendischen-gesellschaften-komitees-und-wissenschaftlichen-raeten","status":"publish","type":"page","link":"https:\/\/henrykskarzynski.pl\/?page_id=23210&lang=de","title":{"rendered":"Mitgliedschaft in ausl\u00e4ndischen Gesellschaften, Komitees und wissenschaftlichen R\u00e4ten"},"content":{"rendered":"<p><strong>Seit 2019<\/strong><\/p>\n<ul>\n<li>Mitglied der European Academy of Sciences and Arts (Academia Scientiarum et Artium Europea)<\/li>\n<li>Ehrenmitglied der The ORL Danube Society<\/li>\n<\/ul>\n<p><strong>Seit 2018<\/strong><\/p>\n<ul>\n<li>Gr\u00fcndungsmitglied des World Hearing Forum an der WHO<\/li>\n<\/ul>\n<p><strong>Seit 2016<\/strong><\/p>\n<ul>\n<li>Mitglied der International Society for Telemedicine and eHealth \u2013 ISfTeH<\/li>\n<\/ul>\n<p><strong>Seit 2013<\/strong><\/p>\n<ul>\n<li>Mitglied der Mediterranean Society of Otology And Audiology<\/li>\n<\/ul>\n<p><strong>Seit 2012<\/strong><\/p>\n<ul>\n<li>Mitglied (das erste polnische) der American Otological Society (AOS; einer der zwei \u00e4ltesten amerikanischen medizinischen Gesellschaften \u2013 seit 1868)<\/li>\n<li>Mitglied und Berater der Society for Middle-Ear Disease \u2013 SMED<\/li>\n<li>Mitglied der Neurootological and Equilibriometric Society<\/li>\n<\/ul>\n<p><strong>Seit 2011<\/strong><\/p>\n<ul>\n<li>Pr\u00e4sident der European Federation of Audiology Societies (EFAS)<\/li>\n<\/ul>\n<p><strong>Seit 2010<\/strong><\/p>\n<ul>\n<li>Mitglied der Politzer Society<\/li>\n<\/ul>\n<p><strong>Seit 2009<\/strong><\/p>\n<ul>\n<li>Ehrenmitglied der Kubanischen Gesellschaft der HNO-Fach\u00e4rzte, Kopf- und Halschirurgen<\/li>\n<li>Mitglied der International Academy of Otolaryngology \u2013 IAO<\/li>\n<\/ul>\n<p><strong>2009-2014<\/strong><\/p>\n<ul>\n<li>Vrstandsmitglied der European Academy of Otology and Neuro-Otology \u2013 EAONO<\/li>\n<\/ul>\n<p><strong>Seit 2008<\/strong><\/p>\n<ul>\n<li>Gr\u00fcndungsmitglied der Hearring Group<\/li>\n<\/ul>\n<p><strong>Seit 2007<\/strong><\/p>\n<ul>\n<li>Mitglied der International Society of Audiology \u2013 ISA<\/li>\n<\/ul>\n<p><strong>Seit 2006<\/strong><\/p>\n<ul>\n<li>Mitglied der European Society of Magnetic Resonance in Medicine<\/li>\n<\/ul>\n<p><strong>Seit 2005<\/strong><\/p>\n<ul>\n<li>Mitglied der European Society for Artificial Organs<\/li>\n<\/ul>\n<p><strong>2004-2019<\/strong><\/p>\n<ul>\n<li>Polnischer Vertreter in der European Federation of Audiology Societies\u2013 EFAS<\/li>\n<\/ul>\n<p><strong>Seit 2002<\/strong><\/p>\n<ul>\n<li>Mitglied der European Federation of Audiology Societies \u2013 EFAS<\/li>\n<\/ul>\n<p><strong>Seit 1999<\/strong><\/p>\n<ul>\n<li>Mitglied der International Evoked Response Audiometry Study Group \u2013 IERASG<\/li>\n<\/ul>\n<p><strong>Seit 1998<\/strong><\/p>\n<ul>\n<li>Gr\u00fcndungsmitglied der European Academy of Otology and Neuro-Otology \u2013 EAONO<\/li>\n<li>Ehrenmitglied der Slowakischen Gesellschaft der HNO-Fach\u00e4rzte, Kopf- und Halschirurgen<\/li>\n<\/ul>\n<p><strong>Seit 1996<\/strong><\/p>\n<ul>\n<li>Mitglied der Association for Research in Otolaryngology \u2013 ARO<\/li>\n<\/ul>\n<p><strong>Seit 1995<\/strong><\/p>\n<ul>\n<li>Mitglied der American Tinnitus Association \u2013 ATA<\/li>\n<li>Mitglied der New York Academy of Science<\/li>\n<\/ul>\n<p><strong>Seit 1994<\/strong><\/p>\n<ul>\n<li>Mitglied der American Academy of Audiology \u2013 AAA<\/li>\n<li>Mitglied des Collegium Oto-Rhino-Laryngologicum Amicitiae Sacrum \u2013 CORLAS<\/li>\n<li>Wissenschaftlicher Berater in der Stiftung zur Unterst\u00fctzung von Kindern mit H\u00f6rsch\u00e4den FANDA in Buenos Aires, Argentinien<\/li>\n<\/ul>\n<p><strong>Seit 1990<\/strong><\/p>\n<ul>\n<li>Mitglied der European Association of the Tissue Banks \u2013 EATB<\/li>\n<\/ul>\n","protected":false},"excerpt":{"rendered":"<p>Seit 2019 Mitglied der European Academy of Sciences and Arts (Academia Scientiarum et Artium Europea) Ehrenmitglied der The ORL Danube Society Seit 2018 Gr\u00fcndungsmitglied des World Hearing Forum an der WHO Seit 2016 Mitglied der International Society for Telemedicine and ..<\/p>\n<div class=\"reading\"><a href=\"https:\/\/henrykskarzynski.pl\/?page_id=23210&#038;lang=de\">&gt;&gt;&gt;<\/a><\/div>\n","protected":false},"author":9,"featured_media":0,"parent":0,"menu_order":0,"comment_status":"closed","ping_status":"closed","template":"","meta":{"footnotes":""},"class_list":["post-23210","page","type-page","status-publish","hentry"],"_links":{"self":[{"href":"https:\/\/henrykskarzynski.pl\/index.php?rest_route=\/wp\/v2\/pages\/23210","targetHints":{"allow":["GET"]}}],"collection":[{"href":"https:\/\/henrykskarzynski.pl\/index.php?rest_route=\/wp\/v2\/pages"}],"about":[{"href":"https:\/\/henrykskarzynski.pl\/index.php?rest_route=\/wp\/v2\/types\/page"}],"author":[{"embeddable":true,"href":"https:\/\/henrykskarzynski.pl\/index.php?rest_route=\/wp\/v2\/users\/9"}],"replies":[{"embeddable":true,"href":"https:\/\/henrykskarzynski.pl\/index.php?rest_route=%2Fwp%2Fv2%2Fcomments&post=23210"}],"version-history":[{"count":3,"href":"https:\/\/henrykskarzynski.pl\/index.php?rest_route=\/wp\/v2\/pages\/23210\/revisions"}],"predecessor-version":[{"id":23213,"href":"https:\/\/henrykskarzynski.pl\/index.php?rest_route=\/wp\/v2\/pages\/23210\/revisions\/23213"}],"wp:attachment":[{"href":"https:\/\/henrykskarzynski.pl\/index.php?rest_route=%2Fwp%2Fv2%2Fmedia&parent=23210"}],"curies":[{"name":"wp","href":"https:\/\/api.w.org\/{rel}","templated":true}]}}