{"id":23186,"date":"2022-12-16T11:30:59","date_gmt":"2022-12-16T11:30:59","guid":{"rendered":"https:\/\/henrykskarzynski.pl\/?page_id=23186"},"modified":"2022-12-16T11:57:27","modified_gmt":"2022-12-16T11:57:27","slug":"mitgliedschaft-und-funktionen-in-nationalen-gesellschaften-und-ausschuessen-kommissionen-raeten-expertenteams-und-anderen-wissenschaftlichen-gremien","status":"publish","type":"page","link":"https:\/\/henrykskarzynski.pl\/?page_id=23186&lang=de","title":{"rendered":"Mitgliedschaft und Funktionen in nationalen Gesellschaften und Aussch\u00fcssen, Kommissionen, R\u00e4ten, Expertenteams und anderen wissenschaftlichen Gremien"},"content":{"rendered":"<p><strong>Mitgliedschaft und Funktionen in nationalen Gesellschaften und Aussch\u00fcssen, Kommissionen, R\u00e4ten, Expertenteams und anderen wissenschaftlichen Gremien<\/strong><\/p>\n<p><strong>2022-2026<\/strong><\/p>\n<ul>\n<li>Delegierter f\u00fcr \u00e4rztliche Bezirkstagungen der Bezirks\u00e4rztekammer Warschau<\/li>\n<\/ul>\n<p><strong>2022-2025<\/strong><\/p>\n<ul>\n<li>Stellvertretender Vorsitzender der Jury des Werbeemblems \u201eTERAZ POLSKA\u201c [dt. \u201eJETZT POLEN\u201c]<\/li>\n<\/ul>\n<p><strong>2022-2024<\/strong><\/p>\n<ul>\n<li>Pr\u00e4sident der 11. Amtszeit des Hauptrates der Forschungsinstitute<\/li>\n<\/ul>\n<p><strong>2022<\/strong><\/p>\n<ul>\n<li>Mitglied des Programmrates des Forums des Gesundheitsschutzes<\/li>\n<\/ul>\n<p><strong>2021-2024<\/strong><\/p>\n<ul>\n<li>Mitglied des Programmrates des Zentrums f\u00fcr Fortgeschrittene Studien der Technischen Universit\u00e4t Warschau<\/li>\n<\/ul>\n<p><strong>Seit 2021<\/strong><\/p>\n<ul>\n<li>Mitglied der Jury des Wirtschaftspreises des Pr\u00e4sidenten der Republik Polen<\/li>\n<\/ul>\n<p><strong>Seit 2020<\/strong><\/p>\n<ul>\n<li>Mitglied des Komitees f\u00fcr Biokybernetik und Biomedizinisches Ingenieurwesen der Polnischen Akademie der Wissenschaften<\/li>\n<li>Stellvertretender Vorsitzender des Komitees der Klinischen Wissenschaften der Polnischen Akademie der Wissenschaften<\/li>\n<li>Vorsitzender des Rates der Stiftung \u201ePro Polonia\u201d<\/li>\n<li>Vorsitzender des Rates der Kardinal-Wyszy\u0144ski-Universit\u00e4t<\/li>\n<li>Mitglied des Expertenrates am Ombudsmann f\u00fcr Patientenrechte<\/li>\n<\/ul>\n<p><strong>Seit 2019<\/strong><\/p>\n<ul>\n<li>Vorsitzender des Programmrates des Kongresses \u201eGesundheit der Polen\u201d<\/li>\n<li>Korrespondierendes Mitglied der Polnischen Akademie der Wissenschaften<\/li>\n<li>Mitglied der Jury des Werbeemblems \u201eTERAZ POLSKA\u201c [dt. \u201eJETZT POLEN\u201c]<\/li>\n<li>Ehrenmitglied der Polnischen \u00c4rztegesellschaft \u201ePleno Titulo\u201d<\/li>\n<\/ul>\n<p><strong>2019-2020<\/strong><\/p>\n<p>Vorsitzender des Rates der Spezialp\u00e4dagogischen M.-Grzegorzewska-Akademie<\/p>\n<p><strong>Seit 2018<\/strong><\/p>\n<ul>\n<li>Mitglied des Wissenschaftlichen Rates des Nationalen Dr.-habil.-med.-Eleonora-Reicher-Institutes f\u00fcr Geriatrie<\/li>\n<li>Pr\u00e4sident und Gr\u00fcnder der Stiftung \u201eErstens: Gesundheit\u201c<\/li>\n<\/ul>\n<p><strong>2018-2020<\/strong><\/p>\n<ul>\n<li>Delegierter f\u00fcr die Bezirkstagungen von \u00c4rzten der Bezirks\u00e4rztekammer Warschau<\/li>\n<\/ul>\n<p><strong>Seit 201<\/strong><\/p>\n<ul>\n<li>Pr\u00e4sident der Polnischen Gesellschaft der HNO-Kinder\u00e4rzte<\/li>\n<\/ul>\n<p><strong>Seit 2016<\/strong><\/p>\n<ul>\n<li>Mitglied des Wissenschaftlichen Rates der \u00c4rztlichen Stanis\u0142aw-Konopko-Hauptbibliothek<\/li>\n<li>Mitglied des Ehrenrates der Stiftung JESTEM OPTYMIST\u0104 [dt. ICH BIN OPTIMIST]<\/li>\n<\/ul>\n<p><strong>2016-2020<\/strong><\/p>\n<ul>\n<li>Mitglied des Programmrates des Zentrums f\u00fcr Fortgeschrittene Studien der Technischen Universit\u00e4t Warschau<\/li>\n<li>Mitglied des Rates f\u00fcr Seniorenpolitik im Ministerium f\u00fcr Familie, Arbeit und Sozialpolitik<\/li>\n<\/ul>\n<p><strong>2013-2022<\/strong><\/p>\n<ul>\n<li>Stellvertretender Pr\u00e4sident des Hauptrates der Forschungsinstitute<\/li>\n<\/ul>\n<p><strong>2012-2020<\/strong><\/p>\n<ul>\n<li>Mitglied der Zentralen Kommission f\u00fcr wissenschaftliche Grade und Titel<\/li>\n<\/ul>\n<p><strong>Seit 2011<\/strong><\/p>\n<ul>\n<li>Landesberater f\u00fcr den HNO-Bereich<\/li>\n<li>Vorsteher der Staatlichen Pr\u00fcfungskommission im Bereich der HNO-Heilkunde<\/li>\n<li>Vorsitzender des Ausschusses zur Vorbereitung des Programms der Facharztweiterbildung im HNO-Bereich<\/li>\n<li>Experte der Agentur f\u00fcr Bewertung Medizinischer Technologien und Tarifikation<\/li>\n<\/ul>\n<p><strong>2011-2020<\/strong><\/p>\n<ul>\n<li>Vorsitzender des Komitees der Klinischen Wissenschaften der Polnischen Akademie der Wissenschaften<\/li>\n<\/ul>\n<p><strong>2010-2013<\/strong><\/p>\n<ul>\n<li>Mitglied des \u00c4rztlichen Generalrates<\/li>\n<\/ul>\n<p><strong>2010-2012<\/strong><\/p>\n<ul>\n<li>Vorsteher der Staatlichen Pr\u00fcfungskommission im Bereich der Surdologop\u00e4die<\/li>\n<\/ul>\n<p><strong>2010-2011<\/strong><\/p>\n<ul>\n<li>Vorsitzender des Ausschusses zur Vorbereitung der Programme der Fachweiterbildung im Bereich der Neuro- und Surdologop\u00e4die<\/li>\n<\/ul>\n<p><strong>Seit 2010<\/strong><\/p>\n<ul>\n<li>Ehrenmitglied der Polnischen Gesellschaft der HNO-Fach\u00e4rzte, Kopf- und Halschirurgen<\/li>\n<li>Gr\u00fcnder der Prof.-Henryk-Skar\u017cy\u0144ski-Stiftung \u201eIch h\u00f6re\u201c<\/li>\n<\/ul>\n<p><strong>2010-2018<\/strong><\/p>\n<ul>\n<li>Vorsitzender und Mitglied der Audiologischen Sektion der Polnischen Gesellschaft der HNO-Fach\u00e4rzte, Kopf- und Halschirurgen<\/li>\n<\/ul>\n<p><strong>2008-2011<\/strong><\/p>\n<ul>\n<li>Vorsteher der Staatlichen Pr\u00fcfungskommission im Bereich der Neurologop\u00e4die<\/li>\n<\/ul>\n<p><strong>2007-2012<\/strong><\/p>\n<ul>\n<li>Vorsitzender der Kommission f\u00fcr Pathophysiologie des Geh\u00f6rs, Sprache und Kommunikationsst\u00f6rungen der Polnischen Akademie der Wissenschaften<\/li>\n<\/ul>\n<p><strong>2007-2011<\/strong><\/p>\n<ul>\n<li>Landesberater f\u00fcr Audiologie und Phoniatrie<\/li>\n<li>Vorsteher der Staatlichen Pr\u00fcfungskommission im Bereich der Audiologie und Phoniatrie<\/li>\n<\/ul>\n<p><strong>2007-2010<\/strong><\/p>\n<ul>\n<li>Vorsitzender des Komitees der Klinischen Pathophysiologie der Polnischen Akademie der Wissenschaften<\/li>\n<\/ul>\n<p><strong>Seit 2006<\/strong><\/p>\n<ul>\n<li>Mitglied des Wissenschaftlichen Rates der Orange Stiftung<\/li>\n<\/ul>\n<p><strong>2006-2020<\/strong><\/p>\n<ul>\n<li>Mitglied des Wissenschaftlichen Rates am Gesundheitsminister<\/li>\n<\/ul>\n<p><strong>Seit 2002<\/strong><\/p>\n<ul>\n<li>Mitglied des Programmrates der Polnischen Gesellschaft der Audioprothetiker<\/li>\n<\/ul>\n<p><strong>2002-2018<\/strong><\/p>\n<ul>\n<li>Mitglied des Rates der Fakult\u00e4t f\u00fcr Gesang der Fr\u00e9d\u00e9ric-Chopin-Musikuniversit\u00e4t<\/li>\n<\/ul>\n<p><strong>Seit 2000<\/strong><\/p>\n<ul>\n<li>Pr\u00e4sident der Stiftung \u201eAkademie des Polnischen Erfolgs\u201d<\/li>\n<\/ul>\n<p><strong>Seit 1999<\/strong><\/p>\n<ul>\n<li>Mitglied der Polnischen Gesellschaft der Sch\u00e4delbasischirurgie<\/li>\n<\/ul>\n<p><strong>1999-2002<\/strong><\/p>\n<ul>\n<li>Mitglied des Wissenschaftlichen Rates des Zentrums f\u00fcr Medizinische Postgraduale Bildung<\/li>\n<\/ul>\n<p><strong>Seit 1998<\/strong><\/p>\n<ul>\n<li>Gr\u00fcndungsmitglied der Polnischen Gesellschaft f\u00fcr Biomedizinisches Ingenieurwesen<\/li>\n<li>Mitglied des Expertengremiums am Gesundheitsminister f\u00fcr Akkreditierung von Einrichtungen zur Facharztweiterbildung im Bereich der Audiologie und Phoniatrie<\/li>\n<\/ul>\n<p><strong>1998-2001<\/strong><\/p>\n<ul>\n<li>Landesberater f\u00fcr Audiologie und Phoniatrie<\/li>\n<li>Vorsteher der Staatlichen Pr\u00fcfungskommission im Bereich der Audiologie und Phoniatrie<\/li>\n<\/ul>\n<p><strong>Seit 1996<\/strong><\/p>\n<ul>\n<li>Gr\u00fcndungsmitglied und Pr\u00e4sident der Polnischen Wissenschaftlichen Gesellschaft der H\u00f6r-, Stimmst\u00f6rungen und St\u00f6rungen der sprachlichen Kommunikation<\/li>\n<\/ul>\n<p><strong>1996-2007<\/strong><\/p>\n<ul>\n<li>Mitglied des Komitees f\u00fcr Akustik der Polnischen Akademie der Wissenschaften<\/li>\n<\/ul>\n<p><strong>1994-1998<\/strong><\/p>\n<ul>\n<li>Landesexperte f\u00fcr Audiologie<\/li>\n<li>Vorsteher der Staatlichen Pr\u00fcfungskommission im Bereich der Audiologie<\/li>\n<li>Mitglied der Staatlichen Pr\u00fcfungskommission im Bereich der Phoniatrie<\/li>\n<\/ul>\n<p><strong>Seit 1993<\/strong><\/p>\n<ul>\n<li>Vorsitzender des Rates des Vereins der Freunde Geh\u00f6rloser und Schwerh\u00f6riger Personen &#8222;Der-Mensch-dem-Menschen\u201c<\/li>\n<\/ul>\n<p><strong>Seit 1990<\/strong><\/p>\n<ul>\n<li>Mitglied und Vorsitzender des Rates der Stiftung f\u00fcr die Entwicklung der Medizin \u201eHomo \u2013 Homini\u201d<\/li>\n<\/ul>\n<p><strong>1989-2000<\/strong><\/p>\n<ul>\n<li>Mitglied des Rates der 1. Medizinischen Fakult\u00e4t der Medizinischen Universit\u00e4t Warschau<\/li>\n<\/ul>\n<p><strong>1989-2019<\/strong><\/p>\n<ul>\n<li>Mitglied des Vorstands der Niederlassung Warschau, des Hauptvorstands, der Hauptrevisionskommission, Vorsitzender und Mitglied des Vorstands der Audiologischen Sektion in der Polnischen Gesellschaft der HNO-Fach\u00e4rzte, Kopf- und Halschirurgen<\/li>\n<\/ul>\n","protected":false},"excerpt":{"rendered":"<p>Mitgliedschaft und Funktionen in nationalen Gesellschaften und Aussch\u00fcssen, Kommissionen, R\u00e4ten, Expertenteams und anderen wissenschaftlichen Gremien 2022-2026 Delegierter f\u00fcr \u00e4rztliche Bezirkstagungen der Bezirks\u00e4rztekammer Warschau 2022-2025 Stellvertretender Vorsitzender der Jury des Werbeemblems \u201eTERAZ POLSKA\u201c [dt. \u201eJETZT POLEN\u201c] 2022-2024 Pr\u00e4sident der 11. Amtszeit ..<\/p>\n<div class=\"reading\"><a href=\"https:\/\/henrykskarzynski.pl\/?page_id=23186&#038;lang=de\">&gt;&gt;&gt;<\/a><\/div>\n","protected":false},"author":9,"featured_media":0,"parent":0,"menu_order":0,"comment_status":"closed","ping_status":"closed","template":"","meta":{"footnotes":""},"class_list":["post-23186","page","type-page","status-publish","hentry"],"_links":{"self":[{"href":"https:\/\/henrykskarzynski.pl\/index.php?rest_route=\/wp\/v2\/pages\/23186","targetHints":{"allow":["GET"]}}],"collection":[{"href":"https:\/\/henrykskarzynski.pl\/index.php?rest_route=\/wp\/v2\/pages"}],"about":[{"href":"https:\/\/henrykskarzynski.pl\/index.php?rest_route=\/wp\/v2\/types\/page"}],"author":[{"embeddable":true,"href":"https:\/\/henrykskarzynski.pl\/index.php?rest_route=\/wp\/v2\/users\/9"}],"replies":[{"embeddable":true,"href":"https:\/\/henrykskarzynski.pl\/index.php?rest_route=%2Fwp%2Fv2%2Fcomments&post=23186"}],"version-history":[{"count":15,"href":"https:\/\/henrykskarzynski.pl\/index.php?rest_route=\/wp\/v2\/pages\/23186\/revisions"}],"predecessor-version":[{"id":23189,"href":"https:\/\/henrykskarzynski.pl\/index.php?rest_route=\/wp\/v2\/pages\/23186\/revisions\/23189"}],"wp:attachment":[{"href":"https:\/\/henrykskarzynski.pl\/index.php?rest_route=%2Fwp%2Fv2%2Fmedia&parent=23186"}],"curies":[{"name":"wp","href":"https:\/\/api.w.org\/{rel}","templated":true}]}}