{"id":23148,"date":"2022-12-02T14:08:20","date_gmt":"2022-12-02T14:08:20","guid":{"rendered":"https:\/\/henrykskarzynski.pl\/?page_id=23148"},"modified":"2022-12-02T14:08:20","modified_gmt":"2022-12-02T14:08:20","slug":"%d1%81%d0%be%d0%b2%d0%b5%d1%82%d1%8b-%d0%b8-%d1%80%d0%b5%d0%b4%d0%b0%d0%ba%d1%86%d0%b8%d0%b8-%d0%b6%d1%83%d1%80%d0%bd%d0%b0%d0%bb%d0%be%d0%b2","status":"publish","type":"page","link":"https:\/\/henrykskarzynski.pl\/?page_id=23148&lang=pl","title":{"rendered":"\u0421\u043e\u0432\u0435\u0442\u044b \u0438 \u0440\u0435\u0434\u0430\u043a\u0446\u0438\u0438 \u0436\u0443\u0440\u043d\u0430\u043b\u043e\u0432"},"content":{"rendered":"<p><strong>\u0427\u043b\u0435\u043d\u0441\u0442\u0432\u043e \u0432 \u0440\u0435\u0434\u0430\u043a\u0446\u0438\u044f\u0445 \u043f\u043e\u043b\u044c\u0441\u043a\u0438\u0445 \u0436\u0443\u0440\u043d\u0430\u043b\u043e\u0432 <\/strong><\/p>\n<ul>\n<li>\u0413\u043b\u0430\u0432\u043d\u044b\u0439 \u0440\u0435\u0434\u0430\u043a\u0442\u043e\u0440 \u0436\u0443\u0440\u043d\u0430\u043b\u0430 \u00abNowa Audiofonologia\u00bb<\/li>\n<li>\u0422\u0435\u043c\u0430\u0442\u0438\u0447\u0435\u0441\u043a\u0438\u0439 \u0440\u0435\u0434\u0430\u043a\u0442\u043e\u0440 \u043d\u0430\u0443\u0447\u043d\u043e\u0433\u043e \u0436\u0443\u0440\u043d\u0430\u043b\u0430 \u00abCz\u0142owiek- Niepe\u0142nosprawno\u015b\u0107 \u2013 Spo\u0142ecze\u0144stwo\u00bb<\/li>\n<li>\u0427\u043b\u0435\u043d \u043d\u0430\u0443\u0447\u043d\u043e\u0433\u043e \u043a\u043e\u043c\u0438\u0442\u0435\u0442\u0430 \u0436\u0443\u0440\u043d\u0430\u043b\u0430 \u00abPrzegl\u0105d Pediatryczny\u00bb<\/li>\n<li>\u0427\u043b\u0435\u043d \u0423\u0447\u0435\u043d\u043e\u0433\u043e \u0441\u043e\u0432\u0435\u0442\u0430 \u0435\u0436\u0435\u043a\u0432\u0430\u0440\u0442\u0430\u043b\u044c\u043d\u043e\u0433\u043e \u0436\u0443\u0440\u043d\u0430\u043b\u0430 \u00abWideochirurgia i\u00a0Inne Techniki Ma\u0142oinwazyjne\u00bb<\/li>\n<li>\u0427\u043b\u0435\u043d \u043f\u0440\u043e\u0433\u0440\u0430\u043c\u043c\u043d\u043e\u0433\u043e \u0441\u043e\u0432\u0435\u0442\u0430 \u00abMedi Science Polski Biuletyn Medyczny\u00bb<\/li>\n<li>\u0427\u043b\u0435\u043d \u041d\u0430\u0443\u0447\u043d\u043e\u0433\u043e \u043a\u043e\u043c\u0438\u0442\u0435\u0442\u0430 \u0436\u0443\u0440\u043d\u0430\u043b\u0430 \u00abAudiofonologia\u00bb, \u0438\u0437\u0434\u0430\u0432\u0430\u0435\u043c\u043e\u0433\u043e \u041f\u043e\u043b\u044c\u0441\u043a\u0438\u043c \u043a\u043e\u043c\u0438\u0442\u0435\u0442\u043e\u043c \u0430\u0443\u0434\u0438\u043e\u0444\u043e\u043d\u043e\u043b\u043e\u0433\u0438\u0438 \u0438 \u041f\u043e\u043b\u044c\u0441\u043a\u0438\u043c \u043d\u0430\u0443\u0447\u043d\u044b\u043c \u043e\u0431\u0449\u0435\u0441\u0442\u0432\u043e\u043c \u043d\u0430\u0440\u0443\u0448\u0435\u043d\u0438\u0439 \u0441\u043b\u0443\u0445\u0430, \u0433\u043e\u043b\u043e\u0441\u0430 \u0438 \u044f\u0437\u044b\u043a\u043e\u0432\u043e\u0439 \u043a\u043e\u043c\u043c\u0443\u043d\u0438\u043a\u0430\u0446\u0438\u0438<\/li>\n<li>\u0427\u043b\u0435\u043d \u043f\u0440\u043e\u0433\u0440\u0430\u043c\u043c\u043d\u043e\u0433\u043e \u0441\u043e\u0432\u0435\u0442\u0430 \u0436\u0443\u0440\u043d\u0430\u043b\u0430 \u00abS\u0142u\u017cba Zdrowia\u00bb<\/li>\n<li>\u0427\u043b\u0435\u043d \u041a\u043e\u043d\u0441\u0443\u043b\u044c\u0442\u0430\u0442\u0438\u0432\u043d\u043e\u0433\u043e \u0441\u043e\u0432\u0435\u0442\u0430 \u0435\u0436\u0435\u043c\u0435\u0441\u044f\u0447\u043d\u043e\u0433\u043e \u0436\u0443\u0440\u043d\u0430\u043b\u0430 \u00abMedyk\u00bb<\/li>\n<li>\u0427\u043b\u0435\u043d \u041a\u043e\u043d\u0441\u0443\u043b\u044c\u0442\u0430\u0442\u0438\u0432\u043d\u043e\u0433\u043e \u0441\u043e\u0432\u0435\u0442\u0430 \u0435\u0436\u0435\u043c\u0435\u0441\u044f\u0447\u043d\u043e\u0433\u043e \u0436\u0443\u0440\u043d\u0430\u043b\u0430 \u00abGabinet Prywatny\u00bb<\/li>\n<li>\u0413\u043b\u0430\u0432\u043d\u044b\u0439 \u0440\u0435\u0434\u0430\u043a\u0442\u043e\u0440 \u0435\u0436\u0435\u043c\u0435\u0441\u044f\u0447\u043d\u043e\u0433\u043e \u0436\u0443\u0440\u043d\u0430\u043b\u0430 \u00abS\u0142ysz\u0119\u2026\u00bb &#8211; \u0436\u0443\u0440\u043d\u0430\u043b\u0430 \u0410\u0441\u0441\u043e\u0446\u0438\u0430\u0446\u0438\u0438 \u0434\u0440\u0443\u0437\u0435\u0439 \u0433\u043b\u0443\u0445\u0438\u0445 \u0438 \u0441\u043b\u0430\u0431\u043e\u0441\u043b\u044b\u0448\u0430\u0449\u0438\u0445 \u043b\u044e\u0434\u0435\u0439 \u00ab\u0427\u0435\u043b\u043e\u0432\u0435\u043a \u0434\u043b\u044f \u0427\u0435\u043b\u043e\u0432\u0435\u043a\u0430\u00bb \u0438 \u0418\u043d\u0441\u0442\u0438\u0442\u0443\u0442\u0430 \u0424\u0438\u0437\u0438\u043e\u043b\u043e\u0433\u0438\u0438 \u0438 \u041f\u0430\u0442\u043e\u043b\u043e\u0433\u0438\u0438 \u0421\u043b\u0443\u0445\u0430<\/li>\n<li>\u0427\u043b\u0435\u043d \u0423\u0447\u0435\u043d\u043e\u0433\u043e \u0441\u043e\u0432\u0435\u0442\u0430 \u0436\u0443\u0440\u043d\u0430\u043b\u0430 \u00abZdrowie M\u0119\u017cczyzny\u00bb<\/li>\n<\/ul>\n<p>&nbsp;<\/p>\n<p><strong>\u0427\u043b\u0435\u043d\u0441\u0442\u0432\u043e \u0432 \u0440\u0435\u0434\u043a\u043e\u043b\u043b\u0435\u0433\u0438\u044f\u0445 \u0437\u0430\u0440\u0443\u0431\u0435\u0436\u043d\u044b\u0445 \u0436\u0443\u0440\u043d\u0430\u043b\u043e\u0432 <\/strong><\/p>\n<ul>\n<li>\u0413\u043b\u0430\u0432\u043d\u044b\u0439\u0440\u0435\u0434\u0430\u043a\u0442\u043e\u0440<a href=\"http:\/\/www.journalofhearingscience.com\">\u00abJournal of Hearing Science\u00bb<\/a><\/li>\n<li>\u0427\u043b\u0435\u043d \u0440\u0435\u0434\u043a\u043e\u043b\u043b\u0435\u0433\u0438\u0438 \u0436\u0443\u0440\u043d\u0430\u043b\u0430 \u0413\u0440\u043e\u0434\u043d\u0435\u043d\u0441\u043a\u043e\u0433\u043e \u043c\u0435\u0434\u0438\u0446\u0438\u043d\u0441\u043a\u043e\u0433\u043e \u0443\u043d\u0438\u0432\u0435\u0440\u0441\u0438\u0442\u0435\u0442\u0430<\/li>\n<li>\u0427\u043b\u0435\u043d\u0440\u0435\u0434\u0430\u043a\u0446\u0438\u043e\u043d\u043d\u043e\u0433\u043e\u043a\u043e\u043c\u0438\u0442\u0435\u0442\u0430 \u00abAmerican Journal of Otology &amp; Neurootology\u00bb<\/li>\n<li>\u0427\u043b\u0435\u043d\u0440\u0435\u0434\u043a\u043e\u043b\u043b\u0435\u0433\u0438\u0438\u0436\u0443\u0440\u043d\u0430\u043b\u0430 \u00abThe Journal of International Advanced Otology\u00bb<\/li>\n<li>\u0413\u043b\u0430\u0432\u043d\u044b\u0439\u0440\u0435\u0434\u0430\u043a\u0442\u043e\u0440\u043c\u0435\u0436\u0434\u0443\u043d\u0430\u0440\u043e\u0434\u043d\u043e\u0433\u043e\u0435\u0436\u0435\u043a\u0432\u0430\u0440\u0442\u0430\u043b\u044c\u043d\u043e\u0433\u043e\u0436\u0443\u0440\u043d\u0430\u043b\u0430 \u00abCentral and East European Journalof Oto-Rhino-Laryngology and Head and Neck Surgery \u2013 CEEJOHNS\u00bb<\/li>\n<li>\u0427\u043b\u0435\u043d \u041c\u0435\u0436\u0434\u0443\u043d\u0430\u0440\u043e\u0434\u043d\u043e\u0433\u043e \u043a\u043e\u043c\u0438\u0442\u0435\u0442\u0430 \u00abENT-News\u00bb (\u0412\u0435\u043b\u0438\u043a\u043e\u0431\u0440\u0438\u0442\u0430\u043d\u0438\u044f)<\/li>\n<\/ul>\n<p><strong>\u0420\u0435\u0446\u0435\u043d\u0437\u0435\u043d\u0442\u0441\u043a\u0430\u044f \u0434\u0435\u044f\u0442\u0435\u043b\u044c\u043d\u043e\u0441\u0442\u044c<\/strong><\/p>\n<ul>\n<li>Journal of International Advanced Otology, ISSN: 1308-7649<\/li>\n<li>Int Journal of Pediatric Otorhinolaryngology, ISSN: 0165-5876<\/li>\n<li>Archives of Medical Science, ISSN: 1734-1922<\/li>\n<li>Eastern Journal Of Medicine, ISSN: 1301-0883<\/li>\n<li>European Archives of Oto-Rhino-Laryngology and Head &amp; Neck, ISSN: 0937-4477<\/li>\n<li>Ear and Hearing, ISSN: 0196-0202<\/li>\n<li>Acta Otolaryngologica, ISSN: 0001-6489<\/li>\n<li>Journal of Hearing Science, ISSN: 2083-389X<\/li>\n<li>Audiofonologia, ISSN: 1425-3089<\/li>\n<li>Otology and Neurology, ISSN: 1531-7129<\/li>\n<li>Przegl\u0105d Pediatryczny, ISSN: 0137-723X, e-ISSN: 2083-5752<\/li>\n<\/ul>\n","protected":false},"excerpt":{"rendered":"<p>\u0427\u043b\u0435\u043d\u0441\u0442\u0432\u043e \u0432 \u0440\u0435\u0434\u0430\u043a\u0446\u0438\u044f\u0445 \u043f\u043e\u043b\u044c\u0441\u043a\u0438\u0445 \u0436\u0443\u0440\u043d\u0430\u043b\u043e\u0432 \u0413\u043b\u0430\u0432\u043d\u044b\u0439 \u0440\u0435\u0434\u0430\u043a\u0442\u043e\u0440 \u0436\u0443\u0440\u043d\u0430\u043b\u0430 \u00abNowa Audiofonologia\u00bb \u0422\u0435\u043c\u0430\u0442\u0438\u0447\u0435\u0441\u043a\u0438\u0439 \u0440\u0435\u0434\u0430\u043a\u0442\u043e\u0440 \u043d\u0430\u0443\u0447\u043d\u043e\u0433\u043e \u0436\u0443\u0440\u043d\u0430\u043b\u0430 \u00abCz\u0142owiek- Niepe\u0142nosprawno\u015b\u0107 \u2013 Spo\u0142ecze\u0144stwo\u00bb \u0427\u043b\u0435\u043d \u043d\u0430\u0443\u0447\u043d\u043e\u0433\u043e \u043a\u043e\u043c\u0438\u0442\u0435\u0442\u0430 \u0436\u0443\u0440\u043d\u0430\u043b\u0430 \u00abPrzegl\u0105d Pediatryczny\u00bb \u0427\u043b\u0435\u043d \u0423\u0447\u0435\u043d\u043e\u0433\u043e \u0441\u043e\u0432\u0435\u0442\u0430 \u0435\u0436\u0435\u043a\u0432\u0430\u0440\u0442\u0430\u043b\u044c\u043d\u043e\u0433\u043e \u0436\u0443\u0440\u043d\u0430\u043b\u0430 \u00abWideochirurgia i\u00a0Inne Techniki Ma\u0142oinwazyjne\u00bb \u0427\u043b\u0435\u043d \u043f\u0440\u043e\u0433\u0440\u0430\u043c\u043c\u043d\u043e\u0433\u043e \u0441\u043e\u0432\u0435\u0442\u0430 \u00abMedi Science Polski Biuletyn ..<\/p>\n<div class=\"reading\"><a href=\"https:\/\/henrykskarzynski.pl\/?page_id=23148&#038;lang=pl\">&gt;&gt;&gt;<\/a><\/div>\n","protected":false},"author":9,"featured_media":0,"parent":0,"menu_order":0,"comment_status":"closed","ping_status":"closed","template":"","meta":{"footnotes":""},"class_list":["post-23148","page","type-page","status-publish","hentry"],"_links":{"self":[{"href":"https:\/\/henrykskarzynski.pl\/index.php?rest_route=\/wp\/v2\/pages\/23148","targetHints":{"allow":["GET"]}}],"collection":[{"href":"https:\/\/henrykskarzynski.pl\/index.php?rest_route=\/wp\/v2\/pages"}],"about":[{"href":"https:\/\/henrykskarzynski.pl\/index.php?rest_route=\/wp\/v2\/types\/page"}],"author":[{"embeddable":true,"href":"https:\/\/henrykskarzynski.pl\/index.php?rest_route=\/wp\/v2\/users\/9"}],"replies":[{"embeddable":true,"href":"https:\/\/henrykskarzynski.pl\/index.php?rest_route=%2Fwp%2Fv2%2Fcomments&post=23148"}],"version-history":[{"count":1,"href":"https:\/\/henrykskarzynski.pl\/index.php?rest_route=\/wp\/v2\/pages\/23148\/revisions"}],"predecessor-version":[{"id":23149,"href":"https:\/\/henrykskarzynski.pl\/index.php?rest_route=\/wp\/v2\/pages\/23148\/revisions\/23149"}],"wp:attachment":[{"href":"https:\/\/henrykskarzynski.pl\/index.php?rest_route=%2Fwp%2Fv2%2Fmedia&parent=23148"}],"curies":[{"name":"wp","href":"https:\/\/api.w.org\/{rel}","templated":true}]}}