{"id":2282,"date":"2015-09-08T12:45:37","date_gmt":"2015-09-08T12:45:37","guid":{"rendered":"http:\/\/178.216.200.219\/?page_id=2282"},"modified":"2024-07-29T12:11:20","modified_gmt":"2024-07-29T12:11:20","slug":"uber-prof-h-skarzynski","status":"publish","type":"page","link":"https:\/\/henrykskarzynski.pl\/?page_id=2282&lang=de","title":{"rendered":"Uber Prof. Henryk Skar\u017cy\u0144ski"},"content":{"rendered":"<p><strong>Prof. Dr. habil. med. Dr. h.c. multi Henryk Skar\u017cy\u0144ski<\/strong> ist ein weltweit bekannter Ohrchirurg und Facharzt f\u00fcr HNO-Heilkunde, Audiologie und Phoniatrie sowie HNO-Kinderheilkunde. Seit 1996 leitet er das Institut f\u00fcr Physiologie und Pathologie des Geh\u00f6rs. Seit 1994 ist er Landesspezialist und sp\u00e4ter Landesberater f\u00fcr Audiologie und Phoniatrie, und seit 2011 Landesberater f\u00fcr HNO-Heilkunde. Als erster in Polen implantierte er ein Cochlea-Implantat (1992), ein Knochenleitungsimplantat bei einem Kind (1997), ein auditorisches Hirnstammimplantat (1998) und ein Mittelohrimplantat (2003). Er f\u00fchrte praktisch fast alle implantierbaren h\u00f6rverbessernden Systeme in Polen ein. Er war auch europa- und weltweit Pionier derartiger L\u00f6sungen.<\/p>\n<p>Eine seiner Leistungen war das Starten im Jahr 1997 des weltweit ersten Programms zur Behandlung des partiellen H\u00f6rverlustes und Erhaltung pr\u00e4operativer H\u00f6rreste. 2002 als erster weltweit operierte er einen erwachsenen Patienten mit klassischem partiellem H\u00f6rverlust und 2004 das weltweit erste Kind mit dieser Erkrankung. Die chirurgische Methode wird f\u00fcr seine Spezialit\u00e4t erachtet und &#8222;Methode nach Skar\u017cy\u0144ski&#8221; genannt; der Professor entwickelte eine neue Elektrode und ein chirurgisches Verfahren f\u00fcr ihre Zwecke. Die Methode wurde bereits in einigen zehn Zentren weltweit eingef\u00fchrt. Seit 2014 lie\u00df das die bisherigen Indikationen f\u00fcr die Behandlung mit verschiedenen Implantaten erweitern und neue Zielgruppen aus mehrere zehn Millionen Patienten identifizieren, insbesondere unter Senioren. Dadurch erhielt er die weltweit ersten Ergebnisse der Verbindung des nat\u00fcrlichen und elektrischen Geh\u00f6rs aus einem Implantat bei Kindern und Erwachsenen.<\/p>\n<p>Professor und Doz. M. G\u00f3ral\u00f3wna begannen als erste in Polen Screeninguntersuchungen zur Fr\u00fcherkennung von H\u00f6rst\u00f6rungen bei Neugeborenen und S\u00e4uglingen (1993). In den Jahren 1995-98 leitete der Professor das landesweit erste, vom Gesundheitsminister in Auftrag gegebene Programm, das das Programm zum H\u00f6rscreening bei Neugeborenen erarbeiten lie\u00df und den gr\u00f6\u00dften Beitrag zur wissenschaftliche Erarbeitung des &#8222;Europ\u00e4ischen Wissenschaftlichen Konsenses\u201c in Mailand (1998) leistete. Zusammen mit dem Team des Institutes f\u00fcr Physiologie und Pathologie des Geh\u00f6rs f\u00fchrt er H\u00f6rscreening bei Schulkindern in Polen (seit 1999) und auf 4 Kontinenten (seit 2012) durch. 1997 initiierte er das weltweit erste Programm der Behandlung der tiefen Schwerh\u00f6rigkeit, Erhaltung von H\u00f6rresten und Strukturen des Innenohres, dessen erste Ergebnisse er auf einer europ\u00e4ischen Konferenz in Antwerpen und dem europ\u00e4ischen Kongress EUFOS in Berlin (2000) pr\u00e4sentierte.<\/p>\n<p>Prof. H. Skar\u017cy\u0144ski setzte \u00fcber 158 neue klinische L\u00f6sungen um, was zur Entwicklung der Bereiche der H\u00f6rimplantate, der Ohrchirurgie und Audiologie in Polen und in der Welt beitrug. Er ist Initiator und Gr\u00fcnder des europaweit zweiten Zentrums f\u00fcr Cochlea-Implantate \u2013 &#8222;Cochlear Center&#8221; (1993), Ressortinstitutes f\u00fcr Physiologie und Pathologie des Geh\u00f6rs (1996), Internationalen Zentrums f\u00fcr Geh\u00f6r (2003 \u2013 Teil 1; 2012 \u2013 Teil 2). Dank bereits knapp drei Jahrzehnten seiner T\u00e4tigkeit sind polnische Patienten die weltweit ersten bzw. einige von den weltweit ersten, die Zugang zu den modernsten medizinischen Technologien haben. Seit \u00fcber 25 Jahren f\u00fchrt Prof. H. Skar\u017cy\u0144ski selbst und seit \u00fcber 20 Jahren zusammen mit dem gesamten Team die meisten weltweit h\u00f6rverbessernden Operationen durch. Er ist auch Autor und Mitautor von \u00fcber 18 in- und ausl\u00e4ndischen Patenten.<\/p>\n<p>Er ist Autor und Mitautor von 4962 verschiedenen Publikationen, 66 wissenschaftlichen und popul\u00e4rwissenschaftlichen Monographien und 4135 Kongress- und Konferenzberichten. Er betreibt eine breite Bildungst\u00e4tigkeit f\u00fcr in- und ausl\u00e4ndische Studenten und \u00c4rzte. Er f\u00fchrte Schau-Operationen f\u00fcr \u00fcber 8500 Professoren, Ober\u00e4rzte und andere Fach\u00e4rzte im Rahmen des 75 internationalen ohrchirurgischen Window Approach Workshops sowie im Rahmen von kontinentalen und internationalen Konferenzen und Kongressen in Kajetany und Warschau durch. Die Schau-Operationen wurden von ihm in \u00fcber zehn L\u00e4ndern in Asien, S\u00fcdamerika und Europa durchgef\u00fchrt. Insgesamt sind es \u00fcber 1500 gewesen. Er war Pr\u00e4sident von 2 kontinentalen und 4 internationalen Kongressen, von denen zwei zum ersten Mal in Europa stattfanden.<\/p>\n<p>Er ist Ehrenprofessor der University of Provo (USA, 1998), Doktor honoris causa der Spezialp\u00e4dagogischen Maria-Grzegorzewska-Akademie in Warschau (2011), der Universit\u00e4t Warschau (2012), Marie Curie-Sklodowska-Universit\u00e4t (2014), Kardinal-Stefan-Wyszynski-Universit\u00e4t in Warschau (2022), aber auch Ehrenprofessor der State Medical and Pharmaceutical University Nicolae Testemitanu in Kischinau, Moldavien (2013) und des Nationalen Zentrums der Mutter und des Kindes in Bischkek in Kirgisistan (2016).<\/p>\n<p>Als Mitglied der \u00fcber 22 wichtigsten aus- und inl\u00e4ndischen wissenschaftlichen Gesellschaften \u00fcbt er folgende Funktionen aus: Korrespondierendes Mitglied der Polnischen Akademie der Wissenschaften, Vorsitzender des Komitees der Klinischen Wissenschaften der Polnischen Akademie der Wissenschaften (2007-2020), aktuell stellvertretender Vorsitzender des Komitees, Mitglied der Europ\u00e4ischen Akademie der Wissenschaften und K\u00fcnste, Ehrenmitglied der Polnischen und Slowakischen Gesellschaft der HNO-Fach\u00e4rzte, Kopf- und Halschirurgen, des Donau-Verbandes der HNO-Fach\u00e4rzte, Kopf- und Halschirurgen und der Polnischen \u00c4rztegesellschaft. Er ist das erste polnische Mitglied der amerikanischen HNO-Gesellschaft American Otological Society und der neuroothologiscen Gesellschaft American Neurotology Society, Mitglied von CORLAS, POLITZER, ISA, IAO, EAONO und EFAS. Er ist Mitglied: der Zentralen Kommission f\u00fcr wissenschaftliche Grade und Titel (2012-2020), des Wissenschaftliche Rat am Gesundheitsminister (2006-2020), und seit 2020 des Expertenrates am Ombudsmann f\u00fcr Patientenrechte. Er war stellvertretender Pr\u00e4sident des Hauptrates der Forschungsinstitute (2013-2022), und ist aktuell sein Pr\u00e4sident. Er ist ehemaliger Vorsitzender des Rates der Spezialp\u00e4dagogischen M.-Grzegorzewska-Akademie (2019-2020) und seit 2021 \u00fcbt er die Funktion des Vorsitzenden des Rates der Kardinal-Wyszy\u0144ski-Universit\u00e4t und des Mitglieds des Programmrates des Zentrums f\u00fcr Fortgeschrittene Studien der Technischen Universit\u00e4t Warschau (Amtszeiten: 2016-2020, 2021-2024).<\/p>\n<p>Er ist Mitglied des Komitees f\u00fcr Biokybernetik und Biomedizinisches Ingenieurwesen der Polnischen Akademie der Wissenschaften (seit 2020), Pr\u00e4sident der Stiftung \u201eAkademie des Polnischen Erfolgs\u201d, Vorsitzender des Rates der Stiftung \u201ePro Polonia\u201d (seit 2020), Vorsitzender des Programmrates des Kongresses \u201eGesundheit der Polen\u201d (seit 2019), Mitglied des Wissenschaftlichen Rates des Nationalen Dr.-habil.-med.-Eleonora-Reicher-Institutes f\u00fcr Geriatrie, Rheumatologie und Rehabilitation (seit 2018), Mitglied des Rates f\u00fcr Seniorenpolitik im Ministerium f\u00fcr Familie, Arbeit und Sozialpolitik (2016-2020), Mitglied des Wissenschaftlichen Rates der \u00c4rztlichen Stanis\u0142aw-Konopko-Hauptbibliothek (seit 2016), Mitglied des Ehrenrates der Stiftung JESTEM OPTYMIST\u0104 [dt. ICH BIN OPTIMIST] (seit 2016), Mitglied des \u00c4rztlichen Generalrates (2010\u20132013), Mitglied des Wissenschaftlichen Rates der Stiftung Orange (seit 2006), Mitglied des Programmrates der Polnischen Gesellschaft der Audioprothetiker (seit 2002), Mitglied des Rates der Fakult\u00e4t f\u00fcr Gesang der Fr\u00e9d\u00e9ric-Chopin-Musikuniversit\u00e4t (2002\u20132018), Mitglied des Wissenschaftlichen Rates des Zentrums f\u00fcr Medizinische Postgraduale Bildung (1999\u20132002), Vorsitzender des Rates\u00a0 des Vereins der Freunde Geh\u00f6rloser und Schwerh\u00f6riger Personen &#8222;Der-Mensch-dem-Menschen\u201c (seit 1993), Mitglied des Rates der 1. Medizinischen Fakult\u00e4t der Medizinischen Universit\u00e4t Warschau (1989\u20132000).<\/p>\n<p>Der Professor wurde mit staatlichen Preisen (vom Pr\u00e4sidenten der Republik Polen, Regierungschef der Republik Polen, von Gesundheitsministern, Ministern f\u00fcr Wissenschaft und Hochschulwesen, Au\u00dfen-, Wirtschafts-, Bildungs- und Entwicklungsministern), Preisen der medizinischen Kreise und vielen in- und ausl\u00e4ndischen Prestigepreisen ausgezeichnet. Vom Pr\u00e4sidenten der Republik Polen erhielt er das Ritter-,\u00a0 Offiziers- und Komturkreuz des Ordens Polonia Restituta, weitere staatliche Auszeichnungen &#8211; vom belgischen K\u00f6nig (zweimal) und georgischen und ukrainischen Pr\u00e4sidenten. Er ist Ehrenb\u00fcrger der Stadt Warschau. Anl\u00e4sslich des 25. Jubil\u00e4ums der Wiedererlangung der Freiheit von Polen gewann er die Abstimmung zum Menschen der Freiheit in der Kategorie \u201eWissenschaft\u201c. 2018 wurde ihm vom Pr\u00e4sidenten der Republik Polen die Medaille zum 100. Jubil\u00e4um der Wiedererlangung der Freiheit und vom Ministerpr\u00e4sidenten die Medaille und das Diplom des \u201e100. Jahrestages der Wiedererlangung der Unabh\u00e4ngigkeit\u201c verliehen. 2019 wurde er mit dem Werbeemblem des Wei\u00dfen Adlers und vom Premierminister mit der Ehrenauszeichnung \u201eF\u00fcr Leistungen im Bereich der Erfindungen\u201c ausgezeichnet. 2021 wurde er u.a. mit folgenden Preisen ausgezeichnet: Adler des Jahrhunderts der Zeitung Rzeczpospolita, \u201eVision\u00e4r der Gesundheit\u201c von der Wochenzeitschrift \u201eDo Rzeczy\u201d, Auszeichnung in der Abstimmung \u201e20 Menschen der 20 Jahre\u201c des Magazins \u201eNewsweek\u201d, Welconomy-Smaragd und Individueller Wirtschaftspreis des Pr\u00e4sidenten der Republik Polen.<\/p>\n<p>Die Implantation von Implantaten zur Behandlung der vollst\u00e4ndigen und partiellen Taubheit von Prof. H. Skar\u017cy\u0144ski wurde auch in der Abstimmung &#8222;Wissenschaft ist Freiheit&#8221;, die durch das Ministerium f\u00fcr Wissenschaft und Hochschulwesen veranstaltet wurde,\u00a0 f\u00fcr das wichtigste wissenschaftliche Ereignis der letzten 25 Jahre erkl\u00e4rt. Im Jahr 2019 zeichnete der Nationale Akademische Austauschdienst (NAWA) die \u201eMethode nach Skar\u017cy\u0144ski \u2013 Polnische Schule zur Behandlung des partiellen H\u00f6rverlusts\u201c als eine von 34 Errungenschaften aus, die die polnische Wissenschaft international promoten.<\/p>\n<p>Prof. H. Skar\u017cy\u0144ski wurde durch verschiedene Kreise ausgezeichnet, u.a.: Mit der Papstmedaille \u201ePro Ecclesia et Pontifice\u201c vom Papst Franziskus, Primasmedaille von Seiner Eminenz Erzbischof Wojciech Polak, Primas von Polen, und Medaille &#8222;F\u00fcr Verdienste f\u00fcr die Erzdi\u00f6zese Warschau\u201c vom Kardinal Kazimierz Nycz. Von einer internationalen Jury erhielt er den \u201eOrden des L\u00e4chelns\u201c und die \u201eECCE-HOMO\u201c-Medaille. Seit 2001 geh\u00f6rt Prof. H. Skar\u017cy\u0144ski laut Abstimmung der Monatszeitschrift \u201ePuls Medycyny\u201c zu den 100 einflussreichsten Personen in der polnischen Medizin und im polnischen Gesundheitswesen: 12-mal war er unter den 10 ersten, zweimal platzierte er sich auf der ersten Stelle, viermal auf der zweiten. Au\u00dferdem wurde Prof. H. Skar\u017cy\u0144ski mit dem Titel des Goldenen Ingenieurs und dann des Ehreningenieurs durch polnische technische Kreise ausgezeichnet. Zu den ca. 400 Preisen von verschiedenen Kreisen z\u00e4hlen: \u201eBusinsessstab\u201c (poln. \u201eBu\u0142awy Biznesu\u201c)\u00a0 der Polnisch-Ukrainischen Wirtschaftskammer, Spezielle Ehrenperle der Redaktion von Polish Market, Titel \u201eHerausragender Pole\u201c von der Jury des Wettbewerbs \u201eJetzt Polen\u201c (poln. \u201eTeraz Polska\u201d), Medaillen der Kommission der Nationalen Bildung, des Senats der Republik Polen, Prof.-Jan-Nielubowicz-Medaille des Bezirks\u00e4rzterates in Warschau, Titel \u201eBenevolenti\u201c f\u00fcr die Unterst\u00fctzung der sozialf\u00f6rdernden Initiativen der Pro Seniore Stiftung, Tytus-Cha\u0142ubi\u0144ski-Medaille, \u201eBene Meritus\u201c Abzeichen, \u201eLAUDABILIS\u201c \u2013 Abzeichen des Bezirks\u00e4rzterates und Titel des \u201eVertrauensw\u00fcrdigen\u201c f\u00fcr besondere Verdienste f\u00fcr die \u00c4rztliche Selbstverwaltung, Gloria Medicinae Medaille und Ehrenmitgliedschaft von der Polnischen \u00c4rztlichen Gesellschaft f\u00fcr herausragende Verdienste f\u00fcr die Medizin, Statuette der Fernsehakademie der Wiktors in der Kategorie Pers\u00f6nlichkeit der Wissenschaft und Kultur, Ehrenpreis des Oskars des Polnischen Business \u2013 des 20. Jubil\u00e4ums, Hauptauszeichnung im internationalen Wettbewerb &#8222;21st Century Achievement Award Winners\u201d in der Kategorie des Gesundheitswesens\u00a0 f\u00fcr das System der Fernanpassung und Telerehabilitation in Washington, das die\u00a0 Fernnachsorge f\u00fcr H\u00f6rimplantattr\u00e4ger m\u00f6glich macht, Spezialpreis und Prof.-Zbigniew-Religa-Preis der Stiftung f\u00fcr Kinder \u201eDamit die Hilfe nicht zu sp\u00e4t kommt\u201c (poln. Fundacja Dzieciom \u201eZd\u0105\u017cy\u0107 z Pomoc\u0105\u201d). F\u00fcr Verdienste und Zusammenarbeit wurde der Professor mit Medaillen der Universit\u00e4t Warschau, Naturwissenschaftlichen Universit\u00e4t Warschau, Medizinischen Universit\u00e4t Warschau, Technischen Universit\u00e4t Danzig und Warschau, Fr\u00e9d\u00e9ric-Chopin-Musikakademie Warschau, Maria-Curie-Sk\u0142odowska-Universit\u00e4t Lublin, Kardinal-Stefan-Wyszy\u0144ski-Universit\u00e4t Warschau\u00a0 ausgezeichnet.<\/p>\n<p>Im Namen der polnischen Wissenschaft und Medizin veranstaltete er zusammen mit seinem Team H\u00f6rscreening in \u00fcber 20 L\u00e4ndern Asiens, Europas, Afrikas und S\u00fcdamerikas.<\/p>\n<p>2012 erhielt er zusammen mit seinem Team die Goldmedaille und den Hauptpreis in einem der weltweit bedeutendsten Wettbewerbe \u2013 Prix Galien in Monte Carlo, in dem innovative und bahnbrechende Errungenschaften im Bereich der Pharmazie, Medizin und des breit aufgefassten Gesundheitsschutzes ausgezeichnet werden. Internationale wissenschaftliche Gremien verliehen 2016 Prof. H. Skar\u017cy\u0144ski als einem von 4 Wissenschaftlern aus der ganzen Welt die h\u00f6chste Auszeichnung der internationalen Kreise im Rahmen der 14. Internationalen Konferenz \u00fcber Cochlea-Implantate und Andere Implantierbare Technologien (CI2016) in Toronto f\u00fcr seinen au\u00dfergew\u00f6hnlichen Beitrag zur Entwicklung der Wissenschaft und Medizin und die Gew\u00e4hrleistung optimaler M\u00f6glichkeiten der zwischenmenschlichen Kommunikation in den modernen Gesellschaften.<\/p>\n<p>Initiator und Ideengeber des gr\u00f6\u00dften Vorsorgeprojektes \u2013\u00a0 des Multispezialistischen Programms zur Vorbeugung von Zivilisationserkrankungen und Interdisziplin\u00e4ren F\u00f6rderung der Gesundheit der Polen \u201eErstens: Gesundheit\u201c, das seit 2016 umgesetzt wird. 2011 war er Hauptinitiator der Unterzeichnung der Europ\u00e4ischen Wissenschaftlichen Konsenses hinsichtlich der Fr\u00fcherkennung von H\u00f6r-, Seh- und Sprachst\u00f6rungen, was durch die Verabschiedung der &#8222;Schlussfolgerungen des Rates zur Fr\u00fcherkennung und Behandlung von Kommunikationsst\u00f6rungen bei Kindern, einschlie\u00dflich des Einsatzes von e-Health-Instrumenten und innovativen L\u00f6sungen&#8221; durch den EU-Rat best\u00e4tigt wurde.<\/p>\n<p>Die wichtigste Leistung der wissenschaftlichen, klinischen und didaktischen T\u00e4tigkeit waren die Konzeptentwicklung, der Bau und die Er\u00f6ffnung des Weltzentrums f\u00fcr Geh\u00f6r \u2013 des weltweit gr\u00f6\u00dften wissenschaftlichen und klinischen Zentrums, in dem das Team des Professors seit knapp 21 Jahren die weltweit meisten h\u00f6rverbessernden Operationen durchf\u00fchrt. Er selbst f\u00fchrte \u00fcber 235 Tsd. solche Operationen durch.<\/p>\n<p>Seit 2015 Jahr veranstaltet er das Internationale Musikfestival &#8222;Schneckenrhythmen&#8221; f\u00fcr Kinder, Jugendliche und Erwachsene mit H\u00f6rst\u00f6rungen; mit den Finalisten nahm er 2018 und 2019 an speziellen Sessionen des Europ\u00e4ischen Parlaments teil.<\/p>\n<p>2017 war er Produzent des Dokumentarfilms \u201eMeine Mondscheinsonate\u201d.<\/p>\n<p>Im Jahr 2019 wurden die Geschichten seiner Patienten im Musical \u201eUnterbrochene Stille\u201c auf der B\u00fchne der Warschauer Kammeroper aufgef\u00fchrt; die Protagonisten wurden teilweise von den Patienten selbst gespielt. Er ist Autor des Librettos f\u00fcr das Musical. Aktuell bereitet er zwei Filmdrehb\u00fccher \u00fcber Probleme der zwischenmenschlichen Kommunikation in der heutigen Gesellschaft.<\/p>\n<p>Prof. Henryk Skar\u017cy\u0144ski ist auch Autor des Filmromans \u201eR\u00fcckkehr von Beethoven\u201c, in dem die k\u00fcnstlerischen Errungenschaften seiner Patienten im Weltzentrum f\u00fcr Geh\u00f6r und an anderen Orten sowie Erfolge des Programms zur Behandlung von Geh\u00f6rlosigkeit in Polen durch das Prisma der Trag\u00f6die des ber\u00fchmten Komponisten und Pianisten gezeigt werden.<\/p>\n","protected":false},"excerpt":{"rendered":"<p>Prof. Dr. habil. med. Dr. h.c. multi Henryk Skar\u017cy\u0144ski ist ein weltweit bekannter Ohrchirurg und Facharzt f\u00fcr HNO-Heilkunde, Audiologie und Phoniatrie sowie HNO-Kinderheilkunde. Seit 1996 leitet er das Institut f\u00fcr Physiologie und Pathologie des Geh\u00f6rs. Seit 1994 ist er Landesspezialist ..<\/p>\n<div class=\"reading\"><a href=\"https:\/\/henrykskarzynski.pl\/?page_id=2282&#038;lang=de\">&gt;&gt;&gt;<\/a><\/div>\n","protected":false},"author":3,"featured_media":0,"parent":0,"menu_order":21,"comment_status":"closed","ping_status":"closed","template":"","meta":{"footnotes":""},"class_list":["post-2282","page","type-page","status-publish","hentry"],"_links":{"self":[{"href":"https:\/\/henrykskarzynski.pl\/index.php?rest_route=\/wp\/v2\/pages\/2282","targetHints":{"allow":["GET"]}}],"collection":[{"href":"https:\/\/henrykskarzynski.pl\/index.php?rest_route=\/wp\/v2\/pages"}],"about":[{"href":"https:\/\/henrykskarzynski.pl\/index.php?rest_route=\/wp\/v2\/types\/page"}],"author":[{"embeddable":true,"href":"https:\/\/henrykskarzynski.pl\/index.php?rest_route=\/wp\/v2\/users\/3"}],"replies":[{"embeddable":true,"href":"https:\/\/henrykskarzynski.pl\/index.php?rest_route=%2Fwp%2Fv2%2Fcomments&post=2282"}],"version-history":[{"count":20,"href":"https:\/\/henrykskarzynski.pl\/index.php?rest_route=\/wp\/v2\/pages\/2282\/revisions"}],"predecessor-version":[{"id":24097,"href":"https:\/\/henrykskarzynski.pl\/index.php?rest_route=\/wp\/v2\/pages\/2282\/revisions\/24097"}],"wp:attachment":[{"href":"https:\/\/henrykskarzynski.pl\/index.php?rest_route=%2Fwp%2Fv2%2Fmedia&parent=2282"}],"curies":[{"name":"wp","href":"https:\/\/api.w.org\/{rel}","templated":true}]}}