{"id":22576,"date":"2022-05-12T11:42:49","date_gmt":"2022-05-12T11:42:49","guid":{"rendered":"https:\/\/henrykskarzynski.pl\/?page_id=22576"},"modified":"2022-05-30T07:52:41","modified_gmt":"2022-05-30T07:52:41","slug":"wideo","status":"publish","type":"page","link":"https:\/\/henrykskarzynski.pl\/?page_id=22576&lang=pl","title":{"rendered":"Wideo"},"content":{"rendered":"<h1><strong>Znajd\u0105 tu Pa\u0144stwo niekt\u00f3re nagrania wyk\u0142ad\u00f3w, wyst\u0105pie\u0144, relacji z wa\u017cnych uroczysto\u015bci z udzia\u0142em prof. Henryka Skar\u017cy\u0144skiego. Zapraszamy tak\u017ce do ogl\u0105dania film\u00f3w dokumentalnych oraz reporta\u017cy.<br \/>\n<\/strong><\/h1>\n<p>&nbsp;<\/p>\n<p>Uroczysto\u015b\u0107 nadania tytu\u0142u Doctora Honoris Causa prof. Henrykowi Skar\u017cy\u0144skiemu<\/p>\n<p>Wyk\u0142ad prof. Henryka Skar\u017cy\u0144skiego<\/p>\n<p><iframe loading=\"lazy\"  id=\"_ytid_76277\"  width=\"745\" height=\"419\"  data-origwidth=\"745\" data-origheight=\"419\" src=\"https:\/\/www.youtube.com\/embed\/-m81AU72P5M?enablejsapi=1&#038;autoplay=0&#038;cc_load_policy=0&#038;cc_lang_pref=&#038;iv_load_policy=1&#038;loop=0&#038;rel=1&#038;fs=1&#038;playsinline=0&#038;autohide=2&#038;theme=dark&#038;color=red&#038;controls=1&#038;disablekb=0&#038;\" class=\"__youtube_prefs__  epyt-is-override  no-lazyload\" title=\"YouTube player\"  allow=\"fullscreen; accelerometer; autoplay; clipboard-write; encrypted-media; gyroscope; picture-in-picture; web-share\" referrerpolicy=\"strict-origin-when-cross-origin\" allowfullscreen data-no-lazy=\"1\" data-skipgform_ajax_framebjll=\"\"><\/iframe><\/p>\n<p>Uroczysto\u015bci oficjalne &#8211; czas: od 8:00:00<\/p>\n<p>Wyk\u0142ad Profesora Henryka Skar\u017cy\u0144skiego &#8211; czas od 1:52:00<\/p>\n<p><iframe loading=\"lazy\"  id=\"_ytid_25683\"  width=\"745\" height=\"419\"  data-origwidth=\"745\" data-origheight=\"419\" src=\"https:\/\/www.youtube.com\/embed\/hHhAsr4NHCo?enablejsapi=1&#038;autoplay=0&#038;cc_load_policy=0&#038;cc_lang_pref=&#038;iv_load_policy=1&#038;loop=0&#038;rel=1&#038;fs=1&#038;playsinline=0&#038;autohide=2&#038;theme=dark&#038;color=red&#038;controls=1&#038;disablekb=0&#038;\" class=\"__youtube_prefs__  epyt-is-override  no-lazyload\" title=\"YouTube player\"  allow=\"fullscreen; accelerometer; autoplay; clipboard-write; encrypted-media; gyroscope; picture-in-picture; web-share\" referrerpolicy=\"strict-origin-when-cross-origin\" allowfullscreen data-no-lazy=\"1\" data-skipgform_ajax_framebjll=\"\"><\/iframe><\/p>\n<p>&nbsp;<\/p>\n<p>&nbsp;<\/p>\n<p><iframe loading=\"lazy\"  id=\"_ytid_40274\"  width=\"745\" height=\"419\"  data-origwidth=\"745\" data-origheight=\"419\" src=\"https:\/\/www.youtube.com\/embed\/lGlcXd9HAkc?enablejsapi=1&#038;autoplay=0&#038;cc_load_policy=0&#038;cc_lang_pref=&#038;iv_load_policy=1&#038;loop=0&#038;rel=1&#038;fs=1&#038;playsinline=0&#038;autohide=2&#038;theme=dark&#038;color=red&#038;controls=1&#038;disablekb=0&#038;\" class=\"__youtube_prefs__  epyt-is-override  no-lazyload\" title=\"YouTube player\"  allow=\"fullscreen; accelerometer; autoplay; clipboard-write; encrypted-media; gyroscope; picture-in-picture; web-share\" referrerpolicy=\"strict-origin-when-cross-origin\" allowfullscreen data-no-lazy=\"1\" data-skipgform_ajax_framebjll=\"\"><\/iframe><\/p>\n<p class=\"title style-scope ytd-video-primary-info-renderer\">\u015awiatowa premiera filmu dokumentalnego \u201eMoja Sonata Ksi\u0119\u017cycowa\u201d<\/p>\n<p><iframe loading=\"lazy\"  id=\"_ytid_11945\"  width=\"745\" height=\"419\"  data-origwidth=\"745\" data-origheight=\"419\" src=\"https:\/\/www.youtube.com\/embed\/HQHQH7JSP-I?enablejsapi=1&#038;autoplay=0&#038;cc_load_policy=0&#038;cc_lang_pref=&#038;iv_load_policy=1&#038;loop=0&#038;rel=1&#038;fs=1&#038;playsinline=0&#038;autohide=2&#038;theme=dark&#038;color=red&#038;controls=1&#038;disablekb=0&#038;\" class=\"__youtube_prefs__  epyt-is-override  no-lazyload\" title=\"YouTube player\"  allow=\"fullscreen; accelerometer; autoplay; clipboard-write; encrypted-media; gyroscope; picture-in-picture; web-share\" referrerpolicy=\"strict-origin-when-cross-origin\" allowfullscreen data-no-lazy=\"1\" data-skipgform_ajax_framebjll=\"\"><\/iframe><\/p>\n<p class=\"title style-scope ytd-video-primary-info-renderer\">Wr\u0119czenie nagr\u00f3d &#8222;Perspektywy Medycyny 2021&#8221;<\/p>\n<p><iframe loading=\"lazy\"  id=\"_ytid_90512\"  width=\"745\" height=\"419\"  data-origwidth=\"745\" data-origheight=\"419\" src=\"https:\/\/www.youtube.com\/embed\/Iho1fOMvfmM?enablejsapi=1&#038;autoplay=0&#038;cc_load_policy=0&#038;cc_lang_pref=&#038;iv_load_policy=1&#038;loop=0&#038;rel=1&#038;fs=1&#038;playsinline=0&#038;autohide=2&#038;theme=dark&#038;color=red&#038;controls=1&#038;disablekb=0&#038;\" class=\"__youtube_prefs__  epyt-is-override  no-lazyload\" title=\"YouTube player\"  allow=\"fullscreen; accelerometer; autoplay; clipboard-write; encrypted-media; gyroscope; picture-in-picture; web-share\" referrerpolicy=\"strict-origin-when-cross-origin\" allowfullscreen data-no-lazy=\"1\" data-skipgform_ajax_framebjll=\"\"><\/iframe><\/p>\n<p class=\"title style-scope ytd-video-primary-info-renderer\">Interrupted Silence \/ Przerwana cisza<\/p>\n<p><iframe loading=\"lazy\"  id=\"_ytid_13870\"  width=\"745\" height=\"419\"  data-origwidth=\"745\" data-origheight=\"419\" src=\"https:\/\/www.youtube.com\/embed\/AV9Xn0k3y7U?enablejsapi=1&#038;autoplay=0&#038;cc_load_policy=0&#038;cc_lang_pref=&#038;iv_load_policy=1&#038;loop=0&#038;rel=1&#038;fs=1&#038;playsinline=0&#038;autohide=2&#038;theme=dark&#038;color=red&#038;controls=1&#038;disablekb=0&#038;\" class=\"__youtube_prefs__  epyt-is-override  no-lazyload\" title=\"YouTube player\"  allow=\"fullscreen; accelerometer; autoplay; clipboard-write; encrypted-media; gyroscope; picture-in-picture; web-share\" referrerpolicy=\"strict-origin-when-cross-origin\" allowfullscreen data-no-lazy=\"1\" data-skipgform_ajax_framebjll=\"\"><\/iframe><\/p>\n<p class=\"title style-scope ytd-video-primary-info-renderer\">Niezwyk\u0142y wyst\u0119p laureat\u00f3w \u201e\u015alimakowych Rytm\u00f3w\u201d w Parlamencie Europejskim<\/p>\n<p><iframe loading=\"lazy\"  id=\"_ytid_18590\"  width=\"745\" height=\"419\"  data-origwidth=\"745\" data-origheight=\"419\" src=\"https:\/\/www.youtube.com\/embed\/MheVGSXpSZo?enablejsapi=1&#038;autoplay=0&#038;cc_load_policy=0&#038;cc_lang_pref=&#038;iv_load_policy=1&#038;loop=0&#038;rel=1&#038;fs=1&#038;playsinline=0&#038;autohide=2&#038;theme=dark&#038;color=red&#038;controls=1&#038;disablekb=0&#038;\" class=\"__youtube_prefs__  epyt-is-override  no-lazyload\" title=\"YouTube player\"  allow=\"fullscreen; accelerometer; autoplay; clipboard-write; encrypted-media; gyroscope; picture-in-picture; web-share\" referrerpolicy=\"strict-origin-when-cross-origin\" allowfullscreen data-no-lazy=\"1\" data-skipgform_ajax_framebjll=\"\"><\/iframe><\/p>\n<p class=\"title style-scope ytd-video-primary-info-renderer\">Prof. Henryk Skar\u017cy\u0144ski Honorowym Cz\u0142onkiem Polskiego Towarzystwa Lekarskiego<\/p>\n<p><iframe loading=\"lazy\"  id=\"_ytid_93462\"  width=\"745\" height=\"419\"  data-origwidth=\"745\" data-origheight=\"419\" src=\"https:\/\/www.youtube.com\/embed\/fJav2POBmIc?enablejsapi=1&#038;autoplay=0&#038;cc_load_policy=0&#038;cc_lang_pref=&#038;iv_load_policy=1&#038;loop=0&#038;rel=1&#038;fs=1&#038;playsinline=0&#038;autohide=2&#038;theme=dark&#038;color=red&#038;controls=1&#038;disablekb=0&#038;\" class=\"__youtube_prefs__  epyt-is-override  no-lazyload\" title=\"YouTube player\"  allow=\"fullscreen; accelerometer; autoplay; clipboard-write; encrypted-media; gyroscope; picture-in-picture; web-share\" referrerpolicy=\"strict-origin-when-cross-origin\" allowfullscreen data-no-lazy=\"1\" data-skipgform_ajax_framebjll=\"\"><\/iframe><\/p>\n<p class=\"title style-scope ytd-video-primary-info-renderer\">Wyk\u0142ad prof. Henryka Skar\u017cy\u0144skiego podczas uroczysto\u015bci na Politechnice Warszawskiej 5.12.2016<\/p>\n<p><iframe loading=\"lazy\"  id=\"_ytid_36894\"  width=\"745\" height=\"419\"  data-origwidth=\"745\" data-origheight=\"419\" src=\"https:\/\/www.youtube.com\/embed\/58Ah1DQ7kvc?enablejsapi=1&#038;autoplay=0&#038;cc_load_policy=0&#038;cc_lang_pref=&#038;iv_load_policy=1&#038;loop=0&#038;rel=1&#038;fs=1&#038;playsinline=0&#038;autohide=2&#038;theme=dark&#038;color=red&#038;controls=1&#038;disablekb=0&#038;\" class=\"__youtube_prefs__  epyt-is-override  no-lazyload\" title=\"YouTube player\"  allow=\"fullscreen; accelerometer; autoplay; clipboard-write; encrypted-media; gyroscope; picture-in-picture; web-share\" referrerpolicy=\"strict-origin-when-cross-origin\" allowfullscreen data-no-lazy=\"1\" data-skipgform_ajax_framebjll=\"\"><\/iframe><\/p>\n<p class=\"title style-scope ytd-video-primary-info-renderer\">Profesor Henryk Skar\u017cy\u0144ski wyr\u00f3\u017cniony podczas CI2016 w Toronto<\/p>\n","protected":false},"excerpt":{"rendered":"<p>Znajd\u0105 tu Pa\u0144stwo niekt\u00f3re nagrania wyk\u0142ad\u00f3w, wyst\u0105pie\u0144, relacji z wa\u017cnych uroczysto\u015bci z udzia\u0142em prof. Henryka Skar\u017cy\u0144skiego. Zapraszamy tak\u017ce do ogl\u0105dania film\u00f3w dokumentalnych oraz reporta\u017cy. &nbsp; Uroczysto\u015b\u0107 nadania tytu\u0142u Doctora Honoris Causa prof. Henrykowi Skar\u017cy\u0144skiemu Wyk\u0142ad prof. Henryka Skar\u017cy\u0144skiego Uroczysto\u015bci oficjalne ..<\/p>\n<div class=\"reading\"><a href=\"https:\/\/henrykskarzynski.pl\/?page_id=22576&#038;lang=pl\">&gt;&gt;&gt;<\/a><\/div>\n","protected":false},"author":9,"featured_media":0,"parent":0,"menu_order":0,"comment_status":"closed","ping_status":"closed","template":"","meta":{"footnotes":""},"class_list":["post-22576","page","type-page","status-publish","hentry"],"_links":{"self":[{"href":"https:\/\/henrykskarzynski.pl\/index.php?rest_route=\/wp\/v2\/pages\/22576","targetHints":{"allow":["GET"]}}],"collection":[{"href":"https:\/\/henrykskarzynski.pl\/index.php?rest_route=\/wp\/v2\/pages"}],"about":[{"href":"https:\/\/henrykskarzynski.pl\/index.php?rest_route=\/wp\/v2\/types\/page"}],"author":[{"embeddable":true,"href":"https:\/\/henrykskarzynski.pl\/index.php?rest_route=\/wp\/v2\/users\/9"}],"replies":[{"embeddable":true,"href":"https:\/\/henrykskarzynski.pl\/index.php?rest_route=%2Fwp%2Fv2%2Fcomments&post=22576"}],"version-history":[{"count":12,"href":"https:\/\/henrykskarzynski.pl\/index.php?rest_route=\/wp\/v2\/pages\/22576\/revisions"}],"predecessor-version":[{"id":22650,"href":"https:\/\/henrykskarzynski.pl\/index.php?rest_route=\/wp\/v2\/pages\/22576\/revisions\/22650"}],"wp:attachment":[{"href":"https:\/\/henrykskarzynski.pl\/index.php?rest_route=%2Fwp%2Fv2%2Fmedia&parent=22576"}],"curies":[{"name":"wp","href":"https:\/\/api.w.org\/{rel}","templated":true}]}}