{"id":2222,"date":"2013-11-15T11:09:19","date_gmt":"2013-10-14T15:48:17","guid":{"rendered":"http:\/\/178.216.200.219\/?p=2222"},"modified":"2022-06-08T12:57:52","modified_gmt":"2022-06-08T12:57:52","slug":"titres-scientifiques-honorifiques","status":"publish","type":"page","link":"https:\/\/henrykskarzynski.pl\/?page_id=2222&lang=fr","title":{"rendered":"Titres scientifiques honorifiques"},"content":{"rendered":"<table border=\"0\" width=\"100%\" cellspacing=\"0\" cellpadding=\"0\">\n<tbody>\n<tr>\n<td>1998<\/td>\n<td style=\"text-align: left;\">Professeur \u00e0 titre honorifique de l&#8217;Universit\u00e9 Brigham Young de Provo, UT (USA)<\/td>\n<\/tr>\n<tr>\n<td>2011<\/td>\n<td style=\"text-align: left;\"><a href=\"\/fr\/aktualnosci-fr\/le-professeur-henryk-skarzynski-docteur-honoris-causa.html\">Docteur honoris causa de l&#8217;Acad\u00e9mie de P\u00e9dagogie Sp\u00e9ciale Maria Grzegorzewska<\/a> de Varsovie<\/td>\n<\/tr>\n<tr>\n<td>2012<\/td>\n<td style=\"text-align: left;\">Professeur extraordinaire de L\u2019Universit\u00e9 Nationale de M\u00e9decine et de Pharmacie Nicolae Testemitanu, Chisinau, Moldavie<\/td>\n<\/tr>\n<tr>\n<td>2012<\/td>\n<td style=\"text-align: left;\">Docteur honoris causa de l&#8217;universit\u00e9 de Varsovie, d\u00e9cern\u00e9 \u00e0 la demande des facult\u00e9s de biologie et de gestion<\/td>\n<\/tr>\n<tr>\n<td>2014<\/td>\n<td style=\"text-align: left;\">Docteur honoris causa de l&#8217;Universit\u00e9 de Maria Sklodowska-Curie \u00e0 Lublin<\/td>\n<\/tr>\n<tr>\n<td>2016<\/td>\n<td style=\"text-align: left;\"><a href=\"https:\/\/henrykskarzynski.pl\/fr\/aktualnosci_fr\/viie-congres-des-pediatres-de-pays-de-la-communaute-detats-independants-et-dautres-pays-du-monde-avec-la-participation-des-representants-de-lifps.html\">Le titre de Professeur Honoraire du Centre National de la M\u00e8re et de l\u2019Enfant \u00e0 Bichkek<\/a><\/td>\n<\/tr>\n<tr>\n<td>2022<\/td>\n<td style=\"text-align: left;\"><a href=\"https:\/\/henrykskarzynski.pl\/fr\/aktualnosci_fr\/22680.html\">Docteur honoris causa de l\u2019Universit\u00e9 Cardinal Stefan Wyszy\u0144ski de Varsovie<\/a><\/td>\n<\/tr>\n<\/tbody>\n<\/table>\n","protected":false},"excerpt":{"rendered":"<p>1998 Professeur \u00e0 titre honorifique de l&#8217;Universit\u00e9 Brigham Young de Provo, UT (USA) 2011 Docteur honoris causa de l&#8217;Acad\u00e9mie de P\u00e9dagogie Sp\u00e9ciale Maria Grzegorzewska de Varsovie 2012 Professeur extraordinaire de L\u2019Universit\u00e9 Nationale de M\u00e9decine et de Pharmacie Nicolae Testemitanu, Chisinau, ..<\/p>\n<div class=\"reading\"><a href=\"https:\/\/henrykskarzynski.pl\/?page_id=2222&#038;lang=fr\">&gt;&gt;&gt;<\/a><\/div>\n","protected":false},"author":3,"featured_media":0,"parent":0,"menu_order":14,"comment_status":"closed","ping_status":"closed","template":"","meta":{"footnotes":""},"class_list":["post-2222","page","type-page","status-publish","hentry"],"_links":{"self":[{"href":"https:\/\/henrykskarzynski.pl\/index.php?rest_route=\/wp\/v2\/pages\/2222","targetHints":{"allow":["GET"]}}],"collection":[{"href":"https:\/\/henrykskarzynski.pl\/index.php?rest_route=\/wp\/v2\/pages"}],"about":[{"href":"https:\/\/henrykskarzynski.pl\/index.php?rest_route=\/wp\/v2\/types\/page"}],"author":[{"embeddable":true,"href":"https:\/\/henrykskarzynski.pl\/index.php?rest_route=\/wp\/v2\/users\/3"}],"replies":[{"embeddable":true,"href":"https:\/\/henrykskarzynski.pl\/index.php?rest_route=%2Fwp%2Fv2%2Fcomments&post=2222"}],"version-history":[{"count":10,"href":"https:\/\/henrykskarzynski.pl\/index.php?rest_route=\/wp\/v2\/pages\/2222\/revisions"}],"predecessor-version":[{"id":22710,"href":"https:\/\/henrykskarzynski.pl\/index.php?rest_route=\/wp\/v2\/pages\/2222\/revisions\/22710"}],"wp:attachment":[{"href":"https:\/\/henrykskarzynski.pl\/index.php?rest_route=%2Fwp%2Fv2%2Fmedia&parent=2222"}],"curies":[{"name":"wp","href":"https:\/\/api.w.org\/{rel}","templated":true}]}}