{"id":2217,"date":"2015-08-25T13:23:35","date_gmt":"2013-11-29T14:34:11","guid":{"rendered":"http:\/\/178.216.200.219\/?p=2217"},"modified":"2018-07-19T11:17:07","modified_gmt":"2018-07-19T11:17:07","slug":"de-ekspert","status":"publish","type":"page","link":"https:\/\/henrykskarzynski.pl\/?page_id=2217&lang=de","title":{"rendered":"T\u00e4tigkeit als Experte"},"content":{"rendered":"<table border=\"0\" width=\"988\" cellspacing=\"1\" cellpadding=\"1\">\n<tbody>\n<tr>\n<td>seit 2017<\/td>\n<td>Mitglied der Gesellschaft der Polnischen HNO-Fach\u00e4rzte, Phoniater und Audiologen<\/td>\n<\/tr>\n<tr>\n<td>seit 2017<\/td>\n<td>Pr\u00e4sident der Polnischen Gesellschaft der HNO-Kinder\u00e4rzte<\/td>\n<\/tr>\n<tr>\n<td>seit 2016<\/td>\n<td>Stellvertretender Pr\u00e4sident des Hauptrates der Forschungsinstitute<\/td>\n<\/tr>\n<tr>\n<td>seit 2016<\/td>\n<td>Mitglied des Ehrenrates der Stiftung JESTEM OPTYMIST\u0104 [dt. ICH BIN OPTIMIST]<\/td>\n<\/tr>\n<tr>\n<td>seit 2016<\/td>\n<td>Mitglied des Rates f\u00fcr Seniorenpolitik, der durch das Ministerium f\u00fcr Familie, Arbeit und Sozialpolitik ins Leben gerufen wurde<\/td>\n<\/tr>\n<tr>\n<td>seit 2016<\/td>\n<td>Mitglied des Wissenschaftlichen Rates der \u00c4rztlichen Stanis\u0142aw-Konopko-Hauptbibliothek<\/td>\n<\/tr>\n<tr>\n<td>seit 2016<\/td>\n<td>Mitglied der International Society for Telemedicine and eHealth<\/td>\n<\/tr>\n<tr>\n<td>seit 2015<\/td>\n<td>Mitglied der American Neurotology Society (ANS)<\/td>\n<\/tr>\n<tr>\n<td>seit 2014<\/td>\n<td>Vorsitzender des Ausschusses zur Vorbereitung des Programms der HNO-Facharztweiterbildung<\/td>\n<\/tr>\n<tr>\n<td>seit 2011<\/td>\n<td>Landesberater f\u00fcr HNO-Heilkunde<\/td>\n<\/tr>\n<tr>\n<td>seit 2010<\/td>\n<td>Vorsitzender des Ausschusses f\u00fcr die Vorbereitung eines Facharztweiterbildungsprogramms im Bereich der Neurologop\u00e4die<\/td>\n<\/tr>\n<tr>\n<td>seit 2010<\/td>\n<td>Vorsitzender des Ausschusses f\u00fcr die Vorbereitung eines Facharztweiterbildungsprogramms im Bereich der Surdologop\u00e4die<\/td>\n<\/tr>\n<tr>\n<td>2008-2011<\/td>\n<td>Landesberater f\u00fcr Audiologie und Phoniatrie<\/td>\n<\/tr>\n<tr>\n<td>2001-2008<\/td>\n<td>Mitglied der Sachverst\u00e4ndigengruppe am Gesundheitsminister f\u00fcr die Akkreditierung von Einrichtungen, die sich um die F\u00fchrung der Facharztweiterbildung im Bereich der Audiologie und Phoniatrie bewerben<\/td>\n<\/tr>\n<tr>\n<td>2002-2008<\/td>\n<td>Woiwodschaftsberater f\u00fcr Audiologie und Phoniatrie<\/td>\n<\/tr>\n<tr>\n<td>seit 2002<\/td>\n<td>Mitglied des Programmrates der Polnischen Gesellschaft der H\u00f6rger\u00e4tespezialisten<\/td>\n<\/tr>\n<tr>\n<td>seit 2000<\/td>\n<td>Mitglied des Ausschusses f\u00fcr die Vorbereitung eines Facharztweiterbildungsprogramms im Bereich der Hals-Nasen-Ohren-Heilkunde<\/td>\n<\/tr>\n<tr>\n<td>1998-2001<\/td>\n<td>Landesberater f\u00fcr Audiologie und Phoniatrie<\/td>\n<\/tr>\n<tr>\n<td>1994-1998<\/td>\n<td>Landespezialist f\u00fcr Audiologie<\/td>\n<\/tr>\n<tr>\n<td>seit 1994<\/td>\n<td>wissenschaftlicher Berater der Stiftung f\u00fcr Kinder mit H\u00f6rsch\u00e4den F.A.N.D.A in Buenos Aires, Argentinien<\/td>\n<\/tr>\n<tr>\n<td>1993-2004<\/td>\n<td>Gutachter von 112 Forschungsprogrammen des Polnischen Staatskomitees f\u00fcr wissenschaftliche Forschung [poln. Abk. KBN] und des Ministers f\u00fcr Wissenschaft sowie von vielen anderen Studien f\u00fcr das Gesundheitsministerium, den Staatlichen Fonds f\u00fcr Rehabilitation Behinderter [poln. Abk. PFRON] , den KBN , die Sozialversicherungsanstalt, das Au\u00dfenministerium<\/td>\n<\/tr>\n<\/tbody>\n<\/table>\n<p>&nbsp;<\/p>\n","protected":false},"excerpt":{"rendered":"<p>seit 2017 Mitglied der Gesellschaft der Polnischen HNO-Fach\u00e4rzte, Phoniater und Audiologen seit 2017 Pr\u00e4sident der Polnischen Gesellschaft der HNO-Kinder\u00e4rzte seit 2016 Stellvertretender Pr\u00e4sident des Hauptrates der Forschungsinstitute seit 2016 Mitglied des Ehrenrates der Stiftung JESTEM OPTYMIST\u0104 [dt. ICH BIN OPTIMIST] ..<\/p>\n<div class=\"reading\"><a href=\"https:\/\/henrykskarzynski.pl\/?page_id=2217&#038;lang=de\">&gt;&gt;&gt;<\/a><\/div>\n","protected":false},"author":3,"featured_media":0,"parent":15359,"menu_order":1,"comment_status":"closed","ping_status":"closed","template":"","meta":{"footnotes":""},"class_list":["post-2217","page","type-page","status-publish","hentry"],"_links":{"self":[{"href":"https:\/\/henrykskarzynski.pl\/index.php?rest_route=\/wp\/v2\/pages\/2217","targetHints":{"allow":["GET"]}}],"collection":[{"href":"https:\/\/henrykskarzynski.pl\/index.php?rest_route=\/wp\/v2\/pages"}],"about":[{"href":"https:\/\/henrykskarzynski.pl\/index.php?rest_route=\/wp\/v2\/types\/page"}],"author":[{"embeddable":true,"href":"https:\/\/henrykskarzynski.pl\/index.php?rest_route=\/wp\/v2\/users\/3"}],"replies":[{"embeddable":true,"href":"https:\/\/henrykskarzynski.pl\/index.php?rest_route=%2Fwp%2Fv2%2Fcomments&post=2217"}],"version-history":[{"count":0,"href":"https:\/\/henrykskarzynski.pl\/index.php?rest_route=\/wp\/v2\/pages\/2217\/revisions"}],"up":[{"embeddable":true,"href":"https:\/\/henrykskarzynski.pl\/index.php?rest_route=\/wp\/v2\/pages\/15359"}],"wp:attachment":[{"href":"https:\/\/henrykskarzynski.pl\/index.php?rest_route=%2Fwp%2Fv2%2Fmedia&parent=2217"}],"curies":[{"name":"wp","href":"https:\/\/api.w.org\/{rel}","templated":true}]}}