{"id":2215,"date":"2013-04-30T12:37:31","date_gmt":"2013-12-09T14:01:02","guid":{"rendered":"http:\/\/178.216.200.219\/?p=2215"},"modified":"2019-03-15T13:24:42","modified_gmt":"2019-03-15T13:24:42","slug":"brevetti","status":"publish","type":"page","link":"https:\/\/henrykskarzynski.pl\/?page_id=2215&lang=it","title":{"rendered":"Brevetti nazionali ed internazionali"},"content":{"rendered":"<ul>\n<li>Skar\u017cy\u0144ski H., Czy\u017cewski A, Nuovo metodo della terapia psico-audio-linguistica (Metodo SPS \u2013 Metodo della Stimolazione della Percezione Sensoriale di Skar\u017cy\u0144ski) (2010)<\/li>\n<li>Skar\u017cy\u0144ski H., Czy\u017cewski A.: A portable audio device, a system and a way of exercising aural acuity, PCT application No. P 387631 (2009)<\/li>\n<li>Czy\u017cewski A., Skar\u017cy\u0144ski H., Kostek B. : Apparecchio auditivo senza contatto. Deposito del brevetto N\u00b0 P 381794 (2007)<\/li>\n<li>Kochanek K., Skar\u017cy\u0144ski H., Pietraszek S., \u017bebro M., Smurzy\u0144ski J., Mazur J. : Dispositivo per lo screening dell\u2019udito. No. di deposito all\u2019Ufficio dei Brevetti Polacchi: P 356 571 (2005)<\/li>\n<li>Czy\u017cewski A., Skar\u017cy\u0144ski H., Kostek B., Mazur J.: Method of testing hearing by means of personal computers. International Application Published Under the Patent Cooperation Treaty, No WO 00\/64350 (2002)<\/li>\n<li>Czy\u017cewski A., Skar\u017cy\u0144ski H., Kostek B.\u00a0: Method and system for the diagnostics and rehabilitation of Tinnitus patients. International Application Published Under the Patent Cooperation Treaty, No WO 02\/42986 A1 (2002)<\/li>\n<li>Czy\u017cewski A., Skar\u017cy\u0144ski H., Kostek B.: Therapy system and device for speech articulation. International Application Published Under the Patent Cooperation Treaty, No WO 02\/39423 A1 (2002)<\/li>\n<li>Czy\u017cewski A., Skar\u017cy\u0144ski H., Kostek B., Szaflik J\u00a0: Visual screening tests by means of computers. International Application Published Under the Patent Cooperation Treaty, No WO 02\/39754 A1 (2002)<\/li>\n<li>Skar\u017cy\u0144ski H. : Sonda per il trattamento dei seni nasali. N \u00b0 W &#8211; 96421. Brevetto nazionale (2001)<\/li>\n<li>Skar\u017cy\u0144ski H., Czy\u017cewski A.: Metodo di realizzazione delle misure audiometriche per computer e periferiche dedicate. Brevetto nazionale (2001)<\/li>\n<li>Skar\u017cy\u0144ski H. : Tubo in materia plastica per la tracheotomia. N\u00b0 W \u2013 96424. Brevetto nazionale (2000)<\/li>\n<li>Skar\u017cy\u0144ski H. : protesi per la ricostruzione del circuito di trasmissione nell\u2019 orecchio medio. N\u00b0 W \u2013 96425. Brevetto nazionale (2000)<\/li>\n<li>Skar\u017cy\u0144ski H. : Protesi uditive in ceramica. Brevetto nazionale (2000)<\/li>\n<li>Dispositivo per arrestare le emorragie delle fosse nasali. . N\u00b0 W \u2013 92162. Brevetto nazionale (1999)<\/li>\n<\/ul>\n<p>&nbsp;<\/p>\n<p>&nbsp;<\/p>\n","protected":false},"excerpt":{"rendered":"<p>Skar\u017cy\u0144ski H., Czy\u017cewski A, Nuovo metodo della terapia psico-audio-linguistica (Metodo SPS \u2013 Metodo della Stimolazione della Percezione Sensoriale di Skar\u017cy\u0144ski) (2010) Skar\u017cy\u0144ski H., Czy\u017cewski A.: A portable audio device, a system and a way of exercising aural acuity, PCT application ..<\/p>\n<div class=\"reading\"><a href=\"https:\/\/henrykskarzynski.pl\/?page_id=2215&#038;lang=it\">&gt;&gt;&gt;<\/a><\/div>\n","protected":false},"author":3,"featured_media":0,"parent":0,"menu_order":25,"comment_status":"closed","ping_status":"closed","template":"","meta":{"footnotes":""},"class_list":["post-2215","page","type-page","status-publish","hentry"],"_links":{"self":[{"href":"https:\/\/henrykskarzynski.pl\/index.php?rest_route=\/wp\/v2\/pages\/2215","targetHints":{"allow":["GET"]}}],"collection":[{"href":"https:\/\/henrykskarzynski.pl\/index.php?rest_route=\/wp\/v2\/pages"}],"about":[{"href":"https:\/\/henrykskarzynski.pl\/index.php?rest_route=\/wp\/v2\/types\/page"}],"author":[{"embeddable":true,"href":"https:\/\/henrykskarzynski.pl\/index.php?rest_route=\/wp\/v2\/users\/3"}],"replies":[{"embeddable":true,"href":"https:\/\/henrykskarzynski.pl\/index.php?rest_route=%2Fwp%2Fv2%2Fcomments&post=2215"}],"version-history":[{"count":0,"href":"https:\/\/henrykskarzynski.pl\/index.php?rest_route=\/wp\/v2\/pages\/2215\/revisions"}],"wp:attachment":[{"href":"https:\/\/henrykskarzynski.pl\/index.php?rest_route=%2Fwp%2Fv2%2Fmedia&parent=2215"}],"curies":[{"name":"wp","href":"https:\/\/api.w.org\/{rel}","templated":true}]}}