{"id":2214,"date":"2013-04-30T12:35:56","date_gmt":"2013-11-15T11:32:12","guid":{"rendered":"http:\/\/178.216.200.219\/?p=2214"},"modified":"2022-08-05T07:53:30","modified_gmt":"2022-08-05T07:53:30","slug":"progetti-di-ricerca","status":"publish","type":"page","link":"https:\/\/henrykskarzynski.pl\/?page_id=2214&lang=it","title":{"rendered":"Progetti di ricerca"},"content":{"rendered":"<p>Capo e partecipante a progetti di ricerca (borse di ricerca), i progetti speciali, nazionali\u00a0 internazionali<\/p>\n<ol>\n<li>Il promotore della sovvenzione Preludium: &#8222;La plasticit\u00e0 della corteccia uditiva primaria, secondaria e associativa nelle persone con la sordit\u00e0 parziale che utilizzano il sistema di stimolazione elettro acustica&#8221; (direttore: K. Cie\u015bla; 2012-2016)<\/li>\n<li>Il progetto nel quadro del Programma STRATEGMED intitolato &#8222;Il sistema integrato di strumenti per la diagnosi e la tele-riabilitazione dei disturbi degli organi di senso (udito, visione, parola, equilibrio, gusto, olfatto),&#8221; INNOSENSESTRATEGMED1\/248664\/7\/NCBR\/2014<\/li>\n<li>Progetto nazionale di ricerca e sviluppo : elaborazione di nuove tecnologie di dispositivi impiantabili di aiuto all\u2019udito, Programme InnoTech, INNOTECH-k1\/IN1\/31\/158446\/NCBR\/12 (2012-2014)<\/li>\n<li>Progetto internazionale di ricerca : C-DACS ID per i casi di perdita significativa o profonda dell\u2019udito di tipo misto CEL5318 (2012-2014)<\/li>\n<li>Progetto internazionale di ricerca: Clinical assessment of Scalability Platform in cochlear implant system fitting (2012-2014)<\/li>\n<li>Designer e realizzatore del progetto : \u00ab Centro mondiale di ricerca e trattamento della sordit\u00e0 parziale \u00bb (nome attuale : Centro Mondiale dell\u2019Udito) n\u00b0 POIG 02.01.00-14-049\/09 nel contesto di un Programma Operazionale Economia dell\u2019Innovazione, Azione 2.1 \u00ab Sviluppo dei centri ad alto potenziale di ricerca \u00bb (2008-2012)<\/li>\n<li>Presidente del gruppo di lavoro EFAS Gruppo di lavoro sul SHS (Screening dell\u2019udito ai bambini di et\u00e0 scolare e prescolare) (2012)<\/li>\n<li>Creatore e realizzatore del progetto : \u00ab Creazione di un piattaforma scientifica informatizzata del trattamento dei risultati di problemi sensoriali basati su uno standard aperto di scambio di dati numerici \u00bb. N\u00b0 POIG. 02.03.00-00-009\/09 nel contesto del programma operativo Economia dell\u2019Innovazione, Azione 2.3 \u2013 Investimenti associati alla creazione di una infrastruttura informatica della scienza (2009-2011)<\/li>\n<li>Creatore e realizzatore del progetto : \u00ab Programma di sviluppo della rete nazionale polacca dei centri di telerieducazione dell\u2019udito \u00bb, n\u00b0 PL0384 nel contesto del Meccanismo Norvegese di Finanziamento, Priorit\u00e0 5 \u2013 Cura della Salute e Cura dei Bambini (2009-2011)<\/li>\n<li>Iniziatore e coorditatore delle attivit\u00e0 nel campo della \u00ab uguaglianza delle chances nei bambini che presentano problemi di comunicazione nei paesi europei \u00bb\u00a0 &#8211; questioni incluse nelle priorit\u00e0 della presidenza nel settore della sanit\u00e0 pubblica (2011)<\/li>\n<li>Iniziatore e coordinatore del \u00ab Consiglio Scientifico Europeo sui problemi all\u2019udito nei bambini di et\u00e0 prescolare e scolare \u00bb &#8211; firmato dai rappresentanti dei 27 paesi associati nella federazione Europea delle Societ\u00e0 di Audiologia (2011<\/li>\n<li>Iniziatore e coordinatore del \u00ab Consiglio Scientifico Europeo suli problemi all\u2019udito, della vista della parola nei bambini di et\u00e0 prescolare e scolare \u00bb &#8211; firmata dai leaders degli ambienti europei di audiologia, foniatria, ortofonia e oftalmologia (2011)<\/li>\n<li>Creatore e realizzatore del progetto \u00ab Sistema Informatico Integrato d\u2019Aiuto alla Ricerca in Fisiologia e Patologia dell\u2019Udito \u00bb, n\u00b0 POIG.02.03.00-00-006\/08 nel contesto di u n Programma Operazionale Economia dell\u2019Innovazione, Azione 2.3 \u2013 Investimenti legati alla creazione di una infrastruttura informatica della scienza (2008-2010)<\/li>\n<li>Progetto internazionale di ricerca: Multi-Center, Retrospective Review of Hearing Preservation with a Deeply Inserted 31 mm Electrode Array (2010)<\/li>\n<li>Progetto internazionale di ricerca: Evaluation of safety and surgical experience of cochlear implantation in adults and children implanted with the concerto and concerto pin cochlear implant (2010)<\/li>\n<li>Progetto internazionale di ricerca: Research into BAHA applications for children of school age with single sided sensorineural hearing loss (SSD), both applied and congenital, as compared to CROSS hearing aids (2006\u20132009)<\/li>\n<li>Progetto internazionale di ricerca: Remote fitting of Nucleus Cochlear Implant System (2006\u20132011)<\/li>\n<li>Progetto internazionale di ricerca: Research and development of custom-made electrodes for patients with functioning residual hearing (2006\u20132008)<\/li>\n<li>Progetto internazionale di ricerca: Investigation of the preservation of residual hearing using contour nucleus electrode (2006\u20132008)<\/li>\n<li>Progetto internazionale di ricerca: Clinical evaluation of the Nucleus Straight Research Array (SRA) cochlear implant \u2013 adults (2009\u20132011)<\/li>\n<li>Progetto internazionale di ricerca: Clinical evaluation of the Nucleus Straight Research Array (SRA) cochlear implant \u2013 children (2011)<\/li>\n<li>Progetto internazionale di ricerca: Remediation of Hearing Loss nel contesto\u00a0 del 6\u00e8me Programma dell\u2019UE (2007-2010)<\/li>\n<li>Nuovi metodi di analisi delle emissioni oto-acustiche e dei potenziali evocati uditivi (2008, 2009, 2010)<\/li>\n<li>Nuovi metodi di analisi delle emissioni oto-acustiche e dei potenziali evocati uditivi (2007)<\/li>\n<li>Dipendenza entro i metodi oggettivi e soggettivi di valutazione del trattamento uditivo (2009)<\/li>\n<li>Telemetria della Risposta Neurale (Auditory Nerve Response Telemetry \u2013 ART) (2010)<\/li>\n<li>Progetto nazionale di ricerca: dipendenza nei metodi oggettivi e soggettivi di valutazione del trattamento uditivo, partecipante al progetto<\/li>\n<li>Progetto nazionale di ricerca: nuovi metodi di analisi delle oto-emissioni acustiche e dei potenziali uditivi, partecipante al progetto (2008, 2009, 2010)<\/li>\n<li>Progetto internazionale di ricerca: AHEAD III &#8211; Assesment of hearing in the elderly : Aging and degeneration &#8211; Integration through immediate intervention, partecipante al progetto (2007, 2008, 2009, 2010)<\/li>\n<li>Progetto di direzione dottorale 2 2 P05E 109 28: i problemi di formazione dell\u2019identit\u00e0 materna nelle madri dei giovani sordi e la loro importanza per lo sviluppo dell\u2019identit\u00e0 di questi adolescenti (2005-2007)<\/li>\n<li>Progetto di direzione dottorale 3 T11E 036 28: valutazione dell\u2019utilit\u00e0 clinica di un equalizzatore numerico della parola nei pazienti balbuzienti<\/li>\n<li>Progetto di ricerca KBN N\u00b0 7 T11E 051 20 : nuovi metodi di diagnostica degli obiettivi del sistema uditivo con l\u2019utilizzazione della telemetria della risposta neurale (NRT) e delle misure del riflesso indotto elettricamente della staffa (2001-2002)<\/li>\n<li>Progetto di ricerca KBN N\u00b06PO5C 050 21 : studi elettrofisiologici dell\u2019adozione uditiva con l\u2019utilizzazione della tecnica di stimolazione molto rapida (2001)<\/li>\n<li>Progetto di ricerca KBN N\u00b04PO5C 05512 : valutazione della possibilit\u00e0 di una via auditiva elettrica con l\u2019utilizzazione di un test di elettrostimolazione (1997)<\/li>\n<li>Progetto di ricerca KBN N\u00b0 1342\/T11\/98\/15 : nuovi algoritmi per le protesi auditive numeriche e i metodi di aggiustamento degli apparecchi uditivi (1998-2000)<\/li>\n<li>Progetto di ricerca KBN Nr 5POE 142 18 : programma di screening dell\u2019udito nei bambini affetti da infezioni congenite del gruppo TORCH anche acquisite nel corso del periodo neonatale e infantile (1999-2001)<\/li>\n<li>Progetto di ricerca KBN N\u00b0 8 T11E 03310: nuovi metodi di diagnostica e di trattamento della perdita uditiva con l\u2019utilizzazione della tecnologia numerica del trattamento del segnale fonico (1996)<\/li>\n<li>Progetto di ricerca KBN n\u00b0 PBZ 28\/03: assegnato dal Ministero della Salute e dell\u2019Assistenza Sociale: Elaborazione di un programma unificato di screening nei neonati sotto la prospettiva dei deficit dell\u2019udito nei neonati<\/li>\n<li>Progetto speciale KBN N\u00b0PO5C 009 96C\/3129: creazione del Centro degli Acufeni, dove sono effettuati dei lavori di ricerca e sviluppo intitolati \u00abElaborazione di un programma di trattamento dei pazienti che soffrono di acufeni e di iperacusia \u00bb (1997-2000)<\/li>\n<li>Progetto speciale KBN N\u00b088651 95C\/2307: il sistema di registrazione dei potenziali evocati uditivi (1996)<\/li>\n<li>Progetto internazionale di ricerca\u00a0 n\u00b0 ERBCIPDCT 930148: Concerted Action on Otoemissions (1996)<\/li>\n<\/ol>\n","protected":false},"excerpt":{"rendered":"<p>Capo e partecipante a progetti di ricerca (borse di ricerca), i progetti speciali, nazionali\u00a0 internazionali Il promotore della sovvenzione Preludium: &#8222;La plasticit\u00e0 della corteccia uditiva primaria, secondaria e associativa nelle persone con la sordit\u00e0 parziale che utilizzano il sistema di ..<\/p>\n<div class=\"reading\"><a href=\"https:\/\/henrykskarzynski.pl\/?page_id=2214&#038;lang=it\">&gt;&gt;&gt;<\/a><\/div>\n","protected":false},"author":3,"featured_media":0,"parent":0,"menu_order":29,"comment_status":"closed","ping_status":"closed","template":"","meta":{"footnotes":""},"class_list":["post-2214","page","type-page","status-publish","hentry"],"_links":{"self":[{"href":"https:\/\/henrykskarzynski.pl\/index.php?rest_route=\/wp\/v2\/pages\/2214","targetHints":{"allow":["GET"]}}],"collection":[{"href":"https:\/\/henrykskarzynski.pl\/index.php?rest_route=\/wp\/v2\/pages"}],"about":[{"href":"https:\/\/henrykskarzynski.pl\/index.php?rest_route=\/wp\/v2\/types\/page"}],"author":[{"embeddable":true,"href":"https:\/\/henrykskarzynski.pl\/index.php?rest_route=\/wp\/v2\/users\/3"}],"replies":[{"embeddable":true,"href":"https:\/\/henrykskarzynski.pl\/index.php?rest_route=%2Fwp%2Fv2%2Fcomments&post=2214"}],"version-history":[{"count":1,"href":"https:\/\/henrykskarzynski.pl\/index.php?rest_route=\/wp\/v2\/pages\/2214\/revisions"}],"predecessor-version":[{"id":22942,"href":"https:\/\/henrykskarzynski.pl\/index.php?rest_route=\/wp\/v2\/pages\/2214\/revisions\/22942"}],"wp:attachment":[{"href":"https:\/\/henrykskarzynski.pl\/index.php?rest_route=%2Fwp%2Fv2%2Fmedia&parent=2214"}],"curies":[{"name":"wp","href":"https:\/\/api.w.org\/{rel}","templated":true}]}}