{"id":2201,"date":"2013-04-30T13:46:13","date_gmt":"2013-10-14T14:40:31","guid":{"rendered":"http:\/\/178.216.200.219\/?p=2201"},"modified":"2023-03-27T08:31:44","modified_gmt":"2023-03-27T08:31:44","slug":"ru-warsztaty-wyklady","status":"publish","type":"page","link":"https:\/\/henrykskarzynski.pl\/?page_id=2201&lang=ru","title":{"rendered":"\u041c\u0430\u0441\u0442\u0435\u0440-\u043a\u043b\u0430\u0441\u0441\u044b, \u043b\u0435\u043a\u0446\u0438\u0438, \u0434\u0435\u043c\u043e\u043d\u0441\u0442\u0440\u0430\u0446\u0438\u043e\u043d\u043d\u044b\u0435 \u043e\u043f\u0435\u0440\u0430\u0446\u0438\u0438"},"content":{"rendered":"<h5>\u041c\u0435\u0436\u0434\u0443\u043d\u0430\u0440\u043e\u0434\u043d\u044b\u0435 \u0441\u0435\u043c\u0438\u043d\u0430\u0440\u044b<\/h5>\n<p><span id=\"result_box\" lang=\"ru\"><span class=\"hps\">\u0410\u043d\u0442\u0432\u0435\u0440\u043f\u0435\u043d,<\/span> <span class=\"hps\">\u0411\u0430\u043a\u0443,<\/span> <span class=\"hps\">\u0411\u043e\u0433\u043e\u0442\u0430,<\/span> <span class=\"hps\">\u0411\u0440\u0430\u0442\u0438\u0441\u043b\u0430\u0432\u0430,<\/span> <span class=\"hps\">\u0414\u0443\u0448\u0430\u043d\u0431\u0435,<\/span> <span class=\"hps\">\u0413\u0440\u043e\u0434\u043d\u043e<\/span>, \u0413\u0430\u043d\u043d\u043e\u0432\u0435\u0440, <span class=\"hps\">\u0413\u0430\u0432\u0430\u043d\u0430,<\/span> <span class=\"hps\">\u0418\u043d\u0441\u0431\u0440\u0443\u043a<\/span>, \u041a\u0438\u0435\u0432, <span class=\"hps\">\u041b\u044c\u0432\u043e\u0432,<\/span> <span class=\"hps\">\u041c\u0430\u043d\u0438\u043b\u0430,<\/span> <span class=\"hps\">\u041c\u0435\u0445\u0435\u043b\u0435\u043d<\/span>, \u041c\u0435\u043b\u044c\u0431\u0443\u0440\u043d, \u041c\u0438\u043d\u0441\u043a, \u041c\u043e\u0441\u043a\u0432\u0430, \u041d\u0435\u0430\u043f\u043e\u043b\u044c, \u041d\u0438\u0446\u0446\u0430, <span class=\"hps\">\u041e\u0434\u0435\u0441\u0441\u0430,<\/span> <span class=\"hps\">\u041f\u0430\u043c\u043f\u043b\u043e\u043d\u0430<\/span>, <span class=\"hps\">\u041f\u0430\u0440\u043c\u0430<\/span>, \u0421\u0430\u043d-\u041f\u0430\u0443\u043b\u0443, \u0421\u0438\u0435\u043d\u0430, <span class=\"hps\">\u0421\u0438\u043d\u0433\u0430\u043f\u0443\u0440,<\/span> <span class=\"hps atn\">\u0421\u0430\u043d\u043a\u0442-<\/span><span class=\"hps\">,<\/span> <span class=\"hps atn\">\u0421\u0430\u043d\u043a\u0442-<\/span>\u041f\u0435\u0442\u0435\u0440\u0431\u0443\u0440\u0433, \u0421\u0438\u0434\u043d\u0435\u0439, <span class=\"hps\">\u0421\u0442\u043e\u043a\u0433\u043e\u043b\u044c\u043c,<\/span> <span class=\"hps\">\u0422\u0430\u0448\u043a\u0435\u043d\u0442,<\/span> <span class=\"hps\">\u0412\u0430\u0440\u0448\u0430\u0432\u0430,<\/span> <span class=\"hps\">\u0412\u0435\u043d\u0430.<\/span><\/span><\/p>\n<h5>\u0414\u043e\u043a\u043b\u0430\u0434\u044b \u043f\u043e \u043f\u0440\u0438\u0433\u043b\u0430\u0448\u0435\u043d\u0438\u044e \u043d\u0430 \u043a\u043e\u043d\u0433\u0440\u0435\u0441\u0441\u0430\u0445, \u043a\u043e\u043d\u0444\u0435\u0440\u0435\u043d\u0446\u0438\u044f\u0445 \u0438 \u0441\u0438\u043c\u043f\u043e\u0437\u0438\u0443\u043c\u0430\u0445<\/h5>\n<div id=\"gt-res-content\" class=\"almost_half_cell\">\n<div dir=\"ltr\" style=\"text-align: justify;\"><span id=\"result_box\" lang=\"ru\"><span id=\"result_box\" lang=\"ru\"><span title=\"Antwerpia (2000), Berlin (2000), Miami (2000), Kopenhaga (2000), Liptovski Jan (2001), Las Palmas (2002), Bratys\u0142awa (2003), Frankfurt (2003), Heraklion (2003), Genewa (2004\">\u0410\u043d\u0442\u0432\u0435\u0440\u043f\u0435\u043d (2000), \u0411\u0435\u0440\u043b\u0438\u043d\u0435 (2000), \u041c\u0430\u0439\u0430\u043c\u0438 (2000), \u041a\u043e\u043f\u0435\u043d\u0433\u0430\u0433\u0435\u043d (2000), Liptovski \u0414\u0436\u043e\u043d (2001), \u041b\u0430\u0441-\u041f\u0430\u043b\u044c\u043c\u0430\u0441 (2002), \u0411\u0440\u0430\u0442\u0438\u0441\u043b\u0430\u0432\u0430 (2003), \u0424\u0440\u0430\u043d\u043a\u0444\u0443\u0440\u0442-\u043d\u0430-(2003), \u0418\u0440\u0430\u043a\u043b\u0438\u043e\u043d (2003), \u0416\u0435\u043d\u0435\u0432\u0430 (2004 <\/span><span title=\"), St.\">), \u0421\u0430\u043d\u043a\u0442- <\/span><span title=\"Petersburgu (2004), Dallas (2005), Moskwa (2005), Wenecja (2006), Heidelberg (2006), Kij\u00f3w (2006), Moskwa (2006), Pary\u017c (2006), Wiede\u0144 (2006), Hanower (2007),\">\u0421\u0430\u043d\u043a\u0442-\u041f\u0435\u0442\u0435\u0440\u0431\u0443\u0440\u0433 (2004), \u0414\u0430\u043b\u043b\u0430\u0441 (2005), \u041c\u043e\u0441\u043a\u0432\u0435 (2005), \u0412\u0435\u043d\u0435\u0446\u0438\u044f (2006), \u0413\u0435\u0439\u0434\u0435\u043b\u044c\u0431\u0435\u0440\u0433 (2006), \u041a\u0438\u0435\u0432\u0435 (2006), \u041c\u043e\u0441\u043a\u0432\u0430 (2006), \u041f\u0430\u0440\u0438\u0436 (2006), \u0412\u0435\u043d\u0435 (2006), \u0413\u0430\u043d\u043d\u043e\u0432\u0435\u0440 (2007), <\/span><span title=\"Antwerpia (2007), Las Palmas (2007), Mi\u0144sk (2007), Meksyk (2007), Wiede\u0144 (2007), Seul (2007), Antalya (2008), Budapeszt (2008), Ja\u0142ta (2008), Lw\u00f3w (2008)\">\u0410\u043d\u0442\u0432\u0435\u0440\u043f\u0435\u043d (2007), \u041b\u0430\u0441-\u041f\u0430\u043b\u044c\u043c\u0430\u0441 (2007), \u041c\u0438\u043d\u0441\u043a (2007), \u041c\u0435\u043a\u0441\u0438\u043a\u0430 (2007), \u0412\u0435\u043d\u0435 (2007), \u0421\u0435\u0443\u043b (2007), \u0410\u043d\u0442\u0430\u043b\u0438\u044f (2008 \u0433.), \u0411\u0443\u0434\u0430\u043f\u0435\u0448\u0442 (2008), \u042f\u043b\u0442\u0430 (2008), \u041b\u044c\u0432\u043e\u0432 (2008) <\/span><span title=\", Melbourne (2008), San Diego (2008), Sydney (2008), Seul (2008), Wiede\u0144 (2008), Bangkok (2009), Neapol (2009), Warszawa (2009), Londyn (2009), Las Palmas (\">\u041c\u0435\u043b\u044c\u0431\u0443\u0440\u043d (2008), \u0421\u0430\u043d-\u0414\u0438\u0435\u0433\u043e (2008), \u0421\u0438\u0434\u043d\u0435\u0439 (2008), \u0421\u0435\u0443\u043b (2008), \u0412\u0435\u043d\u0435 (2008), \u0411\u0430\u043d\u0433\u043a\u043e\u043a (2009), \u041d\u0435\u0430\u043f\u043e\u043b\u044c (2009), \u0412\u0430\u0440\u0448\u0430\u0432\u0430 (2009), \u041b\u043e\u043d\u0434\u043e\u043d\u0435 (2009), \u041b\u0430\u0441-\u041f\u0430\u043b\u044c\u043c\u0430\u0441 ( <\/span><span title=\"2009), Manila (2009), Seattle (2009), Singapur (2009), Sao Paolo (2009), Hawana (2009), Antwerpia (2010), Bangkok (2010), Budapeszt (2010), Kartagena (2010), Neapol\">2009), \u041c\u0430\u043d\u0438\u043b\u0430 (2009), \u0421\u0438\u044d\u0442\u043b (2009), \u0421\u0438\u043d\u0433\u0430\u043f\u0443\u0440 (2009), \u0421\u0430\u043d-\u041f\u0430\u043e\u043b\u043e (2009), \u0413\u0430\u0432\u0430\u043d\u0430 (2009), \u0410\u043d\u0442\u0432\u0435\u0440\u043f\u0435\u043d (2010), \u0411\u0430\u043d\u0433\u043a\u043e\u043a (2010), \u0411\u0443\u0434\u0430\u043f\u0435\u0448\u0442 (2010), \u041a\u0430\u0440\u0442\u0430\u0445\u0435\u043d\u0430 (2010), \u041d\u0435\u0430\u043f\u043e\u043b\u044c <\/span><span title=\"(2010), Miami (2010), Parma (2010), Pampeluna (2010), Sztokholm (2010), Taszkient (2010), Wiede\u0144 (2010), Warszawie (2011), Atenach (2011), Chicago (2011), Auckland\">(2010), \u041c\u0430\u0439\u0430\u043c\u0438 (2010), \u041f\u0430\u0440\u043c\u0430 (2010), \u041f\u0430\u043c\u043f\u043b\u043e\u043d\u0430 (2010), \u0421\u0442\u043e\u043a\u0433\u043e\u043b\u044c\u043c (2010), \u0422\u0430\u0448\u043a\u0435\u043d\u0442 (2010), \u0412\u0435\u043d\u0435 (2010), \u0412\u0430\u0440\u0448\u0430\u0432\u0430 (2011), \u0410\u0444\u0438\u043d\u044b (2011), \u0427\u0438\u043a\u0430\u0433\u043e (2011), \u041e\u043a\u043b\u0435\u043d\u0434 <\/span><span title=\"(2011), Brugia (2011), Daegu (2011), Bogota (2011), Hanower (2011), Barcelona (2011), Neapol (2011), Dushanbe (2011), Ahmadabad (2012), Amsterdam (2012), Monachium\">(2011), \u0411\u0440\u044e\u0433\u0433\u0435 (2011), \u0422\u044d\u0433\u0443 (2011), \u0411\u043e\u0433\u043e\u0442\u0430 (2011), \u0413\u0430\u043d\u043d\u043e\u0432\u0435\u0440 (2011), \u0411\u0430\u0440\u0441\u0435\u043b\u043e\u043d\u0430 (2011), \u041d\u0435\u0430\u043f\u043e\u043b\u044c (2011), \u0414\u0443\u0448\u0430\u043d\u0431\u0435 (2011), \u0410\u0445\u043c\u0435\u0434\u0430\u0431\u0430\u0434 (2012), \u0410\u043c\u0441\u0442\u0435\u0440\u0434\u0430\u043c (2012), \u041c\u044e\u043d\u0445\u0435\u043d <\/span><span title=\"(2012), Neapol (2012), Rzym (2012), Taszkent (2012), Toronto (2012), Ateny (2013), Bratys\u0142awa (2013), Budapeszt (2013), Cancun (2013), Heidelberg (2013), Hyderabad\">(2012), \u041d\u0435\u0430\u043f\u043e\u043b\u044c (2012), \u0420\u0438\u043c\u0435 (2012), \u0422\u0430\u0448\u043a\u0435\u043d\u0442 (2012), \u0422\u043e\u0440\u043e\u043d\u0442\u043e (2012), \u0410\u0444\u0438\u043d\u044b (2013), \u0411\u0440\u0430\u0442\u0438\u0441\u043b\u0430\u0432\u0430 (2013), \u0411\u0443\u0434\u0430\u043f\u0435\u0448\u0442 (2013), \u041a\u0430\u043d\u043a\u0443\u043d (2013), \u0413\u0435\u0439\u0434\u0435\u043b\u044c\u0431\u0435\u0440\u0433 (2013), \u0425\u0430\u0439\u0434\u0430\u0440\u0430\u0431\u0430\u0434 <\/span><span title=\"(2013), Istanbul (2013), Nicea (2013), Odessa (2013), Seoul (2013), Antalya (2014), Las Vegas (2014), Brisbane (2014), Nashville (2014), Melbourne (2014),\">(2013), \u0421\u0442\u0430\u043c\u0431\u0443\u043b (2013), \u041d\u0438\u0446\u0446\u0430 (2013), \u041e\u0434\u0435\u0441\u0441\u0430 (2013), \u0421\u0435\u0443\u043b (2013), \u0410\u043d\u0442\u0430\u043b\u0438\u044f (2014), \u041b\u0430\u0441-\u0412\u0435\u0433\u0430\u0441 (2014), \u0411\u0440\u0438\u0441\u0431\u0435\u043d (2014), \u041d\u044d\u0448\u0432\u0438\u043b\u043b (2014), \u041c\u0435\u043b\u044c\u0431\u0443\u0440\u043d (2014) <\/span><span title=\"Monachium (2014), Siena (2014), Siofok (2014), Sydney (2014), Tokio (2014) Pekin (2015), Puerto Iguazu (2015), Praga (2015), Tuluza (2015)\">\u041c\u044e\u043d\u0445\u0435\u043d (2014), \u0421\u0438\u0435\u043d\u0430 (2014), \u0428\u0438\u043e\u0444\u043e\u043a (2014), \u0421\u0438\u0434\u043d\u0435\u0439 (2014), \u0422\u043e\u043a\u0438\u043e (2014), \u041f\u0435\u043a\u0438\u043d (2015), \u041f\u0443\u044d\u0440\u0442\u043e-\u0418\u0433\u0443\u0430\u0441\u0443 (2015), \u041f\u0440\u0430\u0433\u0435 (2015), \u0422\u0443\u043b\u0443\u0437\u0430 (2015), \u0422\u043e\u0440\u043e\u043d\u0442\u043e (2016), \u0427\u0438\u043b\u0438 (2017), \u041b\u0438\u0441\u0441\u0430\u0431\u043e\u043d (2017), \u0411\u0440\u044e\u0441\u0441\u0435\u043b\u044c (2018), \u041a\u0435\u0439\u043f\u0442\u0430\u0443\u043d (2018), \u0411\u0443\u044d\u043d\u043e\u0441-\u0410\u0439\u0440\u0435\u0441 (2019), \u041d\u044c\u044e-\u0419\u043e\u0440\u043a (2019) .<br \/>\n<\/span><\/span><\/span><\/div>\n<\/div>\n<h5>\u041f\u043e\u043a\u0430\u0437\u0430\u0442\u0435\u043b\u044c\u043d\u044b\u0435 \u043e\u043f\u0435\u0440\u0430\u0446\u0438\u0438 \u0434\u043b\u044f \u043c\u0435\u0436\u0434\u0443\u043d\u0430\u0440\u043e\u0434\u043d\u043e\u0433\u043e \u0441\u043e\u043e\u0431\u0449\u0435\u0441\u0442\u0432\u0430<\/h5>\n<p>\u0411\u043e\u0433\u043e\u0442\u0430, \u0413\u0440\u043e\u0434\u043d\u043e, \u0413\u0430\u043d\u043d\u043e\u0432\u0435\u0440, \u041a\u0438\u0435\u0432, \u041c\u0430\u043d\u0438\u043b, \u041c\u0438\u043d\u0441\u043a, \u041c\u043e\u0441\u043a\u0432\u0430, \u0421\u0430\u043d\u043a\u0442-\u041f\u0435\u0442\u0435\u0440\u0431\u0443\u0440\u0433 \u2013 \u0432 \u0441\u0443\u043c\u043c\u0435 \u0431\u043e\u043b\u0435\u0435 3000 \u0443\u0447\u0430\u0441\u0442\u043d\u0438\u043a\u043e\u0432<\/p>\n<p>\u0412\u0430\u0440\u0448\u0430\u0432\u0430 \u2013 \u0432\u043e \u0432\u0440\u0435\u043c\u044f 70 \u043a\u0443\u0440\u0441\u043e\u0432 Window Approach Workshop \u2013 \u0432 \u0441\u0443\u043c\u043c\u0435 \u0431\u043e\u043b\u0435\u0435 8200 \u0443\u0447\u0430\u0441\u0442\u043d\u0438\u043a\u043e\u0432<\/p>\n<h5>\u041f\u043e\u043a\u0430\u0437\u0430\u0442\u0435\u043b\u044c\u043d\u044b\u0435 \u043e\u043f\u0435\u0440\u0430\u0446\u0438\u0438 \u0432 \u0440\u0430\u043c\u043a\u0430\u0445 \u043c\u0438\u0440\u043e\u0432\u043e\u0439 \u0441\u0435\u0442\u0438 LION<\/h5>\n<p>13 \u0440\u0430\u0437 \u2013 \u0437\u0430 \u043a\u0430\u0436\u0434\u044b\u043c \u0440\u0430\u0437\u043e\u043c \u043e\u0442 6 \u0442\u044b\u0441. \u0434\u043e 25 \u0442\u044b\u0441. \u0443\u0447\u0430\u0441\u0442\u043d\u0438\u043a\u043e\u0432 \u0441\u043e \u0432\u0441\u0435\u0433\u043e \u043c\u0438\u0440\u0430<\/p>\n","protected":false},"excerpt":{"rendered":"<p>\u041c\u0435\u0436\u0434\u0443\u043d\u0430\u0440\u043e\u0434\u043d\u044b\u0435 \u0441\u0435\u043c\u0438\u043d\u0430\u0440\u044b \u0410\u043d\u0442\u0432\u0435\u0440\u043f\u0435\u043d, \u0411\u0430\u043a\u0443, \u0411\u043e\u0433\u043e\u0442\u0430, \u0411\u0440\u0430\u0442\u0438\u0441\u043b\u0430\u0432\u0430, \u0414\u0443\u0448\u0430\u043d\u0431\u0435, \u0413\u0440\u043e\u0434\u043d\u043e, \u0413\u0430\u043d\u043d\u043e\u0432\u0435\u0440, \u0413\u0430\u0432\u0430\u043d\u0430, \u0418\u043d\u0441\u0431\u0440\u0443\u043a, \u041a\u0438\u0435\u0432, \u041b\u044c\u0432\u043e\u0432, \u041c\u0430\u043d\u0438\u043b\u0430, \u041c\u0435\u0445\u0435\u043b\u0435\u043d, \u041c\u0435\u043b\u044c\u0431\u0443\u0440\u043d, \u041c\u0438\u043d\u0441\u043a, \u041c\u043e\u0441\u043a\u0432\u0430, \u041d\u0435\u0430\u043f\u043e\u043b\u044c, \u041d\u0438\u0446\u0446\u0430, \u041e\u0434\u0435\u0441\u0441\u0430, \u041f\u0430\u043c\u043f\u043b\u043e\u043d\u0430, \u041f\u0430\u0440\u043c\u0430, \u0421\u0430\u043d-\u041f\u0430\u0443\u043b\u0443, \u0421\u0438\u0435\u043d\u0430, \u0421\u0438\u043d\u0433\u0430\u043f\u0443\u0440, \u0421\u0430\u043d\u043a\u0442-, \u0421\u0430\u043d\u043a\u0442-\u041f\u0435\u0442\u0435\u0440\u0431\u0443\u0440\u0433, \u0421\u0438\u0434\u043d\u0435\u0439, \u0421\u0442\u043e\u043a\u0433\u043e\u043b\u044c\u043c, \u0422\u0430\u0448\u043a\u0435\u043d\u0442, \u0412\u0430\u0440\u0448\u0430\u0432\u0430, \u0412\u0435\u043d\u0430. \u0414\u043e\u043a\u043b\u0430\u0434\u044b \u043f\u043e \u043f\u0440\u0438\u0433\u043b\u0430\u0448\u0435\u043d\u0438\u044e \u043d\u0430 \u043a\u043e\u043d\u0433\u0440\u0435\u0441\u0441\u0430\u0445, \u043a\u043e\u043d\u0444\u0435\u0440\u0435\u043d\u0446\u0438\u044f\u0445 \u0438 ..<\/p>\n<div class=\"reading\"><a href=\"https:\/\/henrykskarzynski.pl\/?page_id=2201&#038;lang=ru\">&gt;&gt;&gt;<\/a><\/div>\n","protected":false},"author":3,"featured_media":0,"parent":0,"menu_order":40,"comment_status":"closed","ping_status":"closed","template":"","meta":{"footnotes":""},"class_list":["post-2201","page","type-page","status-publish","hentry"],"_links":{"self":[{"href":"https:\/\/henrykskarzynski.pl\/index.php?rest_route=\/wp\/v2\/pages\/2201","targetHints":{"allow":["GET"]}}],"collection":[{"href":"https:\/\/henrykskarzynski.pl\/index.php?rest_route=\/wp\/v2\/pages"}],"about":[{"href":"https:\/\/henrykskarzynski.pl\/index.php?rest_route=\/wp\/v2\/types\/page"}],"author":[{"embeddable":true,"href":"https:\/\/henrykskarzynski.pl\/index.php?rest_route=\/wp\/v2\/users\/3"}],"replies":[{"embeddable":true,"href":"https:\/\/henrykskarzynski.pl\/index.php?rest_route=%2Fwp%2Fv2%2Fcomments&post=2201"}],"version-history":[{"count":3,"href":"https:\/\/henrykskarzynski.pl\/index.php?rest_route=\/wp\/v2\/pages\/2201\/revisions"}],"predecessor-version":[{"id":23473,"href":"https:\/\/henrykskarzynski.pl\/index.php?rest_route=\/wp\/v2\/pages\/2201\/revisions\/23473"}],"wp:attachment":[{"href":"https:\/\/henrykskarzynski.pl\/index.php?rest_route=%2Fwp%2Fv2%2Fmedia&parent=2201"}],"curies":[{"name":"wp","href":"https:\/\/api.w.org\/{rel}","templated":true}]}}