{"id":2198,"date":"2013-04-30T13:46:13","date_gmt":"2013-10-14T14:40:31","guid":{"rendered":"http:\/\/178.216.200.219\/?p=2198"},"modified":"2023-02-27T09:22:00","modified_gmt":"2023-02-27T09:22:00","slug":"warsztaty-wyklady-operacje-pokazowe","status":"publish","type":"page","link":"https:\/\/henrykskarzynski.pl\/?page_id=2198&lang=pl","title":{"rendered":"Warsztaty, wyk\u0142ady, operacje pokazowe"},"content":{"rendered":"<h5>Warsztaty mi\u0119dzynarodowe<\/h5>\n<p>Antwerpia, Baku, Bogota, Bratys\u0142awa, Duszanbe, Grodno, Hanower, Hawana, Innsbruck, Kij\u00f3w, Lw\u00f3w, Manila, Mechelen, Melbourne, Mi\u0144sk, Moskwa, Neapol, Nicea, Odessa, Pampeluna, Parma, Sao Paulo, Siena, Singapur, St. Petersburg, Sydney, Sztokholm, Taszkent, Warszawa, Wiede\u0144.<\/p>\n<h5>Wyk\u0142ady na zaproszenie na kongresach, konferencjach i sympozjach<\/h5>\n<p>Antwerpia (2000), Berlin (2000), Miami (2000), Kopenhaga (2000), Liptovski Jan (2001), Las Palmas (2002), Bratys\u0142awa (2003), Frankfurt (2003), Heraklion (2003), Genewa (2004), St. Petersburgu (2004), Dallas (2005), Moskwa (2005), Wenecja (2006), Heidelberg (2006), Kij\u00f3w (2006), Moskwa (2006), Pary\u017c (2006), Wiede\u0144 (2006), Hanower (2007), Antwerpia (2007), Las Palmas (2007), Mi\u0144sk (2007), Meksyk (2007), Wiede\u0144 (2007), Seul (2007), Antalya (2008), Budapeszt (2008), Ja\u0142ta (2008), Lw\u00f3w (2008), Melbourne (2008), San Diego (2008), Sydney (2008), Seul (2008), Wiede\u0144 (2008), Bangkok (2009), Neapol (2009), Warszawa (2009), Londyn (2009), Las Palmas (2009), Manila (2009), Seattle (2009), Singapur (2009), Sao Paolo (2009), Hawana (2009), Antwerpia (2010), Bangkok (2010), Budapeszt (2010), Kartagena (2010), Neapol (2010), Miami (2010), Parma (2010), Pampeluna (2010), Sztokholm (2010), Taszkient (2010), Wiede\u0144 (2010), Warszawa (2011), Atenach (2011), Chicago (2011), Auckland (2011), Brugia (2011), Daegu (2011), Bogota (2011), Hanower (2011), Barcelona (2011), Neapol (2011), Dushanbe (2011), Ahmadabad (2012), Amsterdam (2012), Monachium (2012), Neapol (2012), Rzym (2012), Taszkent (2012), Toronto (2012), Ateny (2013), Bratys\u0142awa (2013), Budapeszt (2013), Cancun (2013), Heidelberg (2013), Hyderabad (2013), Istambu\u0142 (2013), Nicea (2013), Odessa (2013), Seoul (2013), Antalya (2014), Las Vegas (2014), Brisbane (2014), Nashville (2014), Melbourne (2014), Monachium (2014), Siena (2014), Siofok (2014), Sydney (2014), Tokio (2014) Pekin (2015), Puerto Iguazu (2015), Praga (2015), Tuluza (2015), Toronto (2016), Chile (2017), Lizbona (2017), Bruksela (2018), Kapsztad (2018), Buenos Aires (2019).<\/p>\n<h5>Pokazowe operacje dla \u015brodowiska mi\u0119dzynarodowego<\/h5>\n<p>Bogota, Grodno, Hanower, Kij\u00f3w, Manila, Mi\u0144sk, Moskwa, St. Petersburg \u2013 \u0142\u0105cznie ponad 3000 uczestnik\u00f3w<\/p>\n<p>Warszawa \u2013 podczas 69 edycji szkole\u0144 Window Approach Workshop &#8211; \u0142\u0105cznie ponad 5000 uczestnik\u00f3w<\/p>\n<h5>Pokazowe operacje w ramach \u015bwiatowej sieci LION<\/h5>\n<p>13 edycji &#8211; jednorazowo od 6 tys. do 25 tys. uczestnik\u00f3w na \u015bwiecie<\/p>\n","protected":false},"excerpt":{"rendered":"<p>Warsztaty mi\u0119dzynarodowe Antwerpia, Baku, Bogota, Bratys\u0142awa, Duszanbe, Grodno, Hanower, Hawana, Innsbruck, Kij\u00f3w, Lw\u00f3w, Manila, Mechelen, Melbourne, Mi\u0144sk, Moskwa, Neapol, Nicea, Odessa, Pampeluna, Parma, Sao Paulo, Siena, Singapur, St. Petersburg, Sydney, Sztokholm, Taszkent, Warszawa, Wiede\u0144. Wyk\u0142ady na zaproszenie na kongresach, konferencjach ..<\/p>\n<div class=\"reading\"><a href=\"https:\/\/henrykskarzynski.pl\/?page_id=2198&#038;lang=pl\">&gt;&gt;&gt;<\/a><\/div>\n","protected":false},"author":3,"featured_media":0,"parent":0,"menu_order":40,"comment_status":"closed","ping_status":"closed","template":"","meta":{"footnotes":""},"class_list":["post-2198","page","type-page","status-publish","hentry"],"_links":{"self":[{"href":"https:\/\/henrykskarzynski.pl\/index.php?rest_route=\/wp\/v2\/pages\/2198","targetHints":{"allow":["GET"]}}],"collection":[{"href":"https:\/\/henrykskarzynski.pl\/index.php?rest_route=\/wp\/v2\/pages"}],"about":[{"href":"https:\/\/henrykskarzynski.pl\/index.php?rest_route=\/wp\/v2\/types\/page"}],"author":[{"embeddable":true,"href":"https:\/\/henrykskarzynski.pl\/index.php?rest_route=\/wp\/v2\/users\/3"}],"replies":[{"embeddable":true,"href":"https:\/\/henrykskarzynski.pl\/index.php?rest_route=%2Fwp%2Fv2%2Fcomments&post=2198"}],"version-history":[{"count":2,"href":"https:\/\/henrykskarzynski.pl\/index.php?rest_route=\/wp\/v2\/pages\/2198\/revisions"}],"predecessor-version":[{"id":23323,"href":"https:\/\/henrykskarzynski.pl\/index.php?rest_route=\/wp\/v2\/pages\/2198\/revisions\/23323"}],"wp:attachment":[{"href":"https:\/\/henrykskarzynski.pl\/index.php?rest_route=%2Fwp%2Fv2%2Fmedia&parent=2198"}],"curies":[{"name":"wp","href":"https:\/\/api.w.org\/{rel}","templated":true}]}}