{"id":2186,"date":"2015-08-26T13:39:48","date_gmt":"2013-10-14T14:38:00","guid":{"rendered":"http:\/\/178.216.200.219\/?p=2186"},"modified":"2018-07-19T11:20:15","modified_gmt":"2018-07-19T11:20:15","slug":"facharztweiterbildungsleiter-wissenschaftlicher-betreuer","status":"publish","type":"page","link":"https:\/\/henrykskarzynski.pl\/?page_id=2186&lang=de","title":{"rendered":"Facharztweiterbildungsleiter, wissenschaftlicher Betreuer"},"content":{"rendered":"<p>Wissenschaftlicher Betreuer von Dissertationen, Habilitationen, Verfahren f\u00fcr den Professortitel, Facharztweiterbildungsleiter<\/p>\n<p>Doktorvater<\/p>\n<ul>\n<li>Katarzyna Cie\u015bla: Funktionelle Magnetresonanztomographie zur Untersuchung der tonotopen Organisation der prim\u00e4ren H\u00f6rrinde bei Personen mit partiellem H\u00f6rverlust (2016)<\/li>\n<li><\/li>\n<li>\u00a0Mag. Ma\u0142gorzata Zgoda: Beurteilung von Bildungskompetenzen bei Personen mit Cochlea-Implantaten\u00a0(2016)<\/li>\n<li>\u00a0Mag. Urszula Lechowicz: Mutationsprofil im TMPRSS3-Gen bei Patienten mit Schwerh\u00f6rigkeit (2015)<\/li>\n<li>\u00a0Dipl. Ing. \u0141ukasz Olszewski: Beurteilung der Anwendung aktiver implantierbarer Mittelohrprothesen\u00a0(2016)<\/li>\n<li>\u00a0Jola Serafin, \u00c4rztin: Pr\u00e4diktives Modell der H\u00f6rentwicklung bei Kleinkindern\u00a0(vor der Verteidigung)<\/li>\n<li>\u00a0Mag. Marzena Mularzuk: Auswertung des H\u00f6rkonzentrationstests bei siebenj\u00e4hrigen Kindern nach der Anwendung der H\u00f6rstimulation\u00a0(2016)<\/li>\n<li>\u00a0Mag. \u0141ukasz Bruski: Beurteilung der klinischen und wirtschaftlichen Effektivit\u00e4t des Telefittings bei Patienten mit einem implantierten H\u00f6rimplantat\u00a0(2015)<\/li>\n<li>Dipl. Ing. Anita Obrycka: Anpassung und Anwendung des LittlEARS-Fragebogens in der Bewertung der Fortschritte der auditiven Rehabilitation (2015)<\/li>\n<li>Marek Porowski, Arzt: Anwendung von H\u00f6rimplantaten bei angeborenen und erworbenen Defekten des Mittelohrs (2014)<\/li>\n<li>Danuta Raj &#8211; Koziak, \u00c4rztin: Bewertung der H\u00e4ufigkeit von Tinnitus bei Kindern im Schulalter (2013)<\/li>\n<li>El\u017cbieta W\u0142odarczyk, \u00c4rztin: Beurteilung der zentral-auditiven Prozesse bei Kindern mit spezifischen Sprachentwicklungsst\u00f6rungen (2013)<\/li>\n<li>Maciej Mr\u00f3wka, Arzt: Verwendung von osseointegrativen Titanhaken in der HNO-Heilkunde (2012)<\/li>\n<li>Anna Piotrowska, \u00c4rztin: Multiparameteranalyse der Erhaltung von H\u00f6rresten nach der Implantation eines Cochlea-Implantates (2010)<\/li>\n<li>Anna D\u0105browska, \u00c4rztin: Zustand des H\u00f6rorgans bei Kindern aus ausgew\u00e4hlten Grundschulen in der Woiwodschaft Westpommern (2009)<\/li>\n<li>Beata Borawska, \u00c4rztin: Entwicklung von Verfahren der Tinnitus-Behandlung bei Kindern (2008)<\/li>\n<li>Joanna Raty\u0144ska, \u00c4rztin: Beurteilung der klinischen Brauchbarkeit des digitalen Sprachmanagers bei stotternden Patienten (2008)<\/li>\n<li>Anna Geremek, \u00c4rztin: Elektrostimulation des H\u00f6rnervs (2005)<\/li>\n<li>Andrzej Senderski, Arzt: Kognitive H\u00f6rpotentiale bei der objektiven Beurteilung des Prozesses des Sprachverstehens(2004)<\/li>\n<li>Gra\u017cyna Tacikowska, \u00c4rztin: Elektrophysiologische Untersuchung zur H\u00f6radaptation unter Anwendung der Technik der ultaschnellen Stimulation (2003)<\/li>\n<li>Mag. Maria Pos\u0142uszna-Owcarz: Psychologische Bewertung der postoperativen Rehabilitation bei Kindern mit H\u00f6rverlust nach der Implantation eines Cochlea-Implantates (2001)<\/li>\n<li>Mag. Joanna M. Szuchnik: Untersuchung der auditiven Wahrnehmung bei Patienten mit dem totalen H\u00f6rverlust nach der Implantation eines Cochlea-Implantates (2001)<\/li>\n<li>Gra\u017cyna Bartnik, \u00c4rztin: Analyse der Ergebnisse der Habituation bei Patienten mit Tinnitus und Hyperakusie (2001)<\/li>\n<li>Ma\u0142gorzata Mueller-Malesi\u0144ska, \u00c4rztin: Rehabilitationsprogramm f\u00fcr Patienten nach der Implantation eines Cochlea-Implantates (1997)<\/li>\n<li>Jaros\u0142aw Wysocki, Arzt: Anatomische Untersuchung des Schl\u00e4fenbeins und des Innenohrs f\u00fcr die Zwecke der operativen Implantation von Cochlea-Implantaten (1995)<\/li>\n<li>Kazimierz Niemczyk, Arzt: Rekonstruktive Chirurgie der Geh\u00f6rkn\u00f6chelchenkette (1993)<\/li>\n<li>Jaros\u0142aw Zawadowski, Arzt: Metastatische Halstumoren mit unbekanntem Prim\u00e4rtumor (1993)<\/li>\n<\/ul>\n<p>Betreuer von Habilitationen<\/p>\n<ul>\n<li>Dr. med. Agnieszka Pollak (Habilitation in der Vorbereitung)<\/li>\n<li>Dr. Ing. Tomasz Wolak (Habilitation in der Vorbereitung)<\/li>\n<li>Doktor der Physik Wies\u0142aw Wiktor J\u0119drzejczak (abgeschlossen)<\/li>\n<li>Dr. Ing. Artur Lorens (abgeschlossen)<\/li>\n<li>Dr. med. Agata Szkie\u0142kowska (abgeschlossen)<\/li>\n<li>Dr. med. Kazimierz Niemczyk (abgeschlossen)<\/li>\n<\/ul>\n<p>Betreuer in Professorverfahren<\/p>\n<ul>\n<li>Prof. Dr. hab. Jaros\u0142aw Wysocki<\/li>\n<li>au\u00dferordentlicher Professor Dr. hab. Krzysztof Kochanek<\/li>\n<\/ul>\n<p>&nbsp;<\/p>\n<p>Leiter von 12 Facharztweiterbildungen 1. Grades im Bereich der HNO-Heilkunde<\/p>\n<p>Leiter von 8 Facharztweiterbildungen 2. Grades im Bereich der HNO-Heilkunde<\/p>\n<p>Leiter von 15 Facharztweiterbildungen 2. Grades im Bereich der Audiologie<\/p>\n<p>Leiter von 16 Facharztweiterbildungen im Bereich der Audiologie und Phoniatrie<\/p>\n<p>&nbsp;<\/p>\n<p>Gutachter in Promotions-, Habilitationsverfahren und Verfahren f\u00fcr den Professortitel<\/p>\n<ul>\n<li>Gutachter von Doktorarbeiten &#8211; 21<\/li>\n<li>Gutachter von Habilitationsarbeiten &#8211; 14<\/li>\n<li>Gutachter im Verfahren f\u00fcr den Professortitel \u2013 8<\/li>\n<\/ul>\n<p>&nbsp;<\/p>\n","protected":false},"excerpt":{"rendered":"<p>Wissenschaftlicher Betreuer von Dissertationen, Habilitationen, Verfahren f\u00fcr den Professortitel, Facharztweiterbildungsleiter Doktorvater Katarzyna Cie\u015bla: Funktionelle Magnetresonanztomographie zur Untersuchung der tonotopen Organisation der prim\u00e4ren H\u00f6rrinde bei Personen mit partiellem H\u00f6rverlust (2016) \u00a0Mag. Ma\u0142gorzata Zgoda: Beurteilung von Bildungskompetenzen bei Personen mit Cochlea-Implantaten\u00a0(2016) \u00a0Mag. ..<\/p>\n<div class=\"reading\"><a href=\"https:\/\/henrykskarzynski.pl\/?page_id=2186&#038;lang=de\">&gt;&gt;&gt;<\/a><\/div>\n","protected":false},"author":3,"featured_media":0,"parent":0,"menu_order":16,"comment_status":"closed","ping_status":"closed","template":"","meta":{"footnotes":""},"class_list":["post-2186","page","type-page","status-publish","hentry"],"_links":{"self":[{"href":"https:\/\/henrykskarzynski.pl\/index.php?rest_route=\/wp\/v2\/pages\/2186","targetHints":{"allow":["GET"]}}],"collection":[{"href":"https:\/\/henrykskarzynski.pl\/index.php?rest_route=\/wp\/v2\/pages"}],"about":[{"href":"https:\/\/henrykskarzynski.pl\/index.php?rest_route=\/wp\/v2\/types\/page"}],"author":[{"embeddable":true,"href":"https:\/\/henrykskarzynski.pl\/index.php?rest_route=\/wp\/v2\/users\/3"}],"replies":[{"embeddable":true,"href":"https:\/\/henrykskarzynski.pl\/index.php?rest_route=%2Fwp%2Fv2%2Fcomments&post=2186"}],"version-history":[{"count":0,"href":"https:\/\/henrykskarzynski.pl\/index.php?rest_route=\/wp\/v2\/pages\/2186\/revisions"}],"wp:attachment":[{"href":"https:\/\/henrykskarzynski.pl\/index.php?rest_route=%2Fwp%2Fv2%2Fmedia&parent=2186"}],"curies":[{"name":"wp","href":"https:\/\/api.w.org\/{rel}","templated":true}]}}