{"id":2185,"date":"2013-11-15T13:08:10","date_gmt":"2013-11-15T13:08:10","guid":{"rendered":"http:\/\/178.216.200.219\/?p=2185"},"modified":"2015-10-25T17:32:33","modified_gmt":"2015-10-25T17:32:33","slug":"danksagungen","status":"publish","type":"page","link":"https:\/\/henrykskarzynski.pl\/?page_id=2185&lang=de","title":{"rendered":"Danksagungen"},"content":{"rendered":"<p>Ich glaube, ohne meine Familie, Freunde, Mitarbeiter w\u00e4re ich nicht, wer ich bin oder wo ich bin. Ich verdanke ihnen viel und versuche auch viel zu geben. Diese gegenseitige Beziehung gibt mir seit Jahren ein Gef\u00fchl der Sicherheit und Erf\u00fcllung. Sie erwies sich als eine Garantie f\u00fcr eine gut erf\u00fcllte Pflicht. Sie hilft in schlechten Zeiten.<\/p>\n<p>Ich habe Gl\u00fcck im Leben, weil ich eine Menge von Ideen umsetzen konnte. Ich f\u00fchrte die ersten Operationen im Land oder in der Welt durch, gr\u00fcndete neue und einzigartige Einrichtungen, und meine klinische T\u00e4tigkeit umfasst mehr als einhundert verschiedene operative Verfahren, einschlie\u00dflich vieler neuer L\u00f6sungen. Ich versuche immer Chancen f\u00fcr den Fortschritts zu nutzen, weil sie die Entwicklung unserer Gesellschaft, unser Land und uns alle betreffen. Ich beklage mich nicht, sondern arbeite. Die gr\u00f6\u00dfte Befriedigung sch\u00f6pfe ich daraus, dass wir etwas Bestimmtes geschafft haben und eine klare Spur hinterlassen werden.<\/p>\n<p>Ich bin auch gl\u00fccklich mit Menschen. Ich konnte auf meinem Wege sowohl die weltweit bedeutendsten, renommierten Wissenschaftler, Professoren, weise Politiker, kompetente Beamten, sympathische Journalisten und au\u00dfergew\u00f6hnliche junge, weltoffene Menschen treffen. Mein Erfolg ist auch ein Ergebnis der mir von ihnen gegebenen Unterst\u00fctzung und des Vertrauens zu mir und meinen Ideen. Ich glaube, dass dieses Vertrauen durch die Ergebnisse meiner t\u00e4glichen Arbeit f\u00fcr die Gesellschaft und die Leistungen auf dem klinischen, wissenschaftlichen, didaktischen Gebiet best\u00e4tigt wurde.<\/p>\n<p>In dieser Galerie werden Sie viele ungew\u00f6hnliche Pers\u00f6nlichkeiten finden, die ich meine Freunde nennen darf, Menschen, die sich den Patienten mit ganzem Herzen hingeben, die Barrieren f\u00fcr Menschen mit Behinderungen brechen helfen und Konzepte der zwischenmenschlichen Kommunikation unterst\u00fctzen. Mit ihrer Unterst\u00fctzung konnte ich so handeln, um die Welt durch meine positivistische Einstellung zum Leben und zu Menschen zu verbessern.<\/p>\n<p>Ich bedanke ich mich bei Ihnen f\u00fcr alles, obwohl es schwierig ist, mit gew\u00f6hnlichen Worten zu danken, wenn man so au\u00dfergew\u00f6hnliche Personen trifft, wenn man gro\u00dfe Dinge mitschafft und an einmaligen Ereignissen teilnimmt.<\/p>\n<div>\n<p>Henryk Skar\u017cy\u0144ski<\/p>\n<\/div>\n<p>&nbsp;<\/p>\n","protected":false},"excerpt":{"rendered":"<p>Ich glaube, ohne meine Familie, Freunde, Mitarbeiter w\u00e4re ich nicht, wer ich bin oder wo ich bin. Ich verdanke ihnen viel und versuche auch viel zu geben. Diese gegenseitige Beziehung gibt mir seit Jahren ein Gef\u00fchl der Sicherheit und Erf\u00fcllung. ..<\/p>\n<div class=\"reading\"><a href=\"https:\/\/henrykskarzynski.pl\/?page_id=2185&#038;lang=de\">&gt;&gt;&gt;<\/a><\/div>\n","protected":false},"author":3,"featured_media":0,"parent":0,"menu_order":27,"comment_status":"closed","ping_status":"closed","template":"","meta":{"footnotes":""},"class_list":["post-2185","page","type-page","status-publish","hentry"],"_links":{"self":[{"href":"https:\/\/henrykskarzynski.pl\/index.php?rest_route=\/wp\/v2\/pages\/2185","targetHints":{"allow":["GET"]}}],"collection":[{"href":"https:\/\/henrykskarzynski.pl\/index.php?rest_route=\/wp\/v2\/pages"}],"about":[{"href":"https:\/\/henrykskarzynski.pl\/index.php?rest_route=\/wp\/v2\/types\/page"}],"author":[{"embeddable":true,"href":"https:\/\/henrykskarzynski.pl\/index.php?rest_route=\/wp\/v2\/users\/3"}],"replies":[{"embeddable":true,"href":"https:\/\/henrykskarzynski.pl\/index.php?rest_route=%2Fwp%2Fv2%2Fcomments&post=2185"}],"version-history":[{"count":0,"href":"https:\/\/henrykskarzynski.pl\/index.php?rest_route=\/wp\/v2\/pages\/2185\/revisions"}],"wp:attachment":[{"href":"https:\/\/henrykskarzynski.pl\/index.php?rest_route=%2Fwp%2Fv2%2Fmedia&parent=2185"}],"curies":[{"name":"wp","href":"https:\/\/api.w.org\/{rel}","templated":true}]}}