{"id":2180,"date":"2013-04-30T12:35:56","date_gmt":"2013-11-15T11:32:12","guid":{"rendered":"http:\/\/178.216.200.219\/?p=2180"},"modified":"2018-07-19T11:19:15","modified_gmt":"2018-07-19T11:19:15","slug":"de-projekty-badawcze","status":"publish","type":"page","link":"https:\/\/henrykskarzynski.pl\/?page_id=2180&lang=de","title":{"rendered":"Forschungsprojekte"},"content":{"rendered":"<h3 style=\"margin-left: 18pt;\">Leiter von und Teilnehmer an nationalen und internationalen Forschungsprojekten (wissenschaftlichen Zuschussprogrammen) und Zweckprojekten<\/h3>\n<ul>\n<li>Betreuer des Projektes PRELUDIUM \u201ePlastizit\u00e4t der prim\u00e4ren, sekund\u00e4ren und assoziativen H\u00f6rrinde bei Personen mit partiellem H\u00f6rverlust und elektrisch-akustischer Stimulation\u201d (Leiterin: K. Cie\u015bla; 2012-2016)<\/li>\n<li>Projekt im Rahmen des STRATEGMED Programms u.d.T. &#8222;Integriertes System von Instrumeten f\u00fcr die Diagnostik und Telerehabilitation bei Erkrankungen der Sinnesorgane (H\u00f6r-, Seh-, Sprach-, Gleichgewichts-, Geschmacks- und Geruchsorgane)&#8221;, INNOSENSESTRATEGMED1\/248664\/7\/NCBR\/2014<\/li>\n<li>Nationales Forschungs- und Entwicklungsprojekt: Entwicklung neuer Technologien f\u00fcr implantierbare Ger\u00e4te zur Unterst\u00fctzung des H\u00f6rens, InnoTech Programm, INNOTECH-k1\/IN1\/31\/158446\/NCBR\/12 (2012-2014 )<\/li>\n<li>Internationales Forschungsprojekt: C- DACs ID in F\u00e4llen von erheblichem oder tiefem H\u00f6rverlust vom Mixtyp CEL5318 (2012-2014)<\/li>\n<li>Internationales Forschungsprojekt: Clinical assessment of Scalability Platform in cochlear implant system fitting (2012-2014)<\/li>\n<li>Autor des Konzeptes und Umsetzer des Projekts: \u201eWeltzentrum f\u00fcr Untersuchung und Behandlung des partiellen H\u00f6rverlusts\u201c (aktueller Name: The World Center of Hearing ), Nr. POIG 02.01.00-14-049\/09 im Rahmen des Operationellen Programms Innovative Wirtschaft, Ma\u00dfnahme 2.1 \u201eEntwicklung von Zentren mit einem hohen Forschungspotenzial\u201c (2008-2012)<\/li>\n<li>Vorsitzender der Arbeitsgruppe EFAS Working Group on SHS (School and pre-school age Hearing Screening) (2012)<\/li>\n<li>Ideengeber und Umsetzer des Projektes: \u201eEntwicklung der wissenschaftlichen IT-Plattform f\u00fcr die Verarbeitung sensorischer Screening-Tests auf der Basis des offenen Standards des Datenaustausches per E-Mail\u201c, Nr. POIG.02.03.00-00-009\/09 im Rahmen des Operationellen Programms Innovative Wirtschaft, Ma\u00dfnahme 2.3 \u2013 Investitionen zur Schaffung der IT-Infrastruktur f\u00fcr Wissenschaft (2009-2011)<\/li>\n<li>Ideengeber und Umsetzer des Projektes: \u201eEntwicklung eines landesweiten Netzes von Zentren f\u00fcr Telerehabilitation des Geh\u00f6rs\u201c, Nr. PL0384 im Rahmen des Norwegischen Finanzierungsmechanismus, Priorit\u00e4t 5 \u2013 Gesundheitsf\u00fcrsorge und Kinderbetreuung (2009-2011)<\/li>\n<li>Initiator und Koordinator von Aktivit\u00e4ten im Bereich der \u201eChancengleichheit f\u00fcr Kinder mit Kommunikationsst\u00f6rungen in den europ\u00e4ischen L\u00e4ndern\u201c \u2013 d.i. im Themenbereich, der in die Priorit\u00e4t der polnischen EU-Pr\u00e4sidentschaft im Bereich der \u00f6ffentlichen Gesundheit aufgenommen wurde (2011)<\/li>\n<li>Initiator und Koordinator des \u201eEurop\u00e4ischen wissenschaftlichen Konsenses zum Screening der H\u00f6rf\u00e4higkeiten bei Kindern im Vorschul- und Schulalter\u201c \u2013 unterzeichnet von Vertretern aus 26 L\u00e4ndern, die in der Europ\u00e4ischen F\u00f6deration der Audiologischen Gesellschaften vereinigt sind (2011)<\/li>\n<li>Initiator und Koordinator des \u201eEurop\u00e4ischen wissenschaftlichen Konsenses zu Screening der H\u00f6r-, Seh- und Sprechf\u00e4higkeiten bei Kindern im Vorschulalter und Schulalter\u201c, unterzeichnet von f\u00fchrenden Pers\u00f6nlichkeiten der europ\u00e4ischen Kreise von Audiologen und Phoniatern, Sprachtherapeuten und Augen\u00e4rzten (2011)<\/li>\n<li>Ideengeber und Umsetzer des Projektes \u201eIntegriertes IT-System zur Unterst\u00fctzung der Forschung der Physiologie und Pathologie des Geh\u00f6rs\u201c, Nr. POIG.02.03.00-00-006\/08 im Rahmen des Operationellen Programms Innovative Wirtschaft , Ma\u00dfnahme 2.3 &#8211; Investitionen zur Schaffung der IT-Infrastruktur f\u00fcr Wissenschaft (2008 verwandt &#8211; 2010)<\/li>\n<li>Internationales Forschungsprojekt: Multi-Center, Retrospective Review of Hearing Preservation with a Deeply Inserted 31 mm Electrode Array (2010)<\/li>\n<li>Internationales Forschungsprojekt: Evaluation of safety and surgical experience of cochlear implantation in adults and children implanted with the concerto and concerto pin cochlear implant (2010)<\/li>\n<li>Internationales Forschungsprojekt: Research into BAHA applications for children of school age with single sided sensorineural hearing loss (SSD), both applied and congenital, as compared to CROSS hearing aids (2006-2009)<\/li>\n<li>Internationales Forschungsprojekt: Remote fitting of Nucleus Cochlear Implant System (2006-2011)<\/li>\n<li>Internationales Forschungsprojekt: Research and development of custom-made electrodes for patients with functioning residual hearing (2006-2008)<\/li>\n<li>Internationales Forschungsprojekt: Investigation of the preservation of residual hearing using contour nucleus electrode (2006-2008)<\/li>\n<li>Internationales Forschungsprojekt: Clinical evaluation of the Nucleus Straight Research Array (SRA) cochlear implant \u2013 adults (2009-2011)<\/li>\n<li>Internationales Forschungsprojekt: Clinical evaluation of the Nucleus Straight Research Array (SRA) cochlear implant \u2013 children (2011)<\/li>\n<li>Internationales Forschungsprojekt: Remediation of Hearing Loss im Rahmen des 6. EU-Rahmenprojektes (2007-2010)<\/li>\n<li>Neue Methoden der Analyse otoakustischer Emissionen und akustisch evozierter Potentiale (2008, 2009, 2010)<\/li>\n<li>Neue Methoden der Analyse otoakustischer Emissionen und akustisch evozierter Potentialen (2007)<\/li>\n<li>Zusammenhang zwischen objektiven und subjektiven Methoden der Beurteilung der auditiven Verarbeitung (2009)<\/li>\n<li>Telemetrie neuronaler Antworten (Auditory Nerve Response Telemetry &#8211; ART) (2010)<\/li>\n<li>Nationales Forschungsprojekt: Zusammenhang zwischen objektiven und subjektiven Methoden der Beurteilung der auditiven Verarbeitung, Projektteilnehmer (2009)<\/li>\n<li>Nationales Forschungsprojekt: Neue Methode zur Analyse otoakustischer Emissionen und akustisch evozierter Potenziale, Projektteilnehmer (2008 , 2009, 2010 )<\/li>\n<li>Internationales Forschungsprojekt: AHEAD III &#8211; Assesment of hearing in the elderly: Aging and degeneration &#8211; Integration through immediate intervention, Projektteilnehmer (2007, 2008, 2009, 2010)<\/li>\n<li>Promotionsprojekt 2 P05E 109 28: Schwierigkeiten in der Entwicklung einer m\u00fctterlichen Identit\u00e4t bei normal h\u00f6renden M\u00fcttern von geh\u00f6rlosen Jugendlichen und ihre Bedeutung f\u00fcr die Entwicklung der pers\u00f6nlichen Identit\u00e4t der Jugendlichen (2005-2007)<\/li>\n<li>Promotionsprojekt 3 T11E 036 28: Beurteilung der klinischen Brauchbarkeit eines digitalen Sprechmanagers bei stotternden Patienten (2005-2007)<\/li>\n<li>Forschungsprojekt KBN Nr. 7 T11E 051 20: Neue Methoden der objektiven Diagnostik des H\u00f6rorgans unter Anwendung der neuralen Reizantwort-Telemetrie (NRT) und Messung des elektrisch evozierten Stapediusreflexes (2001-2002)<\/li>\n<li>Forschungsprojekt KBN Nr. 050 6PO5C 21: Elektrophysiologische Untersuchungen zur H\u00f6radaptation unter Anwendung der Technik der ultraschnellen Stimulation (2001)<\/li>\n<li>Forschungsprojekt KBN Nr. 4PO5C 05512: Bewertung der elektrischen H\u00f6rbahn mit einem elektrischen Stimulationstest (1997)<\/li>\n<li>Forschungsprojekt KBN Nr. 1342\/T11\/98\/15: Neue Algorithmen digitaler H\u00f6rprothesen und Methoden der Anpassung von H\u00f6rger\u00e4ten (1998-2000)<\/li>\n<li>Forschungsprojekt KBN Nr. 142 5POE 18: H\u00f6rscreening bei Kindern mit angeborenen TORCH-Infektionen und Infektionen, die im Neugeborenen- und S\u00e4uglingsalter erworben wurden (1999-2001)<\/li>\n<li>Forschungsprojekt KBN Nr. 8 T11E 03310: Neue Methoden der Diagnostik und Behandlung von H\u00f6rverlust unter Anwendung der digitalen Signalverarbeitungstechnik (1996)<\/li>\n<li>Forschungsprojekt KBN Nr. PBZ 28\/ 03 im Auftrag des Ministers f\u00fcr Gesundheit und Soziales: Entwicklung eines einheitlichen Programms f\u00fcr Neugeborenen-Screening im Hinblick auf H\u00f6rsch\u00e4den (1996-1998)<\/li>\n<li>Zweckprojekt KBN Nr. PO5C 009 96C\/3129: Gr\u00fcndung eines Tinnitus-Zentrums, im Rahmen dessen Forschungs- und Entwicklungsarbeiten unter dem Namen \u201eEntwicklung eines Behandlungsprogramms f\u00fcr Patienten mit Tinnitus und Hyperakusis &#8221; gef\u00fchrt werden (1997-2000)<\/li>\n<li>Zweckprojekt KBN Nr. 88651 95C\/2307: System f\u00fcr die Aufzeichnung akustisch evozierter Potentiale des Hirnstamms (1996)<\/li>\n<li>Internationales Forschungsprojekt Nr. ERBCIPDCT 930148: Concerted Action on Otoemissions (1996)<\/li>\n<\/ul>\n<p>&nbsp;<\/p>\n","protected":false},"excerpt":{"rendered":"<p>Leiter von und Teilnehmer an nationalen und internationalen Forschungsprojekten (wissenschaftlichen Zuschussprogrammen) und Zweckprojekten Betreuer des Projektes PRELUDIUM \u201ePlastizit\u00e4t der prim\u00e4ren, sekund\u00e4ren und assoziativen H\u00f6rrinde bei Personen mit partiellem H\u00f6rverlust und elektrisch-akustischer Stimulation\u201d (Leiterin: K. Cie\u015bla; 2012-2016) Projekt im Rahmen des ..<\/p>\n<div class=\"reading\"><a href=\"https:\/\/henrykskarzynski.pl\/?page_id=2180&#038;lang=de\">&gt;&gt;&gt;<\/a><\/div>\n","protected":false},"author":3,"featured_media":0,"parent":0,"menu_order":29,"comment_status":"closed","ping_status":"closed","template":"","meta":{"footnotes":""},"class_list":["post-2180","page","type-page","status-publish","hentry"],"_links":{"self":[{"href":"https:\/\/henrykskarzynski.pl\/index.php?rest_route=\/wp\/v2\/pages\/2180","targetHints":{"allow":["GET"]}}],"collection":[{"href":"https:\/\/henrykskarzynski.pl\/index.php?rest_route=\/wp\/v2\/pages"}],"about":[{"href":"https:\/\/henrykskarzynski.pl\/index.php?rest_route=\/wp\/v2\/types\/page"}],"author":[{"embeddable":true,"href":"https:\/\/henrykskarzynski.pl\/index.php?rest_route=\/wp\/v2\/users\/3"}],"replies":[{"embeddable":true,"href":"https:\/\/henrykskarzynski.pl\/index.php?rest_route=%2Fwp%2Fv2%2Fcomments&post=2180"}],"version-history":[{"count":0,"href":"https:\/\/henrykskarzynski.pl\/index.php?rest_route=\/wp\/v2\/pages\/2180\/revisions"}],"wp:attachment":[{"href":"https:\/\/henrykskarzynski.pl\/index.php?rest_route=%2Fwp%2Fv2%2Fmedia&parent=2180"}],"curies":[{"name":"wp","href":"https:\/\/api.w.org\/{rel}","templated":true}]}}