{"id":2155,"date":"2013-11-26T15:03:07","date_gmt":"2013-11-26T15:03:07","guid":{"rendered":"http:\/\/178.216.200.219\/?p=2155"},"modified":"2022-12-14T13:51:27","modified_gmt":"2022-12-14T13:51:27","slug":"es-towarzystwa","status":"publish","type":"page","link":"https:\/\/henrykskarzynski.pl\/?page_id=2155&lang=es","title":{"rendered":"Sociedades y comit\u00e9s cient\u00edficos nacionales"},"content":{"rendered":"<p>2022-2025 &#8211; vicepresidente del Cap\u00edtulo del Emblema Promocional Polaco &#8222;TERAZ POLSKA&#8221; [\u201cAHORA POLONIA\u201d]\n<p>2022-2024 &#8211; presidente de la 11\u00aa legislatura del Consejo General de Institutos de Investigaci\u00f3n<\/p>\n<p>2022-2026 &#8211; delegado para los Congresos M\u00e9dicos regionales del Colegio de M\u00e9dicos de Varsovia<\/p>\n<p>2022 &#8211; Miembro del Consejo de Programa del Foro de Protecci\u00f3n de la Salud<\/p>\n<p>desde 2021 &#8211; Miembro de la Canciller\u00eda del Premio de Econom\u00eda del Presidente de la Rep\u00fablica de Polonia<\/p>\n<p>2021-2024\u00a0 &#8211;\u00a0\u00a0\u00a0 Miembro del Consejo del Programa del Centro de Estudios Avanzados de la Universidad Tecnol\u00f3gica de Varsovia<\/p>\n<p>desde 2020\u00a0 &#8211; \u00a0 Miembro del Comit\u00e9 de Biocibern\u00e9tica e Ingenier\u00eda Biom\u00e9dica de la Academia Polaca de Ciencias (PAN)<\/p>\n<p>desde 2020\u00a0 &#8211; \u00a0 Vicepresidente del Comit\u00e9 de Ciencias Cl\u00ednicas de la Academia Polaca de Ciencias<\/p>\n<p>desde 2020\u00a0 &#8211; \u00a0 Presidente del Consejo de la Fundaci\u00f3n &#8222;Pro Polonia&#8221;<\/p>\n<p>desde 2020\u00a0 &#8211;\u00a0 Presidente del Consejo Acad\u00e9mico de la Universidad Cardenal Stefan Wyszy\u0144ski<\/p>\n<p>desde 2020\u00a0 &#8211;\u00a0\u00a0 Miembro del Consejo de Expertos del Defensor del Paciente<\/p>\n<p>desde 2019\u00a0 &#8211; \u00a0 Presidente del Consejo del Programa del Congreso \u201cZdrowie Polak\u00f3w\u201d (&#8222;La salud de los polacos&#8221;)<\/p>\n<p>desde 2019\u00a0 &#8211;\u00a0\u00a0 Miembro correspondiente de la Academia Polaca de Ciencias (PAN)<\/p>\n<p>desde 2019\u00a0 &#8211; \u00a0 Miembro del comit\u00e9 del emblema promocional polaco &#8222;Teraz Polska&#8221;<\/p>\n<p>desde 2019\u00a0 &#8211; \u00a0 Miembro honorario de la Asociaci\u00f3n M\u00e9dica Polaca &#8222;Pleno T\u00edtulo&#8221;.<\/p>\n<p>2019 &#8211; 2020\u00a0 &#8211;\u00a0 Presidente del Consejo Acad\u00e9mico de la Academia de Educaci\u00f3n Especial M. Grzegorzewska<\/p>\n<p>desde 2018\u00a0\u00a0 &#8211; \u00a0 Miembro del Consejo Cient\u00edfico del Instituto Nacional de Geriatr\u00eda, Reumatolog\u00eda y Rehabilitaci\u00f3n <em>prof. dr hab. med.<\/em> Eleonora Reicher<\/p>\n<p>desde 2018\u00a0 &#8211; \u00a0 Presidente y fundador de la Fundaci\u00f3n &#8222;Po Pierwsze Zdrowie&#8221;<\/p>\n<p>2018-2020\u00a0 &#8211;\u00a0\u00a0 Delegado para los Congresos M\u00e9dicos regionales del Colegio de M\u00e9dicos de Varsovia;<\/p>\n<p>desde 2017\u00a0 &#8211; \u00a0\u00a0 Presidente de la Sociedad Polaca de Otorrinolaring\u00f3logos Pedi\u00e1tricos<\/p>\n<p>desde 2016\u00a0 &#8211; \u00a0 Miembro del Consejo Cient\u00edfico de la Biblioteca General M\u00e9dica Stanis\u0142aw Konopka<\/p>\n<p>desde 2016\u00a0 &#8211;\u00a0\u00a0 Miembro del Consejo de la Fundaci\u00f3n Honor\u00edfica <em>JESTEM OPTYMIST\u0104<\/em> [SOY OPTIMISTA]\n<p>2016 \u2013 2020\u00a0 &#8211;\u00a0 Miembro del Consejo del Programa del Centro de Estudios Avanzados de la Universidad Tecnol\u00f3gica de Varsovia<\/p>\n<p>2016 \u2013 2020\u00a0 &#8211;\u00a0 Miembro del Consejo de la Pol\u00edtica de Personas Mayores establecida por el Ministerio de Familia, Trabajo y Pol\u00edtica social<\/p>\n<p>2013-2022\u00a0 &#8211;\u00a0\u00a0 Vicepresidente del Consejo General de los Institutos de Investigaci\u00f3n<\/p>\n<p>2012 &#8211; 2020\u00a0 &#8211;\u00a0 Miembro de la Comisi\u00f3n Central de Grados y T\u00edtulos Acad\u00e9micos<\/p>\n<p>desde 2011\u00a0 &#8211; \u00a0 Consultor Nacional en Otorrinolaringolog\u00eda<\/p>\n<p>desde 2011\u00a0 &#8211; \u00a0 Presidente de la Comisi\u00f3n Estatal de Ex\u00e1menes de Otorrinolaringolog\u00eda<\/p>\n<p>desde 2011\u00a0 &#8211;\u00a0\u00a0 Presidente de la comisi\u00f3n de preparaci\u00f3n del programa de especializaci\u00f3n en otorrinolaringolog\u00eda<\/p>\n<p>desde 2011\u00a0 &#8211;\u00a0\u00a0 Experto de la Agencia de Evaluaci\u00f3n de Tecnolog\u00edas Sanitarias y Tarificaci\u00f3n &#8211; AOTMiT<\/p>\n<p>2011 \u2013 2020\u00a0 &#8211;\u00a0 Presidente del Comit\u00e9 de Ciencias Cl\u00ednicas de la Academia Polaca de Ciencias (PAN)<\/p>\n<p>2010 \u2013 2013\u00a0 &#8211;\u00a0 Miembro del Colegio General de M\u00e9dicos<\/p>\n<p>2010 \u2013 2012\u00a0 &#8211;\u00a0 Presidente de la Comisi\u00f3n Estatal de Ex\u00e1menes en logopedia para sordos<\/p>\n<p>2010 &#8211; 2011\u00a0 &#8211; \u00a0 Presidente de los comit\u00e9s de preparaci\u00f3n de los programas de especializaci\u00f3n en neurolog\u00eda y logopedia para sordos<\/p>\n<p>desde 2010\u00a0 &#8211; \u00a0 Miembro honorario\u00a0 de la Sociedad Polaca de Otorrinolaring\u00f3logos Cirujanos de\u00a0 Cabeza y Cuello<\/p>\n<p>desde 2010\u00a0 &#8211; \u00a0 Fundador de la Fundaci\u00f3n Profesor Henryk Skar\u017cy\u0144ski \u201cS\u0142ysz\u0119\u201d (&#8222;Oigo&#8221;)<\/p>\n<p>2010 &#8211; 2018\u00a0 &#8211; \u00a0 Presidente y miembro de la Secci\u00f3n de Audiolog\u00eda de la Asociaci\u00f3n Polaca de Otorrinolaring\u00f3logos Cirujanos de Cabeza y Cuello<\/p>\n<p>2008 \u2013 2011\u00a0 &#8211; \u00a0 Presidente de la Comisi\u00f3n Estatal de Ex\u00e1menes de neurolog\u00eda<\/p>\n<p>2007 \u2013 2012\u00a0 &#8211; \u00a0 Presidente de la Comisi\u00f3n de Patofisiolog\u00eda de Audici\u00f3n, Habla y Trastornos Comunicativos de la Academia Polaca de Ciencias<\/p>\n<p>2007 \u2013 2011\u00a0 &#8211; \u00a0 Consultor Nacional en audiolog\u00eda y foniatr\u00eda<\/p>\n<p>2007 \u2013 2011\u00a0 &#8211; \u00a0 Presidente de la Comisi\u00f3n Estatal de audiolog\u00eda y foniatr\u00eda<\/p>\n<p>2007 \u2013 2010\u00a0 &#8211; \u00a0 Presidente del Comit\u00e9 de Patofisiolog\u00eda Cl\u00ednica de la Academia Polaca de Ciencias<\/p>\n<p>desde 2006\u00a0 &#8211; \u00a0 Miembro del Consejo Cient\u00edfico de la Fundaci\u00f3n Orange<\/p>\n<p>2006 \u2013 2020\u00a0 &#8211;\u00a0 Miembro del Consejo Cient\u00edfico del Ministerio de Sanidad<\/p>\n<p>desde 2002\u00a0 &#8211; \u00a0 Miembro del Consejo del Programa de la Sociedad Polaca de Audioprot\u00e9sicos<\/p>\n<p>2002 &#8211; 2018 \u00a0 &#8211; \u00a0 Miembro del Consejo de la Facultad de Canto de la Universidad de M\u00fasica Fryderyk Chopin<\/p>\n<p>desde 2000\u00a0 &#8211; \u00a0 Presidente de la Fundaci\u00f3n \u201cAkademia Polskiego Sukcesu\u201d (&#8222;Academia del \u00c9xito Polaco\u201d)<\/p>\n<p>desde 1999 \u00a0 &#8211; \u00a0 Miembro de la Sociedad Polaca de Cirug\u00eda del Base del Cr\u00e1neo<\/p>\n<p>1999 \u2013 2002\u00a0 &#8211; \u00a0 Miembro del Consejo Cient\u00edfico del Centro M\u00e9dico de Formaci\u00f3n de Postgrado<\/p>\n<p>desde 1998\u00a0 &#8211; \u00a0 Miembro fundador de la Sociedad Polaca de Ingenier\u00eda Biom\u00e9dica<\/p>\n<p>desde 1998 \u00a0 &#8211; \u00a0\u00a0 Miembro del equipo de expertos del Ministerio de Sanidad para la acreditaci\u00f3n de organismos que solicitan llevar la especializaci\u00f3n en audiolog\u00eda y foniatr\u00eda<\/p>\n<p>1998 \u2013 2001\u00a0 &#8211;\u00a0 Consultor nacional en audiolog\u00eda y foniatr\u00eda<\/p>\n<p>1998 &#8211; 2001 \u00a0 &#8211;\u00a0 Presidente de la Junta Estatal de Ex\u00e1menes de Audiolog\u00eda y Foniatr\u00eda<\/p>\n<p>desde 1996\u00a0 &#8211; \u00a0 Miembro fundador y Presidente de la Sociedad Cient\u00edfica Polaca de Trastornos de Audici\u00f3n, Voz y Comunicaci\u00f3n Ling\u00fc\u00edstica<\/p>\n<p>1996 \u2013 2007\u00a0 &#8211;\u00a0 Miembro del Comit\u00e9 de la Ac\u00fastica de la Academia Polaca de Ciencias<\/p>\n<p>1994 \u2013 1998\u00a0 &#8211;\u00a0 Especialista nacional en audiolog\u00eda<\/p>\n<p>1994 \u2013 1998\u00a0 &#8211; \u00a0 Presidente de la Comisi\u00f3n Estatal de Ex\u00e1menes de Audiolog\u00eda<\/p>\n<p>1994 &#8211; 1998 \u00a0 &#8211; \u00a0 Miembro de la Comisi\u00f3n Estatal de Ex\u00e1menes de Foniatr\u00eda<\/p>\n<p>desde 1993\u00a0 &#8211; \u00a0 Presidente del Consejo de la Asociaci\u00f3n de Amigos de Personas Sordas y con Deficiencias Auditivas \u201cCz\u0142owiek \u2013 Cz\u0142owiekowi\u201d (&#8222;Hombre a Hombre&#8221;)<\/p>\n<p>desde 1990\u00a0 &#8211; \u00a0 Miembro y Presidente del Consejo de la Fundaci\u00f3n para el Desarrollo de la Medicina &#8222;Homo &#8211; Homini&#8221;<\/p>\n<p>1989 &#8211; 2000 \u00a0 &#8211; \u00a0 Miembro del Consejo de la 1<sup>a<\/sup> Facultad de Medicina de la Universidad M\u00e9dica de Varsovia<\/p>\n<p>1989 &#8211; 2019\u00a0 &#8211;\u00a0 Miembro de las autoridades de la Sucursal de Varsovia, de la Junta Directiva, de la Comisi\u00f3n Principal de Auditor\u00eda, Presidente y Miembro de la Junta Directiva de la Secci\u00f3n de Audiolog\u00eda en la Asociaci\u00f3n Polaca de Otorrinolaring\u00f3logos Cirujanos de Cabeza y Cuello<\/p>\n","protected":false},"excerpt":{"rendered":"<p>2022-2025 &#8211; vicepresidente del Cap\u00edtulo del Emblema Promocional Polaco &#8222;TERAZ POLSKA&#8221; [\u201cAHORA POLONIA\u201d] 2022-2024 &#8211; presidente de la 11\u00aa legislatura del Consejo General de Institutos de Investigaci\u00f3n 2022-2026 &#8211; delegado para los Congresos M\u00e9dicos regionales del Colegio de M\u00e9dicos de ..<\/p>\n<div class=\"reading\"><a href=\"https:\/\/henrykskarzynski.pl\/?page_id=2155&#038;lang=es\">&gt;&gt;&gt;<\/a><\/div>\n","protected":false},"author":3,"featured_media":0,"parent":0,"menu_order":38,"comment_status":"closed","ping_status":"closed","template":"","meta":{"footnotes":""},"class_list":["post-2155","page","type-page","status-publish","hentry"],"_links":{"self":[{"href":"https:\/\/henrykskarzynski.pl\/index.php?rest_route=\/wp\/v2\/pages\/2155","targetHints":{"allow":["GET"]}}],"collection":[{"href":"https:\/\/henrykskarzynski.pl\/index.php?rest_route=\/wp\/v2\/pages"}],"about":[{"href":"https:\/\/henrykskarzynski.pl\/index.php?rest_route=\/wp\/v2\/types\/page"}],"author":[{"embeddable":true,"href":"https:\/\/henrykskarzynski.pl\/index.php?rest_route=\/wp\/v2\/users\/3"}],"replies":[{"embeddable":true,"href":"https:\/\/henrykskarzynski.pl\/index.php?rest_route=%2Fwp%2Fv2%2Fcomments&post=2155"}],"version-history":[{"count":22,"href":"https:\/\/henrykskarzynski.pl\/index.php?rest_route=\/wp\/v2\/pages\/2155\/revisions"}],"predecessor-version":[{"id":23183,"href":"https:\/\/henrykskarzynski.pl\/index.php?rest_route=\/wp\/v2\/pages\/2155\/revisions\/23183"}],"wp:attachment":[{"href":"https:\/\/henrykskarzynski.pl\/index.php?rest_route=%2Fwp%2Fv2%2Fmedia&parent=2155"}],"curies":[{"name":"wp","href":"https:\/\/api.w.org\/{rel}","templated":true}]}}