{"id":21549,"date":"2021-04-09T11:42:58","date_gmt":"2021-04-09T11:42:58","guid":{"rendered":"https:\/\/henrykskarzynski.pl\/?page_id=21549"},"modified":"2023-03-20T11:15:18","modified_gmt":"2023-03-20T11:15:18","slug":"kuenstlerische-aktivitaeten","status":"publish","type":"page","link":"https:\/\/henrykskarzynski.pl\/?page_id=21549&lang=de","title":{"rendered":"K\u00fcnstlerische T\u00e4tigkeit"},"content":{"rendered":"<p><a href=\"https:\/\/henrykskarzynski.pl\/wp-content\/uploads\/2021\/04\/Avatar_powrot-beethovena.jpg\"><img loading=\"lazy\" decoding=\"async\" class=\" wp-image-21487 alignleft\" src=\"https:\/\/henrykskarzynski.pl\/wp-content\/uploads\/2021\/04\/Avatar_powrot-beethovena-300x300.jpg\" alt=\"\" width=\"365\" height=\"365\" srcset=\"https:\/\/henrykskarzynski.pl\/wp-content\/uploads\/2021\/04\/Avatar_powrot-beethovena-300x300.jpg 300w, https:\/\/henrykskarzynski.pl\/wp-content\/uploads\/2021\/04\/Avatar_powrot-beethovena-150x150.jpg 150w, https:\/\/henrykskarzynski.pl\/wp-content\/uploads\/2021\/04\/Avatar_powrot-beethovena-206x206.jpg 206w, https:\/\/henrykskarzynski.pl\/wp-content\/uploads\/2021\/04\/Avatar_powrot-beethovena.jpg 512w\" sizes=\"auto, (max-width: 365px) 100vw, 365px\" \/><\/a>Im Leben von Prof. Henryk Skar\u017cy\u0144ski nehmen Musik, Kunst und Poesie einen besonderen Platz ein. Er ist Autor von zahlreichen Drehb\u00fcchern f\u00fcr Dokumentar- und Lehrfilme, Gelegenheitsgedichten, Liedertexten, Gelegenheitsauff\u00fchrungen und anderen Werken. Er ist ein Mensch mit vielen Leidenschaften. Die ersten Gedichte schrieb er in der zweiten Klasse der Oberschule. Am bekanntesten ist sein Werk u.d.T.: <strong>\u201eDie Welt, die ich h\u00f6re\u201d,<\/strong> das zu einer k\u00fcnstlerischen Hymne des Instituts f\u00fcr Physiologie und Pathologie des Geh\u00f6rs geworden ist. Es wurde w\u00e4hrend zahlreicher Jubil\u00e4umsfeiern aufgef\u00fchrt, an denen immer Vertreter von Regierung, Ministerien, staatlichen \u00c4mtern, Wissenschaftlern, Experten aus verschiedenen Bereichen der Medizin, Vertreter von Universit\u00e4ten, Patientenorganisationen, Nichtregierungsorganisationen, Kirchen und Medien teilnehmen.<\/p>\n<p>Seit 2014 ist er der Hauptideengeber und -veranstalter des j\u00e4hrlich stattfindenden <strong>Internationalen Musikfestivals <\/strong><a href=\"https:\/\/festiwal.ifps.org.pl\/\"><strong>&#8222;Schneckenrhythmen&#8221;<\/strong><\/a><strong> f\u00fcr Kinder, Jugendliche und Erwachsene mit H\u00f6rst\u00f6rungen<\/strong>, das immer Hunderte von musikalisch talentierten Implantattr\u00e4gern aus der ganzen Welt versammelt. Das Festival zeigt M\u00f6glichkeiten von Personen, die nach der Implantation eines Cochlea-Implantates nicht nur problemlos mit anderen kommunizieren k\u00f6nnen, sondern auch ein ausgezeichnetes musikalisches Geh\u00f6r und eine Leidenschaft haben, die ihr Leben ausf\u00fcllt. Sie entwickeln ihre k\u00fcnstlerischen F\u00e4higkeiten, singen, komponieren, spielen verschiedene Instrumente und nehmen professionelle CDs auf. Sie sind ein lebendiges Beispiel daf\u00fcr, dass sogar die schwersten H\u00f6rst\u00f6rungen dank dem unglaublichen technologischen Fortschritt in der Medizin kein Hindernis auf dem Weg zur Musikkarriere sein m\u00fcssen. Durch die Veranstaltung des Festivals wollte Prof. Henryk Skar\u017cy\u0144ski ihnen bei der Umsetzung musikalischer Tr\u00e4ume und Pl\u00e4ne helfen und dem normal h\u00f6renden Teil der Gesellschaft die dokumentierten medizinische Leistungen zeigen. Das erfolgreich seit 6 Jahren organisierte Festival bildet ein musikalisches und wissenschaftliches Ereignis, das weltweit bekannt ist. Mit seinen Finalisten aus den Jahren 2018 und 2019 nahm Prof. H. Skar\u017cy\u0144ski an Sondersitzungen des Europ\u00e4ischen Parlaments in Br\u00fcssel teil.<\/p>\n<p>Prof.\u00a0Henryk Skar\u017cy\u0144ski ist Autor des Librettos des weltweit ersten <strong>Musicals mit Patienten und H\u00f6rimplantattr\u00e4gern als Darstellern u.d.T.<\/strong> <a href=\"http:\/\/przerwanacisza.pl\/\"><strong>\u201eUnterbrochene Stille\u201c<\/strong><\/a>, das seine Urauff\u00fchrung am 14. September 2019 in der Kammeroper in Warschau hatte. Das Musical erz\u00e4hlt Geschichten, wahre Schicksale und Probleme authentischer Patienten, die taub bzw. schwerh\u00f6rig zur Welt kamen, sp\u00e4ter im Leben ihr Geh\u00f6r verloren oder aber andere H\u00f6rproblemen hatten. Durch die Anwendung modernster Technologien und chirurgischer Methoden, die Prof. Henryk Skar\u017cy\u0144ski am Weltzentrum f\u00fcr Geh\u00f6r entwickelte und umsetzte, verlie\u00dfen sie die Welt der Stille. Diese Protagonisten werden u.a. von authentischen Patienten gespielt, denen Prof. Skar\u017cy\u0144ski viele seiner poetischen Werke widmete, die ihr schwieriges und komplexes Lebensschicksal widerspiegeln. Der Musikkomponist und musikalische Leiter der &#8222;Unterbrochenen Stille&#8221; war der Komponist und Arrangeur Prof. Krzesimir D\u0119bski. Die Regie des Musicals \u00fcbernahm der weltber\u00fchmte Regisseur Micha\u0142 Znaniecki, der mit der Warschauer Kammeroper verbunden ist. F\u00fcr die B\u00fchnendekorationen war Luigi Scoglio zust\u00e4ndig. Die in drei Aufz\u00fcgen enthaltene Fabel des Musicals zeigt den Lebensweg (Geh\u00f6r- und Sprachentwicklung, Entwicklung der zwischenmenschlichen Kommunikation) und den k\u00fcnstlerischen Weg zahlreicher Patienten des Professors. Das Musical wurde mit dem Preis f\u00fcr Kulturelle Bildung der Hauptstadt Warschau ausgezeichnet.<\/p>\n<p>Der Professor ist auch Autor des <strong>Romans und Drehbuches f\u00fcr einen abendf\u00fcllenden Film, der gerade unter dem Titel <\/strong>&#8222;<a href=\"http:\/\/powrotbeethovena.pl\/\"><strong>Beethovens R\u00fcckkehr<\/strong><\/a>\u201c gedreht wird. Der Film soll die gr\u00f6\u00dften, bahnbrechenden, zeitgen\u00f6ssischen Leistungen der polnischen Wissenschaft und Medizin im Bereich der Diagnostik, Behandlung und Rehabilitation verschiedener Sch\u00e4den der Sinnesorgane, insbesondere des vollst\u00e4ndigen oder partiellen H\u00f6rverlustes dokumentieren. Die Handlung des Films spielt in vielen L\u00e4ndern auf drei Kontinenten sowie in Polen, im Weltzentrum f\u00fcr Geh\u00f6r, in dem seit 18 Jahren die meisten geh\u00f6rverbessernden Operationen bei Kindern, Jugendlichen und Erwachsenen durchgef\u00fchrt werden. Das Drehbuch ber\u00fccksichtigt den Einsatz der modernsten technologischen, organisatorischen und chirurgischen Errungenschaften von internationaler Bedeutung, die entwickelt und in die allt\u00e4gliche klinische Praxis umgesetzt wurden.<\/p>\n<p>Eine besondere T\u00e4tigkeit von Prof. Henryk Skar\u017cy\u0144ski stellt auch seine Schneckensammlung dar. Die Leidenschaft wurde zum Vorwand f\u00fcr die Er\u00f6ffnung des \u201eSchneckenmuseums\u201c und den Versuch zur Aufstellung eines Guinness-Rekords. 2012 wurde der Rekord in das Guinness-Buch der Rekorde in der Kategorie &#8222;Die gr\u00f6\u00dfte Sammlung von Objekten, die einer Schnecke \u00e4hneln oder ein Bild einer Schnecke aufweisen\u201c aufgenommen. Aktuell umfasst die Sammlung fast 5 Tsd. Exponate.<\/p>\n<p>&nbsp;<\/p>\n","protected":false},"excerpt":{"rendered":"<p>Im Leben von Prof. Henryk Skar\u017cy\u0144ski nehmen Musik, Kunst und Poesie einen besonderen Platz ein. Er ist Autor von zahlreichen Drehb\u00fcchern f\u00fcr Dokumentar- und Lehrfilme, Gelegenheitsgedichten, Liedertexten, Gelegenheitsauff\u00fchrungen und anderen Werken. Er ist ein Mensch mit vielen Leidenschaften. Die ersten ..<\/p>\n<div class=\"reading\"><a href=\"https:\/\/henrykskarzynski.pl\/?page_id=21549&#038;lang=de\">&gt;&gt;&gt;<\/a><\/div>\n","protected":false},"author":9,"featured_media":0,"parent":0,"menu_order":0,"comment_status":"closed","ping_status":"closed","template":"","meta":{"footnotes":""},"class_list":["post-21549","page","type-page","status-publish","hentry"],"_links":{"self":[{"href":"https:\/\/henrykskarzynski.pl\/index.php?rest_route=\/wp\/v2\/pages\/21549","targetHints":{"allow":["GET"]}}],"collection":[{"href":"https:\/\/henrykskarzynski.pl\/index.php?rest_route=\/wp\/v2\/pages"}],"about":[{"href":"https:\/\/henrykskarzynski.pl\/index.php?rest_route=\/wp\/v2\/types\/page"}],"author":[{"embeddable":true,"href":"https:\/\/henrykskarzynski.pl\/index.php?rest_route=\/wp\/v2\/users\/9"}],"replies":[{"embeddable":true,"href":"https:\/\/henrykskarzynski.pl\/index.php?rest_route=%2Fwp%2Fv2%2Fcomments&post=21549"}],"version-history":[{"count":2,"href":"https:\/\/henrykskarzynski.pl\/index.php?rest_route=\/wp\/v2\/pages\/21549\/revisions"}],"predecessor-version":[{"id":23453,"href":"https:\/\/henrykskarzynski.pl\/index.php?rest_route=\/wp\/v2\/pages\/21549\/revisions\/23453"}],"wp:attachment":[{"href":"https:\/\/henrykskarzynski.pl\/index.php?rest_route=%2Fwp%2Fv2%2Fmedia&parent=21549"}],"curies":[{"name":"wp","href":"https:\/\/api.w.org\/{rel}","templated":true}]}}