{"id":2130,"date":"2015-08-26T13:39:48","date_gmt":"2013-10-14T14:38:00","guid":{"rendered":"http:\/\/178.216.200.219\/?p=2130"},"modified":"2024-12-10T14:49:52","modified_gmt":"2024-12-10T14:49:52","slug":"kierownik-specjalizacji-promotor","status":"publish","type":"page","link":"https:\/\/henrykskarzynski.pl\/?page_id=2130&lang=pl","title":{"rendered":"Kierownik specjalizacji, promotor"},"content":{"rendered":"<h5>Promotor prac doktorskich, habilitacyjnych, przewod\u00f3w do tytu\u0142u profesora, kierownik specjalizacji<\/h5>\n<p>Dzia\u0142alno\u015b\u0107 naukowa i kliniczna prof. H. Skar\u017cy\u0144skiego obejmuje 44 lata (1980\u20132024) i jest niezwykle bogata. W\u015br\u00f3d wielu osi\u0105gni\u0119\u0107 s\u0105 liczne wydarzenia prze\u0142omowe stanowi\u0105ce kroki milowe w polskiej i \u015bwiatowej medycynie. Do istotnych osi\u0105gni\u0119\u0107 w tym zakresie nale\u017cy sta\u0142y rozw\u00f3j kadry naukowej i klinicznej obejmuj\u0105cy:<\/p>\n<ul>\n<li>pe\u0142nienie funkcji promotora w 28 doktoratach nauk medycznych i nauk o zdrowiu,<\/li>\n<li>pe\u0142nienie funkcji opiekuna 12 przewod\u00f3w habilitacyjnych (do momentu wej\u015bcia w \u017cycie ustawy likwiduj\u0105cej t\u0119 funkcj\u0119),<\/li>\n<li>udzia\u0142 w dorobku naukowym 7 wsp\u00f3\u0142pracownik\u00f3w, kt\u00f3rzy otrzymali tytu\u0142 naukowy profesora,<\/li>\n<li>kierownik ponad 100 specjalizacji z otolaryngologii I i II stopnia, otorynolaryngologii, audiologii, audiologii i foniatrii oraz otolaryngologii dzieci\u0119cej.<\/li>\n<\/ul>\n<p>&nbsp;<\/p>\n","protected":false},"excerpt":{"rendered":"<p>Promotor prac doktorskich, habilitacyjnych, przewod\u00f3w do tytu\u0142u profesora, kierownik specjalizacji Dzia\u0142alno\u015b\u0107 naukowa i kliniczna prof. H. Skar\u017cy\u0144skiego obejmuje 44 lata (1980\u20132024) i jest niezwykle bogata. W\u015br\u00f3d wielu osi\u0105gni\u0119\u0107 s\u0105 liczne wydarzenia prze\u0142omowe stanowi\u0105ce kroki milowe w polskiej i \u015bwiatowej medycynie. ..<\/p>\n<div class=\"reading\"><a href=\"https:\/\/henrykskarzynski.pl\/?page_id=2130&#038;lang=pl\">&gt;&gt;&gt;<\/a><\/div>\n","protected":false},"author":3,"featured_media":0,"parent":0,"menu_order":16,"comment_status":"closed","ping_status":"closed","template":"","meta":{"footnotes":""},"class_list":["post-2130","page","type-page","status-publish","hentry"],"_links":{"self":[{"href":"https:\/\/henrykskarzynski.pl\/index.php?rest_route=\/wp\/v2\/pages\/2130","targetHints":{"allow":["GET"]}}],"collection":[{"href":"https:\/\/henrykskarzynski.pl\/index.php?rest_route=\/wp\/v2\/pages"}],"about":[{"href":"https:\/\/henrykskarzynski.pl\/index.php?rest_route=\/wp\/v2\/types\/page"}],"author":[{"embeddable":true,"href":"https:\/\/henrykskarzynski.pl\/index.php?rest_route=\/wp\/v2\/users\/3"}],"replies":[{"embeddable":true,"href":"https:\/\/henrykskarzynski.pl\/index.php?rest_route=%2Fwp%2Fv2%2Fcomments&post=2130"}],"version-history":[{"count":2,"href":"https:\/\/henrykskarzynski.pl\/index.php?rest_route=\/wp\/v2\/pages\/2130\/revisions"}],"predecessor-version":[{"id":24781,"href":"https:\/\/henrykskarzynski.pl\/index.php?rest_route=\/wp\/v2\/pages\/2130\/revisions\/24781"}],"wp:attachment":[{"href":"https:\/\/henrykskarzynski.pl\/index.php?rest_route=%2Fwp%2Fv2%2Fmedia&parent=2130"}],"curies":[{"name":"wp","href":"https:\/\/api.w.org\/{rel}","templated":true}]}}