{"id":2118,"date":"2014-01-21T15:05:44","date_gmt":"2013-09-16T19:52:34","guid":{"rendered":"http:\/\/178.216.200.219\/?p=2118"},"modified":"2018-10-31T14:49:04","modified_gmt":"2018-10-31T14:49:04","slug":"d-l-gations-gouvernementales-des-gouvernements-locaux-et-de-l-glise","status":"publish","type":"page","link":"https:\/\/henrykskarzynski.pl\/?page_id=2118&lang=fr","title":{"rendered":"D\u00e9l\u00e9gations gouvernementales, des gouvernements locaux et de l&#8217;\u00e9glise"},"content":{"rendered":"<table style=\"height: 3936px;\" border=\"0\" width=\"748\" cellspacing=\"1\" cellpadding=\"1\">\n<tbody>\n<tr style=\"height: 48px;\">\n<td style=\"width: 50px; height: 48px;\">1993.<\/td>\n<td style=\"width: 693px; height: 48px;\"><a href=\"https:\/\/wp.me\/p7X4zm-4Vj\">Dr Hanna Suchocka<\/a>, Premier ministre<\/td>\n<\/tr>\n<tr style=\"height: 72px;\">\n<td style=\"width: 50px; height: 72px;\">1993.<\/td>\n<td style=\"width: 693px; height: 72px;\"><a href=\"https:\/\/wp.me\/p7X4zm-4Vj\">Gra\u017cyna Andrzejewska-Sroczy\u0144ska<\/a>, Pl\u00e9nipotentiaire du Gouvernement pour les Personnes Handicap\u00e9es<\/td>\n<\/tr>\n<tr style=\"height: 24px;\">\n<td style=\"width: 50px; height: 24px;\">1993.<\/td>\n<td style=\"width: 693px; height: 24px;\">L&#8217;\u00e9v\u00eaque <a href=\"https:\/\/wp.me\/p7X4zm-4Vj\">Alojzy Orszulik<\/a><\/td>\n<\/tr>\n<tr style=\"height: 48px;\">\n<td style=\"width: 50px; height: 48px;\">1993.<\/td>\n<td style=\"width: 693px; height: 48px;\"><a href=\"https:\/\/wp.me\/p7X4zm-4Vj\">Jerzy Kozmi\u0144ski,<\/a> Secr\u00e9taire d&#8217;\u00c9tat au Minist\u00e8re des Affaires \u00c9trang\u00e8res<\/td>\n<\/tr>\n<tr style=\"height: 48px;\">\n<td style=\"width: 50px; height: 48px;\">1993.<\/td>\n<td style=\"width: 693px; height: 48px;\"><a href=\"https:\/\/wp.me\/p7X4zm-4Vj\">Bohdan Jastrz\u0119bski<\/a>, Vo\u00ef\u00e9vode de Varsovie<\/td>\n<\/tr>\n<tr style=\"height: 24px;\">\n<td style=\"width: 50px; height: 24px;\">1993.<\/td>\n<td style=\"width: 693px; height: 24px;\">Professeur <a href=\"https:\/\/wp.me\/p7X4zm-4Vm\">Jacek Zochowski<\/a>, Ministre de la Sant\u00e9 et des Affaires Sociales<\/td>\n<\/tr>\n<tr style=\"height: 48px;\">\n<td style=\"width: 50px; height: 48px;\">1993.<\/td>\n<td style=\"width: 693px; height: 48px;\"><a href=\"https:\/\/wp.me\/p7X4zm-4Vj\">Zbigniew Mi\u0142ek<\/a>, Pr\u00e9sident du Fonds National pour la R\u00e9habilitation des Personnes Handicap\u00e9es<\/td>\n<\/tr>\n<tr style=\"height: 48px;\">\n<td style=\"width: 50px; height: 48px;\">1994.<\/td>\n<td style=\"width: 693px; height: 48px;\"><a href=\"https:\/\/wp.me\/p7X4zm-4Vo\">Waldemar Pawlak<\/a>, Premier ministre<\/td>\n<\/tr>\n<tr style=\"height: 24px;\">\n<td style=\"width: 50px; height: 24px;\">1994.<\/td>\n<td style=\"width: 693px; height: 24px;\"><a href=\"https:\/\/wp.me\/p7X4zm-4Vo\">Wies\u0142aw Kaczmarek<\/a>, Ministre de la Privatisation<\/td>\n<\/tr>\n<tr style=\"height: 24px;\">\n<td style=\"width: 50px; height: 24px;\">1995.<\/td>\n<td style=\"width: 693px; height: 24px;\">Professeur <a href=\"\/fr\/aktualnosci-fr\/fr-akt-erekcyjny-mcsim.html\">Krzysztof Szama\u0142ek<\/a>, Secr\u00e9taire d&#8217;\u00c9tat au Minist\u00e8re de l&#8217;Environnement<\/td>\n<\/tr>\n<tr style=\"height: 24px;\">\n<td style=\"width: 50px; height: 24px;\">1995.<\/td>\n<td style=\"width: 693px; height: 24px;\"><a href=\"\/fr\/aktualnosci-fr\/fr-akt-erekcyjny-mcsim.html\">Leszek Juchniewicz<\/a>, Sous-secr\u00e9taire d&#8217;\u00c9tat au Minist\u00e8re de la Privatisation<\/td>\n<\/tr>\n<tr style=\"height: 24px;\">\n<td style=\"width: 50px; height: 24px;\">1995.<\/td>\n<td style=\"width: 693px; height: 24px;\"><a href=\"\/fr\/aktualnosci-fr\/fr-akt-erekcyjny-mcsim.html\">Andrzej Mecanowicz<\/a>, Directeur du Bureau du Premier ministre<\/td>\n<\/tr>\n<tr style=\"height: 48px;\">\n<td style=\"width: 50px; height: 48px;\">1995.<\/td>\n<td style=\"width: 693px; height: 48px;\"><a href=\"\/fr\/aktualnosci-fr\/fr-akt-erekcyjny-mcsim.html\">Karol \u015awi\u0105tkowski<\/a>, Pr\u00e9sident du Fonds National pour la R\u00e9habilitation des Personnes Handicap\u00e9es<\/td>\n<\/tr>\n<tr style=\"height: 48px;\">\n<td style=\"width: 50px; height: 48px;\">1996.<\/td>\n<td style=\"width: 693px; height: 48px;\"><a href=\"https:\/\/wp.me\/p7X4zm-4Vq\">Professeur Bronis\u0142aw Geremek<\/a>, Ministre des Affaires \u00e9trang\u00e8res<\/td>\n<\/tr>\n<tr style=\"height: 48px;\">\n<td style=\"width: 50px; height: 48px;\">1997.<\/td>\n<td style=\"width: 693px; height: 48px;\"><a href=\"\/fr\/aktualnosci-fr\/le-d-but-de-la-construction-du-centre-international-de-l-audition-et-de-la-parole.html\">Leszek Juchniewicz<\/a>, Pr\u00e9sident de l&#8217;Office de R\u00e9gulation de l&#8217;\u00c9nergie<\/td>\n<\/tr>\n<tr style=\"height: 48px;\">\n<td style=\"width: 50px; height: 48px;\">1997.<\/td>\n<td style=\"width: 693px; height: 48px;\"><a href=\"\/fr\/aktualnosci-fr\/le-d-but-de-la-construction-du-centre-international-de-l-audition-et-de-la-parole.html\">Roman Sroczy\u0144ski<\/a>, Pr\u00e9sident du Fonds National pour la R\u00e9habilitation des Personnes Handicap\u00e9es<\/td>\n<\/tr>\n<tr style=\"height: 24px;\">\n<td style=\"width: 50px; height: 24px;\">1997.<\/td>\n<td style=\"width: 693px; height: 24px;\"><a href=\"\/fr\/aktualnosci-fr\/le-d-but-de-la-construction-du-centre-international-de-l-audition-et-de-la-parole.html\">Lech Nikolski<\/a>, Sous-secr\u00e9taire d&#8217;\u00c9tat au Cabinet du Premier ministre<\/td>\n<\/tr>\n<tr style=\"height: 24px;\">\n<td style=\"width: 50px; height: 24px;\">1998.<\/td>\n<td style=\"width: 693px; height: 24px;\"><a href=\"https:\/\/wp.me\/p7X4zm-4Vy\">Jan Krzysztof Fr\u0105ckowiak<\/a>, Secr\u00e9taire du Comit\u00e9 de la Recherche Scientifique<\/td>\n<\/tr>\n<tr style=\"height: 48px;\">\n<td style=\"width: 50px; height: 48px;\">1998.<\/td>\n<td style=\"width: 693px; height: 48px;\"><a href=\"https:\/\/wp.me\/p7X4zm-4Vw\">Professeur Bronislaw Geremek<\/a>, Ministre des Affaires \u00c9trang\u00e8res<\/td>\n<\/tr>\n<tr style=\"height: 48px;\">\n<td style=\"width: 50px; height: 48px;\">1998.<\/td>\n<td style=\"width: 693px; height: 48px;\"><a href=\"https:\/\/wp.me\/p7X4zm-4VA\">Professeur Wojciech Maksymowicz<\/a>, Ministre de la Sant\u00e9<\/td>\n<\/tr>\n<tr style=\"height: 72px;\">\n<td style=\"width: 50px; height: 72px;\">1998.<\/td>\n<td style=\"width: 693px; height: 72px;\"><a href=\"https:\/\/wp.me\/p7X4zm-4VA\">W\u0142odziemierz Dobrowolski<\/a>, Pr\u00e9sident du Fonds National pour la R\u00e9habilitation des Personnes Handicap\u00e9es<\/td>\n<\/tr>\n<tr style=\"height: 48px;\">\n<td style=\"width: 50px; height: 48px;\">1999.<\/td>\n<td style=\"width: 693px; height: 48px;\"><a href=\"https:\/\/wp.me\/p7X4zm-4VD\">Franciszka Cegielska<\/a>, Ministre de la Sant\u00e9<\/td>\n<\/tr>\n<tr style=\"height: 48px;\">\n<td style=\"width: 50px; height: 48px;\">2000.<\/td>\n<td style=\"width: 693px; height: 48px;\"><a href=\"https:\/\/wp.me\/p7X4zm-4VF\">Professeur Jerzy Buzek<\/a>, Premier ministre<\/td>\n<\/tr>\n<tr style=\"height: 48px;\">\n<td style=\"width: 50px; height: 48px;\">2001.<\/td>\n<td style=\"width: 693px; height: 48px;\"><a href=\"https:\/\/wp.me\/p7X4zm-4VI\">Marek Borowski<\/a>, Vice-pr\u00e9sident du Parlement<\/td>\n<\/tr>\n<tr style=\"height: 24px;\">\n<td style=\"width: 50px; height: 24px;\">2001.<\/td>\n<td style=\"width: 693px; height: 24px;\"><a href=\"https:\/\/wp.me\/p7X4zm-4VL\">Grzegorz Opala<\/a>, Ministre de la Sant\u00e9<\/td>\n<\/tr>\n<tr style=\"height: 48px;\">\n<td style=\"width: 50px; height: 48px;\">2002.<\/td>\n<td style=\"width: 693px; height: 48px;\"><a href=\"https:\/\/wp.me\/p7X4zm-4VN\">Marek Pol<\/a>, Vice-premier ministre et Ministre de l&#8217;Infrastructure<\/td>\n<\/tr>\n<tr style=\"height: 48px;\">\n<td style=\"width: 50px; height: 48px;\">2003.<\/td>\n<td style=\"width: 693px; height: 48px;\">L&#8217;\u00e9v\u00eaque <a href=\"https:\/\/wp.me\/p7X4zm-4VP\">Alojzy Orszulik<\/a><\/td>\n<\/tr>\n<tr style=\"height: 48px;\">\n<td style=\"width: 50px; height: 48px;\">2003.<\/td>\n<td style=\"width: 693px; height: 48px;\"><a href=\"https:\/\/wp.me\/p7X4zm-4VP\">Professeur Wies\u0142aw Chrzanowski<\/a>, Mar\u00e9chal de la Di\u00e8te<\/td>\n<\/tr>\n<tr style=\"height: 48px;\">\n<td style=\"width: 50px; height: 48px;\">2003.<\/td>\n<td style=\"width: 693px; height: 48px;\"><a href=\"https:\/\/wp.me\/p7X4zm-4VP\">Professeur Andrzej Stelmachowski<\/a>, Pr\u00e9sident du S\u00e9nat<\/td>\n<\/tr>\n<tr style=\"height: 48px;\">\n<td style=\"width: 50px; height: 48px;\">2003.<\/td>\n<td style=\"width: 693px; height: 48px;\"><a href=\"https:\/\/wp.me\/p7X4zm-4VP\">Roman Sroczy\u0144ski<\/a>, Pr\u00e9sident du Fonds National pour la R\u00e9habilitation des Personnes Handicap\u00e9es<\/td>\n<\/tr>\n<tr style=\"height: 48px;\">\n<td style=\"width: 50px; height: 48px;\">2003.<\/td>\n<td style=\"width: 693px; height: 48px;\"><a href=\"https:\/\/wp.me\/p7X4zm-4VP\">Professeur Wojciech Maksymowicz<\/a>, Ministre de la Sant\u00e9<\/td>\n<\/tr>\n<tr style=\"height: 48px;\">\n<td style=\"width: 50px; height: 48px;\">2003.<\/td>\n<td style=\"width: 693px; height: 48px;\"><a href=\"https:\/\/wp.me\/p7X4zm-4VP\">Leszek Mizieli\u0144ski<\/a>, Vo\u00ef\u00e9vode de Mazovie<\/td>\n<\/tr>\n<tr style=\"height: 48px;\">\n<td style=\"width: 50px; height: 48px;\">2003.<\/td>\n<td style=\"width: 693px; height: 48px;\"><a href=\"https:\/\/wp.me\/p7X4zm-4VS\">Professeur Micha\u0142 Kleiber<\/a>, Ministre de la Science<\/td>\n<\/tr>\n<tr style=\"height: 24px;\">\n<td style=\"width: 50px; height: 24px;\">2003.<\/td>\n<td style=\"width: 693px; height: 24px;\"><a href=\"https:\/\/wp.me\/p7X4zm-4VS\">Professeur Krzysztof Szama\u0142ek<\/a>, Secr\u00e9taire d&#8217;\u00c9tat au Minist\u00e8re de l&#8217;Environnement<\/td>\n<\/tr>\n<tr style=\"height: 48px;\">\n<td style=\"width: 50px; height: 48px;\">2003.<\/td>\n<td style=\"width: 693px; height: 48px;\"><a href=\"https:\/\/wp.me\/p7X4zm-4VV\">J\u00f3zef Oleksy<\/a>, Premier ministre<\/td>\n<\/tr>\n<tr style=\"height: 48px;\">\n<td style=\"width: 50px; height: 48px;\">2003.<\/td>\n<td style=\"width: 693px; height: 48px;\"><a href=\"https:\/\/wp.me\/p7X4zm-4X5\">Professeur Longin Pastusiak<\/a>, Pr\u00e9sident du S\u00e9nat<\/td>\n<\/tr>\n<tr style=\"height: 48px;\">\n<td style=\"width: 50px; height: 48px;\">2004.<\/td>\n<td style=\"width: 693px; height: 48px;\"><a href=\"https:\/\/wp.me\/p7X4zm-4X7\">Professeur Barbara B\u0142o\u0144ska-Fajfrowska<\/a>, Pr\u00e9sident de la Commission Parlementaire de la Sant\u00e9<\/td>\n<\/tr>\n<tr style=\"height: 48px;\">\n<td style=\"width: 50px; height: 48px;\">2004.<\/td>\n<td style=\"width: 693px; height: 48px;\">Leszek Sikorski, Ministre de la Sant\u00e9<\/td>\n<\/tr>\n<tr style=\"height: 48px;\">\n<td style=\"width: 50px; height: 48px;\">2005.<\/td>\n<td style=\"width: 693px; height: 48px;\"><a href=\"https:\/\/wp.me\/p7X4zm-4Xc\">Aleksander Kwa\u015bniewski<\/a>, Pr\u00e9sident de la Pologne<\/td>\n<\/tr>\n<tr style=\"height: 48px;\">\n<td style=\"width: 50px; height: 48px;\">2005.<\/td>\n<td style=\"width: 693px; height: 48px;\"><a href=\"https:\/\/wp.me\/p7X4zm-4Xf\">W\u0142odzimierz Cimoszewicz<\/a>, Premier ministre<\/td>\n<\/tr>\n<tr style=\"height: 48px;\">\n<td style=\"width: 50px; height: 48px;\">2005.<\/td>\n<td style=\"width: 693px; height: 48px;\"><a href=\"https:\/\/wp.me\/p7X4zm-4Xh\">S\u0142awomir Piechota<\/a>, D\u00e9put\u00e9<\/td>\n<\/tr>\n<tr style=\"height: 48px;\">\n<td style=\"width: 50px; height: 48px;\">2005.<\/td>\n<td style=\"width: 693px; height: 48px;\"><a href=\"https:\/\/wp.me\/p7X4zm-4Xj\">Professeur Barbara Blonska-Fajfrowska<\/a>, Pr\u00e9sident de la Commission Parlementaire de la Sant\u00e9<\/td>\n<\/tr>\n<tr style=\"height: 48px;\">\n<td style=\"width: 50px; height: 48px;\">2006.<\/td>\n<td style=\"width: 693px; height: 48px;\"><a href=\"https:\/\/wp.me\/p7X4zm-4Xj\">Jerzy Miller<\/a>, Pr\u00e9sident de la Caisse Nationale de Sant\u00e9<\/td>\n<\/tr>\n<tr style=\"height: 48px;\">\n<td style=\"width: 50px; height: 48px;\">2006.<\/td>\n<td style=\"width: 693px; height: 48px;\"><a href=\"\/fr\/aktualnosci-fr\/10e-anniversaire-de-la-cr-ation-de-l-institut-de-physiologie-et-de-pathologie-de-l-audition.html\">Bogdan Borusewicz<\/a>, Pr\u00e9sident du S\u00e9nat<\/td>\n<\/tr>\n<tr style=\"height: 48px;\">\n<td style=\"width: 50px; height: 48px;\">2006.<\/td>\n<td style=\"width: 693px; height: 48px;\"><a href=\"\/fr\/aktualnosci-fr\/10e-anniversaire-de-la-cr-ation-de-l-institut-de-physiologie-et-de-pathologie-de-l-audition.html\">Jan Krzysztof Bielecki<\/a>, Premier ministre<\/td>\n<\/tr>\n<tr style=\"height: 48px;\">\n<td style=\"width: 50px; height: 48px;\">2006.<\/td>\n<td style=\"width: 693px; height: 48px;\">Professeur <a href=\"\/fr\/aktualnosci-fr\/10e-anniversaire-de-la-cr-ation-de-l-institut-de-physiologie-et-de-pathologie-de-l-audition.html\">Wies\u0142aw Chrzanowski<\/a>, Mar\u00e9chal de la Di\u00e8te<\/td>\n<\/tr>\n<tr style=\"height: 48px;\">\n<td style=\"width: 50px; height: 48px;\">2006.<\/td>\n<td style=\"width: 693px; height: 48px;\">L&#8217;\u00e9v\u00eaque <a href=\"\/fr\/aktualnosci-fr\/10e-anniversaire-de-la-cr-ation-de-l-institut-de-physiologie-et-de-pathologie-de-l-audition.html\">Alojzy Orszulik<\/a><\/td>\n<\/tr>\n<tr style=\"height: 48px;\">\n<td style=\"width: 50px; height: 48px;\">2006.<\/td>\n<td style=\"width: 693px; height: 48px;\">Professeur <a href=\"\/fr\/aktualnosci-fr\/10e-anniversaire-de-la-cr-ation-de-l-institut-de-physiologie-et-de-pathologie-de-l-audition.html\">Zbigniew Religa<\/a>, Ministre de la Sant\u00e9<\/td>\n<\/tr>\n<tr style=\"height: 48px;\">\n<td style=\"width: 50px; height: 48px;\">2006.<\/td>\n<td style=\"width: 693px; height: 48px;\"><a href=\"\/fr\/aktualnosci-fr\/10e-anniversaire-de-la-cr-ation-de-l-institut-de-physiologie-et-de-pathologie-de-l-audition.html\">Jaros\u0142aw Pinkas<\/a>, Sous-secr\u00e9taire d&#8217;Etat au Minist\u00e8re de la Sant\u00e9<\/td>\n<\/tr>\n<tr style=\"height: 48px;\">\n<td style=\"width: 50px; height: 48px;\">2006.<\/td>\n<td style=\"width: 693px; height: 48px;\"><a href=\"\/fr\/aktualnosci-fr\/10e-anniversaire-de-la-cr-ation-de-l-institut-de-physiologie-et-de-pathologie-de-l-audition.html\">J\u00f3zef Oleksy<\/a>, Premier ministre<\/td>\n<\/tr>\n<tr style=\"height: 48px;\">\n<td style=\"width: 50px; height: 48px;\">2006.<\/td>\n<td style=\"width: 693px; height: 48px;\"><a href=\"\/fr\/aktualnosci-fr\/10e-anniversaire-de-la-cr-ation-de-l-institut-de-physiologie-et-de-pathologie-de-l-audition.html\">Dr Anna Gr\u0119ziak<\/a>, Sous-secr\u00e9taire d&#8217;Etat au Minist\u00e8re de la Sant\u00e9<\/td>\n<\/tr>\n<tr style=\"height: 48px;\">\n<td style=\"width: 50px; height: 48px;\">2007.<\/td>\n<td style=\"width: 693px; height: 48px;\"><a href=\"https:\/\/wp.me\/p7X4zm-4XE\">Prof. Bronis\u0142aw Geremek<\/a>, Eurod\u00e9put\u00e9<\/td>\n<\/tr>\n<tr style=\"height: 48px;\">\n<td style=\"width: 50px; height: 48px;\">2007.<\/td>\n<td style=\"width: 693px; height: 48px;\"><a href=\"https:\/\/wp.me\/p7X4zm-4XE\">Prof. Jerzy Buzek<\/a>, Eurod\u00e9put\u00e9<\/td>\n<\/tr>\n<tr style=\"height: 48px;\">\n<td style=\"width: 50px; height: 48px;\">2007.<\/td>\n<td style=\"width: 693px; height: 48px;\"><a href=\"https:\/\/wp.me\/p7X4zm-4XE\">Ryszard Czarnecki<\/a>, Eurod\u00e9put\u00e9<\/td>\n<\/tr>\n<tr style=\"height: 48px;\">\n<td style=\"width: 50px; height: 48px;\">2007.<\/td>\n<td style=\"width: 693px; height: 48px;\"><a href=\"https:\/\/wp.me\/p7X4zm-4XL\">Andrzej So\u015bnierz<\/a>, Pr\u00e9sident de la Caisse Nationale de Sant\u00e9<\/td>\n<\/tr>\n<tr style=\"height: 48px;\">\n<td style=\"width: 50px; height: 48px;\">2009.<\/td>\n<td style=\"width: 693px; height: 48px;\"><a href=\"https:\/\/wp.me\/p7X4zm-4XO\">Waldemar Pawlak<\/a>, Vice-premier ministre<\/td>\n<\/tr>\n<tr style=\"height: 48px;\">\n<td style=\"width: 50px; height: 48px;\">2009.<\/td>\n<td style=\"width: 693px; height: 48px;\"><a href=\"https:\/\/wp.me\/p7X4zm-4XO\">Dr Adam Fronczak<\/a>, Sous-secr\u00e9taire d&#8217;Etat au Minist\u00e8re de la Sant\u00e9<\/td>\n<\/tr>\n<tr style=\"height: 48px;\">\n<td style=\"width: 50px; height: 48px;\">2009.<\/td>\n<td style=\"width: 693px; height: 48px;\"><a href=\"https:\/\/wp.me\/p7X4zm-4XO\">Professeur Krzysztof Jan Kurzyd\u0142owski<\/a>, Sous-secr\u00e9taire d&#8217;Etat au Minist\u00e8re de la Science<\/td>\n<\/tr>\n<tr style=\"height: 48px;\">\n<td style=\"width: 50px; height: 48px;\">2009.<\/td>\n<td style=\"width: 693px; height: 48px;\"><a href=\"https:\/\/wp.me\/p7X4zm-4XO\">Dr Anna Gr\u0119ziak<\/a>, Conseiller du Pr\u00e9sident<\/td>\n<\/tr>\n<tr style=\"height: 48px;\">\n<td style=\"width: 50px; height: 48px;\">2009.<\/td>\n<td style=\"width: 693px; height: 48px;\"><a href=\"https:\/\/wp.me\/p7X4zm-4XU\">Ewa Ju\u0144czyk &#8211; Ziomecka<\/a>, Secr\u00e9taire d&#8217;\u00c9tat au Cabinet du Pr\u00e9sident<\/td>\n<\/tr>\n<tr style=\"height: 24px;\">\n<td style=\"width: 50px; height: 24px;\">2009.<\/td>\n<td style=\"width: 693px; height: 24px;\"><a href=\"https:\/\/wp.me\/p7X4zm-4XU\">Dr Tomasz Zdrojewski<\/a>, Conseiller du Pr\u00e9sident<\/td>\n<\/tr>\n<tr style=\"height: 48px;\">\n<td style=\"width: 50px; height: 48px;\">2010.<\/td>\n<td style=\"width: 693px; height: 48px;\"><a href=\"https:\/\/wp.me\/p7X4zm-4XZ\">El\u017cbieta Smoli\u0144ska<\/a>, Administrateur de district de Pruszk\u00f3w<\/td>\n<\/tr>\n<tr style=\"height: 48px;\">\n<td style=\"width: 50px; height: 48px;\">2010.<\/td>\n<td style=\"width: 693px; height: 48px;\"><a href=\"https:\/\/wp.me\/p7X4zm-4XZ\">Dr Adam Fronczak<\/a>, Sous-secr\u00e9taire d&#8217;Etat au Minist\u00e8re de la Sant\u00e9<\/td>\n<\/tr>\n<tr style=\"height: 48px;\">\n<td style=\"width: 50px; height: 48px;\">2010.<\/td>\n<td style=\"width: 693px; height: 48px;\"><a href=\"https:\/\/wp.me\/p7X4zm-4XZ\">Jacek Paszkiewicz<\/a>, Pr\u00e9sident de la Caisse Nationale de Sant\u00e9<\/td>\n<\/tr>\n<tr style=\"height: 72px;\">\n<td style=\"width: 50px; height: 72px;\">2010.<\/td>\n<td style=\"width: 693px; height: 72px;\"><a href=\"https:\/\/wp.me\/p7X4zm-4XZ\">Professeur Wojciech Noszczyk<\/a>, Vice-pr\u00e9sident de la Commission Centrale pour les Dipl\u00f4mes et Titres Universitaires<\/td>\n<\/tr>\n<tr style=\"height: 24px;\">\n<td style=\"width: 50px; height: 24px;\">2010.<\/td>\n<td style=\"width: 693px; height: 24px;\"><a href=\"https:\/\/wp.me\/p7X4zm-4XZ\">Dr Andrzej W\u0142odarczyk<\/a>, Sous-secr\u00e9taire d&#8217;Etat au Minist\u00e8re de la Sant\u00e9<\/td>\n<\/tr>\n<tr style=\"height: 48px;\">\n<td style=\"width: 50px; height: 48px;\">2010.<\/td>\n<td style=\"width: 693px; height: 48px;\"><a href=\"https:\/\/wp.me\/p7X4zm-4XZ\">Janusz Grzyb<\/a>, Maire de Nadarzyn<\/td>\n<\/tr>\n<tr style=\"height: 24px;\">\n<td style=\"width: 50px; height: 24px;\">2010.<\/td>\n<td style=\"width: 693px; height: 24px;\"><a href=\"https:\/\/wp.me\/p7X4zm-4Y5\">Rados\u0142aw Sikorski<\/a>, Ministre des Affaires \u00c9trang\u00e8res<\/td>\n<\/tr>\n<tr style=\"height: 48px;\">\n<td style=\"width: 50px; height: 48px;\">2010<\/td>\n<td style=\"width: 693px; height: 48px;\"><a href=\"https:\/\/wp.me\/p7X4zm-4Y7\">Professeur G\u00fcnter Verheugen<\/a>, <em>Commissaire europ\u00e9en<\/em>\u00a0en\u00a0<em>charge<\/em>\u00a0de l&#8217;<em>Industrie<\/em>\u00a0et des\u00a0<em>Entreprises<\/em><\/td>\n<\/tr>\n<tr style=\"height: 48px;\">\n<td style=\"width: 50px; height: 48px;\">2011.<\/td>\n<td style=\"width: 693px; height: 48px;\">Cardinal <a href=\"https:\/\/wp.me\/p7X4zm-4Y9\">J\u00f3zef Glemp<\/a><\/td>\n<\/tr>\n<tr style=\"height: 24px;\">\n<td style=\"width: 50px; height: 24px;\">2011.<\/td>\n<td style=\"width: 693px; height: 24px;\"><a href=\"https:\/\/wp.me\/p7X4zm-4Yb\">Ewa Kopacz<\/a>, Ministre de la Sant\u00e9<\/td>\n<\/tr>\n<tr style=\"height: 48px;\">\n<td style=\"width: 50px; height: 48px;\">2011.<\/td>\n<td style=\"width: 693px; height: 48px;\"><a href=\"https:\/\/wp.me\/p7X4zm-4Yd\">Dr Beata Ma\u0142ecka-Libera<\/a>, Vice-pr\u00e9sident de la Commission Parlementaire pour la Sant\u00e9<\/td>\n<\/tr>\n<tr style=\"height: 48px;\">\n<td style=\"width: 50px; height: 48px;\">2011.<\/td>\n<td style=\"width: 693px; height: 48px;\"><a href=\"https:\/\/wp.me\/p7X4zm-4Yd\">Dr Adam Fronczak<\/a>, Sous-ministre de la Sant\u00e9<\/td>\n<\/tr>\n<tr style=\"height: 48px;\">\n<td style=\"width: 50px; height: 48px;\">2012.<\/td>\n<td style=\"width: 693px; height: 48px;\"><a href=\"https:\/\/wp.me\/p7X4zm-4Yh\">Donald Tusk<\/a>, Premier ministre de la R\u00e9publique de Pologne<\/td>\n<\/tr>\n<tr style=\"height: 48px;\">\n<td style=\"width: 50px; height: 48px;\">2012.<\/td>\n<td style=\"width: 693px; height: 48px;\"><a href=\"https:\/\/wp.me\/p7X4zm-4Yh\">Ewa Kopacz<\/a>, Mar\u00e9chal de la Di\u00e8te<\/td>\n<\/tr>\n<tr style=\"height: 48px;\">\n<td style=\"width: 50px; height: 48px;\">2012.<\/td>\n<td style=\"width: 693px; height: 48px;\"><a href=\"https:\/\/wp.me\/p7X4zm-4Yh\">El\u017cbieta Bie\u0144kowska<\/a>, Ministre du D\u00e9veloppement R\u00e9gional<\/td>\n<\/tr>\n<tr style=\"height: 24px;\">\n<td style=\"width: 50px; height: 24px;\">2012.<\/td>\n<td style=\"width: 693px; height: 24px;\"><a href=\"https:\/\/wp.me\/p7X4zm-4Yh\">Aleksander Sopli\u0144sk<\/a>i, Sous-ministre de la Sant\u00e9<\/td>\n<\/tr>\n<tr style=\"height: 48px;\">\n<td style=\"width: 50px; height: 48px;\">2012.<\/td>\n<td style=\"width: 693px; height: 48px;\">Cardinal Kazimierz Nycz<\/td>\n<\/tr>\n<tr style=\"height: 48px;\">\n<td style=\"width: 50px; height: 48px;\">2012.<\/td>\n<td style=\"width: 693px; height: 48px;\"><a href=\"https:\/\/wp.me\/p7X4zm-4Yh\">Dr Adam Fronczak<\/a>, ancien Sous-ministre de la Sant\u00e9<\/td>\n<\/tr>\n<tr style=\"height: 48px;\">\n<td style=\"width: 50px; height: 48px;\">2012.<\/td>\n<td style=\"width: 693px; height: 48px;\"><a href=\"https:\/\/wp.me\/p7X4zm-4Yh\">Professeur Longin Pastusiak<\/a>, ancien Pr\u00e9sident du S\u00e9nat<\/td>\n<\/tr>\n<tr style=\"height: 48px;\">\n<td style=\"width: 50px; height: 48px;\">2012.<\/td>\n<td style=\"width: 693px; height: 48px;\"><a href=\"https:\/\/wp.me\/p7X4zm-4Yh\">Dr J\u00f3zef Oleksy<\/a>, ancien Premier Ministre de la R\u00e9publique de Pologne<\/td>\n<\/tr>\n<tr style=\"height: 72px;\">\n<td style=\"width: 50px; height: 72px;\">2012.<\/td>\n<td style=\"width: 693px; height: 72px;\"><a href=\"https:\/\/wp.me\/p7X4zm-4Yh\">Professeur Krzysztof Kurzyd\u0142owski<\/a>, Directeur du Centre National pour la Recherche et le D\u00e9veloppement<\/td>\n<\/tr>\n<tr style=\"height: 48px;\">\n<td style=\"width: 50px; height: 48px;\">2012.<\/td>\n<td style=\"width: 693px; height: 48px;\"><a href=\"https:\/\/wp.me\/p7X4zm-4Yj\">Bogdan Borusewicz<\/a>, Pr\u00e9sident du S\u00e9nat<\/td>\n<\/tr>\n<tr style=\"height: 48px;\">\n<td style=\"width: 50px; height: 48px;\">2012.<\/td>\n<td style=\"width: 693px; height: 48px;\"><a href=\"https:\/\/wp.me\/p7X4zm-4Ym\">Bronis\u0142aw Komorowski<\/a>, Pr\u00e9sident de la Pologne<\/td>\n<\/tr>\n<tr style=\"height: 72px;\">\n<td style=\"width: 50px; height: 72px;\">2013.<\/td>\n<td style=\"width: 693px; height: 72px;\"><a href=\"https:\/\/wp.me\/p7X4zm-4Yo\">Marek Michalak<\/a>, Chancelier du Chapitre International de l&#8217;Ordre du Sourire et le D\u00e9fenseur des droits de l\u2019enfant<\/td>\n<\/tr>\n<tr style=\"height: 48px;\">\n<td style=\"width: 50px; height: 48px;\">2013.<\/td>\n<td style=\"width: 693px; height: 48px;\"><a href=\"https:\/\/wp.me\/p7X4zm-4Yq\">Cardinal Kazimierz Nycz<\/a><\/td>\n<\/tr>\n<\/tbody>\n<\/table>\n<p>&nbsp;<\/p>\n","protected":false},"excerpt":{"rendered":"<p>1993. Dr Hanna Suchocka, Premier ministre 1993. Gra\u017cyna Andrzejewska-Sroczy\u0144ska, Pl\u00e9nipotentiaire du Gouvernement pour les Personnes Handicap\u00e9es 1993. L&#8217;\u00e9v\u00eaque Alojzy Orszulik 1993. Jerzy Kozmi\u0144ski, Secr\u00e9taire d&#8217;\u00c9tat au Minist\u00e8re des Affaires \u00c9trang\u00e8res 1993. Bohdan Jastrz\u0119bski, Vo\u00ef\u00e9vode de Varsovie 1993. Professeur Jacek Zochowski, ..<\/p>\n<div class=\"reading\"><a href=\"https:\/\/henrykskarzynski.pl\/?page_id=2118&#038;lang=fr\">&gt;&gt;&gt;<\/a><\/div>\n","protected":false},"author":3,"featured_media":0,"parent":0,"menu_order":3,"comment_status":"closed","ping_status":"closed","template":"","meta":{"footnotes":""},"class_list":["post-2118","page","type-page","status-publish","hentry"],"_links":{"self":[{"href":"https:\/\/henrykskarzynski.pl\/index.php?rest_route=\/wp\/v2\/pages\/2118","targetHints":{"allow":["GET"]}}],"collection":[{"href":"https:\/\/henrykskarzynski.pl\/index.php?rest_route=\/wp\/v2\/pages"}],"about":[{"href":"https:\/\/henrykskarzynski.pl\/index.php?rest_route=\/wp\/v2\/types\/page"}],"author":[{"embeddable":true,"href":"https:\/\/henrykskarzynski.pl\/index.php?rest_route=\/wp\/v2\/users\/3"}],"replies":[{"embeddable":true,"href":"https:\/\/henrykskarzynski.pl\/index.php?rest_route=%2Fwp%2Fv2%2Fcomments&post=2118"}],"version-history":[{"count":0,"href":"https:\/\/henrykskarzynski.pl\/index.php?rest_route=\/wp\/v2\/pages\/2118\/revisions"}],"wp:attachment":[{"href":"https:\/\/henrykskarzynski.pl\/index.php?rest_route=%2Fwp%2Fv2%2Fmedia&parent=2118"}],"curies":[{"name":"wp","href":"https:\/\/api.w.org\/{rel}","templated":true}]}}