{"id":20854,"date":"2014-08-06T14:11:11","date_gmt":"2013-09-16T19:54:11","guid":{"rendered":"https:\/\/henrykskarzynski.pl\/?page_id=20854"},"modified":"2020-02-12T10:33:58","modified_gmt":"2020-02-12T10:33:58","slug":"visite-dei-rappresentanti-delle-organizzazioni-non-governative-2","status":"publish","type":"page","link":"https:\/\/henrykskarzynski.pl\/?page_id=20854&lang=it","title":{"rendered":"Visite dei rappresentanti delle organizzazioni non governative"},"content":{"rendered":"<table style=\"height: 248px;\" border=\"0\" cellspacing=\"1\" cellpadding=\"1\">\n<tbody>\n<tr>\n<td style=\"width: 53px;\">2001 r.<\/td>\n<td style=\"width: 602px;\">Ryszard Konwerski, Presidente del Club Polacco degli Affari<\/td>\n<\/tr>\n<tr>\n<td style=\"width: 53px;\">2005 r.<\/td>\n<td style=\"width: 602px;\">Ma\u0142gorzata \u017bak, Presidente della Fondazione Polsat<\/td>\n<\/tr>\n<tr>\n<td style=\"width: 53px;\">2006 r.<\/td>\n<td style=\"width: 602px;\">Bo\u017cena Walter,Presidente della Fondazione TVN \u201eNie jeste\u015b sam\u201d [\u201cNon sei da solo\u201d]<\/td>\n<\/tr>\n<tr>\n<td style=\"width: 53px;\">2011 r.<\/td>\n<td style=\"width: 602px;\">Henryka Krzywonos<\/td>\n<\/tr>\n<tr>\n<td style=\"width: 53px;\">2013 r.<\/td>\n<td style=\"width: 602px;\">Henryka Krzywonos<\/td>\n<\/tr>\n<\/tbody>\n<\/table>\n<p>&nbsp;<\/p>\n","protected":false},"excerpt":{"rendered":"<p>2001 r. Ryszard Konwerski, Presidente del Club Polacco degli Affari 2005 r. Ma\u0142gorzata \u017bak, Presidente della Fondazione Polsat 2006 r. Bo\u017cena Walter,Presidente della Fondazione TVN \u201eNie jeste\u015b sam\u201d [\u201cNon sei da solo\u201d] 2011 r. Henryka Krzywonos 2013 r. Henryka Krzywonos ..<\/p>\n<div class=\"reading\"><a href=\"https:\/\/henrykskarzynski.pl\/?page_id=20854&#038;lang=it\">&gt;&gt;&gt;<\/a><\/div>\n","protected":false},"author":9,"featured_media":0,"parent":0,"menu_order":45,"comment_status":"closed","ping_status":"closed","template":"","meta":{"footnotes":""},"class_list":["post-20854","page","type-page","status-publish","hentry"],"_links":{"self":[{"href":"https:\/\/henrykskarzynski.pl\/index.php?rest_route=\/wp\/v2\/pages\/20854","targetHints":{"allow":["GET"]}}],"collection":[{"href":"https:\/\/henrykskarzynski.pl\/index.php?rest_route=\/wp\/v2\/pages"}],"about":[{"href":"https:\/\/henrykskarzynski.pl\/index.php?rest_route=\/wp\/v2\/types\/page"}],"author":[{"embeddable":true,"href":"https:\/\/henrykskarzynski.pl\/index.php?rest_route=\/wp\/v2\/users\/9"}],"replies":[{"embeddable":true,"href":"https:\/\/henrykskarzynski.pl\/index.php?rest_route=%2Fwp%2Fv2%2Fcomments&post=20854"}],"version-history":[{"count":0,"href":"https:\/\/henrykskarzynski.pl\/index.php?rest_route=\/wp\/v2\/pages\/20854\/revisions"}],"wp:attachment":[{"href":"https:\/\/henrykskarzynski.pl\/index.php?rest_route=%2Fwp%2Fv2%2Fmedia&parent=20854"}],"curies":[{"name":"wp","href":"https:\/\/api.w.org\/{rel}","templated":true}]}}