{"id":20744,"date":"2015-09-07T14:14:33","date_gmt":"2015-09-07T14:14:33","guid":{"rendered":"https:\/\/henrykskarzynski.pl\/?page_id=20744"},"modified":"2020-02-05T13:51:16","modified_gmt":"2020-02-05T13:51:16","slug":"publicaciones-cientificas-nacionales","status":"publish","type":"page","link":"https:\/\/henrykskarzynski.pl\/?page_id=20744&lang=es","title":{"rendered":"Publicaciones cient\u00edficas nacionales"},"content":{"rendered":"<h3><a href=\"https:\/\/henrykskarzynski.pl\/wp-content\/uploads\/2020\/02\/Artyku\u0142y-w-czasopismach-krajowych.pdf\">Art\u00edculos en revistas nacionales<\/a><\/h3>\n<h3><a href=\"https:\/\/henrykskarzynski.pl\/wp-content\/uploads\/2020\/02\/Rozdzia\u0142y-w-publikacjach-krajowych.pdf\">Cap\u00edtulos en publicaciones nacionales<\/a><\/h3>\n<h3><a href=\"https:\/\/henrykskarzynski.pl\/wp-content\/uploads\/2020\/02\/Prace-w-recenzowanych-materia\u0142ach-zjazdowych-krajowych.pdf\">Documentos cient\u00edficos en materiales revisados \u200b\u200bdel congreso nacional<\/a><\/h3>\n","protected":false},"excerpt":{"rendered":"<p>Art\u00edculos en revistas nacionales Cap\u00edtulos en publicaciones nacionales Documentos cient\u00edficos en materiales revisados \u200b\u200bdel congreso nacional<\/p>\n","protected":false},"author":9,"featured_media":0,"parent":0,"menu_order":32,"comment_status":"closed","ping_status":"closed","template":"","meta":{"footnotes":""},"class_list":["post-20744","page","type-page","status-publish","hentry"],"_links":{"self":[{"href":"https:\/\/henrykskarzynski.pl\/index.php?rest_route=\/wp\/v2\/pages\/20744","targetHints":{"allow":["GET"]}}],"collection":[{"href":"https:\/\/henrykskarzynski.pl\/index.php?rest_route=\/wp\/v2\/pages"}],"about":[{"href":"https:\/\/henrykskarzynski.pl\/index.php?rest_route=\/wp\/v2\/types\/page"}],"author":[{"embeddable":true,"href":"https:\/\/henrykskarzynski.pl\/index.php?rest_route=\/wp\/v2\/users\/9"}],"replies":[{"embeddable":true,"href":"https:\/\/henrykskarzynski.pl\/index.php?rest_route=%2Fwp%2Fv2%2Fcomments&post=20744"}],"version-history":[{"count":0,"href":"https:\/\/henrykskarzynski.pl\/index.php?rest_route=\/wp\/v2\/pages\/20744\/revisions"}],"wp:attachment":[{"href":"https:\/\/henrykskarzynski.pl\/index.php?rest_route=%2Fwp%2Fv2%2Fmedia&parent=20744"}],"curies":[{"name":"wp","href":"https:\/\/api.w.org\/{rel}","templated":true}]}}