{"id":20736,"date":"2015-09-07T14:15:17","date_gmt":"2015-09-07T14:15:17","guid":{"rendered":"https:\/\/henrykskarzynski.pl\/?page_id=20736"},"modified":"2020-02-05T12:25:51","modified_gmt":"2020-02-05T12:25:51","slug":"publications-scientifiques-internationales","status":"publish","type":"page","link":"https:\/\/henrykskarzynski.pl\/?page_id=20736&lang=fr","title":{"rendered":"Publications scientifiques internationales"},"content":{"rendered":"<h3><a href=\"https:\/\/henrykskarzynski.pl\/wp-content\/uploads\/2020\/02\/Artyku\u0142y-w-czasopismach-zagranicznych.pdf\">Articles scientifiques dans des revues \u00e9trang\u00e8res<\/a><\/h3>\n<h3><a href=\"https:\/\/henrykskarzynski.pl\/wp-content\/uploads\/2020\/02\/Rozdzia\u0142y-w-publikacjach-zagranicznych.pdf\">Chapitres de publications \u00e9trang\u00e8res<\/a><\/h3>\n<h3><a href=\"https:\/\/henrykskarzynski.pl\/wp-content\/uploads\/2020\/02\/Prace-w-recenzowanych-materia\u0142ach-zjazdowych-zagranicznych.pdf\">Articles scientifiques dans des documents de congr\u00e8s \u00e9trangers r\u00e9vis\u00e9s<\/a><\/h3>\n","protected":false},"excerpt":{"rendered":"<p>Articles scientifiques dans des revues \u00e9trang\u00e8res Chapitres de publications \u00e9trang\u00e8res Articles scientifiques dans des documents de congr\u00e8s \u00e9trangers r\u00e9vis\u00e9s<\/p>\n","protected":false},"author":9,"featured_media":0,"parent":0,"menu_order":0,"comment_status":"closed","ping_status":"closed","template":"","meta":{"footnotes":""},"class_list":["post-20736","page","type-page","status-publish","hentry"],"_links":{"self":[{"href":"https:\/\/henrykskarzynski.pl\/index.php?rest_route=\/wp\/v2\/pages\/20736","targetHints":{"allow":["GET"]}}],"collection":[{"href":"https:\/\/henrykskarzynski.pl\/index.php?rest_route=\/wp\/v2\/pages"}],"about":[{"href":"https:\/\/henrykskarzynski.pl\/index.php?rest_route=\/wp\/v2\/types\/page"}],"author":[{"embeddable":true,"href":"https:\/\/henrykskarzynski.pl\/index.php?rest_route=\/wp\/v2\/users\/9"}],"replies":[{"embeddable":true,"href":"https:\/\/henrykskarzynski.pl\/index.php?rest_route=%2Fwp%2Fv2%2Fcomments&post=20736"}],"version-history":[{"count":0,"href":"https:\/\/henrykskarzynski.pl\/index.php?rest_route=\/wp\/v2\/pages\/20736\/revisions"}],"wp:attachment":[{"href":"https:\/\/henrykskarzynski.pl\/index.php?rest_route=%2Fwp%2Fv2%2Fmedia&parent=20736"}],"curies":[{"name":"wp","href":"https:\/\/api.w.org\/{rel}","templated":true}]}}