{"id":20734,"date":"2015-09-07T14:15:17","date_gmt":"2015-09-07T14:15:17","guid":{"rendered":"https:\/\/henrykskarzynski.pl\/?page_id=20734"},"modified":"2020-02-05T12:23:40","modified_gmt":"2020-02-05T12:23:40","slug":"publicaciones-cientificas-internacionales","status":"publish","type":"page","link":"https:\/\/henrykskarzynski.pl\/?page_id=20734&lang=es","title":{"rendered":"Publicaciones cient\u00edficas internacionales"},"content":{"rendered":"<h3><a href=\"https:\/\/henrykskarzynski.pl\/wp-content\/uploads\/2020\/02\/Artyku\u0142y-w-czasopismach-zagranicznych.pdf\">Art\u00edculos cient\u00edficos en revistas extranjeras<\/a><\/h3>\n<h3><a href=\"https:\/\/henrykskarzynski.pl\/wp-content\/uploads\/2020\/02\/Rozdzia\u0142y-w-publikacjach-zagranicznych.pdf\">Cap\u00edtulos en publicaciones extranjeras<\/a><\/h3>\n<h3><a href=\"https:\/\/henrykskarzynski.pl\/wp-content\/uploads\/2020\/02\/Prace-w-recenzowanych-materia\u0142ach-zjazdowych-zagranicznych.pdf\">Documentos cient\u00edficos en materiales revisados \u200b\u200bdel congreso extranjero<\/a><\/h3>\n","protected":false},"excerpt":{"rendered":"<p>Art\u00edculos cient\u00edficos en revistas extranjeras Cap\u00edtulos en publicaciones extranjeras Documentos cient\u00edficos en materiales revisados \u200b\u200bdel congreso extranjero<\/p>\n","protected":false},"author":9,"featured_media":0,"parent":0,"menu_order":0,"comment_status":"closed","ping_status":"closed","template":"","meta":{"footnotes":""},"class_list":["post-20734","page","type-page","status-publish","hentry"],"_links":{"self":[{"href":"https:\/\/henrykskarzynski.pl\/index.php?rest_route=\/wp\/v2\/pages\/20734","targetHints":{"allow":["GET"]}}],"collection":[{"href":"https:\/\/henrykskarzynski.pl\/index.php?rest_route=\/wp\/v2\/pages"}],"about":[{"href":"https:\/\/henrykskarzynski.pl\/index.php?rest_route=\/wp\/v2\/types\/page"}],"author":[{"embeddable":true,"href":"https:\/\/henrykskarzynski.pl\/index.php?rest_route=\/wp\/v2\/users\/9"}],"replies":[{"embeddable":true,"href":"https:\/\/henrykskarzynski.pl\/index.php?rest_route=%2Fwp%2Fv2%2Fcomments&post=20734"}],"version-history":[{"count":0,"href":"https:\/\/henrykskarzynski.pl\/index.php?rest_route=\/wp\/v2\/pages\/20734\/revisions"}],"wp:attachment":[{"href":"https:\/\/henrykskarzynski.pl\/index.php?rest_route=%2Fwp%2Fv2%2Fmedia&parent=20734"}],"curies":[{"name":"wp","href":"https:\/\/api.w.org\/{rel}","templated":true}]}}