{"id":2033,"date":"2013-11-15T12:52:27","date_gmt":"2015-09-07T14:22:40","guid":{"rendered":"http:\/\/178.216.200.219\/?p=2033"},"modified":"2023-03-20T11:37:28","modified_gmt":"2023-03-20T11:37:28","slug":"activit-s-d-organisation","status":"publish","type":"page","link":"https:\/\/henrykskarzynski.pl\/?page_id=2033&lang=fr","title":{"rendered":"Activit\u00e9s d&#8217;organisation"},"content":{"rendered":"<table style=\"height: 768px;\" border=\"0\" width=\"100%\" cellspacing=\"0\" cellpadding=\"0\">\n<tbody>\n<tr style=\"height: 72px;\">\n<td style=\"width: 13.0802%; height: 72px;\"><strong>2022<\/strong><\/td>\n<td style=\"width: 86.4979%; height: 72px;\">Organisateur du XXXV<sup>e<\/sup>\u00a0Congr\u00e8s mondial d\u2019audiologie<\/td>\n<\/tr>\n<tr style=\"height: 72px;\">\n<td style=\"width: 13.0802%; height: 72px;\"><strong>2022<\/strong><\/td>\n<td style=\"width: 86.4979%; height: 72px;\">Initiateur et organisateur du Congr\u00e8s \u00ab La sant\u00e9 des Polonais \u00bb en 2022<\/td>\n<\/tr>\n<tr style=\"height: 72px;\">\n<td style=\"width: 13.0802%; height: 72px;\"><b>2022<\/b><\/td>\n<td style=\"width: 86.4979%; height: 72px;\">Organisateur du <a href=\"http:\/\/festiwal.ifps.org.pl\/fr\/2018\/02\/iiie-festival-international-de-musique-des-enfants-adolescents-et-adultes-avec-des-troubles-de-laudition-des-rythmes-cochleaires-10-14-juillet-2017-ateliers-de-maitre\/\">8\u00e8me Festival International de Musique des Enfants, Adolescents et Adultes avec des Troubles de l\u2019Audition \u00abLes Rythmes Cochl\u00e9aires\u00bb<\/a><\/td>\n<\/tr>\n<tr style=\"height: 72px;\">\n<td style=\"width: 13.0802%; height: 72px;\"><b>2021<\/b><\/td>\n<td style=\"width: 86.4979%; height: 72px;\">Initiateur et organisateur d\u2019un cycle de 25 conf\u00e9rences interdisciplinaires de vulgarisation scientifique \u00ab\u00a0La science pour la<\/td>\n<\/tr>\n<tr style=\"height: 72px;\">\n<td style=\"width: 13.0802%; height: 72px;\"><b>2021<\/b><\/td>\n<td style=\"width: 86.4979%; height: 72px;\">Initiateur et organisateur du Congr\u00e8s \u00ab La sant\u00e9 des Polonais \u00bb en 2021<\/td>\n<\/tr>\n<tr style=\"height: 72px;\">\n<td style=\"width: 13.0802%; height: 72px;\"><b>2021<\/b><\/td>\n<td style=\"width: 86.4979%; height: 72px;\">Organisateur du <a href=\"http:\/\/festiwal.ifps.org.pl\/fr\/2018\/02\/iiie-festival-international-de-musique-des-enfants-adolescents-et-adultes-avec-des-troubles-de-laudition-des-rythmes-cochleaires-10-14-juillet-2017-ateliers-de-maitre\/\">7\u00e8me Festival International de Musique des Enfants, Adolescents et Adultes avec des Troubles de l\u2019Audition \u00abLes Rythmes Cochl\u00e9aires\u00bb<\/a><\/td>\n<\/tr>\n<tr style=\"height: 72px;\">\n<td style=\"width: 13.0802%; height: 72px;\"><b>2020<\/b><\/td>\n<td style=\"width: 86.4979%; height: 72px;\">Initiateur et organisateur du Congr\u00e8s \u00ab La sant\u00e9 des Polonais \u00bb en 2020<\/td>\n<\/tr>\n<tr style=\"height: 72px;\">\n<td style=\"width: 13.0802%; height: 72px;\"><b>2020<\/b><\/td>\n<td style=\"width: 86.4979%; height: 72px;\">Organisateur du <a href=\"http:\/\/festiwal.ifps.org.pl\/fr\/2018\/02\/iiie-festival-international-de-musique-des-enfants-adolescents-et-adultes-avec-des-troubles-de-laudition-des-rythmes-cochleaires-10-14-juillet-2017-ateliers-de-maitre\/\">6\u00e8me Festival International de Musique des Enfants, Adolescents et Adultes avec des Troubles de l\u2019Audition \u00abLes Rythmes Cochl\u00e9aires\u00bb<\/a><\/td>\n<\/tr>\n<tr style=\"height: 72px;\">\n<td style=\"width: 13.0802%; height: 72px;\"><b>2019<\/b><\/td>\n<td style=\"width: 86.4979%; height: 72px;\">Organisateur de la 32<sup>e<\/sup>\u00a0R\u00e9union de la Soci\u00e9t\u00e9 Politzer<\/td>\n<\/tr>\n<tr style=\"height: 72px;\">\n<td style=\"width: 13.0802%; height: 72px;\"><b>2019<\/b><\/td>\n<td style=\"width: 86.4979%; height: 72px;\">Initiateur et organisateur du II<sup>e<\/sup>\u00a0Congr\u00e8s mondial d\u2019otologie<\/td>\n<\/tr>\n<tr style=\"height: 72px;\">\n<td style=\"width: 13.0802%; height: 72px;\"><b>2019<\/b><\/td>\n<td style=\"width: 86.4979%; height: 72px;\">Initiateur et organisateur du Congr\u00e8s \u00ab La sant\u00e9 des Polonais \u00bb en 2019<\/td>\n<\/tr>\n<tr style=\"height: 72px;\">\n<td style=\"width: 13.0802%; height: 72px;\"><b>2019<\/b><\/td>\n<td style=\"width: 86.4979%; height: 72px;\">Organisateur du <a href=\"http:\/\/festiwal.ifps.org.pl\/fr\/2018\/02\/iiie-festival-international-de-musique-des-enfants-adolescents-et-adultes-avec-des-troubles-de-laudition-des-rythmes-cochleaires-10-14-juillet-2017-ateliers-de-maitre\/\">5\u00e8me Festival International de Musique des Enfants, Adolescents et Adultes avec des Troubles de l\u2019Audition \u00abLes Rythmes Cochl\u00e9aires\u00bb<\/a><\/td>\n<\/tr>\n<tr style=\"height: 72px;\">\n<td style=\"width: 13.0802%; height: 72px;\"><b>2018<\/b><\/td>\n<td style=\"width: 86.4979%; height: 72px;\">Organisateur du la <a href=\"http:\/\/festiwal.ifps.org.pl\/fr\/\">4\u00e8me Festival International de Musique des Enfants, Adolescents et Adultes avec des Troubles de l\u2019Audition \u00abLes Rythmes Cochl\u00e9aires\u00bb<\/a><\/td>\n<\/tr>\n<tr style=\"height: 72px;\">\n<td style=\"width: 13.0802%; height: 72px;\"><b>2017<\/b><\/td>\n<td style=\"width: 86.4979%; height: 72px;\">Organisateur du <a href=\"http:\/\/festiwal.ifps.org.pl\/fr\/2018\/02\/iiie-festival-international-de-musique-des-enfants-adolescents-et-adultes-avec-des-troubles-de-laudition-des-rythmes-cochleaires-10-14-juillet-2017-ateliers-de-maitre\/\">3\u00e8me Festival International de Musique des Enfants, Adolescents et Adultes avec des Troubles de l\u2019Audition \u00abLes Rythmes Cochl\u00e9aires\u00bb<\/a><\/td>\n<\/tr>\n<tr style=\"height: 72px;\">\n<td style=\"width: 13.0802%; height: 72px;\"><b>2016<\/b><\/td>\n<td style=\"width: 86.4979%; height: 72px;\">Organisateur du la <a href=\"http:\/\/festiwal.ifps.org.pl\/fr\/2016\/07\/les-rythmes-cochleaires-2\/\">2\u00e8me Festival International de Musique des Enfants, Adolescents et Adultes avec des Troubles de l\u2019Audition \u00ab\u00a0Les Rythmes Cochl\u00e9aires\u00bb.<\/a><\/td>\n<\/tr>\n<tr style=\"height: 72px;\">\n<td style=\"width: 13.0802%; height: 72px;\"><b>2015<\/b><\/td>\n<td style=\"width: 86.4979%; height: 72px;\">Organisateur du <a href=\"http:\/\/festiwal.ifps.org.pl\/fr\/2015\/07\/le-gala-du-i-er-festival-international-de-musique-des-enfants-adolescents-et-adultes-avec-des-troubles-de-laudition-des-rythmes-cochleaires\/\">1er Festival International de Musique des Enfants, Adolescents et Adultes avec des Troubles de l\u2019Audition \u00ab\u00a0Les Rythmes Cochl\u00e9aires\u00bb.<\/a><\/td>\n<\/tr>\n<tr style=\"height: 48px;\">\n<td style=\"width: 13.0802%; height: 48px;\"><b>2012<\/b><\/td>\n<td style=\"width: 86.4979%; height: 48px;\">Construction et organisation du Centre Mondial de l\u2019Audition \u00e0 Kajetany pr\u00e8s de Varsovie<\/td>\n<\/tr>\n<tr style=\"height: 24px;\">\n<td style=\"width: 13.0802%; height: 24px;\"><b>2011<\/b><\/td>\n<td style=\"width: 86.4979%; height: 24px;\"><a href=\"\/fr\/aktualnosci-fr\/10e-congr-s-de-la-f-d-ration-europ-enne-des-soci-t-s-audiologiques-efas-.html\">Pr\u00e9sident du X\u00e8me Congr\u00e9s Europ\u00e9en de l&#8217;EFAS<\/a><\/td>\n<\/tr>\n<tr style=\"height: 48px;\">\n<td style=\"width: 13.0802%; height: 48px;\"><b>2009<\/b><\/td>\n<td style=\"width: 86.4979%; height: 48px;\">Construction et organisation du Centre Scientifique d\u2019Imagerie Biom\u00e9dicale<\/td>\n<\/tr>\n<tr style=\"height: 24px;\">\n<td style=\"width: 13.0802%; height: 24px;\"><b>2009<\/b><\/td>\n<td style=\"width: 86.4979%; height: 24px;\"><a href=\"\/fr\/aktualnosci-fr\/session-sur-la-r-habilitation-de-l-espci-2009.html\">Pr\u00e9sident de la IX\u00e8me Conf\u00e9rence Europ\u00e9enne ESPCI<\/a><\/td>\n<\/tr>\n<tr style=\"height: 72px;\">\n<td style=\"width: 13.0802%; height: 72px;\"><b>depuis 2005<\/b><\/td>\n<td style=\"width: 86.4979%; height: 72px;\">Organisateur du cycle d&#8217;ateliers internationaux avec des op\u00e9rations de d\u00e9monstration Window Approach Workshop<\/td>\n<\/tr>\n<tr style=\"height: 48px;\">\n<td style=\"width: 13.0802%; height: 48px;\"><b>2003 <\/b><\/td>\n<td style=\"width: 86.4979%; height: 48px;\">Construction et organisation du Centre International de l\u2019Audition et de la Parole<\/td>\n<\/tr>\n<tr style=\"height: 72px;\">\n<td style=\"width: 13.0802%; height: 72px;\"><b>2000 &#8211; 2012 <\/b><\/td>\n<td style=\"width: 86.4979%; height: 72px;\">Organisation de nombreux nouveaux programmes r\u00e9gionaux et nationaux de d\u00e9tection pr\u00e9coce des troubles de l&#8217;audition chez les enfants d&#8217;\u00e2ge scolaire<\/td>\n<\/tr>\n<tr style=\"height: 72px;\">\n<td style=\"width: 13.0802%; height: 72px;\"><b>1996 <\/b><\/td>\n<td style=\"width: 86.4979%; height: 72px;\">\u00c9laboration du programme, organisation de l\u2019\u00e9quipe et mise en marche de l\u2019Institut de Physiologie et de Pathologie de l&#8217;Audition<\/td>\n<\/tr>\n<tr style=\"height: 72px;\">\n<td style=\"width: 13.0802%; height: 72px;\"><b>1993 <\/b><\/td>\n<td style=\"width: 86.4979%; height: 72px;\">\u00c9laboration du programme d&#8217;activit\u00e9 et la cr\u00e9ation du &#8222;Cochlear Center\u201d, Centre de Diagnostic, Traitement et R\u00e9\u00e9ducation pour les Sourds et Malentendants<\/td>\n<\/tr>\n<\/tbody>\n<\/table>\n<p>&nbsp;<\/p>\n","protected":false},"excerpt":{"rendered":"<p>2022 Organisateur du XXXVe\u00a0Congr\u00e8s mondial d\u2019audiologie 2022 Initiateur et organisateur du Congr\u00e8s \u00ab La sant\u00e9 des Polonais \u00bb en 2022 2022 Organisateur du 8\u00e8me Festival International de Musique des Enfants, Adolescents et Adultes avec des Troubles de l\u2019Audition \u00abLes Rythmes ..<\/p>\n<div class=\"reading\"><a href=\"https:\/\/henrykskarzynski.pl\/?page_id=2033&#038;lang=fr\">&gt;&gt;&gt;<\/a><\/div>\n","protected":false},"author":3,"featured_media":0,"parent":0,"menu_order":9,"comment_status":"closed","ping_status":"closed","template":"","meta":{"footnotes":""},"class_list":["post-2033","page","type-page","status-publish","hentry"],"_links":{"self":[{"href":"https:\/\/henrykskarzynski.pl\/index.php?rest_route=\/wp\/v2\/pages\/2033","targetHints":{"allow":["GET"]}}],"collection":[{"href":"https:\/\/henrykskarzynski.pl\/index.php?rest_route=\/wp\/v2\/pages"}],"about":[{"href":"https:\/\/henrykskarzynski.pl\/index.php?rest_route=\/wp\/v2\/types\/page"}],"author":[{"embeddable":true,"href":"https:\/\/henrykskarzynski.pl\/index.php?rest_route=\/wp\/v2\/users\/3"}],"replies":[{"embeddable":true,"href":"https:\/\/henrykskarzynski.pl\/index.php?rest_route=%2Fwp%2Fv2%2Fcomments&post=2033"}],"version-history":[{"count":3,"href":"https:\/\/henrykskarzynski.pl\/index.php?rest_route=\/wp\/v2\/pages\/2033\/revisions"}],"predecessor-version":[{"id":23458,"href":"https:\/\/henrykskarzynski.pl\/index.php?rest_route=\/wp\/v2\/pages\/2033\/revisions\/23458"}],"wp:attachment":[{"href":"https:\/\/henrykskarzynski.pl\/index.php?rest_route=%2Fwp%2Fv2%2Fmedia&parent=2033"}],"curies":[{"name":"wp","href":"https:\/\/api.w.org\/{rel}","templated":true}]}}