{"id":2022,"date":"2013-04-30T13:46:13","date_gmt":"2013-10-14T14:40:31","guid":{"rendered":"http:\/\/178.216.200.219\/?p=2022"},"modified":"2024-11-14T09:31:46","modified_gmt":"2024-11-14T09:31:46","slug":"workshops-lectures-demonstration-surgeries","status":"publish","type":"page","link":"https:\/\/henrykskarzynski.pl\/?page_id=2022&lang=en","title":{"rendered":"Workshops, lectures, demonstration surgeries"},"content":{"rendered":"<h4>International workshops<\/h4>\n<p>Antwerp, Baku, Bogota, Bratislava, Dushanbe, Grodno, Habana, Hannover, Innsbruck, Kyiv, Lviv, Manila, Mechelen, Melbourne, Minsk, Moscow, Naples, Nice, Odesa, Pamplona, Parma, St. Petersburg, Sao Paulo, Siena, Singapore, Stockholm, Sydney, Tashkent, Vienna, Warsaw <\/p>\n<h4>Invited lectures during congresses, conferences and symposia<\/h4>\n<p style=\"text-align: justify;\"><span id=\"result_box\" lang=\"en\"><span title=\"Antwerpia (2000), Berlin (2000), Miami (2000), Kopenhaga (2000), Liptovski Jan (2001), Las Palmas (2002), Bratys\u0142awa (2003), Frankfurt (2003), Heraklion (2003), Genewa (2004\">Antwerp (2000), Berlin (2000), Miami (2000), Copenhagen (2000), Liptovski John (2001), Las Palmas (2002), Bratislava (2003), Frankfurt (2003), Heraklion (2003), Geneva (2004 <\/span><span title=\"), St.\">), St. <\/span><span title=\"Petersburgu (2004), Dallas (2005), Moskwa (2005), Wenecja (2006), Heidelberg (2006), Kij\u00f3w (2006), Moskwa (2006), Pary\u017c (2006), Wiede\u0144 (2006), Hanower (2007),\">St. Petersburg (2004), Dallas (2005), Moscow (2005), Venice (2006), Heidelberg (2006), Kiev (2006), Moscow (2006), Paris (2006), Vienna (2006), Hanover (2007), <\/span><span title=\"Antwerpia (2007), Las Palmas (2007), Mi\u0144sk (2007), Meksyk (2007), Wiede\u0144 (2007), Seul (2007), Antalya (2008), Budapeszt (2008), Ja\u0142ta (2008), Lw\u00f3w (2008)\">Antwerp (2007), Las Palmas (2007), Minsk (2007), Mexico (2007), Vienna (2007), Seoul (2007), Antalya (2008), Budapest (2008), Yalta (2008), Lviv (2008) <\/span><span title=\", Melbourne (2008), San Diego (2008), Sydney (2008), Seul (2008), Wiede\u0144 (2008), Bangkok (2009), Neapol (2009), Warszawa (2009), Londyn (2009), Las Palmas (\">, Melbourne (2008), San Diego (2008), Sydney (2008), Seoul (2008), Vienna (2008), Bangkok (2009), Naples (2009), Warsaw (2009), London (2009), Las Palmas ( <\/span><span title=\"2009), Manila (2009), Seattle (2009), Singapur (2009), Sao Paolo (2009), Hawana (2009), Antwerpia (2010), Bangkok (2010), Budapeszt (2010), Kartagena (2010), Neapol\">2009), Manila (2009), Seattle (2009), Singapore (2009), Sao Paolo (2009), Havana (2009), Antwerp (2010), Bangkok (2010), Budapest (2010), Cartagena (2010), Naples <\/span><span title=\"(2010), Miami (2010), Parma (2010), Pampeluna (2010), Sztokholm (2010), Taszkient (2010), Wiede\u0144 (2010), Warszawie (2011), Atenach (2011), Chicago (2011), Auckland\">(2010), Miami (2010), Parma (2010), Pamplona (2010), Stockholm (2010), Tashkent (2010), Vienna (2010), Warsaw (2011), Athens (2011), Chicago (2011), Auckland <\/span><span title=\"(2011), Brugia (2011), Daegu (2011), Bogota (2011), Hanower (2011), Barcelona (2011), Neapol (2011), Dushanbe (2011), Ahmadabad (2012), Amsterdam (2012), Monachium\">(2011), Bruges (2011), Daegu (2011), Bogota (2011), Hannover (2011), Barcelona (2011), Naples (2011), Dushanbe (2011), Ahmedabad (2012), Amsterdam (2012), Munich <\/span><span title=\"(2012), Neapol (2012), Rzym (2012), Taszkent (2012), Toronto (2012), Ateny (2013), Bratyslawa (2013), Budapeszt (2013), Cancun (2013), Heidelberg (2013), Hyderabad\">(2012), Naples (2012), Rome (2012), Tashkent (2012), Toronto (2012), Athens (2013), Bratislava (2013), Budapest (2013), Cancun (2013), Heidelberg (2013), Hyderabad <\/span><span title=\"(2013), Istanbul (2013), Nicea (2013), Odessa (2013), Seoul (2013), Antalya (2014), Las Vegas (2014), Brisbane (2014), Nashville (2014), Melbourne (2014),\">(2013), Istanbul (2013), Nice (2013), Odessa (2013), Seoul (2013), Antalya (2014), Las Vegas (2014), Brisbane (2014), Nashville (2014), Melbourne (2014) <\/span><span title=\"Monachium (2014), Siena (2014), Siofok (2014), Sydney (2014), Tokio (2014) Pekin (2015), Puerto Iguazu (2015), Praga (2015), Tuluza (2015)\">Munich (2014), Siena (2014), Siofok (2014), Sydney (2014), Tokyo (2014), Beijing (2015), Puerto Iguazu (2015), Prague (2015), Toulouse (2015), Toronto (2016), Chile (2017), Lisbon (2017), Brussels (2018), Capetown (2018), Buenos Aires (2019), New York (2019), Baghdad (2021), Warsaw (2022), Rome (2022), Sao Paulo (2022), Bishkek (2023), Chicago (2023), Hanoi (2023), Warsaw (2024), Cracow (2024)<br \/>\n<\/span><\/span><\/p>\n<h4>Demonstration surgeries for international society<\/h4>\n<p>Bogota, Grodno, Hannover, Kiev, Manila, Minsk, Moscow, St. Petersburg \u2013 over 3,000 participants<\/p>\n<p>Warsaw \u2013 during 81 editions of Window Approach Workshop &#8211; over 8200 participants <\/p>\n<h4>Demonstration surgeries within LION World Network<\/h4>\n<p>11 editions \u2013 from 6,000 to 25,000 participants from all over the world in each edition<\/p>\n","protected":false},"excerpt":{"rendered":"<p>International workshops Antwerp, Baku, Bogota, Bratislava, Dushanbe, Grodno, Habana, Hannover, Innsbruck, Kyiv, Lviv, Manila, Mechelen, Melbourne, Minsk, Moscow, Naples, Nice, Odesa, Pamplona, Parma, St. Petersburg, Sao Paulo, Siena, Singapore, Stockholm, Sydney, Tashkent, Vienna, Warsaw Invited lectures during congresses, conferences and ..<\/p>\n<div class=\"reading\"><a href=\"https:\/\/henrykskarzynski.pl\/?page_id=2022&#038;lang=en\">&gt;&gt;&gt;<\/a><\/div>\n","protected":false},"author":3,"featured_media":0,"parent":0,"menu_order":40,"comment_status":"closed","ping_status":"closed","template":"","meta":{"footnotes":""},"class_list":["post-2022","page","type-page","status-publish","hentry"],"_links":{"self":[{"href":"https:\/\/henrykskarzynski.pl\/index.php?rest_route=\/wp\/v2\/pages\/2022","targetHints":{"allow":["GET"]}}],"collection":[{"href":"https:\/\/henrykskarzynski.pl\/index.php?rest_route=\/wp\/v2\/pages"}],"about":[{"href":"https:\/\/henrykskarzynski.pl\/index.php?rest_route=\/wp\/v2\/types\/page"}],"author":[{"embeddable":true,"href":"https:\/\/henrykskarzynski.pl\/index.php?rest_route=\/wp\/v2\/users\/3"}],"replies":[{"embeddable":true,"href":"https:\/\/henrykskarzynski.pl\/index.php?rest_route=%2Fwp%2Fv2%2Fcomments&post=2022"}],"version-history":[{"count":9,"href":"https:\/\/henrykskarzynski.pl\/index.php?rest_route=\/wp\/v2\/pages\/2022\/revisions"}],"predecessor-version":[{"id":24524,"href":"https:\/\/henrykskarzynski.pl\/index.php?rest_route=\/wp\/v2\/pages\/2022\/revisions\/24524"}],"wp:attachment":[{"href":"https:\/\/henrykskarzynski.pl\/index.php?rest_route=%2Fwp%2Fv2%2Fmedia&parent=2022"}],"curies":[{"name":"wp","href":"https:\/\/api.w.org\/{rel}","templated":true}]}}