{"id":1976,"date":"2014-04-01T14:52:43","date_gmt":"2013-09-16T19:51:40","guid":{"rendered":"http:\/\/178.216.200.219\/?p=1976"},"modified":"2018-06-29T15:47:10","modified_gmt":"2018-06-29T15:47:10","slug":"visites-des-premi-res-dames","status":"publish","type":"page","link":"https:\/\/henrykskarzynski.pl\/?page_id=1976&lang=fr","title":{"rendered":"Visites Des Premi\u00e8res Dames"},"content":{"rendered":"<table style=\"height: 336px;\" border=\"0\" width=\"773\" cellspacing=\"1\" cellpadding=\"1\">\n<tbody>\n<tr style=\"height: 48px;\">\n<td style=\"height: 48px;\">1992.<\/td>\n<td style=\"height: 48px;\">Premi\u00e8re dame de France <a href=\"\/fr\/aktualnosci-fr\/fr-mitteraund.html\">Danielle Mitterrand<\/a><\/td>\n<\/tr>\n<tr style=\"height: 24px;\">\n<td style=\"height: 24px;\">1995.<\/td>\n<td style=\"height: 24px;\"><a href=\"\/fr\/aktualnosci-fr\/fr-akt-erekcyjny-mcsim.html\">Maria Oleksy<\/a>, l&#8217;\u00e9pouse du Premier ministre J\u00f3zef Oleksy<\/td>\n<\/tr>\n<tr style=\"height: 24px;\">\n<td style=\"height: 24px;\">1997.<\/td>\n<td style=\"height: 24px;\"><a href=\"\/fr\/aktualnosci-fr\/le-d-but-de-la-construction-du-centre-international-de-l-audition-et-de-la-parole.html\">Maria Oleksy<\/a>, l&#8217;\u00e9pouse du Premier ministre J\u00f3zef Oleksy<\/td>\n<\/tr>\n<tr style=\"height: 24px;\">\n<td style=\"height: 24px;\">2003.<\/td>\n<td style=\"height: 24px;\">Premi\u00e8re dame de la R\u00e9publique de Pologne <a href=\"\/fr\/aktualnosci-fr\/premi-re-dame-de-la-pologne-jolanta-kwasniewska.html\">Jolanta Kwa\u015bniewska<\/a><\/td>\n<\/tr>\n<tr style=\"height: 24px;\">\n<td style=\"height: 24px;\">2006.<\/td>\n<td style=\"height: 24px;\">Premi\u00e8re dame <a href=\"\/fr\/aktualnosci-fr\/premi-re-dame-maria-kaczynska-et-premi-re-dame-de-l-ukraine-kateryna-iouchtchenko-.html\">Maria Kaczy\u0144ska<\/a> et la Premi\u00e8re dame de l\u2019Ukraine <a href=\"\/fr\/aktualnosci-fr\/premi-re-dame-maria-kaczynska-et-premi-re-dame-de-l-ukraine-kateryna-iouchtchenko-.html\">Kateryna Iouchtchenko<\/a><\/td>\n<\/tr>\n<tr style=\"height: 24px;\">\n<td style=\"height: 24px;\">2006.<\/td>\n<td style=\"height: 24px;\"><a href=\"\/fr\/aktualnosci-fr\/10e-anniversaire-de-la-cr-ation-de-l-institut-de-physiologie-et-de-pathologie-de-l-audition.html\">Maria Oleksy<\/a>, l&#8217;\u00e9pouse du Premier ministre J\u00f3zef Oleksy<\/td>\n<\/tr>\n<tr style=\"height: 24px;\">\n<td style=\"height: 24px;\">2008.<\/td>\n<td style=\"height: 24px;\">Premi\u00e8re dame de la R\u00e9publique Slovaque <a href=\"\/fr\/aktualnosci-fr\/premi-re-dame-de-la-slovaquie-silvia-gasparovicova.html\">Silvia Gasparovicova<\/a><\/td>\n<\/tr>\n<tr style=\"height: 24px;\">\n<td style=\"height: 24px;\">2008.<\/td>\n<td style=\"height: 24px;\">Premi\u00e8re dame Maria Kaczy\u0144ska et la Premi\u00e8re dame d&#8217;Azerba\u00efdjan<a href=\"\/fr\/aktualnosci-fr\/premi-re-dame-de-la-polgne-maria-kaczynska-et-premi-re-dame-d-azerba-djan-mehriban-aliyeva.html\"> Mehriban Aliyev<\/a><\/td>\n<\/tr>\n<tr style=\"height: 72px;\">\n<td style=\"height: 72px;\">2010.<\/td>\n<td style=\"height: 72px;\">Premi\u00e8re dame de la R\u00e9publique de Pologne<a href=\"\/fr\/aktualnosci-fr\/premi-re-dame-de-la-r-publique-de-pologne-anna-komorowska-et-la-premi-re-dame-de-la-russie-svetlana-medvedev.html\"> Anna Komorowska<\/a> et la Premi\u00e8re dame de la Russie <a href=\"\/fr\/aktualnosci-fr\/premi-re-dame-de-la-r-publique-de-pologne-anna-komorowska-et-la-premi-re-dame-de-la-russie-svetlana-medvedev.html\">Svetlana Medvedev<\/a><\/td>\n<\/tr>\n<tr style=\"height: 48px;\">\n<td style=\"height: 48px;\">2014.<\/td>\n<td style=\"height: 48px;\">Premi\u00e8re dame de la R\u00e9publique d&#8217;Estonie <a href=\"\/fr\/aktualnosci-fr\/premi-re-dame-de-la-r-publique-d-estonie-evelin-ilves-avec-la-visite-kajetany.html\">Evelin IIves<\/a><\/td>\n<\/tr>\n<\/tbody>\n<\/table>\n<table style=\"width: 775px;\" border=\"0\" cellspacing=\"1\" cellpadding=\"1\">\n<tbody>\n<tr>\n<td style=\"width: 45px;\">2018.<\/td>\n<td style=\"width: 730px;\">Premi\u00e8re dame de la R\u00e9publique de Pologne <a href=\"https:\/\/henrykskarzynski.pl\/fr\/aktualnosci_fr\/le-debat-au-centre-mondial-de-laudition-avec-la-participation-dagata-kornhauser-duda.html\">Agata Kornhauser-Duda<\/a><\/td>\n<\/tr>\n<\/tbody>\n<\/table>\n","protected":false},"excerpt":{"rendered":"<p>1992. Premi\u00e8re dame de France Danielle Mitterrand 1995. Maria Oleksy, l&#8217;\u00e9pouse du Premier ministre J\u00f3zef Oleksy 1997. Maria Oleksy, l&#8217;\u00e9pouse du Premier ministre J\u00f3zef Oleksy 2003. Premi\u00e8re dame de la R\u00e9publique de Pologne Jolanta Kwa\u015bniewska 2006. Premi\u00e8re dame Maria Kaczy\u0144ska ..<\/p>\n<div class=\"reading\"><a href=\"https:\/\/henrykskarzynski.pl\/?page_id=1976&#038;lang=fr\">&gt;&gt;&gt;<\/a><\/div>\n","protected":false},"author":3,"featured_media":0,"parent":0,"menu_order":44,"comment_status":"closed","ping_status":"closed","template":"","meta":{"footnotes":""},"class_list":["post-1976","page","type-page","status-publish","hentry"],"_links":{"self":[{"href":"https:\/\/henrykskarzynski.pl\/index.php?rest_route=\/wp\/v2\/pages\/1976","targetHints":{"allow":["GET"]}}],"collection":[{"href":"https:\/\/henrykskarzynski.pl\/index.php?rest_route=\/wp\/v2\/pages"}],"about":[{"href":"https:\/\/henrykskarzynski.pl\/index.php?rest_route=\/wp\/v2\/types\/page"}],"author":[{"embeddable":true,"href":"https:\/\/henrykskarzynski.pl\/index.php?rest_route=\/wp\/v2\/users\/3"}],"replies":[{"embeddable":true,"href":"https:\/\/henrykskarzynski.pl\/index.php?rest_route=%2Fwp%2Fv2%2Fcomments&post=1976"}],"version-history":[{"count":0,"href":"https:\/\/henrykskarzynski.pl\/index.php?rest_route=\/wp\/v2\/pages\/1976\/revisions"}],"wp:attachment":[{"href":"https:\/\/henrykskarzynski.pl\/index.php?rest_route=%2Fwp%2Fv2%2Fmedia&parent=1976"}],"curies":[{"name":"wp","href":"https:\/\/api.w.org\/{rel}","templated":true}]}}