{"id":1961,"date":"2013-11-08T09:29:21","date_gmt":"2013-11-08T09:29:21","guid":{"rendered":"http:\/\/178.216.200.219\/?p=1961"},"modified":"2018-06-29T14:30:49","modified_gmt":"2018-06-29T14:30:49","slug":"conseils-scientifiques-et-r-daction-de-revues","status":"publish","type":"page","link":"https:\/\/henrykskarzynski.pl\/?page_id=1961&lang=fr","title":{"rendered":"Conseils scientifiques et r\u00e9daction de revues"},"content":{"rendered":"<p><b>Participation aux comit\u00e9s de r\u00e9daction de revues polonaises<\/b><\/p>\n<ul>\n<li>R\u00e9dacteur en chef de la revue \u201eNowa Audiofonologia\u201d (\u00ab Nouvelle Audiophonologie \u00bb)<\/li>\n<li>R\u00e9dacteur sp\u00e9cialis\u00e9 de la revue scientifique \u201eCz\u0142owiek- Niepe\u0142nosprawno\u015b\u0107 \u2013 Spo\u0142ecze\u0144stwo\u201d (\u00ab L&#8217;Homme &#8211; l&#8217;Invalidit\u00e9 &#8211; la Soci\u00e9t\u00e9 \u00bb)<\/li>\n<li>Membre du Comit\u00e9 Scientifique du \u201ePrzegl\u0105d Pediatryczny\u201d (\u00abRevue de P\u00e9diatrie \u00bb)<\/li>\n<li>Membre du Conseil Scientifique de la revue trimestrielle \u00ab Wideochirurgia i Inne Techniki Ma\u0142oinwazyjne \u00bb ( \u00ab Vid\u00e9o-chirurgie et Autres Techniques non-invasives \u00bb)<\/li>\n<li>Membre du Comit\u00e9 des programme du \u00ab Medi Science Polski Biuletyn Medyczny \u00bb (\u00ab Bulletin M\u00e9dical Polonais Medi Science\u00bb)<\/li>\n<li>Membre du Comit\u00e9 Scientifique de la revue &#8222;Audiofonologia&#8221; (\u00ab Audiophonologie \u00bb) &#8211; publi\u00e9 par le Comit\u00e9 Polonais d\u2019Audiophonologie et la Soci\u00e9t\u00e9 Scientifique Polonaise des Troubles de l&#8217;Audition, de la Voix et de la communication linguistique<\/li>\n<li>Membre du Conseil des programmes de la revue \u00ab S\u0142u\u017cba Zdrowia \u00bb (\u00abService de Sant\u00e9 \u00bb)<\/li>\n<li>Membre du Conseil Consultatif du mensuel \u201eMedyk\u201d (&#8222;Le M\u00e9decin&#8221;)<\/li>\n<li>Membre du Conseil Consultatif du mensuel \u00ab Gabinet Prywatny \u00bb (\u00ab Cabinet Priv\u00e9 \u00bb)<\/li>\n<li>R\u00e9dacteur en chef du mensuel \u00ab S\u0142ysz\u0119 \u00bb (\u00ab J\u2019entends\u2026 \u00bb) &#8211; revue de \u00ab Cz\u0142owiek-Cz\u0142owiekowi \u00bb (\u00ab L\u2019Homme pour l&#8217;homme\u00bb ), Association des Amis des Non-entendants et Malentendants et de l&#8217;Institut de Physiologie et de Pathologie de l&#8217;Audition<\/li>\n<li>Membre du Conseil Scientifique de la revue \u00ab Zdrowie M\u0119\u017cczyzny \u00bb ( \u00ab La Sant\u00e9 masculine \u00bb)<\/li>\n<\/ul>\n<p><b>Participation aux comit\u00e9s de r\u00e9daction de revues \u00e9trang\u00e8res<\/b><\/p>\n<ul>\n<li>R\u00e9dacteur en chef du \u201cJournal of Hearing Science\u201d<\/li>\n<li>R\u00e9dacteur en chef de la revue trimestrielle internationale \u201cCentral and East European Journal of Oto-Rhino-Laryngology and Head and Neck Surgery \u2013 CEEJOHNS\u201d<\/li>\n<li>Membre du Comit\u00e9 de R\u00e9daction de la Revue de l\u2019Universit\u00e9 de M\u00e9decine de Grodno<\/li>\n<li>Membre du Comit\u00e9 de R\u00e9daction du \u201cAmerican Journal of Otology &amp; Neurootology\u201d<\/li>\n<li>Membre du Comit\u00e9 de R\u00e9action du \u201eJournal of International Advanced Otology\u201d<\/li>\n<li>Membre du Comit\u00e9 International \u201cENT-News\u201d (Grande-Bretagne)<\/li>\n<\/ul>\n<p><b>Publication de compte rendus<\/b><\/p>\n<ul>\n<li>Journal of International Advanced Otology, ISSN : 1308-7649<\/li>\n<li>Int Journal of Pediatric Otorhinolaryngology, ISSN : 0165-5876<\/li>\n<li>Archives of Medical Science, ISSN : 1734-1922<\/li>\n<li>Eastern Journal Of Medicine, ISSN : 1301-0883<\/li>\n<li>European Archives of Oto-Rhino-Laryngology and Head &amp; Neck, ISSN : 0937-4477<\/li>\n<li>Ear and Hearing, ISSN: 0196-0202<\/li>\n<li>Acta Otolaryngologica, ISSN : 0001-6489<\/li>\n<li>Journal of Hearing Science, ISSN : 2083-389X<\/li>\n<li>Audiofonologia, ISSN : 1425-3089<\/li>\n<li>Otology and Neurology, ISSN : 1531-7129<\/li>\n<li>Przegl\u0105d Pediatryczny, ISSN : 0137-723X, e-ISSN : 2083-5752<\/li>\n<\/ul>\n","protected":false},"excerpt":{"rendered":"<p>Participation aux comit\u00e9s de r\u00e9daction de revues polonaises R\u00e9dacteur en chef de la revue \u201eNowa Audiofonologia\u201d (\u00ab Nouvelle Audiophonologie \u00bb) R\u00e9dacteur sp\u00e9cialis\u00e9 de la revue scientifique \u201eCz\u0142owiek- Niepe\u0142nosprawno\u015b\u0107 \u2013 Spo\u0142ecze\u0144stwo\u201d (\u00ab L&#8217;Homme &#8211; l&#8217;Invalidit\u00e9 &#8211; la Soci\u00e9t\u00e9 \u00bb) Membre du ..<\/p>\n<div class=\"reading\"><a href=\"https:\/\/henrykskarzynski.pl\/?page_id=1961&#038;lang=fr\">&gt;&gt;&gt;<\/a><\/div>\n","protected":false},"author":3,"featured_media":0,"parent":0,"menu_order":36,"comment_status":"closed","ping_status":"closed","template":"","meta":{"footnotes":""},"class_list":["post-1961","page","type-page","status-publish","hentry"],"_links":{"self":[{"href":"https:\/\/henrykskarzynski.pl\/index.php?rest_route=\/wp\/v2\/pages\/1961","targetHints":{"allow":["GET"]}}],"collection":[{"href":"https:\/\/henrykskarzynski.pl\/index.php?rest_route=\/wp\/v2\/pages"}],"about":[{"href":"https:\/\/henrykskarzynski.pl\/index.php?rest_route=\/wp\/v2\/types\/page"}],"author":[{"embeddable":true,"href":"https:\/\/henrykskarzynski.pl\/index.php?rest_route=\/wp\/v2\/users\/3"}],"replies":[{"embeddable":true,"href":"https:\/\/henrykskarzynski.pl\/index.php?rest_route=%2Fwp%2Fv2%2Fcomments&post=1961"}],"version-history":[{"count":0,"href":"https:\/\/henrykskarzynski.pl\/index.php?rest_route=\/wp\/v2\/pages\/1961\/revisions"}],"wp:attachment":[{"href":"https:\/\/henrykskarzynski.pl\/index.php?rest_route=%2Fwp%2Fv2%2Fmedia&parent=1961"}],"curies":[{"name":"wp","href":"https:\/\/api.w.org\/{rel}","templated":true}]}}