{"id":19448,"date":"1998-01-24T12:02:46","date_gmt":"1998-01-24T12:02:46","guid":{"rendered":"https:\/\/henrykskarzynski.pl\/?page_id=19448"},"modified":"2019-03-22T12:20:24","modified_gmt":"2019-03-22T12:20:24","slug":"artisti-per-i-bambni-non-udenti-in-polonia-e-in-europa","status":"publish","type":"page","link":"https:\/\/henrykskarzynski.pl\/?page_id=19448&lang=it","title":{"rendered":"ARTISTI PER I BAMBNI NON UDENTI IN POLONIA E IN EUROPA"},"content":{"rendered":"<table style=\"height: 203px;\" border=\"0\" width=\"326\" cellspacing=\"1\" cellpadding=\"1\">\n<tbody>\n<tr>\n<td>1997 r.<\/td>\n<td><a href=\"https:\/\/henrykskarzynski.pl\/it\/strona-it\/19849.html?preview_id=19849&amp;preview_nonce=868579065d&amp;_thumbnail_id=-1&amp;preview=true\">Jean Michel Jarre<\/a><\/td>\n<\/tr>\n<tr>\n<td>1997 r.<\/td>\n<td><a href=\"https:\/\/henrykskarzynski.pl\/it\/strona-it\/tytus-wojnowicz.html\">Tytus Wojnowicz<\/a><\/td>\n<\/tr>\n<tr>\n<td>1998 r.<\/td>\n<td><a href=\"https:\/\/henrykskarzynski.pl\/it\/strona-it\/danuta-blazejczyk.html\">Danuta B\u0142a\u017cejczyk<\/a><\/td>\n<\/tr>\n<tr>\n<td>1998 r.<\/td>\n<td><a href=\"https:\/\/henrykskarzynski.pl\/it\/strona-it\/ryszard-rynkowski.html\">Ryszard Rynkowski<\/a><\/td>\n<\/tr>\n<tr>\n<td>1998 r.<\/td>\n<td><a href=\"https:\/\/henrykskarzynski.pl\/it\/strona-it\/julita-e-paula-sokolowski.html\">Julita et Paula Soko\u0142owski<\/a><\/td>\n<\/tr>\n<tr>\n<td>1998 r.<\/td>\n<td><a href=\"https:\/\/henrykskarzynski.pl\/it\/strona-it\/grazyna-auguscik-2.html\">Gra\u017cyna Augu\u015bcik<\/a><\/td>\n<\/tr>\n<tr>\n<td>1998 r.<\/td>\n<td><a href=\"https:\/\/henrykskarzynski.pl\/it\/strona-it\/andrzej-piasek-piaseczny.html\">Andrzej &#8222;Piasek&#8221; Piaseczny<\/a><\/td>\n<\/tr>\n<tr>\n<td>1998 r.<\/td>\n<td><a href=\"https:\/\/henrykskarzynski.pl\/it\/strona-it\/reni-jusis.html\">Reni Jusis<\/a><\/td>\n<\/tr>\n<tr>\n<td>2003 r.<\/td>\n<td><a href=\"https:\/\/henrykskarzynski.pl\/it\/strona-it\/la-banda-gaweda.html\">Zesp\u00f3\u0142 Gaw\u0119da<\/a><\/td>\n<\/tr>\n<tr>\n<td>2004 r.<\/td>\n<td><a href=\"https:\/\/henrykskarzynski.pl\/it\/strona-it\/jacek-wojcicki-2.html\">Jacek W\u00f3jcicki<\/a><\/td>\n<\/tr>\n<tr>\n<td><\/td>\n<td><\/td>\n<\/tr>\n<\/tbody>\n<\/table>\n<p>&nbsp;<\/p>\n","protected":false},"excerpt":{"rendered":"<p>1997 r. Jean Michel Jarre 1997 r. Tytus Wojnowicz 1998 r. Danuta B\u0142a\u017cejczyk 1998 r. Ryszard Rynkowski 1998 r. Julita et Paula Soko\u0142owski 1998 r. Gra\u017cyna Augu\u015bcik 1998 r. Andrzej &#8222;Piasek&#8221; Piaseczny 1998 r. Reni Jusis 2003 r. Zesp\u00f3\u0142 Gaw\u0119da ..<\/p>\n<div class=\"reading\"><a href=\"https:\/\/henrykskarzynski.pl\/?page_id=19448&#038;lang=it\">&gt;&gt;&gt;<\/a><\/div>\n","protected":false},"author":9,"featured_media":0,"parent":0,"menu_order":0,"comment_status":"closed","ping_status":"closed","template":"","meta":{"footnotes":""},"class_list":["post-19448","page","type-page","status-publish","hentry"],"_links":{"self":[{"href":"https:\/\/henrykskarzynski.pl\/index.php?rest_route=\/wp\/v2\/pages\/19448","targetHints":{"allow":["GET"]}}],"collection":[{"href":"https:\/\/henrykskarzynski.pl\/index.php?rest_route=\/wp\/v2\/pages"}],"about":[{"href":"https:\/\/henrykskarzynski.pl\/index.php?rest_route=\/wp\/v2\/types\/page"}],"author":[{"embeddable":true,"href":"https:\/\/henrykskarzynski.pl\/index.php?rest_route=\/wp\/v2\/users\/9"}],"replies":[{"embeddable":true,"href":"https:\/\/henrykskarzynski.pl\/index.php?rest_route=%2Fwp%2Fv2%2Fcomments&post=19448"}],"version-history":[{"count":0,"href":"https:\/\/henrykskarzynski.pl\/index.php?rest_route=\/wp\/v2\/pages\/19448\/revisions"}],"wp:attachment":[{"href":"https:\/\/henrykskarzynski.pl\/index.php?rest_route=%2Fwp%2Fv2%2Fmedia&parent=19448"}],"curies":[{"name":"wp","href":"https:\/\/api.w.org\/{rel}","templated":true}]}}