{"id":19435,"date":"2019-01-24T12:00:48","date_gmt":"2019-01-24T12:00:48","guid":{"rendered":"https:\/\/henrykskarzynski.pl\/?page_id=19435"},"modified":"2019-01-25T13:40:18","modified_gmt":"2019-01-25T13:40:18","slug":"ringraziamenti","status":"publish","type":"page","link":"https:\/\/henrykskarzynski.pl\/?page_id=19435&lang=it","title":{"rendered":"RINGRAZIAMENTI"},"content":{"rendered":"<p><em>Probabilmente, io non sarei questo che sono, se non ci fosse stata la mia famiglia, i miei amici, i miei colleghi. Io devo molto a loro, ma io cerco anche di daremolto a loro. Questa simbiosi e di scambio mi d\u00e0 un sentimento di sicurezza e compiacimento dopo molti anni.<\/em><\/p>\n<p><em>Questa \u00e8 e deve essere una garanzia di un lavoro ben fatto. Essa aiuta nei momenti difficili.<\/em><\/p>\n<p><em>Ho avuto la fortuna nella mia vita poich\u00e8 ho potuto realizzare molte delle mie idee. Ho effettuato le prime operazioni in Polonia o nel mondo, ho creato dei nuovi e unici centri, e la mia attivit\u00e0 clinica comprende diverse centinaia di differenti procedure di operazioni effettuate, comprese numerose soluzioni nuove.<\/em><\/p>\n<p><em>Io provo sempre a utilizzare tutte le possibilit\u00e0 del progresso, perch\u00e8 esse influenzano lo sviluppo della nostra societ\u00e0, del nostro Paese, e in effetti di tutti noi. Io non mi lamento, io lavoro solamente,io ho le pi\u00f9 grandi soddisfazioni quando riesco a\u00a0 fare qulacosa di concreto e che ci lascia una traccia evidente.<\/em><\/p>\n<p><em>Ho avuto la fortuna di incontrare sul mio cammino gli scienziati pi\u00f9 importanti a livello mondiale, dei professori, dei politici saggi, dei funzionari competenti, dei giornalisti benpensanti e dei giovani curiosi ed eccezionali.<\/em><\/p>\n<p><em>Il mio successo \u00e8 anche un effetto del sostegno che mi \u00e8 stato dato in tutto e per tutto, delle fede che \u00e8 stata riconosciuta in me e nelle mie idee. Credo che i risultati del mio lavoro quotidiano per la societ\u00e0 e le realizzazioni nel campo clinico, scientifico e didattico sono la prova di questa fiducia.<\/em><\/p>\n<p><em>In questa galleria, troverete numerose persone straordinarie, che ho l\u2019onore di chiamare amici, persone di tutto cuore dedite ai pazienti, aiutare a eliminare gli ostacoli per le persone handicappati, e di sostenere l\u2019idea della comunicazione interpersonale.<\/em><\/p>\n<p><em>Con il loro appoggio, potrei agire per migliorare il mondo\u00a0 con un approccio positivo verso la vita e gli uomini.<\/em><\/p>\n<p><em>E bene, quando incontro persone talmente uniche da creare grandi cose e partecipi ad avvenimenti eccezionali, \u00e8 difficile per me ringraziare con parole ordinarie, \u00e8 per tutto questo che vi ringrazio.<\/em><\/p>\n<p><em>Henryk Skar\u017cy\u0144ski<\/em><\/p>\n","protected":false},"excerpt":{"rendered":"<p>Probabilmente, io non sarei questo che sono, se non ci fosse stata la mia famiglia, i miei amici, i miei colleghi. Io devo molto a loro, ma io cerco anche di daremolto a loro. Questa simbiosi e di scambio mi ..<\/p>\n<div class=\"reading\"><a href=\"https:\/\/henrykskarzynski.pl\/?page_id=19435&#038;lang=it\">&gt;&gt;&gt;<\/a><\/div>\n","protected":false},"author":9,"featured_media":0,"parent":0,"menu_order":0,"comment_status":"closed","ping_status":"closed","template":"","meta":{"footnotes":""},"class_list":["post-19435","page","type-page","status-publish","hentry"],"_links":{"self":[{"href":"https:\/\/henrykskarzynski.pl\/index.php?rest_route=\/wp\/v2\/pages\/19435","targetHints":{"allow":["GET"]}}],"collection":[{"href":"https:\/\/henrykskarzynski.pl\/index.php?rest_route=\/wp\/v2\/pages"}],"about":[{"href":"https:\/\/henrykskarzynski.pl\/index.php?rest_route=\/wp\/v2\/types\/page"}],"author":[{"embeddable":true,"href":"https:\/\/henrykskarzynski.pl\/index.php?rest_route=\/wp\/v2\/users\/9"}],"replies":[{"embeddable":true,"href":"https:\/\/henrykskarzynski.pl\/index.php?rest_route=%2Fwp%2Fv2%2Fcomments&post=19435"}],"version-history":[{"count":0,"href":"https:\/\/henrykskarzynski.pl\/index.php?rest_route=\/wp\/v2\/pages\/19435\/revisions"}],"wp:attachment":[{"href":"https:\/\/henrykskarzynski.pl\/index.php?rest_route=%2Fwp%2Fv2%2Fmedia&parent=19435"}],"curies":[{"name":"wp","href":"https:\/\/api.w.org\/{rel}","templated":true}]}}