{"id":19431,"date":"2019-01-24T12:00:11","date_gmt":"2019-01-24T12:00:11","guid":{"rendered":"https:\/\/henrykskarzynski.pl\/?page_id=19431"},"modified":"2019-01-25T13:48:16","modified_gmt":"2019-01-25T13:48:16","slug":"comissioni-scientifiche-e-redazioni-delle-riviste","status":"publish","type":"page","link":"https:\/\/henrykskarzynski.pl\/?page_id=19431&lang=it","title":{"rendered":"COMISSIONI SCIENTIFICHE E REDAZIONI DELLE RIVISTE"},"content":{"rendered":"<h3>Partecipazione ai comitati di redazione di riviste polacche<\/h3>\n<ul>\n<li>Redattore e capo della rivista\u00a0 \u201eNowa Audiofonologia\u201d (\u201eNuova audiofonologia\u201d)<\/li>\n<li>Redattore specializzato della rivista scientifica \u201eCz\u0142owiek- Niepe\u0142nosprawno\u015b\u0107 \u2013 Spo\u0142ecze\u0144stwo\u201d\u00a0\u00a0 (\u00ab L\u2019uomo, l\u2019invalidit\u00e0, la societ\u00e0 \u00bb)<\/li>\n<li>Membro del Comitato Scientifico della \u201ePrzegl\u0105d Pediatryczny\u201d (\u00ab Rivista di Pediatria)<\/li>\n<li>Membro del Consiglio Scientifico della rivista trimestrale \u00ab Wideochirurgia i Inne Techniki Ma\u0142oinwazyjne \u00bb (\u00ab Video-chirurgia e altre tecniche non invasive \u00bb)<\/li>\n<li>Membro del comitato dei programmi del \u00ab Medi Science Polski Biuletyn Medyczny \u00bb (\u00ab Bollettino medico polacco della medicina \u00bb)<\/li>\n<li>Membro del comitato scientifico della rivista &#8222;Audiofonologia&#8221; \u2013 pubblicata dal Comitato Polacco di Audiofonologia e dalla Societ\u00e0 Scientifica Polacca dei Difetti dell\u2019Udito, della Voce e della Comunicazione linguistica<\/li>\n<li>Membro del consiglio dei programmi della rivista \u00ab S\u0142u\u017cba Zdrowia \u00bb (\u00ab Servizio della Salute \u00bb)<\/li>\n<li>Membro del consiglio consultativo del mensile \u201eMedyk\u201d (\u00ab Il medico \u00bb)<\/li>\n<li>Membro del consiglio consultativo del mensile \u00ab Gabinet Prywatny \u00bb (\u00ab Gabinetto privato \u00bb)<\/li>\n<li>Caporedattore del mensile \u00ab S\u0142ysz\u0119 \u00bb (\u00ab Io sento \u00bb) \u2013 della\u00a0 rivista \u00ab Cz\u0142owiek-Cz\u0142owiekowi \u00bb (\u00ab\u00a0 Uomo al\u2019 uomo \u00bb). Associazione degli Amici dei sordi e dell\u2019Istituto di Fisiologia e delle Patologie dell\u2019Udito<\/li>\n<li>Membro del consiglio scientifico della rivista \u00ab Zdrowie M\u0119\u017cczyzny \u00bb (\u00ab La salute dell\u2019uomo \u00bb)<\/li>\n<\/ul>\n<p>&nbsp;<\/p>\n<h3>Partecipazione al comitato di redazione di riviste straniere<\/h3>\n<ul>\n<li>Caporedattore\u00a0 del \u201cJournal of Hearing Science\u201d<\/li>\n<li>Caporedattore della rivista trimestrale internazionale \u00ab Central and East European Journalof Oto-Rhino-Laryngology and Head and Neck Surgery \u2013 CEEJOHNS\u201d<\/li>\n<li>Membro del Comitato di Redazione della Rivista dell\u2019Universit\u00e0 di Medicina di Grodno<\/li>\n<li>Membro del Comitato di Redazione dell\u2019\u201cAmerican Journal of Otology &amp; Neurootology\u201d<\/li>\n<li>Membro del Comitato di Redazione del \u201eJournal of International Advanced Otology\u201d<\/li>\n<li>Membro del Comitato Internazionale \u201cENT-News\u201d (Gran Bretagna)<\/li>\n<\/ul>\n<p>&nbsp;<\/p>\n<h3>Pubblicazione dei resoconto<\/h3>\n<ul>\n<li>Journal of International Advanced Otology, ISSN : 1308-7649<\/li>\n<li>Int Journal of Pediatric Otorhinolaryngology, ISSN : 0165-5876<\/li>\n<li>Archives of Medical Science, ISSN : 1734-1922<\/li>\n<li>Eastern Journal Of Medicine, ISSN : 1301-0883<\/li>\n<li>European Archives of Oto-Rhino-Laryngology and Head &amp; Neck, ISSN : 0937-4477<\/li>\n<li>Acta Otolaryngologica, ISSN : 0001-6489<\/li>\n<li>Journal of Hearing Science, ISSN : 2083-389X<\/li>\n<li>Audiofonologia, ISSN : 1425-3089<\/li>\n<li>Otology and Neurology, ISSN : 1531-7129<\/li>\n<li>Przegl\u0105d Pediatryczny, ISSN : 0137-723X, e-ISSN : 2083-5752<\/li>\n<\/ul>\n<p>&nbsp;<\/p>\n","protected":false},"excerpt":{"rendered":"<p>Partecipazione ai comitati di redazione di riviste polacche Redattore e capo della rivista\u00a0 \u201eNowa Audiofonologia\u201d (\u201eNuova audiofonologia\u201d) Redattore specializzato della rivista scientifica \u201eCz\u0142owiek- Niepe\u0142nosprawno\u015b\u0107 \u2013 Spo\u0142ecze\u0144stwo\u201d\u00a0\u00a0 (\u00ab L\u2019uomo, l\u2019invalidit\u00e0, la societ\u00e0 \u00bb) Membro del Comitato Scientifico della \u201ePrzegl\u0105d Pediatryczny\u201d (\u00ab ..<\/p>\n<div class=\"reading\"><a href=\"https:\/\/henrykskarzynski.pl\/?page_id=19431&#038;lang=it\">&gt;&gt;&gt;<\/a><\/div>\n","protected":false},"author":9,"featured_media":0,"parent":0,"menu_order":0,"comment_status":"closed","ping_status":"closed","template":"","meta":{"footnotes":""},"class_list":["post-19431","page","type-page","status-publish","hentry"],"_links":{"self":[{"href":"https:\/\/henrykskarzynski.pl\/index.php?rest_route=\/wp\/v2\/pages\/19431","targetHints":{"allow":["GET"]}}],"collection":[{"href":"https:\/\/henrykskarzynski.pl\/index.php?rest_route=\/wp\/v2\/pages"}],"about":[{"href":"https:\/\/henrykskarzynski.pl\/index.php?rest_route=\/wp\/v2\/types\/page"}],"author":[{"embeddable":true,"href":"https:\/\/henrykskarzynski.pl\/index.php?rest_route=\/wp\/v2\/users\/9"}],"replies":[{"embeddable":true,"href":"https:\/\/henrykskarzynski.pl\/index.php?rest_route=%2Fwp%2Fv2%2Fcomments&post=19431"}],"version-history":[{"count":0,"href":"https:\/\/henrykskarzynski.pl\/index.php?rest_route=\/wp\/v2\/pages\/19431\/revisions"}],"wp:attachment":[{"href":"https:\/\/henrykskarzynski.pl\/index.php?rest_route=%2Fwp%2Fv2%2Fmedia&parent=19431"}],"curies":[{"name":"wp","href":"https:\/\/api.w.org\/{rel}","templated":true}]}}