{"id":19397,"date":"2019-01-24T11:22:31","date_gmt":"2019-01-24T11:22:31","guid":{"rendered":"https:\/\/henrykskarzynski.pl\/?page_id=19397"},"modified":"2022-08-03T13:42:07","modified_gmt":"2022-08-03T13:42:07","slug":"attivita-cronologicamente","status":"publish","type":"page","link":"https:\/\/henrykskarzynski.pl\/?page_id=19397&lang=it","title":{"rendered":"ATTIVIT\u00c0 &#8211; CRONOLOGICAMENTE"},"content":{"rendered":"<h3>2020<\/h3>\n<ul>\n<li>Il primo intervento in Polonia del posizionamento dell\u2019impianto attivo BONEBRIDGE BCI 602 che utilizza la conduzione ossea del suono<\/li>\n<\/ul>\n<h3>2018<\/h3>\n<ul>\n<li>Primo in Polonia posizionamento di un impianto uditivo di tipo Cochlear OSIA OSI100<\/li>\n<\/ul>\n<h3>2017<\/h3>\n<ul>\n<li>Prima nell&#8217;Europa centrale e orientale operazione del posizionamento di un impianto cocleare HiRes Ultra con un nuovo elettrodo dritto HiFocus SlimJ<\/li>\n<li>Primo posizionamento nel mondo di un impianto dell\u2019orecchio medio di tipo Vibrant Soundbridge con accoppiatore LP-Coupler<\/li>\n<\/ul>\n<h3>2015<\/h3>\n<ul>\n<li>Primo posizionamento in Polonia di un impianto cocleare di una nuova generazione di tipo SYNCHRONY, che consente di eseguire la risonanza magnetica e quindi di seguire i cambiamenti nel cervello dopo una stimolazione acustica ed elettrica<\/li>\n<\/ul>\n<h3>2014<\/h3>\n<ul>\n<li>Primo in Polonia posizionamento di un impianto dell&#8217;orecchio medio Cochlear \u2122 MET\u00ae<\/li>\n<\/ul>\n<h3>2013<\/h3>\n<ul>\n<li>Primo nell&#8217;Europa centrale e orientale posizionamento di un impianto uditivo Baha\u00ae 4 Attract System<\/li>\n<\/ul>\n<h3>1996-2012<\/h3>\n<ul>\n<li>Autore e coautore di pi\u00f9 di 100 diverse, nuove procedure cliniche<\/li>\n<\/ul>\n<h3>2012<\/h3>\n<ul>\n<li>Elaborazione di una nuova classificazione di sordit\u00e0 parziale di Skar\u017cy\u0144ski<\/li>\n<li>Prima valutazione del percorso uditivo nella sordit\u00e0 parziale con l\u2019utilizzazione del metodo fMRI<\/li>\n<li>Prima in Polonia operazione di posizionamento dell&#8217;impianto uditivo d\u2019avanguardia del tipo BONEBRIDGE, inizio di un programma per il trattamento delle malformazioni congenite dell&#8217;orecchio esterno<\/li>\n<li>Implementazione del pi\u00f9 recente sistema di un impianto dell&#8217;orecchio medion CODACS (uno dei primi 5 centri al mondo)<\/li>\n<\/ul>\n<h3>2011-2012<\/h3>\n<ul>\n<li>Pubblicazione e presentazione a congressi continentali in Europa, Asia, America del Nord e del Sud, Australia e Nuova Zelanda, l&#8217;ultimo metodo di trattamento completo per la sordit\u00e0 parziale e la prima classificazione PDT al mondo<\/li>\n<\/ul>\n<h3>2011<\/h3>\n<ul>\n<li>Coordinazione delle attivit\u00e0 nel campo dell\u2019&#8221;Equalizzazione delle opportunit\u00e0 per i bambini con i disturbi della comunicazione nei paesi europei&#8221; &#8211; questione inclusa nella priorit\u00e0 della presidenza polacca del Consiglio dell&#8217;UE nel settore della sanit\u00e0 pubblica, a seguito della quale una Conclusione del Consiglio dell&#8217;UE su &#8222;Individuazione precoce e trattamento dei disturbi della comunicazione nei bambini, compreso l&#8217;uso di strumenti di e-health e soluzioni innovative\u201d \u00e8 stato adottato a Bruxelles il 2 dicembre 2011<\/li>\n<li>Avviare e portare all&#8217;adozione del Consenso Scientifico Europeo &#8221; Lo screening per l&#8217;udito, la vista et la favella nei bambini in et\u00e0 prescolare e scolare&#8221; e il Consenso Scientifico Europeo intitolato &#8221; Lo screening per l&#8217;udito nei bambini in et\u00e0 prescolare e scolare&#8221;<\/li>\n<li>Sviluppo e implementazione di metodi di imaging funzionale ed elettrofisiologico nei test dell&#8217;udito di pazienti con la sordit\u00e0 parziale<\/li>\n<li>Elaborazione di un programma di ricerca universale per l&#8217;individuazione precoce di difetti dell&#8217;udito e del linguaggio nei bambini in et\u00e0 scolare<\/li>\n<\/ul>\n<h3>2010<\/h3>\n<ul>\n<li>Organizzazione e lancio della prima Rete Nazionale di Teleaudiologia nel mondo<\/li>\n<li>Eelaborazione ed implementazione di una nuova classificazione della perdita dell&#8217;udito e del trattamento di diversi tipi di ipoacusia con l\u2019uso della stimolazione elettrica e acustica<\/li>\n<li>Presentazione della prima nel mondo scala PDT di Skar\u017cy\u0144ski<\/li>\n<\/ul>\n<h3>2009<\/h3>\n<ul>\n<li>Presentazione di un nuovo concetto per il trattamento della sordit\u00e0 parziale (Partial Deafness Treatment)<\/li>\n<li>Presentazione del nuovo elettrodo SRA e prima dimostrazione al mondo del suo posizionamento durante il Congresso Europeo; prima applicazione in Polonia del sistema del apparechio e di un impianto del tipo Hybryd<\/li>\n<li>Elaborazione del sistema SPS-S per stimolare la percezione sensoriale (metodo di Skar\u017cy\u0144ski)<\/li>\n<li>Coautore dell\u2019elaborazione del primo dispositivo nel mondo \u201cPiattaforma degli Esami dei Sensi\u201d per valutare i danni dell&#8217;udito, della favella e della vista durante lo screening<\/li>\n<li>Implementazione, per la prima volta al mondo, di un nuovo elettrodo (Cochlear &#8211; SFA \/ CI-422 progettato da Skar\u017cy\u0144ski)<\/li>\n<\/ul>\n<h3>2008<\/h3>\n<ul>\n<li>Elaborazione del primo sistema nel mondo della supervisione permanente e remota del funzionamento e impostazione di un impianto cocleare nei pazienti via Internet &#8211; telefitting<\/li>\n<li>Elaborazone di un nuovo metodo di trattamento della perdita dell&#8217;udito su scala globale tramite la stimolazione diretta della membrana della finestra rotonda mediante degli impianti dell&#8217;orecchio medio<\/li>\n<li>Capo del team che ha realizzato il primo al mondo posizionamento dell&#8217;impianto uditivo su entrambi i lati del tronco cerebrale<\/li>\n<\/ul>\n<h3>2006<\/h3>\n<ul>\n<li>Elaborazione e implementazione di un nuovo metodo utilizzando la stimolazione diretta della finestra rotonda attraverso un impianto di orecchio medio di tipo Vibrant<\/li>\n<\/ul>\n<h3>2005-2006<\/h3>\n<ul>\n<li>Elaborazione di un apparecchio acustico senza contatto per neonati<\/li>\n<li>Elaborazione di un audiometro in miniatura per lo screening chiamato &#8222;Kuba-AS&#8221;<\/li>\n<li>Sviluppo del metodo di mascheramento ad ultrasuoni degli acufeni<\/li>\n<li>Elaborazione ed implementazione di un programma di trattamento della sordit\u00e0 parziale utilizzando un impianto cocleare &#8211; PDCI in bambini e adulti<\/li>\n<\/ul>\n<h3>2005<\/h3>\n<ul>\n<li>Elaborazione di un nuovo dispositivo per lo screening universale dell&#8217;udito &#8211; Audiometr S<\/li>\n<li>Coautore della prima combinazione dell&#8217;impianto e dell&#8217;apparecchio acustico in un orecchio (Duet)<\/li>\n<\/ul>\n<h3>2004<\/h3>\n<ul>\n<li>Prima operazione al mondo di un bambiono con la sordit\u00e0 parziale (PDT-EC)<\/li>\n<li>Elaborazione ed implementazione, per la prima volta nel mondo, di un metodo di trattamento della sordit\u00e0 parziale nei bambini come il complemento elettrico all&#8217;udito normale<\/li>\n<li>Sviluppo di un nuovo programma di telemedicina: &#8222;Domowa Klinika Rehabilitacji&#8221; [Clinica Domestica di Riabilitazione]<\/li>\n<\/ul>\n<h3>2003<\/h3>\n<ul>\n<li>Prima in Polonia operazione del posizionamento di un impianto nell&#8217;orecchio medio<\/li>\n<\/ul>\n<h3>2002<\/h3>\n<ul>\n<li>Prima operazione nel mondo di installazione di un impianto cocleare in un adulto con la sordit\u00e0 parziale (complemento elettrico all\u2019udito normale nelle frequenze basse PDT-EC)<\/li>\n<li>Elaborazione ed implementazione di un programma di trattamento della sordit\u00e0 parziale nei adulti (PDF &#8211; Partial Deafness Treatment) secondo il metodo dei 6 passi di Skar\u017cy\u0144ski con l\u2019accesso attraverso la finestra rotonda<\/li>\n<li>Elaborazione di nuovi strumenti diagnostici &#8211; Audiometer Kuba-micro<\/li>\n<\/ul>\n<h3>2001<\/h3>\n<ul>\n<li>Sviluppo di nuovi originali metodi di chirurgia ricostruttiva dell&#8217;orecchio medio mediante i materiali alloplastici (vetroionomeri)<\/li>\n<li>Lancio di nuove forme di telelmedicina &#8211; teleconsultazioni<\/li>\n<\/ul>\n<h3>2000<\/h3>\n<ul>\n<li>Presentazione dei risultati di 3 anni di osservazione della preservazione dei residui dell&#8217;udito nei bambini e negli adulti (Anversa &#8211; ESPCI, Berlino &#8211; EUFOS)<\/li>\n<li>Coautore dei primi nel mondo test uditivi, visivi e della favella condotti via Internet<\/li>\n<li>Coautore del programma originale sulla scala globale di comuni test uditivi, visivi e della favella via Internet e dei primi studi epidemiologici su larga scala<\/li>\n<\/ul>\n<h3>1999-2003<\/h3>\n<ul>\n<li>Elaborazione dei programmi originali sulla scala mondiale nel campo della telemedicina &#8222;S\u0142ysz\u0119 &#8230;&#8221; [Sento], &#8222;M\u00f3wi\u0119 &#8230;&#8221; [Parlo], &#8222;Widz\u0119 &#8230;&#8221;[Vedo], &#8222;Tinnitus&#8221; e degli strumenti e degli apparecchi per la diagnosi e la terapia dei disturbi dell&#8217;udito, della voce e della favella<\/li>\n<\/ul>\n<h3>1998<\/h3>\n<ul>\n<li>Elaborazione di un programma per l&#8217;individuazione precoce dei difetti dell&#8217;udito nei neonati<\/li>\n<li>Implementazione in Polonia di un programma per il trattamento della sordit\u00e0 totale e dei cambiamenti neoplastici mediante degli impianti posizionati nel tronco cerebrale<\/li>\n<\/ul>\n<h3>1997<\/h3>\n<ul>\n<li>Implementazione in Polonia di un nuovo programma per il trattamento dei difetti congeniti delle orecchie e di una nuova classificazione degli effetti &#8211; Classificazione Skar\u017cy\u0144ski<\/li>\n<li>Elaborazione della &#8222;scala Skar\u017cy\u0144ski&#8221; per la valutazione dei difetti congeniti dell&#8217;orecchio esterno<\/li>\n<\/ul>\n<h3>1995-1998<\/h3>\n<ul>\n<li>Inizio dello screening uditivo generale in Polonia per i neonati e i bambini &#8211; elaborazione della procedura per il Ministero della Salute<\/li>\n<\/ul>\n<h3>1995<\/h3>\n<ul>\n<li>Introduzione di nuovi materiali nella medicina nazionale \u2013 i vetroionomeri per la chirurgia ricostruttiva dell&#8217;orecchio<\/li>\n<\/ul>\n<h3>1994<\/h3>\n<ul>\n<li>Organizzazione del programma di applicare degli apparecchi ai piccoli bambini (dai 2 anni) con i difetti dell\u2019udito<\/li>\n<li>Organizzazione e realizzazione del Programma di Assistenza per Persone con le Lesioni dell\u2019Udito in Polonia<\/li>\n<\/ul>\n<h3>1993<\/h3>\n<ul>\n<li>Elaborazione di un programma nella lingua polacca di riabilitazione dell&#8217;udito dopo il posizionamento di un impianto cocleare<\/li>\n<\/ul>\n<h3>1992<\/h3>\n<ul>\n<li>Implementazione in Polonia del programma di trattamento per la sordit\u00e0 totale in Polonia mediante degli impianti cocleari<\/li>\n<\/ul>\n","protected":false},"excerpt":{"rendered":"<p>2020 Il primo intervento in Polonia del posizionamento dell\u2019impianto attivo BONEBRIDGE BCI 602 che utilizza la conduzione ossea del suono 2018 Primo in Polonia posizionamento di un impianto uditivo di tipo Cochlear OSIA OSI100 2017 Prima nell&#8217;Europa centrale e orientale ..<\/p>\n<div class=\"reading\"><a href=\"https:\/\/henrykskarzynski.pl\/?page_id=19397&#038;lang=it\">&gt;&gt;&gt;<\/a><\/div>\n","protected":false},"author":9,"featured_media":0,"parent":0,"menu_order":0,"comment_status":"closed","ping_status":"closed","template":"","meta":{"footnotes":""},"class_list":["post-19397","page","type-page","status-publish","hentry"],"_links":{"self":[{"href":"https:\/\/henrykskarzynski.pl\/index.php?rest_route=\/wp\/v2\/pages\/19397","targetHints":{"allow":["GET"]}}],"collection":[{"href":"https:\/\/henrykskarzynski.pl\/index.php?rest_route=\/wp\/v2\/pages"}],"about":[{"href":"https:\/\/henrykskarzynski.pl\/index.php?rest_route=\/wp\/v2\/types\/page"}],"author":[{"embeddable":true,"href":"https:\/\/henrykskarzynski.pl\/index.php?rest_route=\/wp\/v2\/users\/9"}],"replies":[{"embeddable":true,"href":"https:\/\/henrykskarzynski.pl\/index.php?rest_route=%2Fwp%2Fv2%2Fcomments&post=19397"}],"version-history":[{"count":1,"href":"https:\/\/henrykskarzynski.pl\/index.php?rest_route=\/wp\/v2\/pages\/19397\/revisions"}],"predecessor-version":[{"id":22912,"href":"https:\/\/henrykskarzynski.pl\/index.php?rest_route=\/wp\/v2\/pages\/19397\/revisions\/22912"}],"wp:attachment":[{"href":"https:\/\/henrykskarzynski.pl\/index.php?rest_route=%2Fwp%2Fv2%2Fmedia&parent=19397"}],"curies":[{"name":"wp","href":"https:\/\/api.w.org\/{rel}","templated":true}]}}