{"id":19374,"date":"2019-01-24T10:36:18","date_gmt":"2019-01-24T10:36:18","guid":{"rendered":"https:\/\/henrykskarzynski.pl\/?page_id=19374"},"modified":"2024-07-29T12:10:48","modified_gmt":"2024-07-29T12:10:48","slug":"sul-professore-h-skrazynski","status":"publish","type":"page","link":"https:\/\/henrykskarzynski.pl\/?page_id=19374&lang=it","title":{"rendered":"SUL PROFESSORE H. SKRA\u017bY\u0143SKI"},"content":{"rendered":"<p><strong>Il professore di medicina, libero docente, dottore honoris causa multi Henryk Skar\u017cy\u0144ski<\/strong> \u00e8 un otochirurgo di fama mondiale e specialista in otorinolaringoiatria, audiologia e foniatria, otorinolaringoiatria pediatrica. Dal 1996 direttore dell\u2019Istituto dipartimentale di Fisiologia e di Patologia dell\u2019Udito. Dal 1994 Specialista Nazionale in Audiologia, poi Consulente Nazionale in Audiologia e Foniatria, dal 2011 Consulente Nazionale in Otorinolaringoiatria. \u00c8 stato il primo in Polonia ad aver posizionare impianti: cocleari (1992), alla conduzione ossea nei bambini (1997), del tronco cerebrale (1998), del orecchio medio (2003). Ha praticamente implementato quasi tutti i sistemi acustici impiantabili in Polonia. \u00c8 stato anche un pioniere di queste soluzioni in Europa e nel mondo.<\/p>\n<p>Nel 1997 ha sviluppato per la prima volta al mondo il programma per il trattamento della sordit\u00e0 parziale e il mantenimento dei residui uditivi e nel 2002 \u00e8 stato il primo al mondo che ha fatto un\u2019operazione in un adulto con la sordit\u00e0 parziale tipica. Nel 2004 \u00e8 stato il primo al mondo che ha fatto un\u2019operazione in un bambino con questa malattia. Questo metodo \u00e8 considerato la sua specialit\u00e0, conosciuta come \u201cmetodo di Skar\u017cy\u0144ski \u201dper la quale ha elaborato un nuovo elettrodo e una procedura clinica che \u00e8 stata implementata in diversi centri mondiali. Di conseguenza, dal 2014, questo ha consentito ad estendere le precedenti indicazioni per il trattamento con l&#8217;utilizzo di vari tipi di impianti e l&#8217;identificazione di nuovi, decine di milioni gruppi target di pazienti, soprattutto quelli anziani. In questo modo ha ottenuto i primi risultati al mondo dopo aver combinato l&#8217;udito naturale e quello elettrico con un impianto in bambini e adulti.<\/p>\n<p>Insieme alla dott.ssa M. G\u00f3ral\u00f3wna, per primi in Polonia, hanno iniziato lo screening per la diagnosi precoce dei danni all\u2019udito nei neonati e nei bambini (1993). Negli anni 1995\u221298 ha gestito il primo programma polacco in questo campo commissionato dal Ministro della Salute, che gli ha permesso di dare il maggior contributo allo sviluppo dell\u2019European Consensus a Milano (1998). Quindi, insieme al team dell\u2019IFPS, ha effettuato test di screening negli scolari: in Polonia (dal 1999) e in quattro continenti (dal 2012). Nel 1996 ha avviato il primo programma al mondo per il trattamento della sordit\u00e0 parziale e il mantenimento dei residui dell\u2019udito, i cui primi risultati l\u2019ha presentati alla conferenza europea di Anversa e al congresso europeo EUFOS di Berlino (2000).<\/p>\n<p>Inoltre, ha introdotto oltre 150 nuove soluzioni cliniche che hanno contribuito allo sviluppo del settore degli impianti uditivi, dell\u2019otochirurgia e dell\u2019audiologia in Polonia e nel mondo. \u00c8 un iniziatore e organizzatore: del secondo centro in Europa \u201cCochlear Center\u201d (1993), Istituto dipartimentale di Fisiologia e di Patologia dell\u2019Udito (1996), promotore e organizzatore della costruzione del World Hearing Center [Centro Mondiale dell\u2019Udito] (la prima parte nel\u00a0 2003; l\u2019altra nel 2012). Grazie alle tre decadi delle sue attivit\u00e0 i pazienti polacchi sono i primi o tra i primi al mondo ad avere l\u2019accesso alle tecnologie recenti. Da oltre 25 anni da solo, e da 18 con l\u2019intero team, esegue il maggior numero di interventi di miglioramento dell\u2019udito al mondo. \u00c8 anche autore o coautore di 18 brevetti nazionali ed esteri.<\/p>\n<p>\u00c8 autore e coautore di 4486 pubblicazioni e 3912 discorsi ai congressi e alle conferenze, 66 monografie scientifiche e divulgative. Svolge ampie attivit\u00e0 educative per gli studenti e medici dalla Polonia e dall\u2019estero. Ha svolto gli interventi chirurgici dimostrativi per pi\u00f9 di 8.200 professori, primari e altri specialisti durante i 64\u00b0 workshop internazionali di otochirurgia \u201cWindow Approach Workshop\u201d, nonch\u00e9 le conferenze e i congressi continentali e mondiali organizzati a Kajetany e Varsavia. Gli interventi dimostrativi sono stati effettuati in diversi paesi in Asia, Sud America ed Europa. In totale ne ha fatte oltre 1.300. \u00c8 stato presidente di due congressi continentali e quattro mondiali: due dei quali si sono tenuti per la prima volta in Europa.<\/p>\n<p>\u00c8 il Professore Onorario all\u2019Universit\u00e0 di Provo, UT USA (1998), dottore honoris causa dell\u2019Accademia di Pedagogia Speciale (2011), Universit\u00e0 di Varsavia (2012), Universit\u00e0 Marie Curie-Sk\u0142odowska (2014), Universit\u00e0 Cardinale Stefan Wyszy\u0144ski (2022). \u00c8 il Professore Associato di State Medical and Pharmaceutical University Nicolae Testemitanu a Chisinau in Moldova (2013) e Professore Onorario dell\u2019Istituto di Madre e di Bambino a Bishkek, Kirghizistan(2016).<\/p>\n<p>Membro delle 22 pi\u00f9 importanti societ\u00e0 scientifiche nazionali ed estere: Membro Corrispondente dell\u2019Accademia Polacca delle Scienze, Presidente del Comitato di Scienze Cliniche dell\u2019Accademia Polacca delle Scienze (2007\u22122020), e attualmente Vicepresidente di questo Comitato, membro onorario della Societ\u00e0 Polacca e Slovacca degli Otorinolaringoiatri Chirurghi della Testa e del Collo, Associazione Danubiana di Otorinolaringoiatri, Chirurghi della Testa e del Collo e della Societ\u00e0 Medica Polacca. Il primo otologo polacco nella storia della Societ\u00e0 americana degli otologhi American Otological Society e dei neurotologi \u2013 American Neurotology Society, membro di CORLAS, POLITZER, ISA, IAO , EAONO ed EFAS. Membro dell\u2019Accademia Europea delle Scienze e delle Arti. \u00c8 anche membro della Commissione Centrale per i Titoli Scientifici, Consiglio Scientifico del Ministro della Salute e ex\u2212presidente del Consiglio dell\u2019Accademia di Educazione Speciale M. Grzegorzewska (2019\u22122020). Dal 2021 \u00e8 presidente del Consiglio dell\u2019Universit\u00e0 Cardinale Stefan Wyszy\u0144ski e Membro del Consiglio per programmi del Centro degli Studi Avanzati del Politecnico di Varsavia (2016\u22122020 e 2021\u22122024).<\/p>\n<p>Membro del Comitato della Biocibernetica e Ingegneria biomedica dell\u2019Accademia Polacca delle Scienze (PAN), presidente della Fondazione Accademia del successo polacco, presidente del consiglio della fondazione Pro Polonia (dal 2020), presidente del Consiglio per programmi del congresso La salute dei polacchi (dal 2019), membro del Consiglio scientifico dell\u2019Istituto della Geriatria, Reumatologia e Riabilitazione Eleonora Reicher (dal 2018), Membro del Consiglio per la Politica della Anzianit\u00e0 nel Ministero della Famiglia, del Lavoro e della Politica Sociale. Membro del Consiglio scientifico della Biblioteca Centrale di Medicina Stanis\u0142aw Konopka (dal 2016), Membro del Consiglio onorario della Fondazione SONO UN\u2019OTTIMISTA (dal 2016), Membro del Consiglio Medico Nazionale (2010\u22122013), Membro del Consiglio scientifico della Fondazione Orange (dal 2006), Membro del Consiglio per programmi dell\u2019Associazione polacca degli audioprotesisti (dal 2002), Membro del Consiglio della Facolt\u00e0 degli studi vocali dell\u2019Universit\u00e0 della Musica Fryderyk Chopin (2002\u22122018), Membro del Consiglio scientifico del Centro Medico degli Studi post\u2212laurea (1999\u22122002), dal 1993 Presidente del Consiglio dell\u2019Associazione degli Amici delle persone sorde e non udenti Cz\u0142owiek \u2013 Cz\u0142owiekowi, negli anni 1989\u22122000 Membro del Consiglio della 1\u00b0 Facolt\u00e0 di Medicina dell\u2019Universit\u00e0 di Medicina di Varsavia.<\/p>\n<p>Vincitore dei premi statali: del Presidente, del Primo Ministro, dei Ministri della Salute, della Scienza e dell\u2019Istruzione Superiore, degli Affari Esteri, dell\u2019Economia, dell\u2019Istruzione, dello Sviluppo Regionale e i premi dell\u2019ambiente medico e molti prestigiosi premi nazionali ed esteri. Decorato dal Presidente della Repubblica di Polonia con la Croce di Cavaliere, d\u2019Ufficiale e dell\u2019Ordine della Rinascita della Polonia di Commendatore e decorazioni statali concesse dal Re del Belgio (due volte), dal Presidente della Georgia e dell\u2019Ucraina. Cittadino onorario di Varsavia. Nel 25\u00b0 anniversario della riconquista della libert\u00e0 della Polonia, ha ricevuto il titolo di Uomo della Libert\u00e0 nella categoria \u201cScienza\u201d. Nel 2018 \u00e8 stato premiato dal Presidente della Repubblica di Polonia con la Medaglia del Centenario dell\u2019Indipendenza Riconquistata e dal Primo Ministro con una medaglia e un diploma del \u201c100 anni della Riconquista dell\u2019Indipendenza\u201d. Nel 2019 gli \u00e8 stato conferito l\u2019Emblema Promozionale dell\u2019Aquila Bianca ed \u00e8 stato decorato dal Primo Ministro con il distintivo onorario \u201cAl Merito Per Invenzione\u201d. Nel 2021 ha ricevuto tra l\u2019altro: il premio l\u2019Aquila del Centenario della Repubblica di Polonia, il premio Visionario della salute del settimanale \u201eDo Rzeczy\u201d, il premio di riconoscimento nel plebiscito del settimanale \u201eNewsweek\u201d: venti persone di 20 anni, il premio \u201eLo smeraldo Welconomy\u201d e il premio individuale d\u2019Economia del Presidente RP.<\/p>\n<p>Il posizionamento degli implanti per il trattamento della sordit\u00e0 parziale e totale dal prof. Skar\u017cy\u0144ski \u00e8 stato riconosciuto anche nel plebiscito \u201cLa Scienza \u00e8 la Libert\u00e0\u201d organizzato dal Ministero della Scienza e della Istruzione Superiore per il pi\u00f9 importante evento scientifico degli ultimi 25 anni. Nel 2019 l\u2019Agenzia Nazionale degli Scambi Accademici (NAWA) ha premiato il metodo di Skar\u017cy\u0144ski per uno delle 34 scoperte scientifiche che rappresentano la scienza polacca al mondo.<\/p>\n<p>Il Professore Skar\u017cy\u0144ski \u00e8 anche premiato dalle comunit\u00e0 diverse tra l\u2019altro con: concessa dal Papa Francesco la Medaglia di Papa \u201cPro Ecclesia e Pontifice\u201d, concessa da Sua Eminenza Arcivescovo Wojciech Polak, Primate di Polonia la \u201cMedaglia del Primate\u201d e la Medaglia \u201cPer i meriti all\u2019Arcidiocesi di Varsavia\u201d concesa da Sua Eccellenza Cardinale Kazimierz Nycz. \u00c8 stato decorato dai Capitoli Internazionali con l\u2019Ordine del Sorriso e della Medaglia ECCE HOMO. Dal 2001 il prof. H. Skar\u017cy\u0144ski \u00e8 costantemente tra le 100 persone pi\u00f9 influenti in medicina e sanit\u00e0 polacca nella classifica della rivista \u201cPuls Medycyny\u201d [Polso di Medicina]: \u00e8 stato nella top ten 12 volte, al primo posto \u2013 due volte, al secondo \u2013 quattro volte. Inoltre, il prof. Skar\u017cy\u0144ski ha ricevuto il titolo di Ingegnere d\u2019Oro e di Ingegnere Onorario dall\u2019ambiente tecnico polacco. Tra circa 400 premi assegnati da vari ambienti ci sono: La mezza degli Affari premiata dalla Camera di Commercio Polacco\u2212Ucraina, Perla Onoraria Speciale premiata dai redattori del Polish Market, il titolo di \u201cPolacco Eccezionale\u201d assegnato dal Capitolo del Concorso \u201cTeraz Polska\u201d, Medaglia della Commissione della Istruzione Nazionale, Medaglia del Senato della Repubblica di Polonia, Medaglia Niccol\u00f2 Copernico assegnato dalla presidenza dell\u2019Accademia Polacca delle Scienze, Medaglia Professore Jan Nielubowicz del Consiglio Medico Regionale di Varsavia, il titolo \u201cBenevolenti\u201d per il sostegno delle iniziative pro\u2212sociali della Fondazione Pro Seniore, Medaglia Tytus Cha\u0142ubi\u0144ski, decorazione \u201cBene Meritus\u201d, \u201cLAUDABILIS\u201d decorazione assegnato dal Consiglio Medico Regionale e il titolo \u201cFidato\u201d per meriti speciali a beneficio del Consiglio Medico, Medaglia Gloria Medicinae ed iscrizione onoraria per gli eccezionali servizi per la medicina dall\u2019Associazione Medica Polacca, la statuetta dell\u2019Accademia Televisiva Wiktor nella categoria Personalit\u00e0 della Scienza e della Cultura, Oscar Onorario degli Affari Polacchi, il premio principale del \u201c21st Century Achievement Award Winners\u201d nella categoria sanita per il Sistema di Fitting a Distanza e di Telereabilitazione a Washington che fornisce l\u2019assistenza permanente e remota per i pazienti con impianti uditivi, Premio speciale e Medaglia Professore Zbigniew Religa concesso dalla Fondazione per i Bambini \u201cAiutare in Tempo\u201d. Per meriti e cooperazione, \u00e8 stato insignito di medaglie da: Universit\u00e0 di Varsavia, Universit\u00e0 di Scienze della Vita di Varsavia, Universit\u00e0 Medica di Varsavia, Politecnico di Gda\u0144sk e Varsavia, Universit\u00e0 della Musica Fryderyk Chopin, Universit\u00e0 Maria Curie-Sk\u0142odowska di Lublino, Universit\u00e0 Cardinale Stefan Wyszy\u0144ski di Varsavia.<\/p>\n<p>In nome della scienza e della medicina polacca, ha intrapreso con il suo team l\u2019organizzazione di screening in 20 paesi in Asia, Europa, Africa e Sud America.<\/p>\n<p>Nel 2012, lui e il suo team hanno ricevuto la Medaglia d\u2019Oro e il principale premio Prix Galien in uno dei concorsi pi\u00f9 importanti al mondo che premia da quasi mezzo secolo i risultati innovativi e rivoluzionari in farmacia, medicina e assistenza sanitaria in generale a Monte Carlo. Nel 2016 la comunit\u00e0 scientifica internazionale, durante la 14\u00b0 Conferenza Internazionale degli Impianti Cocleari e Altre Tecnologie Impiantabili (CI2016) a Toronto, ha riconosciuto il prof. Henryk Skar\u017cy\u0144ski, come uno dei quattro scienziati del mondo con la distinzione pi\u00f9 alta della comunit\u00e0 internazionale per il suo straordinario contributo allo sviluppo della scienza e della medicina che garantisce le opportunit\u00e0 ottimali per la comunicazione interpersonale nelle societ\u00e0 moderne.<\/p>\n<p>Iniziatore e ideatore del pi\u00f9 grande progetto di prevenzione: la Programma Multidisciplinare per Prevenire le Malattie della Civilt\u00e0 e per Sostenere la Salute dei Polacchi \u201cPrima la Salute\u201d, che realizza dal 2016. Nel 2011 \u00e8 stato il principale promotore della firma del Consenso Scientifico Europeo a Varsavia sulla rilevazione dei disturbi dell\u2019udito, della vista e della favella che \u00e8 stato confermato dall\u2019adozione di questa proposta da parte del Consiglio di Europa sotto forma de \u201cLa conclusione del Consiglio dell\u2019UE sulla diagnosi precoce e il trattamento dei disturbi della comunicazione nei bambini, compreso l\u2019uso degli strumenti di sanit\u00e0 elettronica e soluzioni innovative\u201d.<\/p>\n<p>Il suo risultato pi\u00f9 importante nelle attivit\u00e0 scientifiche, cliniche e didattiche \u00e8 stata la preparazione del concetto, la costruzione e il lancio del Centro Mondiale dell\u2019Udito: il centro scientifico e clinico pi\u00f9 grande al mondo, in cui da 20 anni il suo team effettua il numero pi\u00f9 grande al mondo delle operazioni che migliorano l\u2019udito. Lui stesso ne ha realizzati pi\u00f9 di 220.000.<\/p>\n<p>Dal 2015 anni organizza il Festival Internazionale di Musica per i Bambini, Giovani ed Adulti con Disturbi dell\u2019Udito \u201cI Ritmi Cocleari\u201d e ha partecipato con i suoi finalisti nel 2018 e 2019 alle sessioni speciali del Parlamento Europeo.<\/p>\n<p>Nel 2017 \u00e8 stato un produttore del documentario \u201eLa mia sonata al chiaro di luna\u201d.<\/p>\n<p>Nel 2019 sul palco dell\u2019Opera da Camera di Varsavia nel musical \u201cIl silenzio interrotto\u201d \u00e8 stato presentato il destino dei suoi pazienti, eroi, alcuni ruoli interpretati da loro stessi. \u00c8 l\u2019autore del libretto di questo musical. Attualmente sta preparando due sceneggiature cinematografiche sui problemi della comunicazione interpersonale nella societ\u00e0 contemporanea.<\/p>\n<p>Il prof. Henryk Skar\u017cy\u0144ski \u00e8 anche autore del film d\u2019essai \u00a0\u201cIl ritorno di Beethoven\u201d che presenta, attraverso la tragedia del compositore e del pianista famoso, i risultati artistici dei suoi pazienti del Centro Mondiale dell\u2019Udito e delle altre localit\u00e0 e i risultati del programma del trattamento della sordit\u00e0 in Polonia.<\/p>\n","protected":false},"excerpt":{"rendered":"<p>Il professore di medicina, libero docente, dottore honoris causa multi Henryk Skar\u017cy\u0144ski \u00e8 un otochirurgo di fama mondiale e specialista in otorinolaringoiatria, audiologia e foniatria, otorinolaringoiatria pediatrica. Dal 1996 direttore dell\u2019Istituto dipartimentale di Fisiologia e di Patologia dell\u2019Udito. Dal 1994 ..<\/p>\n<div class=\"reading\"><a href=\"https:\/\/henrykskarzynski.pl\/?page_id=19374&#038;lang=it\">&gt;&gt;&gt;<\/a><\/div>\n","protected":false},"author":9,"featured_media":0,"parent":0,"menu_order":0,"comment_status":"closed","ping_status":"closed","template":"","meta":{"footnotes":""},"class_list":["post-19374","page","type-page","status-publish","hentry"],"_links":{"self":[{"href":"https:\/\/henrykskarzynski.pl\/index.php?rest_route=\/wp\/v2\/pages\/19374","targetHints":{"allow":["GET"]}}],"collection":[{"href":"https:\/\/henrykskarzynski.pl\/index.php?rest_route=\/wp\/v2\/pages"}],"about":[{"href":"https:\/\/henrykskarzynski.pl\/index.php?rest_route=\/wp\/v2\/types\/page"}],"author":[{"embeddable":true,"href":"https:\/\/henrykskarzynski.pl\/index.php?rest_route=\/wp\/v2\/users\/9"}],"replies":[{"embeddable":true,"href":"https:\/\/henrykskarzynski.pl\/index.php?rest_route=%2Fwp%2Fv2%2Fcomments&post=19374"}],"version-history":[{"count":4,"href":"https:\/\/henrykskarzynski.pl\/index.php?rest_route=\/wp\/v2\/pages\/19374\/revisions"}],"predecessor-version":[{"id":24096,"href":"https:\/\/henrykskarzynski.pl\/index.php?rest_route=\/wp\/v2\/pages\/19374\/revisions\/24096"}],"wp:attachment":[{"href":"https:\/\/henrykskarzynski.pl\/index.php?rest_route=%2Fwp%2Fv2%2Fmedia&parent=19374"}],"curies":[{"name":"wp","href":"https:\/\/api.w.org\/{rel}","templated":true}]}}