{"id":1934,"date":"2013-11-15T11:09:19","date_gmt":"2013-10-14T15:48:17","guid":{"rendered":"http:\/\/178.216.200.219\/?p=1934"},"modified":"2022-06-08T12:19:42","modified_gmt":"2022-06-08T12:19:42","slug":"es-tytuly-honorowe","status":"publish","type":"page","link":"https:\/\/henrykskarzynski.pl\/?page_id=1934&lang=es","title":{"rendered":"T\u00edtulos cient\u00edficos honor\u00edficos"},"content":{"rendered":"<p>&nbsp;<\/p>\n<table border=\"0\" cellspacing=\"0\" cellpadding=\"0\">\n<tbody>\n<tr>\n<td style=\"width: 77px;\">1998<\/td>\n<td style=\"width: 707px;\">Profesor Honor\u00edfico de la Brigham Young University de Provo UT (E.E. U.U.)<\/td>\n<\/tr>\n<tr>\n<td style=\"width: 77px;\">2011<\/td>\n<td style=\"width: 707px;\"><a href=\"\/es\/novedades\/profesor-henryk-skarzynski-recibe-el-t-tulo-del-doctor-honoris-causa.html\">Doctor honoris causa de la Academia de Educaci\u00f3n Especial de Maria Grzegorzewska de Varsovia<\/a><\/td>\n<\/tr>\n<tr>\n<td style=\"width: 77px;\">2012<\/td>\n<td style=\"width: 707px;\">Profesor Extraordinario de la State Medical and Pharmaceutical University Nicolae Testemitanu, Chisin\u00e1u, Moldavia<\/td>\n<\/tr>\n<tr>\n<td style=\"width: 77px;\">2012<\/td>\n<td style=\"width: 707px;\"><a href=\"\/es\/novedades\/profesor-henryk-skarzynski-doctor-honoris-causa-de-la-universidad-de-varsovia.html\">Doctor honoris causa de la Universidad de Varsovia, concedido a la petici\u00f3n de los consejos de las facultades de Biolog\u00eda y Gesti\u00f3n<\/a><\/td>\n<\/tr>\n<\/tbody>\n<\/table>\n<table border=\"0\" cellspacing=\"0\" cellpadding=\"0\">\n<tbody>\n<tr>\n<td style=\"width: 77px;\">2014<\/td>\n<td style=\"width: 707px;\">Doctor honoris causa de la Universidad de Mar\u00eda Curie-Sk\u0142odowska en Lublin<\/td>\n<\/tr>\n<tr>\n<td style=\"width: 77px;\">2016<\/td>\n<td style=\"width: 707px;\"><a href=\"https:\/\/henrykskarzynski.pl\/es\/aktualnosci-es\/vii-congreso-de-pediatras-de-los-paises-de-la-comunidad-de-estados-independientes-y-otros-paises-del-mundo-con-la-participacion-de-los-representantes-de-ifps.html\">El t\u00edtulo de Profesor Honorario del Instituto Nacional de la Madre y el Ni\u00f1o de Biskek<\/a><\/td>\n<\/tr>\n<tr>\n<td style=\"width: 77px;\">2022<\/td>\n<td style=\"width: 707px;\"><a href=\"https:\/\/henrykskarzynski.pl\/es\/aktualnosci-es\/22675.html\">Doctor honoris causa de la Universidad Cardenal Stefan Wyszy\u0144ski en Varsovia<\/a><\/td>\n<\/tr>\n<\/tbody>\n<\/table>\n<p>&nbsp;<\/p>\n","protected":false},"excerpt":{"rendered":"<p>&nbsp; 1998 Profesor Honor\u00edfico de la Brigham Young University de Provo UT (E.E. U.U.) 2011 Doctor honoris causa de la Academia de Educaci\u00f3n Especial de Maria Grzegorzewska de Varsovia 2012 Profesor Extraordinario de la State Medical and Pharmaceutical University Nicolae ..<\/p>\n<div class=\"reading\"><a href=\"https:\/\/henrykskarzynski.pl\/?page_id=1934&#038;lang=es\">&gt;&gt;&gt;<\/a><\/div>\n","protected":false},"author":3,"featured_media":0,"parent":0,"menu_order":14,"comment_status":"closed","ping_status":"closed","template":"","meta":{"footnotes":""},"class_list":["post-1934","page","type-page","status-publish","hentry"],"_links":{"self":[{"href":"https:\/\/henrykskarzynski.pl\/index.php?rest_route=\/wp\/v2\/pages\/1934","targetHints":{"allow":["GET"]}}],"collection":[{"href":"https:\/\/henrykskarzynski.pl\/index.php?rest_route=\/wp\/v2\/pages"}],"about":[{"href":"https:\/\/henrykskarzynski.pl\/index.php?rest_route=\/wp\/v2\/types\/page"}],"author":[{"embeddable":true,"href":"https:\/\/henrykskarzynski.pl\/index.php?rest_route=\/wp\/v2\/users\/3"}],"replies":[{"embeddable":true,"href":"https:\/\/henrykskarzynski.pl\/index.php?rest_route=%2Fwp%2Fv2%2Fcomments&post=1934"}],"version-history":[{"count":4,"href":"https:\/\/henrykskarzynski.pl\/index.php?rest_route=\/wp\/v2\/pages\/1934\/revisions"}],"predecessor-version":[{"id":22703,"href":"https:\/\/henrykskarzynski.pl\/index.php?rest_route=\/wp\/v2\/pages\/1934\/revisions\/22703"}],"wp:attachment":[{"href":"https:\/\/henrykskarzynski.pl\/index.php?rest_route=%2Fwp%2Fv2%2Fmedia&parent=1934"}],"curies":[{"name":"wp","href":"https:\/\/api.w.org\/{rel}","templated":true}]}}