{"id":1927,"date":"2014-08-06T14:15:40","date_gmt":"2013-09-16T19:54:49","guid":{"rendered":"http:\/\/178.216.200.219\/?p=1927"},"modified":"2015-10-26T11:02:51","modified_gmt":"2015-10-26T11:02:51","slug":"artysci-na-rzecz-nieslyszacych-dzieci-w-polsce-i-europie","status":"publish","type":"page","link":"https:\/\/henrykskarzynski.pl\/?page_id=1927&lang=pl","title":{"rendered":"Arty\u015bci na rzecz nies\u0142ysz\u0105cych dzieci w Polsce i Europie"},"content":{"rendered":"<table border=\"0\" cellpadding=\"1\" cellspacing=\"1\" style=\"height:203px;\" width=\"326\">\n<tbody>\n<tr>\n<td> \t\t\t\t1997 r.<\/td>\n<td> \t\t\t\t<a href=\"\/pl\/podziekowania\/jean-michel-jarre.html\">Jean Michel Jarre<\/a><\/td>\n<\/tr>\n<tr>\n<td> \t\t\t\t1997 r.<\/td>\n<td> \t\t\t\t<a href=\"\/pl\/podziekowania\/muzyka-dla-wszystkich.html\">Tytus Wojnowicz<\/a><\/td>\n<\/tr>\n<tr>\n<td> \t\t\t\t1998 r.<\/td>\n<td> \t\t\t\t<a href=\"\/pl\/podziekowania\/6-rocznica-pierwszego-w-polsce-wszczepienia-implantu-slimakowego.html\">Danuta B\u0142a\u017cejczyk<\/a><\/td>\n<\/tr>\n<tr>\n<td> \t\t\t\t1998 r.<\/td>\n<td> \t\t\t\t<a href=\"\/pl\/podziekowania\/6-rocznica-pierwszego-w-polsce-wszczepienia-implantu-slimakowego.html\">Ryszard Rynkowski<\/a><\/td>\n<\/tr>\n<tr>\n<td> \t\t\t\t1998 r.<\/td>\n<td> \t\t\t\t<a href=\"\/pl\/podziekowania\/koncert-pt-na-rzecz-nieslyszacych-dzieci-w-polsce-julita-i-paula-sokolowskie.html\">Julita i Paula Soko\u0142owskie<\/a><\/td>\n<\/tr>\n<tr>\n<td> \t\t\t\t1998 r.<\/td>\n<td> \t\t\t\t<a href=\"\/pl\/podziekowania\/grazyna-auguscik.html\">Gra\u017cyna Augu\u015bcik<\/a><\/td>\n<\/tr>\n<tr>\n<td> \t\t\t\t1998 r.<\/td>\n<td> \t\t\t\t<a href=\"\/pl\/podziekowania\/koncert-pt-na-rzecz-nieslyszacych-dzieci-w-polsce-andrzej-piaseczny.html\">Andrzej &quot;Piasek&quot; Piaseczny<\/a><\/td>\n<\/tr>\n<tr>\n<td> \t\t\t\t1998 r.<\/td>\n<td> \t\t\t\t<a href=\"\/pl\/podziekowania\/koncert-pt-na-rzecz-nieslyszacych-dzieci-w-polsce-reni-jusis.html\">Reni Jusis<\/a><\/td>\n<\/tr>\n<tr>\n<td> \t\t\t\t2003 r.<\/td>\n<td> \t\t\t\t<a href=\"\/pl\/podziekowania\/zespol-gaweda.html\">Zesp&oacute;\u0142 Gaw\u0119da<\/a><\/td>\n<\/tr>\n<tr>\n<td> \t\t\t\t2004 r.<\/td>\n<td> \t\t\t\t<a href=\"\/pl\/podziekowania\/jacek-wojcicki.html\">Jacek W&oacute;jcicki<\/a><\/td>\n<\/tr>\n<tr>\n<td> \t\t\t\t&nbsp;<\/td>\n<td> \t\t\t\t&nbsp;<\/td>\n<\/tr>\n<\/tbody>\n<\/table>\n<p> \t&nbsp;<\/p>\n","protected":false},"excerpt":{"rendered":"<p>1997 r. Jean Michel Jarre 1997 r. Tytus Wojnowicz 1998 r. Danuta B\u0142a\u017cejczyk 1998 r. Ryszard Rynkowski 1998 r. Julita i Paula Soko\u0142owskie 1998 r. Gra\u017cyna Augu\u015bcik 1998 r. Andrzej &quot;Piasek&quot; Piaseczny 1998 r. Reni Jusis 2003 r. Zesp&oacute;\u0142 Gaw\u0119da ..<\/p>\n<div class=\"reading\"><a href=\"https:\/\/henrykskarzynski.pl\/?page_id=1927&#038;lang=pl\">&gt;&gt;&gt;<\/a><\/div>\n","protected":false},"author":3,"featured_media":0,"parent":0,"menu_order":2,"comment_status":"closed","ping_status":"closed","template":"","meta":{"footnotes":""},"class_list":["post-1927","page","type-page","status-publish","hentry"],"_links":{"self":[{"href":"https:\/\/henrykskarzynski.pl\/index.php?rest_route=\/wp\/v2\/pages\/1927","targetHints":{"allow":["GET"]}}],"collection":[{"href":"https:\/\/henrykskarzynski.pl\/index.php?rest_route=\/wp\/v2\/pages"}],"about":[{"href":"https:\/\/henrykskarzynski.pl\/index.php?rest_route=\/wp\/v2\/types\/page"}],"author":[{"embeddable":true,"href":"https:\/\/henrykskarzynski.pl\/index.php?rest_route=\/wp\/v2\/users\/3"}],"replies":[{"embeddable":true,"href":"https:\/\/henrykskarzynski.pl\/index.php?rest_route=%2Fwp%2Fv2%2Fcomments&post=1927"}],"version-history":[{"count":0,"href":"https:\/\/henrykskarzynski.pl\/index.php?rest_route=\/wp\/v2\/pages\/1927\/revisions"}],"wp:attachment":[{"href":"https:\/\/henrykskarzynski.pl\/index.php?rest_route=%2Fwp%2Fv2%2Fmedia&parent=1927"}],"curies":[{"name":"wp","href":"https:\/\/api.w.org\/{rel}","templated":true}]}}