{"id":1919,"date":"2013-04-30T12:37:31","date_gmt":"2013-12-09T14:01:02","guid":{"rendered":"http:\/\/178.216.200.219\/?p=1919"},"modified":"2019-01-25T13:05:55","modified_gmt":"2019-01-25T13:05:55","slug":"es-patenty","status":"publish","type":"page","link":"https:\/\/henrykskarzynski.pl\/?page_id=1919&lang=es","title":{"rendered":"Patentes"},"content":{"rendered":"<h2>Patentes nacionales e internacionales<\/h2>\n<ul>\n<li>Skarzynski H., Czyzewski A., Nuevo m\u00e9todo de terapia pisco-audio-ling\u00fc\u00edstica (M\u00e9todo de Estimulaci\u00f3n de Percepci\u00f3n Sensorial de Skarzynski) (2010)<\/li>\n<li>Skarzynski H., Czyzewski A.: A portable audio device, a system and a way of exercising aural acuity, PCT application No. P 387631 (2009)<\/li>\n<li>Czyzewski A., Skarzynski H., Kostek B.: Aparato auditivo sin contacto, Aplicaci\u00f3n por patente No P. 381794 (2007)<\/li>\n<li>Kochanek K., Skarzynski H., Pietraszek S., Zebro M., Smurzynski J., Mazur J.: Aparato de screening de la audici\u00f3n. N\u00famero de aplicaci\u00f3n a la Oficina de Patentes de la Rep\u00fablica Polaca: P 356 571 (2005)<\/li>\n<li>Czyzewski A., Skarzynski H., Kostek B., Mazur J.: Method of testing hearing by means of personal computers. International Application Published Under the Patent Cooperation Treaty, No WO 00\/64350 (2002)<\/li>\n<li>Czyzewski A., Skarzynski H., Kostek B.: Method and system for the diagnostics and rehabilitation of Tinnitus patients. International Application Published Under the Patent Cooperation Treaty, No WO 02\/42986 A1 (2002)<\/li>\n<li>Czyzewski A., Skarzynski H., Kostek B.: Therapy system and device for speech articulation. International Application Published Under the Patent Cooperation Treaty, No WO 02\/39423 A1 (2002)<\/li>\n<li>Czyzewski A., Skarzynski H., Kostek B., Szaflik J.: Visual screening tests by means of computers. International Application Published Under the Patent Cooperation Treaty, No WO 02\/39754 A1 (2002)<\/li>\n<li>Skarzynski H.: Aparato de tratamiento de los senos nasales. No W \u2013 96421. Patente nacional<br \/>\nSkarzynski H., Czyzewski A.: M\u00e9todo de realizar mediciones audiom\u00e9tricas por computadora y el sistema correspondiente. Patente nacional (2001)<\/li>\n<li>Skarzynski H.: Tuber\u00eda de pl\u00e1stico para la traqueostomia. No W \u2013 96424. Patente nacional (2000)<\/li>\n<li>Skarzynski H. Pr\u00f3tesis de reconstrucci\u00f3n del sistema de transmisi\u00f3n en el o\u00eddo medio. No W \u2013 96425. Patente nacional (2000)<\/li>\n<li>Skarzynski H.: Pr\u00f3tesis auditivas cer\u00e1micas. Patente nacional (2000)<\/li>\n<li>Instrumento de comprimir hemorragias de la fosa nasal. No W \u2013 92162. Patente nacional (1999)<\/li>\n<\/ul>\n","protected":false},"excerpt":{"rendered":"<p>Patentes nacionales e internacionales Skarzynski H., Czyzewski A., Nuevo m\u00e9todo de terapia pisco-audio-ling\u00fc\u00edstica (M\u00e9todo de Estimulaci\u00f3n de Percepci\u00f3n Sensorial de Skarzynski) (2010) Skarzynski H., Czyzewski A.: A portable audio device, a system and a way of exercising aural acuity, PCT ..<\/p>\n<div class=\"reading\"><a href=\"https:\/\/henrykskarzynski.pl\/?page_id=1919&#038;lang=es\">&gt;&gt;&gt;<\/a><\/div>\n","protected":false},"author":3,"featured_media":0,"parent":0,"menu_order":25,"comment_status":"closed","ping_status":"closed","template":"","meta":{"footnotes":""},"class_list":["post-1919","page","type-page","status-publish","hentry"],"_links":{"self":[{"href":"https:\/\/henrykskarzynski.pl\/index.php?rest_route=\/wp\/v2\/pages\/1919","targetHints":{"allow":["GET"]}}],"collection":[{"href":"https:\/\/henrykskarzynski.pl\/index.php?rest_route=\/wp\/v2\/pages"}],"about":[{"href":"https:\/\/henrykskarzynski.pl\/index.php?rest_route=\/wp\/v2\/types\/page"}],"author":[{"embeddable":true,"href":"https:\/\/henrykskarzynski.pl\/index.php?rest_route=\/wp\/v2\/users\/3"}],"replies":[{"embeddable":true,"href":"https:\/\/henrykskarzynski.pl\/index.php?rest_route=%2Fwp%2Fv2%2Fcomments&post=1919"}],"version-history":[{"count":0,"href":"https:\/\/henrykskarzynski.pl\/index.php?rest_route=\/wp\/v2\/pages\/1919\/revisions"}],"wp:attachment":[{"href":"https:\/\/henrykskarzynski.pl\/index.php?rest_route=%2Fwp%2Fv2%2Fmedia&parent=1919"}],"curies":[{"name":"wp","href":"https:\/\/api.w.org\/{rel}","templated":true}]}}