{"id":18796,"date":"2015-09-08T12:45:37","date_gmt":"2015-09-08T12:45:37","guid":{"rendered":"https:\/\/henrykskarzynski.pl\/?page_id=18796"},"modified":"2024-02-01T08:06:10","modified_gmt":"2024-02-01T08:06:10","slug":"il-professore-henryk-skarzynski","status":"publish","type":"page","link":"https:\/\/henrykskarzynski.pl\/?page_id=18796&lang=it","title":{"rendered":"Il Professore Henryk Skar\u017cy\u0144ski"},"content":{"rendered":"<p><strong>Il professore di medicina, libero docente, dottore honoris causa multi Henryk Skar\u017cy\u0144ski<\/strong> \u00e8 un otochirurgo di fama mondiale e uno specialista in otorinolaringoiatria, audiologia e foniatria, otorinolaringoiatria pediatrica. Dal 1996 direttore dell&#8217;Istituto dipartimentale di Fisiologia e di Patologia dell&#8217;Udito.Dal 1994 Specialista Nazionale in Audiologia, poi Consulente Nazionale in Audiologia e Foniatria, dal 2011 Consulente Nazionale in Otorinolaringoiatria. \u00c8 stato il primo in Polonia ad aver posizionare dei impianti: cocleari (1992), alla conduzione ossea nei bambini (1997), del tronco cerebrale (1998), del orecchio medio (2003).<\/p>\n<p>Nel 1997, ha sviluppato per la prima volta nel mondo il programma per il trattamento della sordit\u00e0 parziale e la conservazione dei residui uditivi e nel 2002 \u00e8 stato il primo al mondo chi ha fatto una operazione in un adulto con sordit\u00e0 parziale classica. Nel 2004 \u00e8 stato il primo al mondo chi ha fatto una operazione in un bambino con\u00a0 questa malattia. Questo metodo \u00e8 considerato la sua specialit\u00e0 come &#8222;metodo di Skar\u017cy\u0144ski&#8221;per la quale ha elaborato un nuovo elettrodo e una procedura clinica, che \u00e8 stata implementata in diversi centri mondiali.<\/p>\n<p>Insieme al dottoressa M. G\u00f3ral\u00f3wna, come i primi in Polonia, hanno iniziato lo screening per la diagnosi precoce dei danni all&#8217;udito nei neonati e nei bambini (1993). Negli anni 1995-98 ha gestito il primo programma polacco in questo campo commissionato dal Ministro della Salute, che gli ha permesso di dare il maggior contributo allo sviluppo dell&#8217;European Consensus a Milano (1998). Quindi, insieme al team IFPS, ha effettuato test di screening nei bambini pi\u00f9 grandi &#8211; in Polonia (dal 1999) e in 4 continenti (dal 2012). Nel 1996 ha avviato il primo programma al mondo per il trattamento della sordit\u00e0 parziale e la conservazione dei residui dell&#8217;udito, i cui primi risultati ha presentato alla conferenza europea di Anversa e al congresso europeo di Berlino (2000).<\/p>\n<p>Inoltre, ha introdotto oltre 150 nuove soluzioni cliniche, che hanno contribuito allo sviluppo del settore degli impianti uditivi, dell\u2019otochirurgia e dell\u2019audiologia in Polonia e nel mondo. Iniziatore e organizzatore del secondo centro in Europa \u201cCochlear Center\u201d (1993), Istituto dipartimentale di Fisiologia e di Patologia dell\u2019Udito (1996), promotore e organizzatore della costruzione del World Hearing Center [Centro Mondiale dell\u2019Udito] (2003 \u2013 prima parte; 2012 \u2013 seconda parte). Grazie a 3 decadi delle sue attivit\u00e0 ipazienti polacchi hanno accesso alle ultime tecnologie come i primi o sono tra i primi al mondo. Da oltre 25 anni da solo, e da 18 con l&#8217;intero team, esegue il maggior numero di interventi di miglioramento dell&#8217;udito al mondo. \u00c8 anche autore o coautore di 18 brevetti nazionali ed esteri.<\/p>\n<p>\u00c8 autore e coautore di 4962 pubblicazioni e 4135 discorsi a congressi e conferenze, 65 monografie scientifiche e divulgative. Conduce ampie attivit\u00e0 educative per studenti e medici dalla Polonia e dall&#8217;estero. Ha condotto interventi chirurgici dimostrativi per pi\u00f9 di 8.500 professori, primari e altri specialisti durante i 75 workshop internazionale di otochirurgia &#8222;Window Approach Workshop&#8221;, nonch\u00e9 conferenze e congressi continentali e mondiali organizzati a Kajetany e Varsavia. Le operazioni di dimostrazione sono state effettuate in diversi paesi in Asia, Sud America ed Europa. In totale ne ha fatte oltre 1.500. \u00c8 stato presidente di 2 congressi continentali e 4 mondiali, due dei quali si sono tenuti per la prima volta in Europa.<\/p>\n<p>Professore Onorario all\u2019Universit\u00e0 di Provo, UT USA (1998), dottore honoris causa dell\u2019Accademia di Pedagogia Speciale (2011), Universit\u00e0 di Varsavia (2012), Universit\u00e0 Marie Curie-Sk\u0142odowska (2014). Professore Associato di State Medical and Pharmaceutical University Nicolae Testemitanu a Chisinau in Moldova, Professore Onorario dell\u2019Istituto di Madre e di Bambino a Bishkek, Kirghizistan(2016).<\/p>\n<p>Membro delle 22 pi\u00f9 importanti societ\u00e0 scientifiche nazionali ed estere \u2013 Membro Corrispondente dell\u2019Accademia Polacca delle Scienze, Presidente del Comitato di Scienze Cliniche dell\u2019Accademia Polacca delle Scienze(2007-2020), e attualmente Vicepresidente di questo Comitato dell\u2019 Accademia Polacca delle Scienze, membro onorario della Societ\u00e0 Polacca e Slovacca degli Otorinolaringoiatri Chirurghi della Testa e del Collo, Associazione Danubiana di Otorinolaringoiatri, Chirurghi della Testa e del Collo e della Societ\u00e0 Medica Polacca. Il primo otologo polacco nella storia della societ\u00e0 americana degli otologhi American Otological Society e dei neurotologi \u2013 American Neurotology Society, membro di CORLAS, POLITZER, ISA, IAO , EAONO ed EFAS. Membro dell&#8217;Accademia Europea delle Scienze e delle Arti. \u00c8 anche membro della Commissione Centrale per i Titoli Scientifici, Consiglio Scientifico del Ministro della Salute e Presidente del Consiglio dell&#8217;Accademia di Educazione Speciale M. Grzegorzewska.<\/p>\n<p>Vincitore dei premi statali: del Presidente, del Primo Ministro, dei Ministri della Salute, della Scienza e dell\u2019Istruzione Superiore, degli Affari Esteri, del\u2019Economia, dell\u2019Istruzione, dello Sviluppo Regionale e i premi dell\u2019ambiente medico e molti prestigiosi premi nazionali ed esteri. Decorato dal Presidente della Repubblica Polacca con la Croce di Cavaliere, d\u2019Ufficiale e dell\u2019Ordine della Rinascita della Polonia di Commendatore e decorazioni statali concesse dal Re del Belgio (due volte), dal Presidente della Georgia e l\u2019Ucraina. Cittadino onorario di Varsavia. Nel 25 \u00b0 anniversario della riconquista della libert\u00e0 della Polonia, ha ricevuto il titolo di Uomo della Libert\u00e0 nella categoria \u201cScienza\u201d.<\/p>\n<p>Nel 2018 \u00e8 stato premiato dal Presidente della Repubblica di Polonia con la Medaglia del Centenario dell\u2019Indipendenza Riconquistata e dal Primo Ministro con una medaglia e un diploma del \u201c100 \u00b0 Anniversario della Riconquista dell\u2019Indipendenza\u201d. Nel 2019 gli \u00e8 stato conferito l\u2019Emblema Promozionale dell\u2019Aquila Bianca ed \u00e8 stato decorato dal Primo Ministro con il distintivo onorario \u201cAl Merito Per Invenzione\u201d.<\/p>\n<p>Il posizionamento degli implanti per il trattamento della sordit\u00e0 parziale e totale dal prof. H. Skar\u017cy\u0144ski \u00e8 stato anche riconosciuto nel plebiscito \u201cLa Scienza \u00e8 la Libert\u00e0\u201d organizzato dal Ministero della Scienza e della Istruzione Superiore per il pi\u00f9 importante evento scientifico degli ultimi 25 anni.<\/p>\n<p>Il Professore H. Skar\u017cy\u0144ski \u00e8 anche premiato dalle comunit\u00e0 diverse tra l\u2019altro con: concesa da Papa Francesco la Medaglia di Papa \u201cPro Ecclesia e Pontifice\u201d, concessa da Sua Eminenza Arcivescovo Wojciech Polak, Primate di Polonia la \u201cMedaglia del Primate\u201d e la Medaglia \u201cPer i meriti all\u2019Arcidiocesi di Varsavia\u201d concesa da Sua Eccellenza Cardinale Kazimierz Nycz. \u00c8 stato decorato dai Capitoli Internazionali con l\u2019Ordine del Sorriso e della Medaglia ECCE HOMO. Dal 2001 il prof. H. Skar\u017cy\u0144ski \u00e8 costantemente tra le 100 persone pi\u00f9 influenti in medicina e sanit\u00e0 polacca nella classifica della rivista \u201cPuls Medycyny\u201d [Polso di Medicina]: \u00e8 stato nella top ten 11 volte, primo &#8211; due volte, secondo &#8211; quattro volte. Inoltre, il prof. H. Skar\u017cy\u0144ski ha ricevuto il titolo di Ingegnere d\u2019Oro e di Ingegnere Onorario dall\u2019ambiente tecnicopolacco. Tra circa 400 premi assegnati da vari ambienti ci sono: La mezza degli Affari premiata dalla Camera di Commercio Polacco-Ucraina, Perla Onoraria Speciale premiata dai redattori del Polish Market, il titolo di \u201cPolacco Eccezionale\u201d assegnato dal Capitolo del Concorso \u201cTeraz Polska\u201d, Medaglia della Commissione della Istruzione Nazionale, Medaglia del Senato della Repubblica di Polonia, Medaglia Niccol\u00f2 Copernico assegnato dalla presidenza dell\u2019Accademia Polacca delle Scienze, Medaglia Professore Jan Nielubowicz del Consiglio Medico Regionale di Varsavia, il titolo \u201cBenevolenti\u201d per il sostegno delle iniziative pro-sociali della Fondazione Pro Seniore, Medaglia Tytus Cha\u0142ubi\u0144ski, decorazione \u201cBene Meritus\u201d, \u201cLAUDABILIS\u201d decorazione assegnato dal Consiglio Medico Regionale e il titolo \u201cFidato\u201d per meriti speciali a beneficio del Consiglio Medico, Medaglia Gloria Medicinae ed iscrizione onoraria per gli eccezionali servizi per la medicina dall\u2019Associazione Medica Polacca, la statuetta della Academia Televisiva Wiktor nella categoria Personalit\u00e0 della Scienza e della Cultura, Oscar Onorario degli Affari Polacchi, il premio principale del \u201c21st Century Achievement Award Winners\u201d nella categoria sanita per il Sistema di Fittig a Distanza e di Telereabilitazione a Washington che fornisce l\u2019assistenza permanente e remota per i pazienti con impianti uditivi, Premio speciale e Medaglia Professore Zbigniew Religa concesso da Fondazione per i Bambini \u201cAiutare in Tempo\u201d.Per meriti e cooperazione, \u00e8 stato insignito di medaglie da: Universit\u00e0 di Varsavia, Universit\u00e0 di Scienze della Vita di Varsavia, Universit\u00e0 Medica di Varsavia, Universit\u00e0 della Tecnologia di Gda\u0144sk e Varsavia, Universit\u00e0 della Musica Fryderyk Chopin, Universit\u00e0 Maria Curie-Sk\u0142odowska di Lublino, Universit\u00e0 Cardinale Stefan Wyszy\u0144ski di Varsavia.<\/p>\n<p>In nome della scienza e della medicina polacca, ha intrapreso con il suo team l\u2019organizzazione di screening in 20 paesi in Asia, Europa, Africa e Sud America.<\/p>\n<p>Nel 2012, lui e il suo team hanno ricevuto la Medaglia d&#8217;Oro e il principale premio Prix Galien in una delle competizioni pi\u00f9 importanti al mondo, premiando quasi mezzo secolo di risultati innovativi e rivoluzionari in farmacia, medicina e assistenza sanitaria in generale a Monte Carlo . Nel 2016, la comunit\u00e0 scientifica internazionale, durante la 14a Conferenza Internazionale degli Impianti Cochleari e Altre Tecnologie Impiantabili (CI2016) a Toronto, ha premiato il prof. Henryk Skar\u017cy\u0144ski, come uno dei 4 scienziati di tutto il mondo con la pi\u00f9 alta distinzione della comunit\u00e0 internazionale per il suo straordinario contributo allo sviluppo della scienza e della medicina e garantendo opportunit\u00e0 ottimali per la comunicazione interpersonale nelle societ\u00e0 moderne.<\/p>\n<p>Iniziatore e ideatore del pi\u00f9 grande progetto di prevenzione \u2013 Programma Multidisciplinare per Prevenire le Malattie della Civilt\u00e0 e per Sostegnere alla Salute dei Polacchi \u201cPrima la Salute\u201d, che realizza da 2016. Nel 2011 \u00e8 stato il principale promotore della firma del Consenso Scientifico Europeo a Varsavia sulla rilevazione dei disturbi dell&#8217;udito, della vista e del linguaggio, che \u00e8 stato confermato dall&#8217;adozione di questa proposta da parte del Consiglio di Europa sotto forma di &#8222;Conclusione del Consiglio dell&#8217;UE sulla diagnosi precoce e il trattamento dei disturbi della comunicazione nei bambini, compreso l&#8217;uso di strumenti di sanit\u00e0 elettronica e soluzioni innovative&#8221;.<\/p>\n<p>Il pi\u00f9 grande risultato in attivit\u00e0 scientifiche, cliniche e didattiche \u00e8 stata la preparazione del concetto, la costruzione e il lancio del Centro Mondiale dell\u2019Udito \u2013 il pi\u00f9 grande centro scientifico e clinico del mondo, in cui da 20 anni il suo team effectua il pi\u00f9 grande numero nel mondo delle operazioni che migliorano l\u2019udito. Lui stesso ne ha realizzati pi\u00f9 di 235.000.<\/p>\n<p>Nel 2019, sul palco dell&#8217;Opera da Camera di Varsavia, il destino dei suoi pazienti, eroi, alcuni dei quali interpretati da loro stessi, \u00e8 stato presentato nel musical &#8222;Il silenzio interrotto&#8221;. \u00c8 l&#8217;autore del libretto di questo musical. Attualmente sta preparando due sceneggiature cinematografiche sui problemi della comunicazione interpersonale nella societ\u00e0 contemporanea.<\/p>\n<p>Da 8 anni organizza il Festival Internazionale di Musica per i Bambini<strong>, <\/strong>Giovani ed Adulti con Disturbi dell&#8217;Udito &#8222;Dei Ritmi Cocleari<strong>&#8221; <\/strong>e ha partecipato con i suoi finalisti nel 2018 e 2019 alle sessioni speciali del Parlamento Europeo.<\/p>\n<p>&nbsp;<\/p>\n","protected":false},"excerpt":{"rendered":"<p>Il professore di medicina, libero docente, dottore honoris causa multi Henryk Skar\u017cy\u0144ski \u00e8 un otochirurgo di fama mondiale e uno specialista in otorinolaringoiatria, audiologia e foniatria, otorinolaringoiatria pediatrica. Dal 1996 direttore dell&#8217;Istituto dipartimentale di Fisiologia e di Patologia dell&#8217;Udito.Dal 1994 ..<\/p>\n<div class=\"reading\"><a href=\"https:\/\/henrykskarzynski.pl\/?page_id=18796&#038;lang=it\">&gt;&gt;&gt;<\/a><\/div>\n","protected":false},"author":9,"featured_media":0,"parent":0,"menu_order":21,"comment_status":"closed","ping_status":"closed","template":"","meta":{"footnotes":""},"class_list":["post-18796","page","type-page","status-publish","hentry"],"_links":{"self":[{"href":"https:\/\/henrykskarzynski.pl\/index.php?rest_route=\/wp\/v2\/pages\/18796","targetHints":{"allow":["GET"]}}],"collection":[{"href":"https:\/\/henrykskarzynski.pl\/index.php?rest_route=\/wp\/v2\/pages"}],"about":[{"href":"https:\/\/henrykskarzynski.pl\/index.php?rest_route=\/wp\/v2\/types\/page"}],"author":[{"embeddable":true,"href":"https:\/\/henrykskarzynski.pl\/index.php?rest_route=\/wp\/v2\/users\/9"}],"replies":[{"embeddable":true,"href":"https:\/\/henrykskarzynski.pl\/index.php?rest_route=%2Fwp%2Fv2%2Fcomments&post=18796"}],"version-history":[{"count":14,"href":"https:\/\/henrykskarzynski.pl\/index.php?rest_route=\/wp\/v2\/pages\/18796\/revisions"}],"predecessor-version":[{"id":23985,"href":"https:\/\/henrykskarzynski.pl\/index.php?rest_route=\/wp\/v2\/pages\/18796\/revisions\/23985"}],"wp:attachment":[{"href":"https:\/\/henrykskarzynski.pl\/index.php?rest_route=%2Fwp%2Fv2%2Fmedia&parent=18796"}],"curies":[{"name":"wp","href":"https:\/\/api.w.org\/{rel}","templated":true}]}}