{"id":18782,"date":"2015-09-08T12:45:37","date_gmt":"2015-09-08T12:45:37","guid":{"rendered":"https:\/\/henrykskarzynski.pl\/?page_id=18782"},"modified":"2024-07-29T12:09:52","modified_gmt":"2024-07-29T12:09:52","slug":"professeur-h-skarzynski","status":"publish","type":"page","link":"https:\/\/henrykskarzynski.pl\/?page_id=18782&lang=fr","title":{"rendered":"Professeur Henryk Skar\u017cy\u0144ski"},"content":{"rendered":"<p><strong>Le professeur en m\u00e9decine habilit\u00e9 \u00e0 diriger les recherches, docteur honoris causa multi Henryk Skar\u017cy\u0144ski<\/strong> un otochirurgien de r\u00e9putation mondiale, sp\u00e9cialiste d\u2019oto-rhino-laryngologie, d\u2019audiologie et de phoniatrie, oto-rhino-laryngologue p\u00e9diatrique. Depuis 1996, directeur de l&#8217;Institut d\u00e9partemental de Physiologie et Pathologie de l&#8217;Audition Depuis 1994 Sp\u00e9cialiste National en Audiologie, puis Consultant National en Audiologie et Phoniatrie, depuis 2011 Consultant National en Oto-rhino-laryngologie. Il a \u00e9t\u00e9 le premier en Pologne qui a pos\u00e9 des implants cochl\u00e9aires (1992), \u00e0 la conduction osseuse chez l&#8217;enfant (1997), du tronc c\u00e9r\u00e9bral (1998), d\u2019oreille moyenne (2003).<\/p>\n<p>En 1997, il a lanc\u00e9 le premier programme mondial de traitement de la surdit\u00e9 partielle et de pr\u00e9servation auditive r\u00e9siduelle, et en 2002, il a op\u00e9r\u00e9 le premier patient adulte au monde atteint de surdit\u00e9 partielle classique. En 2004 il a effectu\u00e9 une op\u00e9ration chez un enfant atteinte\u00a0 de ce dysfonctionnement. Cette m\u00e9thode, consid\u00e9r\u00e9e comme sa sp\u00e9cialit\u00e9 la \u00abm\u00e9thode Skar\u017cy\u0144ski\u00bb, pour laquelle il a d\u00e9velopp\u00e9 une nouvelle \u00e9lectrode et une nouvelle proc\u00e9dure chirurgicale, a \u00e9t\u00e9 mise en \u0153uvre dans plusieurs dizaines de centres mondiaux.<\/p>\n<p>Avec le dr M. G\u00f3ral\u00f3wna, en tant que premiers en Pologne, ont commenc\u00e9 le d\u00e9pistage pour la d\u00e9tection pr\u00e9coce de la d\u00e9ficience auditive chez les nouveau-n\u00e9s et les nourrissons (1993). Dans les ann\u00e9es 1995-98, il a dirig\u00e9 le premier programme polonais dans ce domaine command\u00e9 par le Ministre de la Sant\u00e9, ce qui lui a permis d&#8217;apporter la plus grande contribution au d\u00e9veloppement du Consensus Europ\u00e9en \u00e0 Milan (1998). Puis, avec l&#8217;\u00e9quipe de l&#8217;IFPS, il a r\u00e9alis\u00e9 des tests de d\u00e9pistage chez des enfants plus grands &#8211; en Pologne (depuis 1999) et sur 4 continents (depuis 2012). En 1996, il lance le premier programme mondial de traitement de la surdit\u00e9 partielle et de pr\u00e9servation des r\u00e9sidus auditifs, dont il a pr\u00e9sent\u00e9 les premiers r\u00e9sultats \u00e0 la conf\u00e9rence europ\u00e9enne d&#8217;Anvers et au congr\u00e8s europ\u00e9en \u00e0 Berlin (2000).<\/p>\n<p>En outre, il a introduit plus de 158 nouvelles solutions cliniques, qui ont contribu\u00e9 au d\u00e9veloppement du domaine des implants auditifs, de l\u2019oto-chirurgie et de l\u2019audiologie en Pologne et dans le monde. Initiateur et organisateur du deuxi\u00e8me en Europe Centre \u00ab Cochlear Center \u00bb (1993), Institut d\u00e9partemental de Physiologie et de Pathologie de l\u2019Audition (1996), initiateur et organisateur de la construction du World Hearing Center [Centre Mondial de l\u2019Audition] (2003 &#8211; la premi\u00e8re partie; 2012 &#8211; la deuxi\u00e8me partie). Gr\u00e2ce \u00e0 pr\u00e8s de trois d\u00e9cennies de ses activit\u00e9s les patients polonais ont acc\u00e8s aux derni\u00e8res technologies comme les premi\u00e8res ou les uns des premi\u00e8res au monde. Depuis plus de 30 ans, lui-m\u00eame, et depuis 25 ans avec toute l&#8217;\u00e9quipe, il r\u00e9alise le plus grand nombre d&#8217;op\u00e9rations qui am\u00e9liorent l\u2019audition au monde. Il est \u00e9galement l&#8217;auteur ou co-auteur de 18 brevets nationaux et \u00e9trangers.<\/p>\n<p>Il est l&#8217;auteur et co-auteur de 4962 publications et 4135 discours de congr\u00e8s et conf\u00e9rences, 66<\/p>\n<p>monographies scientifiques et de vulgarisation scientifique. Il m\u00e8ne de nombreuses activit\u00e9s \u00e9ducatives pour les \u00e9tudiants et les m\u00e9decins de Pologne et de l&#8217;\u00e9tranger. Il a men\u00e9 des op\u00e9rations de d\u00e9monstration pour plus de 8500 professeurs, m\u00e9decins en chef et autres sp\u00e9cialistes lors du 75 Ateliers internationaux sp\u00e9ciales d&#8217;otochirurgie \u00abWindow Approach Workshop\u00bb ainsi que des conf\u00e9rences et congr\u00e8s continentaux et mondiaux organis\u00e9s \u00e0 Kajetany et Varsovie. Il a men\u00e9 des op\u00e9rations de d\u00e9monstration dans plusieurs pays d&#8217;Asie, d&#8217;Am\u00e9rique du Sud et d&#8217;Europe. Au total, il en a fait plus de 1500. Il a \u00e9t\u00e9 pr\u00e9sident de 2 congr\u00e8s continentaux et de 4 congr\u00e8s mondiaux, dont deux se sont tenus pour la premi\u00e8re fois en Europe.<\/p>\n<p>Professeur d\u2019Honneur de l\u2019Universit\u00e9 de Provo, UT USA (1998), docteur honoris causa de l\u2019Acad\u00e9mie de P\u00e9dagogie Sp\u00e9ciale (2011), de l\u2019Universit\u00e9 de Varsovie (2012), de l\u2019Universit\u00e9 Marie Curie-Sk\u0142odowska (2014). Professeur Associ\u00e9 de l\u2019Universit\u00e9 Nationale de M\u00e9decine Nicolae Testemitanu \u00e0 Chisinau en Moldavie (2013), Professeur d\u2019Honneur de l\u2019Institut de la M\u00e8re et de l\u2019Enfant \u00e0 Bichkek au Kirghizistan (2016).<\/p>\n<p>Membre des plus de 22 soci\u00e9t\u00e9s lesplus importantes scientifiques polonaises et \u00e9trang\u00e8res \u2013 Membre du Correspondant de l&#8217;Acad\u00e9mie Polonaise des Sciences, Pr\u00e9sident du Comit\u00e9 des Sciences Cliniques de l&#8217;Acad\u00e9mie Polonaise des Sciences (2007-2020), et actuellement Vice-Pr\u00e9sident de ce Comit\u00e9 de l&#8217;Acad\u00e9mie Polonaise des Sciences, membre honoraire de la Soci\u00e9t\u00e9 Polonaise et Slovaque des Oto-rhino-laryngologistes Chirurgiens de la T\u00eate et du Cou, de l&#8217;Association Danubienne des Oto-rhino-laryngologistes Chirurgiens de la T\u00eate et du Cou et de la Soci\u00e9t\u00e9 M\u00e9dicale Polonaise. Premier membre originaire de Pologne dans l\u2019histoire de l\u2019American Otological Society et des neurotologues- American Neurotology Society, membre du CORLAS, POLITZER, ISA, IAO, EAONO et de l\u2019EFAS. Membre de l&#8217;Acad\u00e9mie Europ\u00e9enne des Sciences et des Arts. Il est \u00e9galement membre du Comit\u00e9 Central des Dipl\u00f4mes et Titres Acad\u00e9miques, du Conseil Scientifique du Ministre de la Sant\u00e9 et Pr\u00e9sident du Conseil de l&#8217;Acad\u00e9mie d&#8217;Education Sp\u00e9ciale et de M. Grzegorzewska.<\/p>\n<p>Laur\u00e9at de prix d\u2019\u00c9tat \u2013 du Pr\u00e9sident, du Premier ministre, des Ministres de la Sant\u00e9, des Sciences et de l\u2019Enseignement Sup\u00e9rieur, des Affaires \u00c9trang\u00e8res, de l\u2019\u00c9conomie, de l\u2019\u00c9ducation, du D\u00e9veloppement R\u00e9gional et de nombreuses prix nationales et \u00e9trang\u00e8res. D\u00e9cor\u00e9 par le Pr\u00e9sident de la R\u00e9publique de Pologne avec la Croix de Chevalier, Officier et Commandeur de l\u2019Ordre de Polonia Restituta et d\u00e9corations d\u2019\u00c9tat accord\u00e9es par le Roi de Belgique (deux fois), le Pr\u00e9sident de la G\u00e9orgie et l\u2019Ukraine. Il est devenu le Citoyen Honoraire de Varsovie. \u00c0 l&#8217;occasion du 25e anniversaire de la lib\u00e9ration de la Pologne, il a remport\u00e9 le pl\u00e9biscite g\u00e9n\u00e9ral pour \u00abl&#8217;Homme de la Libert\u00e9\u00bb dans la cat\u00e9gorie \u00abscience\u00bb.<\/p>\n<p>En 2018, il a \u00e9t\u00e9 d\u00e9cor\u00e9 par le Pr\u00e9sident de la R\u00e9publique de Pologne avec la M\u00e9daille du Centenaire de l&#8217;Ind\u00e9pendance Retrouv\u00e9e et par le Premier ministre avec la m\u00e9daille et le dipl\u00f4me du \u00ab100e anniversaire de la Reprise de l&#8217;Ind\u00e9pendance\u00bb. En 2019, il a re\u00e7u l&#8217;Embl\u00e8me Promotionnel de l&#8217;Aigle Blanc et il a \u00e9t\u00e9 prim\u00e9 par le Premier ministre avec l&#8217;insigne honorifique \u00abPour les M\u00e9rites de l&#8217;Invention\u00bb.<\/p>\n<p>La pose des implants traitant la surdit\u00e9 totale et partielle par le prof. H. Skar\u017cy\u0144ski a \u00e9galement \u00e9t\u00e9 reconnu lors du pl\u00e9biscite \u00abLa science c&#8217;est la libert\u00e9\u00bb organis\u00e9 par le Minist\u00e8re de la Science et de l&#8217;Enseignement sup\u00e9rieur, comme l&#8217;\u00e9v\u00e9nement scientifique le plus important des 25 derni\u00e8res ann\u00e9es.<\/p>\n<p>Le prof. H. Skar\u017cy\u0144ski a \u00e9t\u00e9 d\u00e9cor\u00e9 par divers milieux, entre autres avec : la m\u00e9daille papale \u00ab Pro Ecclesia et Pontifice \u00bb du pape Fran\u00e7ois, la \u00ab M\u00e9daille du Primat \u00bb d\u00e9cern\u00e9e par SE Archev\u00eaque Wojciech Polak Primate de Pologne et la M\u00e9daille \u00ab Pour les m\u00e9rites de l\u2019Archidioc\u00e8se de Varsovie \u00bb d\u00e9cern\u00e9e par SE le Cardinal Kazimierz Nycz.<\/p>\n<p>R\u00e9compens\u00e9 de l&#8217;Ordre du Sourire et de la M\u00e9daille ECCE HOMO par les sections internationales. Depuis 2001, le prof. H. Skar\u017cy\u0144ski fait r\u00e9guli\u00e8rement partie des 100 personnes les plus influentes de la m\u00e9decine et des soins de sant\u00e9 polonais dans le classement du magazine de \u00abPuls Medycyny \u00bb [Pouls de M\u00e9decine]: il \u00e9tait dans le top 10 \u00e0 11 reprises, premi\u00e8re &#8211; deux fois, deuxi\u00e8me &#8211; quatre fois. En outre, le prof. H. Skar\u017cy\u0144ski a re\u00e7u le titre d\u2019Ing\u00e9nieur d\u2019Or et Honoraire de l\u2019environnement technique. Parmi 400 prix d\u00e9cern\u00e9s par diff\u00e9rents milieux il y a: La Masse d\u2019Armes du Business d\u00e9cern\u00e9 par la Chambre de commerce polono-ukrainienne, Perle d\u2019Honneur Sp\u00e9ciale d\u00e9cern\u00e9e par les \u00e9diteurs du Polish Market, le titre de \u00ab Polonais Exceptionnel \u00bb d\u00e9cern\u00e9 par le Chapitre du Concours \u00ab Teraz Polska \u00bb [Maintenant la Pologne] , M\u00e9daille de la Commission de l\u2019\u00c9ducation Nationale, M\u00e9daille du S\u00e9nat de la R\u00e9publique de Pologne, M\u00e9daille de N. Copernic r\u00e9compens\u00e9 par le Pr\u00e9sidium de l&#8217;Acad\u00e9mie Polonaise des Sciences, M\u00e9daille du prof. Jan Nielubowicz du Conseil M\u00e9dical R\u00e9gional de Varsovie, le titre \u00ab Benevolenti \u00bb pour son soutien aux initiatives pro-sociales de la Fondation Pro Seniore, M\u00e9daille Tytus Cha\u0142ubi\u0144ski, D\u00e9corations \u00ab Bene Meritus \u00bb, \u00ab LAUDABILIS \u00bb accord\u00e9es par le Conseil M\u00e9dical de District et titre \u00ab Digne de confiance \u00bb pour des m\u00e9rites \u00e9minent en faveur de la Collectivit\u00e9 M\u00e9dicale, M\u00e9daille Gloria Medicinae et le titre de membre honoraire d\u00e9cern\u00e9e pour les m\u00e9rites exceptionnels pour la m\u00e9decine par la Soci\u00e9t\u00e9 Polonaise des M\u00e9decins, la Statuette de l\u2019Acad\u00e9mie T\u00e9l\u00e9visuelle de Wiktor dans la cat\u00e9gorie Personnalit\u00e9 de Science et de la Culture, Oscar d\u2019Honneur du Business Polonais \u2013 de 20 ans, le prix principal\u00a0 de \u00ab 21st Century Achievement Award Winners\u201d dans la cat\u00e9gorie des soins de sant\u00e9 pour le Syst\u00e8me de T\u00e9l\u00e9fitting et de T\u00e9l\u00e9r\u00e9\u00e9ducation \u00e0 Distance \u00e0 Washington, qui garantit la prise en charge permanente et \u00e0 distance des patients porteurs d&#8217;implants auditifs, Prix sp\u00e9cial et M\u00e9daille prof. Zbigniew Religa d\u00e9cern\u00e9s par la Fondation pour les Enfants \u00ab Aider \u00e0 temps \u00bb.<\/p>\n<p>Pour ses m\u00e9rites et sa coop\u00e9ration, il a re\u00e7u des m\u00e9dailles de l\u2019Universit\u00e9 de Varsovie, Universit\u00e9 des Sciences de la Vie de Varsovie, Universit\u00e9 M\u00e9dicale de Varsovie, Universit\u00e9 de Technologie de Gda\u0144sk et de Varsovie, Universit\u00e9 de Musique Fr\u00e9d\u00e9ric Chopin, Universit\u00e9 Maria Curie-Sk\u0142odowska de Lublin, Universit\u00e9 Cardinal Stefan Wyszy\u0144ski de Varsovie.<\/p>\n<p>Au nom de la science et de la m\u00e9decine polonaises, il a organis\u00e9 avec son \u00e9quipe l\u2019organisations de d\u00e9pistage dans 20 pays d\u2019Asie, d\u2019Europe, d\u2019Afrique et d\u2019Am\u00e9rique du Sud.<\/p>\n<p>En 2012, lui et son \u00e9quipe ont re\u00e7u la M\u00e9daille d&#8217;Or et le principal prix Galien dans l&#8217;une des comp\u00e9titions les plus importantes au monde, r\u00e9compensant pr\u00e8s d&#8217;un demi-si\u00e8cle de r\u00e9alisations innovantes et r\u00e9volutionnaires en pharmacie, m\u00e9decine et soins de sant\u00e9 largement compris \u00e0 Monte Carlo. En 2016, la communaut\u00e9 scientifique internationale, lors de la XIV Conf\u00e9rence Internationale Sur Les Implants Cochl\u00e9aires et Autres Technologies de la Pose (CI2016) \u00e0 Toronto, a d\u00e9cern\u00e9 au prof. Henryk Skar\u017cy\u0144ski, en tant que l&#8217;un des 4 scientifiques du monde entier, la plus haute distinction de la communaut\u00e9 internationale pour sa contribution extraordinaire au d\u00e9veloppement de la science et de la m\u00e9decine et pour garantir des opportunit\u00e9s optimales de communication interpersonnelle dans les soci\u00e9t\u00e9s modernes.<\/p>\n<p>L&#8217;initiateur et le cr\u00e9ateur du plus grand projet de pr\u00e9vention &#8211; le Programme Multidisciplinaire de Pr\u00e9vention des Maladies des Civilisations et de Soutien \u00e0 la Sant\u00e9 des Polonais \u00abD\u2019abord la Sant\u00e9\u00bb, mis en \u0153uvre depuis 2016. En 2011, il a \u00e9t\u00e9 le principal initiateur de la signature du Consensus Scientifique Europ\u00e9en \u00e0 Varsovie sur la d\u00e9tection des troubles de l&#8217;audition, de la vision et de la parole, qui a \u00e9t\u00e9 confirm\u00e9 par l&#8217;adoption de cette proposition par le Conseil de l&#8217;Europe sous la forme de la \u00ab Conclusion du Conseil de l\u2019UE sur la d\u00e9tection pr\u00e9coce et le traitement des troubles de la communication chez les enfants, y compris gr\u00e2ce \u00e0 l\u2019utilisation d\u2019outils de sant\u00e9 en ligne et de solutions innovantes \u00bb.<\/p>\n<p>La plus grande r\u00e9alisation des activit\u00e9s scientifiques, cliniques et d&#8217;enseignement a \u00e9t\u00e9 la pr\u00e9paration du concept, la construction et le lancement du World Hearing Center [Centre Mondial de l\u2019Audition] &#8211; le plus grand centre scientifique et clinique du monde, dans lequel son \u00e9quipe a effectu\u00e9 le plus grand nombre d&#8217;op\u00e9rations d&#8217;am\u00e9lioration de l&#8217;audition au monde depuis 21 ans. Il en a lui-m\u00eame effectu\u00e9 plus de 235 000.<\/p>\n<p>En 2019, sur la sc\u00e8ne de l&#8217;Op\u00e9ra de chambre de Varsovie, le sort de ses patients, les h\u00e9ros, dont certains jou\u00e9s seuls, a \u00e9t\u00e9 pr\u00e9sent\u00e9 dans la com\u00e9die musicale \u00abSilence interrompu\u00bb. Il est l&#8217;auteur du livret de cette com\u00e9die musicale. Actuellement, il pr\u00e9pare deux sc\u00e9narios de films sur les probl\u00e8mes de communication interpersonnelle dans la soci\u00e9t\u00e9 contemporaine.<\/p>\n<p>Depuis 8 ans, il organise le Festival International de Musique des Enfants, Adolescents et Adultes avec des Troubles de l&#8217;Audition \u00ab Les Rythmes Cochl\u00e9aires \u00bb et a particip\u00e9 avec ses finalistes en 2018 et 2019 \u00e0 des sessions sp\u00e9ciales du Parlement europ\u00e9en.<\/p>\n","protected":false},"excerpt":{"rendered":"<p>Le professeur en m\u00e9decine habilit\u00e9 \u00e0 diriger les recherches, docteur honoris causa multi Henryk Skar\u017cy\u0144ski un otochirurgien de r\u00e9putation mondiale, sp\u00e9cialiste d\u2019oto-rhino-laryngologie, d\u2019audiologie et de phoniatrie, oto-rhino-laryngologue p\u00e9diatrique. Depuis 1996, directeur de l&#8217;Institut d\u00e9partemental de Physiologie et Pathologie de l&#8217;Audition ..<\/p>\n<div class=\"reading\"><a href=\"https:\/\/henrykskarzynski.pl\/?page_id=18782&#038;lang=fr\">&gt;&gt;&gt;<\/a><\/div>\n","protected":false},"author":9,"featured_media":0,"parent":0,"menu_order":21,"comment_status":"closed","ping_status":"closed","template":"","meta":{"footnotes":""},"class_list":["post-18782","page","type-page","status-publish","hentry"],"_links":{"self":[{"href":"https:\/\/henrykskarzynski.pl\/index.php?rest_route=\/wp\/v2\/pages\/18782","targetHints":{"allow":["GET"]}}],"collection":[{"href":"https:\/\/henrykskarzynski.pl\/index.php?rest_route=\/wp\/v2\/pages"}],"about":[{"href":"https:\/\/henrykskarzynski.pl\/index.php?rest_route=\/wp\/v2\/types\/page"}],"author":[{"embeddable":true,"href":"https:\/\/henrykskarzynski.pl\/index.php?rest_route=\/wp\/v2\/users\/9"}],"replies":[{"embeddable":true,"href":"https:\/\/henrykskarzynski.pl\/index.php?rest_route=%2Fwp%2Fv2%2Fcomments&post=18782"}],"version-history":[{"count":21,"href":"https:\/\/henrykskarzynski.pl\/index.php?rest_route=\/wp\/v2\/pages\/18782\/revisions"}],"predecessor-version":[{"id":24095,"href":"https:\/\/henrykskarzynski.pl\/index.php?rest_route=\/wp\/v2\/pages\/18782\/revisions\/24095"}],"wp:attachment":[{"href":"https:\/\/henrykskarzynski.pl\/index.php?rest_route=%2Fwp%2Fv2%2Fmedia&parent=18782"}],"curies":[{"name":"wp","href":"https:\/\/api.w.org\/{rel}","templated":true}]}}