{"id":18646,"date":"2014-08-06T14:11:11","date_gmt":"2013-09-16T19:54:11","guid":{"rendered":"https:\/\/henrykskarzynski.pl\/?page_id=18646"},"modified":"2018-07-19T12:22:04","modified_gmt":"2018-07-19T12:22:04","slug":"las-visitas-de-los-representantes-de-las-organizaciones-no-gubernamentales","status":"publish","type":"page","link":"https:\/\/henrykskarzynski.pl\/?page_id=18646&lang=es","title":{"rendered":"Las visitas de los representantes de las organizaciones no gubernamentales"},"content":{"rendered":"<table style=\"width: 469px;\" border=\"0\" cellspacing=\"1\" cellpadding=\"1\">\n<tbody>\n<tr>\n<td style=\"width: 53px;\">2001 r.<\/td>\n<td style=\"width: 416px;\">Ryszard Konwerski, Presidente del Club de Negocios Polaco<\/td>\n<\/tr>\n<tr>\n<td style=\"width: 53px;\">2005 r.<\/td>\n<td style=\"width: 416px;\">Ma\u0142gorzata \u017bak, Presidenta de la Fundaci\u00f3n Polsat<\/td>\n<\/tr>\n<tr>\n<td style=\"width: 53px;\">2006 r.<\/td>\n<td style=\"width: 416px;\">Bo\u017cena Walter, Presidenta de la Fundaci\u00f3n TVN \u201cNo est\u00e1s solo\u201d<\/td>\n<\/tr>\n<tr>\n<td style=\"width: 53px;\">2011 r.<\/td>\n<td style=\"width: 416px;\">Henryka Krzywonos<\/td>\n<\/tr>\n<tr>\n<td style=\"width: 53px;\">2013 r.<\/td>\n<td style=\"width: 416px;\">Henryka Krzywonos<\/td>\n<\/tr>\n<\/tbody>\n<\/table>\n<p>&nbsp;<\/p>\n","protected":false},"excerpt":{"rendered":"<p>2001 r. Ryszard Konwerski, Presidente del Club de Negocios Polaco 2005 r. Ma\u0142gorzata \u017bak, Presidenta de la Fundaci\u00f3n Polsat 2006 r. Bo\u017cena Walter, Presidenta de la Fundaci\u00f3n TVN \u201cNo est\u00e1s solo\u201d 2011 r. Henryka Krzywonos 2013 r. Henryka Krzywonos &nbsp;<\/p>\n","protected":false},"author":4,"featured_media":0,"parent":0,"menu_order":45,"comment_status":"closed","ping_status":"closed","template":"","meta":{"footnotes":""},"class_list":["post-18646","page","type-page","status-publish","hentry"],"_links":{"self":[{"href":"https:\/\/henrykskarzynski.pl\/index.php?rest_route=\/wp\/v2\/pages\/18646","targetHints":{"allow":["GET"]}}],"collection":[{"href":"https:\/\/henrykskarzynski.pl\/index.php?rest_route=\/wp\/v2\/pages"}],"about":[{"href":"https:\/\/henrykskarzynski.pl\/index.php?rest_route=\/wp\/v2\/types\/page"}],"author":[{"embeddable":true,"href":"https:\/\/henrykskarzynski.pl\/index.php?rest_route=\/wp\/v2\/users\/4"}],"replies":[{"embeddable":true,"href":"https:\/\/henrykskarzynski.pl\/index.php?rest_route=%2Fwp%2Fv2%2Fcomments&post=18646"}],"version-history":[{"count":0,"href":"https:\/\/henrykskarzynski.pl\/index.php?rest_route=\/wp\/v2\/pages\/18646\/revisions"}],"wp:attachment":[{"href":"https:\/\/henrykskarzynski.pl\/index.php?rest_route=%2Fwp%2Fv2%2Fmedia&parent=18646"}],"curies":[{"name":"wp","href":"https:\/\/api.w.org\/{rel}","templated":true}]}}