{"id":18643,"date":"2014-01-21T15:05:44","date_gmt":"2013-09-16T19:52:34","guid":{"rendered":"https:\/\/henrykskarzynski.pl\/?page_id=18643"},"modified":"2018-07-19T12:04:10","modified_gmt":"2018-07-19T12:04:10","slug":"delegaciones-nacionales-de-los-gobiernos-locales-y-las-de-la-iglesia","status":"publish","type":"page","link":"https:\/\/henrykskarzynski.pl\/?page_id=18643&lang=es","title":{"rendered":"Delegaciones nacionales, de los gobiernos locales y las de la Iglesia:"},"content":{"rendered":"<table width=\"712\">\n<tbody>\n<tr>\n<td width=\"127\">1993<\/td>\n<td width=\"582\">Dra. Hanna Suchocka, <u>Primera Ministra<\/u> de la Rep\u00fablica Polaca<\/td>\n<\/tr>\n<tr>\n<td width=\"127\">1993<\/td>\n<td width=\"582\">Gra\u017cyna Andrzejewska-Sroczy\u0144ska, Plenipotenciario del Gobierno para las Personas Discapacitadas<\/td>\n<\/tr>\n<tr>\n<td width=\"127\">1993<\/td>\n<td width=\"582\">El obispo Alojzy Orszulik<\/td>\n<\/tr>\n<tr>\n<td width=\"127\">1993<\/td>\n<td width=\"582\">Jerzy Ko\u017ami\u0144ski, Secretario de Estado en el Ministerio de Asuntos Exteriores<\/td>\n<\/tr>\n<tr>\n<td width=\"127\">1993<\/td>\n<td width=\"582\">Bohdan Jastrz\u0119bski, Gobernador de la Ciudad de Varsovia<\/td>\n<\/tr>\n<tr>\n<td width=\"127\">1993<\/td>\n<td width=\"582\">Prof. Jacek \u017bochowski, Ministro de Salud y Asistencia Social<\/td>\n<\/tr>\n<tr>\n<td width=\"127\">1993<\/td>\n<td width=\"582\">Zbigniew Mi\u0142ek, Presidente del Consejo de Administraci\u00f3n del Fondo Estatal para la Rehabilitaci\u00f3n de Personas Discapacitadas<\/td>\n<\/tr>\n<tr>\n<td width=\"127\">1994<\/td>\n<td width=\"582\">Waldemar Pawlak, Primer Ministro de la Rep\u00fablica Polaca<\/td>\n<\/tr>\n<tr>\n<td width=\"127\">1994<\/td>\n<td width=\"582\">Wies\u0142aw Kaczmarek, Ministro de Transformaciones de la Propiedad<\/td>\n<\/tr>\n<tr>\n<td width=\"127\">1995<\/td>\n<td width=\"582\">Prof.\u00a0 Krzysztof Szama\u0142ek, Secretario de Estado en el Ministerio de Medio Ambiente<\/td>\n<\/tr>\n<tr>\n<td width=\"127\">1995<\/td>\n<td width=\"582\">Leszek Juchniewicz, Subsecretario de Estado en el Ministerio de Transformaciones de la Propiedad<\/td>\n<\/tr>\n<tr>\n<td width=\"127\">1995<\/td>\n<td width=\"582\">Andrzej Mecanowicz, Director del Gabinete del Primer Ministro de la Rep\u00fablica Polaca<\/td>\n<\/tr>\n<tr>\n<td width=\"127\">1995<\/td>\n<td width=\"582\">Karol \u015awi\u0105tkowski, Presidente del Consejo de Administraci\u00f3n del Fondo Estatal para la Rehabilitaci\u00f3n de Personas Discapacitadas<\/td>\n<\/tr>\n<tr>\n<td width=\"127\">1996<\/td>\n<td width=\"582\">Prof. Bronis\u0142aw Geremek, Ministro de Asuntos Exteriores<\/td>\n<\/tr>\n<tr>\n<td width=\"127\">1997<\/td>\n<td width=\"582\">Leszek Juchniewicz, Presidente de la Oficina de Regulaci\u00f3n de Energ\u00eda,<\/td>\n<\/tr>\n<tr>\n<td width=\"127\">1997<\/td>\n<td width=\"582\">Roman Sroczy\u0144ski, Presidente del Consejo de Administraci\u00f3n del Fondo Estatal para la Rehabilitaci\u00f3n de Personas Discapacitadas<\/td>\n<\/tr>\n<tr>\n<td width=\"127\">1997<\/td>\n<td width=\"582\">Lech Nikolski, Subsecretario de Estado en el Gabinete del Primer Ministro de la Rep\u00fablica Polaca<\/td>\n<\/tr>\n<tr>\n<td width=\"127\">1998<\/td>\n<td width=\"582\">Jan Krzysztof Fr\u0105ckowiak, Subsecretario del Comit\u00e9 de Investigaciones Cient\u00edficas<\/td>\n<\/tr>\n<tr>\n<td width=\"127\">1998<\/td>\n<td width=\"582\">Prof. Bronis\u0142aw Geremek, Ministro de Asuntos Exteriores<\/td>\n<\/tr>\n<tr>\n<td width=\"127\">1998<\/td>\n<td width=\"582\">Prof. Wojciech Maksymowicz, Ministro de Salud<\/td>\n<\/tr>\n<tr>\n<td width=\"127\">1998<\/td>\n<td width=\"582\">W\u0142odzimierz Dobrowolski, Presidente del Consejo de Administraci\u00f3n del Fondo Estatal para la Rehabilitaci\u00f3n de Personas Discapacitadas<\/td>\n<\/tr>\n<tr>\n<td width=\"127\">1999<\/td>\n<td width=\"582\">Franciszka Cegielska, Ministra de Salud<\/td>\n<\/tr>\n<tr>\n<td width=\"127\">2000<\/td>\n<td width=\"582\">Prof. Jerzy Buzek, Primer Ministro de la Rep\u00fablica Polaca<\/td>\n<\/tr>\n<tr>\n<td width=\"127\">2001<\/td>\n<td width=\"582\">Marek Borowski, Vicepresidente del Sejm (C\u00e1mara Baja del Parlamento polaco)<\/td>\n<\/tr>\n<tr>\n<td width=\"127\">2001<\/td>\n<td width=\"582\">Grzegorz Opala, Ministro de Salud<\/td>\n<\/tr>\n<tr>\n<td width=\"127\">2002<\/td>\n<td width=\"582\">Marek Pol, Viceprimer ministro y Ministro de Infraestructura<\/td>\n<\/tr>\n<tr>\n<td width=\"127\">2003<\/td>\n<td width=\"582\">El obispo Alojzy Orszulik<\/td>\n<\/tr>\n<tr>\n<td width=\"127\">2003<\/td>\n<td width=\"582\">Prof. Wies\u0142aw Chrzanowski, Presidente del Sejm (C\u00e1mara Baja del Parlamento polaco)<\/td>\n<\/tr>\n<tr>\n<td width=\"127\">2003<\/td>\n<td width=\"582\">Prof. Andrzej Stelmachowski, Presidente del Senado<\/td>\n<\/tr>\n<tr>\n<td width=\"127\">2003<\/td>\n<td width=\"582\">Roman Sroczy\u0144ski, Presidente del Consejo de Administraci\u00f3n del Fondo Estatal para la Rehabilitaci\u00f3n de Personas Discapacitadas<\/td>\n<\/tr>\n<tr>\n<td width=\"127\">2003<\/td>\n<td width=\"582\">Prof. Wojciech Maksymowicz, Ministro de Salud<\/td>\n<\/tr>\n<tr>\n<td width=\"127\">2003<\/td>\n<td width=\"582\">Leszek Mizieli\u0144ski, Gobernador de la Regi\u00f3n de Mazovia<\/td>\n<\/tr>\n<tr>\n<td width=\"127\">2003<\/td>\n<td width=\"582\">Prof. Micha\u0142 Kleiber, Ministro de la Ciencia<\/td>\n<\/tr>\n<tr>\n<td width=\"127\">2003<\/td>\n<td width=\"582\">Prof. Krzysztof Szama\u0142ek, Secretario de Estado en el Ministerio de Medio Ambiente<\/td>\n<\/tr>\n<tr>\n<td width=\"127\">2003<\/td>\n<td width=\"582\">Dr. J\u00f3zef Oleksy, Primer Ministro de la Rep\u00fablica Polaca<\/td>\n<\/tr>\n<tr>\n<td width=\"127\">2003<\/td>\n<td width=\"582\">Prof. Longin Pastusiak, Presidente del Senado<\/td>\n<\/tr>\n<tr>\n<td width=\"127\">2004<\/td>\n<td width=\"582\">Prof. Barbara B\u0142o\u0144ska-Fajfrowska, Presidenta de la Comisi\u00f3n de Salud del Sejm (C\u00e1mara Baja del Parlamento Polaco)<\/td>\n<\/tr>\n<tr>\n<td width=\"127\">2004<\/td>\n<td width=\"582\">Leszek Sikorski, Ministro de Salud<\/td>\n<\/tr>\n<tr>\n<td width=\"127\">2005<\/td>\n<td width=\"582\">Aleksander Kwa\u015bniewski, Presidente de la Rep\u00fablica Polaca<\/td>\n<\/tr>\n<tr>\n<td width=\"127\">2005<\/td>\n<td width=\"582\">W\u0142odzimierz Cimoszewicz, Primer Ministro de la Rep\u00fablica Polaca<\/td>\n<\/tr>\n<tr>\n<td width=\"127\">2005<\/td>\n<td width=\"582\">S\u0142awomir Piechota, Diputado<\/td>\n<\/tr>\n<tr>\n<td width=\"127\">2005<\/td>\n<td width=\"582\">Prof. Barbara B\u0142o\u0144ska-Fajfrowska, Presidenta de la Comisi\u00f3n de Salud del Sejm (C\u00e1mara Baja del Parlamento Polaco)<\/td>\n<\/tr>\n<tr>\n<td width=\"127\">2005<\/td>\n<td width=\"582\">Jerzy Miller, Presidente del Fondo Nacional de Salud<\/td>\n<\/tr>\n<tr>\n<td width=\"127\">2006<\/td>\n<td width=\"582\">Bogdan Borusewicz, Presidente del Senado<\/td>\n<\/tr>\n<tr>\n<td width=\"127\">2006<\/td>\n<td width=\"582\">Jan Krzysztof Bielecki, Primer Ministro de la Rep\u00fablica Polaca<\/td>\n<\/tr>\n<tr>\n<td width=\"127\">2006<\/td>\n<td width=\"582\">Prof. Wies\u0142aw Chrzanowski, Presidente del Sejm (C\u00e1mara Baja del Parlamento Polaco)<\/td>\n<\/tr>\n<tr>\n<td width=\"127\">2006<\/td>\n<td width=\"582\">El Obispo Alojzy Orszulik<\/td>\n<\/tr>\n<tr>\n<td width=\"127\">2006<\/td>\n<td width=\"582\">Prof. Zbigniew Religa, Ministro de Salud<\/td>\n<\/tr>\n<tr>\n<td width=\"127\">2006<\/td>\n<td width=\"582\">Dr. Jaroslaw Pinkas, Subsecretario de Estado en el Ministerio de Salud<\/td>\n<\/tr>\n<tr>\n<td width=\"127\">2006<\/td>\n<td width=\"582\">Dr. J\u00f3zef Oleksy, Primer Ministro de la Rep\u00fablica Polaca<\/td>\n<\/tr>\n<tr>\n<td width=\"127\">2006<\/td>\n<td width=\"582\">Dra. Anna Gr\u0119ziak, \u00a0Subsecretario de Estado en el Ministerio de Salud<\/td>\n<\/tr>\n<tr>\n<td width=\"127\">2007<\/td>\n<td width=\"582\">Prof. Bronis\u0142aw Geremek, Eurodiputado<\/td>\n<\/tr>\n<tr>\n<td width=\"127\">2007<\/td>\n<td width=\"582\">Prof. Jerzy Buzek, Eurodiputado<\/td>\n<\/tr>\n<tr>\n<td width=\"127\">2007<\/td>\n<td width=\"582\">Ryszard Czarnecki, Eurodiputado<\/td>\n<\/tr>\n<tr>\n<td width=\"127\">2007<\/td>\n<td width=\"582\">Andrzej So\u015bnierz, Presidente del Fondo Nacional de Salud<\/td>\n<\/tr>\n<tr>\n<td width=\"127\">2009<\/td>\n<td width=\"582\">Waldemar Pawlak, Viceprimer Ministro<\/td>\n<\/tr>\n<tr>\n<td width=\"127\">2009<\/td>\n<td width=\"582\">Dr. Adam Fronczak, Subsecretario de Estado en el Ministerio de Salud<\/td>\n<\/tr>\n<tr>\n<td width=\"127\">2009<\/td>\n<td width=\"582\">Prof. Krzysztof Jan Kurzyd\u0142owski, Subsecretario de Estado en el Ministerio de Ciencias<\/td>\n<\/tr>\n<tr>\n<td width=\"127\">2009<\/td>\n<td width=\"582\">Dra. Anna Gr\u0119ziak, Consejera del Presidente de la Rep\u00fablica Polaca<\/td>\n<\/tr>\n<tr>\n<td width=\"127\">2009<\/td>\n<td width=\"582\">Ewa Ju\u0144czyk&#8211;Ziomecka, Secretario de Estado adjunto al Presidente de la Rep\u00fablica Polaca<\/td>\n<\/tr>\n<tr>\n<td width=\"127\">2009<\/td>\n<td width=\"582\">Dr. Tomasz Zdrojewski, Consejero del Presidente de la Rep\u00fablica Polaca<\/td>\n<\/tr>\n<tr>\n<td width=\"127\">2010<\/td>\n<td width=\"582\">El\u017cbieta Smoli\u0144ska, Presidente del Distrito de Pruszk\u00f3w<\/td>\n<\/tr>\n<tr>\n<td width=\"127\">2010<\/td>\n<td width=\"582\">Dr. Adam Fronczak, Subsecretario de Estado en el Ministerio de Salud<\/td>\n<\/tr>\n<tr>\n<td width=\"127\">2010<\/td>\n<td width=\"582\">Dr. Jacek Paszkiewicz, Presidente del Fondo Nacional de Salud<\/td>\n<\/tr>\n<tr>\n<td width=\"127\">2010<\/td>\n<td width=\"582\">Prof. Wojciech Noszczyk, Vicepresidente de la Comisi\u00f3n Central de Grados y T\u00edtulos<\/td>\n<\/tr>\n<tr>\n<td width=\"127\">2010<\/td>\n<td width=\"582\">Dr. Andrzej W\u0142odarczyk, Subsecretario de Estado en el Ministerio de Salud<\/td>\n<\/tr>\n<tr>\n<td width=\"127\">2010<\/td>\n<td width=\"582\">Janusz Grzyb, Alcalde del Municipio de Nadarzyn<\/td>\n<\/tr>\n<tr>\n<td width=\"127\">2010<\/td>\n<td width=\"582\">Rados\u0142aw Sikorski, Ministro de Asuntos Exteriores<\/td>\n<\/tr>\n<tr>\n<td width=\"127\">2010<\/td>\n<td width=\"582\">Prof. G\u00fcnter Verheugen, Comisario de la Uni\u00f3n Europea de Empresa e Industria<\/td>\n<\/tr>\n<tr>\n<td width=\"127\">2011<\/td>\n<td width=\"582\">El Primado J\u00f3zef Glemp<\/td>\n<\/tr>\n<tr>\n<td width=\"127\">2011<\/td>\n<td width=\"582\">Ewa Kopacz, Ministra de Salud<\/td>\n<\/tr>\n<tr>\n<td width=\"127\">2011<\/td>\n<td width=\"582\">Prof. Linda Luxon<\/td>\n<\/tr>\n<tr>\n<td width=\"127\">2011<\/td>\n<td width=\"582\">Dra. Beata Ma\u0142ecka-Libera, Vicepresidenta de la Comisi\u00f3n de la Salud del Sejm (C\u00e1mara Baja del Parlamento Polaco)<\/td>\n<\/tr>\n<tr>\n<td width=\"127\">2011<\/td>\n<td width=\"582\">Dr. Adam Fronczak, Viceministro de Salud<\/td>\n<\/tr>\n<tr>\n<td width=\"127\">2012<\/td>\n<td width=\"582\">Donald Tusk, Primer Ministro de la Rep\u00fablica Polaca<\/td>\n<\/tr>\n<tr>\n<td width=\"127\">2012<\/td>\n<td width=\"582\">Ewa Kopacz, Presidenta del Sejm (C\u00e1mara Baja del Parlamento Polaco)<\/td>\n<\/tr>\n<tr>\n<td width=\"127\">2012<\/td>\n<td width=\"582\">El\u017cbieta Bie\u0144kowska, Ministra del Desarrollo Regional<\/td>\n<\/tr>\n<tr>\n<td width=\"127\">2012<\/td>\n<td width=\"582\">Aleksander Sopli\u0144ski, Viceministro de Salud<\/td>\n<\/tr>\n<tr>\n<td width=\"127\">2012<\/td>\n<td width=\"582\">El Cardenal Kazimierz Nycz<\/td>\n<\/tr>\n<tr>\n<td width=\"127\">2012<\/td>\n<td width=\"582\">Dr. Adam Fronczak, ex Ministro de Salud<\/td>\n<\/tr>\n<tr>\n<td width=\"127\">2012<\/td>\n<td width=\"582\">Prof. Longin Pastusiak, ex Presidente del Senado,<\/td>\n<\/tr>\n<tr>\n<td width=\"127\">2012<\/td>\n<td width=\"582\">Dr. J\u00f3zef Oleksy, ex Primer Ministro de la Rep\u00fablica Polaca<\/td>\n<\/tr>\n<tr>\n<td width=\"127\">2012<\/td>\n<td width=\"582\">Prof. Krzysztof Kurzyd\u0142owski, Director del Centro Nacional de Investigaciones y Desarrollo<\/td>\n<\/tr>\n<tr>\n<td width=\"127\">2012<\/td>\n<td width=\"582\">Bogdan Borusewicz, Presidente del Senado<\/td>\n<\/tr>\n<tr>\n<td width=\"127\">2012<\/td>\n<td width=\"582\">Bronis\u0142aw Komorowski, Presidente de la Rep\u00fablica Polaca<\/td>\n<\/tr>\n<tr>\n<td width=\"127\">2013<\/td>\n<td width=\"582\">Marek Michalak, Canciller del Jurado Internacional de la Orden de la Sonrisa<\/p>\n<p>y Defensor del Menor<\/td>\n<\/tr>\n<tr>\n<td width=\"127\">2013<\/td>\n<td width=\"582\">El Cardenal Kazimierz Nycz<\/td>\n<\/tr>\n<tr>\n<td width=\"127\">2013<\/td>\n<td width=\"582\">Dra. Hanna Suchocka, Primera Ministra de la Rep\u00fablica Polaca<\/td>\n<\/tr>\n<tr>\n<td width=\"127\">2013<\/td>\n<td width=\"582\">Janusz Piechoci\u0144ski, Viceprimer Ministro, Ministro de Econom\u00eda<\/td>\n<\/tr>\n<tr>\n<td width=\"127\">2013<\/td>\n<td width=\"582\">Prof. Jerzy Buzek, Diputado al Parlamento Europeo<\/td>\n<\/tr>\n<tr>\n<td width=\"127\">2013<\/td>\n<td width=\"582\">Prof. Micha\u0142 Kleiber, Presidente de PAN [Academia Polaca de Ciencias]<\/td>\n<\/tr>\n<tr>\n<td width=\"127\">2013<\/td>\n<td width=\"582\">Prof. Marek Belka<\/td>\n<\/tr>\n<tr>\n<td width=\"127\">2013<\/td>\n<td width=\"582\">Jerzy Ko\u017ami\u0144ski, Presidente de Polsko-Ameryka\u0144ska Fundacja Wolno\u015bci [Fundaci\u00f3n Polaco-Norteamericana de la Libertad]<\/td>\n<\/tr>\n<tr>\n<td width=\"127\">2013<\/td>\n<td width=\"582\">Dr. J\u00f3zef Oleksy, Vicepresidente del partido Sojusz Lewicy Demokratycznej [Alianza de la Izquierda Democr\u00e1tica]<\/td>\n<\/tr>\n<tr>\n<td width=\"127\">2013<\/td>\n<td width=\"582\">Dr. Leszek Sikorski<\/td>\n<\/tr>\n<tr>\n<td width=\"127\">2013<\/td>\n<td width=\"582\">Prof. Grzegorz Opala<\/td>\n<\/tr>\n<tr>\n<td width=\"127\">2013<\/td>\n<td width=\"582\">Obispo Tadeusz Pikus<\/td>\n<\/tr>\n<tr>\n<td width=\"127\">2013<\/td>\n<td width=\"582\">Prof. Marek Krawczyk, Rector de Warszawski Uniwersytet Medyczny [Universidad M\u00e9dica de Varsovia]<\/td>\n<\/tr>\n<tr>\n<td width=\"127\">2013<\/td>\n<td width=\"582\">Dra. Beata Ma\u0142ecka-Libera, Vicepresidenta de la Comisi\u00f3n de Salud del Sejm (C\u00e1mara Baja del Parlamento Polaco).<\/td>\n<\/tr>\n<tr>\n<td width=\"127\">2013<\/td>\n<td width=\"582\">Prof. Leszek Rafalski, Presidente del Consejo General de Institutos de Investigaci\u00f3n<\/td>\n<\/tr>\n<tr>\n<td width=\"127\">2016<\/td>\n<td width=\"582\">dr n. med. Jaros\u0142aw Pinkas, Secretario de Estado en el Ministerio de Salud<\/td>\n<\/tr>\n<tr>\n<td width=\"127\">2016<\/td>\n<td width=\"582\">Presidente de KRUS <u>\u00a0[Caja de Seguro Social Agrario de Agricultores] <\/u>\u2013\u00a0Jacek Dubi\u0144ski, Presidenta Adjunta de la Caja, Janina Pszcz\u00f3\u0142kowska y el ex Presidente de KRUS, Marek Ho\u0142ubicki<\/td>\n<\/tr>\n<\/tbody>\n<\/table>\n<table width=\"1295\">\n<tbody>\n<tr>\n<td width=\"128\">2018<\/td>\n<td width=\"582\">Ministro de Inversiones y Desarrollo, Jerzy Kwieci\u0144ski<\/td>\n<td width=\"582\">Minister Inwestycji i Rozwoju Jerzy Kwieci\u0144ski<\/td>\n<\/tr>\n<\/tbody>\n<\/table>\n","protected":false},"excerpt":{"rendered":"<p>1993 Dra. Hanna Suchocka, Primera Ministra de la Rep\u00fablica Polaca 1993 Gra\u017cyna Andrzejewska-Sroczy\u0144ska, Plenipotenciario del Gobierno para las Personas Discapacitadas 1993 El obispo Alojzy Orszulik 1993 Jerzy Ko\u017ami\u0144ski, Secretario de Estado en el Ministerio de Asuntos Exteriores 1993 Bohdan Jastrz\u0119bski, ..<\/p>\n<div class=\"reading\"><a href=\"https:\/\/henrykskarzynski.pl\/?page_id=18643&#038;lang=es\">&gt;&gt;&gt;<\/a><\/div>\n","protected":false},"author":4,"featured_media":0,"parent":0,"menu_order":3,"comment_status":"closed","ping_status":"closed","template":"","meta":{"footnotes":""},"class_list":["post-18643","page","type-page","status-publish","hentry"],"_links":{"self":[{"href":"https:\/\/henrykskarzynski.pl\/index.php?rest_route=\/wp\/v2\/pages\/18643","targetHints":{"allow":["GET"]}}],"collection":[{"href":"https:\/\/henrykskarzynski.pl\/index.php?rest_route=\/wp\/v2\/pages"}],"about":[{"href":"https:\/\/henrykskarzynski.pl\/index.php?rest_route=\/wp\/v2\/types\/page"}],"author":[{"embeddable":true,"href":"https:\/\/henrykskarzynski.pl\/index.php?rest_route=\/wp\/v2\/users\/4"}],"replies":[{"embeddable":true,"href":"https:\/\/henrykskarzynski.pl\/index.php?rest_route=%2Fwp%2Fv2%2Fcomments&post=18643"}],"version-history":[{"count":0,"href":"https:\/\/henrykskarzynski.pl\/index.php?rest_route=\/wp\/v2\/pages\/18643\/revisions"}],"wp:attachment":[{"href":"https:\/\/henrykskarzynski.pl\/index.php?rest_route=%2Fwp%2Fv2%2Fmedia&parent=18643"}],"curies":[{"name":"wp","href":"https:\/\/api.w.org\/{rel}","templated":true}]}}