{"id":18632,"date":"2015-10-26T15:42:33","date_gmt":"2015-10-11T13:28:02","guid":{"rendered":"https:\/\/henrykskarzynski.pl\/?page_id=18632"},"modified":"2024-08-28T11:52:04","modified_gmt":"2024-08-28T11:52:04","slug":"bildungs-und-schulungstatigkeit-chronologisch","status":"publish","type":"page","link":"https:\/\/henrykskarzynski.pl\/?page_id=18632&lang=de","title":{"rendered":"Bildungs- und Schulungst\u00e4tigkeit \u2013 chronologisch"},"content":{"rendered":"<table>\n<tbody>\n<tr>\n<td width=\"125\">2013<\/td>\n<td>Erster Platz in der Aktivit\u00e4tsliste w\u00e4hrend des\u00a0 11.\u00a0 Kontinentalen und Europ\u00e4ischen Kongresses \u00fcber H\u00f6rimplantate und Neue Technologien (ESPCI)<\/td>\n<\/tr>\n<tr>\n<td>2013<\/td>\n<td>Erster Platz in der Aktivit\u00e4tsliste w\u00e4hrend des 20. Weltkongresses der Gesellschaften f\u00fcr HNO-Heilkunde (IFOS)<\/td>\n<\/tr>\n<tr>\n<td>seit 2011<\/td>\n<td>Vorsteher der Staatlichen Pr\u00fcfungskommission im Bereich der HNO-Chirurgie<\/td>\n<\/tr>\n<tr>\n<td>seit 2010<\/td>\n<td>Vorsteher der Staatlichen Pr\u00fcfungskommission im Bereich der Surdologop\u00e4die<\/td>\n<\/tr>\n<tr>\n<td>seit 2009<\/td>\n<td>Vorsteher der Staatlichen Pr\u00fcfungskommission im Bereich der Neurologop\u00e4die<\/td>\n<\/tr>\n<tr>\n<td>2008 \u2013 2011<\/td>\n<td>Vorsteher der Staatlichen Pr\u00fcfungskommission im Bereich der Audiologie und Phoniatrie<\/td>\n<\/tr>\n<tr>\n<td>seit 2008<\/td>\n<td>Veranstalter von ohrchirurgischen Schauoperationen im Rahmen des internationalen LION-Netzes<\/td>\n<\/tr>\n<tr>\n<td>seit 2008<\/td>\n<td>Organisator didaktischer Veranstaltungen f\u00fcr Studenten des\u00a0 Klinikums f\u00fcr HNO-Heilkunde und Rehabilitation der Station f\u00fcr Physiotherapie der 2. Medizinischen Fakult\u00e4t der Medizinischen Universit\u00e4t Warschau<\/td>\n<\/tr>\n<tr>\n<td>seit 2008<\/td>\n<td>Pr\u00e4sident und Mitveranstalter der j\u00e4hrlichen Serie internationaler Kurse und Konferenzen auf dem Gebiet der endoskopischen Sinuschirurgie<\/td>\n<\/tr>\n<tr>\n<td>seit 2007<\/td>\n<td>Vortragender und Organisator didaktischer Veranstaltungen im Bereich der Audiologie f\u00fcr Studenten des einmaligen Fachs Logop\u00e4die und Audiologie der Maria-Curie-Sk\u0142odowska-Universit\u00e4t<\/td>\n<\/tr>\n<tr>\n<td>seit 2007<\/td>\n<td>Organisator der Audiologischen Schule f\u00fcr Gymnasialabsolventen am Institut f\u00fcr Physiologie und Pathologie des Geh\u00f6rs, die H\u00f6rprothetiker ausbildet<\/td>\n<\/tr>\n<tr>\n<td>seit 2006<\/td>\n<td>Vortragender und Mitorganisator der j\u00e4hrlichen Serie internationaler Schulungsworkshops Window Approach Workshop<\/td>\n<\/tr>\n<tr>\n<td>seit 2006<\/td>\n<td>Vortragender und Mitorganisator von Kursen f\u00fcr H\u00f6rprothetiker<\/td>\n<\/tr>\n<tr>\n<td>seit 2004<\/td>\n<td>Organisator der Akademie f\u00fcr Ohrchirurgie, Lehrer in den Kursen der Mikrochirurgie der Ohren<\/td>\n<\/tr>\n<tr>\n<td>seit 2004<\/td>\n<td>Mitveranstalter des Bildungsportals f\u00fcr Gymnasial- und Hochschulabsolventen<\/td>\n<\/tr>\n<tr>\n<td>seit 2003<\/td>\n<td>Lehrer und Organisator von Kursen f\u00fcr Fach\u00e4rzte f\u00fcr Audiologie und Ohrchirurgie in Zusammenarbeit mit:<\/p>\n<ul>\n<li>Hearing and Speech Sciences Laboratory, Brigham Young University, Provo (Vereinigte Staaten)<\/li>\n<li>Department of Communicative Disorders, East Tennessee State University (Vereinigte Staaten)<\/li>\n<\/ul>\n<\/td>\n<\/tr>\n<tr>\n<td>seit 2003<\/td>\n<td>Lehrer und Mitorganisator des Studiums der Objektiven H\u00f6runtersuchungen [<em>poln.<\/em> Studium Obiektywnych Bada\u0144 S\u0142uchu \u2013 SOBS]<\/td>\n<\/tr>\n<tr>\n<td>seit 2002<\/td>\n<td>Ideengeber von Weiterbildungsschulungen f\u00fcr HNO-Fach\u00e4rzte<\/td>\n<\/tr>\n<tr>\n<td>2002 \u2013 2008<\/td>\n<td>Mitglied der Pr\u00fcfungskommission im Bereich der Audiologie und Phoniatrie<\/td>\n<\/tr>\n<tr>\n<td>seit 2000<\/td>\n<td>Veranstalter einer pr\u00e4gradualen Schulung f\u00fcr Studenten der Akademie f\u00fcr Sonderp\u00e4dagogik, Maria-Sk\u0142odowska-Curie-Universit\u00e4t Lublin, Medizinischen Akademie Warschau und Medizinischen Universit\u00e4t Warschau<\/td>\n<\/tr>\n<tr>\n<td>seit 1998<\/td>\n<td>Veranstalter der Aufbauschulung im Bereich der Surdologop\u00e4die \u2013 Aufbaustudium Surdologop\u00e4die in Zusammenarbeit mit der Maria-Sk\u0142odowska-Curie-Universit\u00e4t Lublin<\/td>\n<\/tr>\n<tr>\n<td>1998 \u2013 2001<\/td>\n<td>Vorsteher der Staatlichen Pr\u00fcfungskommission im Bereich der Audiologie und Phoniatrie<\/td>\n<\/tr>\n<tr>\n<td>1994 \u2013 1998<\/td>\n<td>Vorsteher der Staatlichen Pr\u00fcfungs- und Facharztweiterbildungskommission im Bereich der Audiologie und Mitglied der Pr\u00fcfungskommission im Bereich der Phoniatrie<\/td>\n<\/tr>\n<tr>\n<td>Seit 1993<\/td>\n<td>Veranstalter von:<\/p>\n<ul>\n<li>4 internationalen wissenschaftlichen Kongressen in Polen:\n<ul>\n<li>1. Internationaler Tinnitus-Kongress (1st WTC)<\/li>\n<li>12<sup>th<\/sup> International Tinnitus Seminar<\/li>\n<li>25\u00a0IERASG Biennal Symposium<\/li>\n<li>4<sup>th<\/sup> International Symposium on Otosclerosis and Stapes Surgery<\/li>\n<\/ul>\n<\/li>\n<\/ul>\n<ul>\n<li>2 kontinentalen wissenschaftlichen Kongressen in Polen:\n<ul>\n<li>9. Europ\u00e4ischer Kongress \u00fcber Cochlea-Implantate bei Kindern (ESPCI)<\/li>\n<li>10. Kongress der Europ\u00e4ischen Audiologischen Gesellschaften (EFAS)<\/li>\n<\/ul>\n<\/li>\n<li>31 internationalen wissenschaftlichen Konferenzen in Polen<\/li>\n<li>116 Wissenschafts- und Schulungsworkshops<\/li>\n<li>48 Kursen der Mikrochirurgie der Ohren<\/li>\n<li>10 internationalen bilateralen Symposien: polnisch-deutsch, polnisch-belgisch, polnisch-franz\u00f6sisch, polnisch-britisch, polnisch-amerikanisch, polnisch-russisch, polnisch-ukrainisch polnisch-tadschikisch<\/li>\n<\/ul>\n<ul>\n<li>4 internationalen Konferenzen zur Telemedizin<\/li>\n<li>Internationaler Akademie f\u00fcr Mikrochirurgie der Ohren<\/li>\n<li>Schulungsworkshops Window Approach Workshop (80 Ausgaben)<\/li>\n<li>Kursen des Internationalen Kurses der endoskopischen Sinuschirurgie (6 Ausgaben)<\/li>\n<li>Wissenschaftlicher Konferenz Richtlinien in der HNO-Heilkunde, Audiologie und Phoniatrie (4 Ausgaben)<\/li>\n<li>10 Festivals und Musikworkshops \u201eSchneckenrhythmen\u201c<\/li>\n<\/ul>\n<\/td>\n<\/tr>\n<tr>\n<td>seit 1983<\/td>\n<td>Betreuer von 53 Facharztweiterbildungen 1. und 2. Grades im Bereich der HNO-Heilkunde und Audiologie und Phoniatrie<\/td>\n<\/tr>\n<tr>\n<td>seit 1983<\/td>\n<td>Organisator von Aufbaukursen im Bereich der HNO-Heilkunde, Audiologie und Phoniatrie<\/td>\n<\/tr>\n<tr>\n<td>1980 \u2013 2000<\/td>\n<td>Veranstalter pr\u00e4gradualer Kurse f\u00fcr Studenten der Medizinischen Akademie Warschau<\/td>\n<\/tr>\n<\/tbody>\n<\/table>\n","protected":false},"excerpt":{"rendered":"<p>2013 Erster Platz in der Aktivit\u00e4tsliste w\u00e4hrend des\u00a0 11.\u00a0 Kontinentalen und Europ\u00e4ischen Kongresses \u00fcber H\u00f6rimplantate und Neue Technologien (ESPCI) 2013 Erster Platz in der Aktivit\u00e4tsliste w\u00e4hrend des 20. Weltkongresses der Gesellschaften f\u00fcr HNO-Heilkunde (IFOS) seit 2011 Vorsteher der Staatlichen Pr\u00fcfungskommission ..<\/p>\n<div class=\"reading\"><a href=\"https:\/\/henrykskarzynski.pl\/?page_id=18632&#038;lang=de\">&gt;&gt;&gt;<\/a><\/div>\n","protected":false},"author":4,"featured_media":0,"parent":15359,"menu_order":2,"comment_status":"closed","ping_status":"closed","template":"","meta":{"footnotes":""},"class_list":["post-18632","page","type-page","status-publish","hentry"],"_links":{"self":[{"href":"https:\/\/henrykskarzynski.pl\/index.php?rest_route=\/wp\/v2\/pages\/18632","targetHints":{"allow":["GET"]}}],"collection":[{"href":"https:\/\/henrykskarzynski.pl\/index.php?rest_route=\/wp\/v2\/pages"}],"about":[{"href":"https:\/\/henrykskarzynski.pl\/index.php?rest_route=\/wp\/v2\/types\/page"}],"author":[{"embeddable":true,"href":"https:\/\/henrykskarzynski.pl\/index.php?rest_route=\/wp\/v2\/users\/4"}],"replies":[{"embeddable":true,"href":"https:\/\/henrykskarzynski.pl\/index.php?rest_route=%2Fwp%2Fv2%2Fcomments&post=18632"}],"version-history":[{"count":2,"href":"https:\/\/henrykskarzynski.pl\/index.php?rest_route=\/wp\/v2\/pages\/18632\/revisions"}],"predecessor-version":[{"id":24225,"href":"https:\/\/henrykskarzynski.pl\/index.php?rest_route=\/wp\/v2\/pages\/18632\/revisions\/24225"}],"up":[{"embeddable":true,"href":"https:\/\/henrykskarzynski.pl\/index.php?rest_route=\/wp\/v2\/pages\/15359"}],"wp:attachment":[{"href":"https:\/\/henrykskarzynski.pl\/index.php?rest_route=%2Fwp%2Fv2%2Fmedia&parent=18632"}],"curies":[{"name":"wp","href":"https:\/\/api.w.org\/{rel}","templated":true}]}}