{"id":18629,"date":"2015-09-07T14:15:17","date_gmt":"2015-09-07T14:15:17","guid":{"rendered":"https:\/\/henrykskarzynski.pl\/?page_id=18629"},"modified":"2020-02-05T11:34:26","modified_gmt":"2020-02-05T11:34:26","slug":"publikationen","status":"publish","type":"page","link":"https:\/\/henrykskarzynski.pl\/?page_id=18629&lang=de","title":{"rendered":"Wissenschaftliche internationale Publikationen"},"content":{"rendered":"<h3><a href=\"https:\/\/henrykskarzynski.pl\/wp-content\/uploads\/2020\/02\/Artyku\u0142y-w-czasopismach-zagranicznych.pdf\">Artikel in ausl\u00e4ndischen Zeitschriften<\/a><\/h3>\n<h3><a href=\"https:\/\/henrykskarzynski.pl\/wp-content\/uploads\/2020\/02\/Rozdzia\u0142y-w-publikacjach-zagranicznych.pdf\">Kapitel in ausl\u00e4ndischen Publikationen<\/a><\/h3>\n<h3>\n<a href=\"https:\/\/henrykskarzynski.pl\/wp-content\/uploads\/2020\/02\/Prace-w-recenzowanych-materia\u0142ach-zjazdowych-zagranicznych.pdf\">Wissenschaftliche Arbeiten in begutachteten ausl\u00e4ndischen Kongressmaterialien<\/a><\/h3>\n<p>&nbsp;<\/p>\n","protected":false},"excerpt":{"rendered":"<p>Artikel in ausl\u00e4ndischen Zeitschriften Kapitel in ausl\u00e4ndischen Publikationen Wissenschaftliche Arbeiten in begutachteten ausl\u00e4ndischen Kongressmaterialien &nbsp;<\/p>\n","protected":false},"author":4,"featured_media":0,"parent":0,"menu_order":0,"comment_status":"closed","ping_status":"closed","template":"","meta":{"footnotes":""},"class_list":["post-18629","page","type-page","status-publish","hentry"],"_links":{"self":[{"href":"https:\/\/henrykskarzynski.pl\/index.php?rest_route=\/wp\/v2\/pages\/18629","targetHints":{"allow":["GET"]}}],"collection":[{"href":"https:\/\/henrykskarzynski.pl\/index.php?rest_route=\/wp\/v2\/pages"}],"about":[{"href":"https:\/\/henrykskarzynski.pl\/index.php?rest_route=\/wp\/v2\/types\/page"}],"author":[{"embeddable":true,"href":"https:\/\/henrykskarzynski.pl\/index.php?rest_route=\/wp\/v2\/users\/4"}],"replies":[{"embeddable":true,"href":"https:\/\/henrykskarzynski.pl\/index.php?rest_route=%2Fwp%2Fv2%2Fcomments&post=18629"}],"version-history":[{"count":0,"href":"https:\/\/henrykskarzynski.pl\/index.php?rest_route=\/wp\/v2\/pages\/18629\/revisions"}],"wp:attachment":[{"href":"https:\/\/henrykskarzynski.pl\/index.php?rest_route=%2Fwp%2Fv2%2Fmedia&parent=18629"}],"curies":[{"name":"wp","href":"https:\/\/api.w.org\/{rel}","templated":true}]}}