{"id":18621,"date":"2014-04-01T14:52:43","date_gmt":"2013-09-16T19:51:40","guid":{"rendered":"https:\/\/henrykskarzynski.pl\/?page_id=18621"},"modified":"2018-07-19T11:26:09","modified_gmt":"2018-07-19T11:26:09","slug":"besuche-der-first-ladies","status":"publish","type":"page","link":"https:\/\/henrykskarzynski.pl\/?page_id=18621&lang=de","title":{"rendered":"Besuche der First Ladies"},"content":{"rendered":"<table style=\"width: 464px;\" cellspacing=\"1\" cellpadding=\"1\">\n<tbody>\n<tr>\n<td style=\"width: 129px;\" width=\"125\">1992 r.<\/td>\n<td style=\"width: 335px;\">Franz\u00f6sische First Lady Danielle Mitterrand<\/td>\n<\/tr>\n<tr>\n<td style=\"width: 129px;\">1995 r.<\/td>\n<td style=\"width: 335px;\">Maria Oleksy, Ehegattin des polnischen Ministerpr\u00e4sidenten J\u00f3zef Oleksy<\/td>\n<\/tr>\n<tr>\n<td style=\"width: 129px;\">1997 r.<\/td>\n<td style=\"width: 335px;\">Maria Oleksy, Ehegattin des polnischen Ministerpr\u00e4sidenten J\u00f3zef Oleksy<\/td>\n<\/tr>\n<tr>\n<td style=\"width: 129px;\">2003 r.<\/td>\n<td style=\"width: 335px;\">Polnische First Lady Jolanta Kwa\u015bniewska<\/td>\n<\/tr>\n<tr>\n<td style=\"width: 129px;\">2006 r.<\/td>\n<td style=\"width: 335px;\">Polnische First Lady Maria Kaczy\u0144ska und ukrainische First Lady Kateryna Juschtschenko<\/td>\n<\/tr>\n<tr>\n<td style=\"width: 129px;\">2006 r.<\/td>\n<td style=\"width: 335px;\">Maria Oleksy, Ehegattin des polnischen Ministerpr\u00e4sidenten J\u00f3zef Oleksy<\/td>\n<\/tr>\n<tr>\n<td style=\"width: 129px;\">2008 r.<\/td>\n<td style=\"width: 335px;\">Slowakische First Lady Silvia Gasparovicova<\/td>\n<\/tr>\n<tr>\n<td style=\"width: 129px;\">2008 r.<\/td>\n<td style=\"width: 335px;\">Polnische First Lady Maria Kaczy\u0144ska und aserbaidschanische First Lady Mehriban Alijewa<\/td>\n<\/tr>\n<tr>\n<td style=\"width: 129px;\">2010 r.<\/td>\n<td style=\"width: 335px;\">Polnische First Lady Anna Komorowska i\u00a0russische First Lady Svietlana Medwedewa<\/td>\n<\/tr>\n<tr>\n<td style=\"width: 129px;\">2014 r.<\/td>\n<td style=\"width: 335px;\">First Lady der Republik Estland, Evelin IIves<\/td>\n<\/tr>\n<\/tbody>\n<\/table>\n<table style=\"width: 464px;\" cellspacing=\"1\" cellpadding=\"1\">\n<tbody>\n<tr>\n<td style=\"width: 127px;\">2017 r.<\/td>\n<td style=\"width: 337px;\">Polnische First Lady Agata Kornhauser-Duda<\/td>\n<\/tr>\n<\/tbody>\n<\/table>\n<p>&nbsp;<\/p>\n","protected":false},"excerpt":{"rendered":"<p>1992 r. Franz\u00f6sische First Lady Danielle Mitterrand 1995 r. Maria Oleksy, Ehegattin des polnischen Ministerpr\u00e4sidenten J\u00f3zef Oleksy 1997 r. Maria Oleksy, Ehegattin des polnischen Ministerpr\u00e4sidenten J\u00f3zef Oleksy 2003 r. Polnische First Lady Jolanta Kwa\u015bniewska 2006 r. Polnische First Lady Maria ..<\/p>\n<div class=\"reading\"><a href=\"https:\/\/henrykskarzynski.pl\/?page_id=18621&#038;lang=de\">&gt;&gt;&gt;<\/a><\/div>\n","protected":false},"author":4,"featured_media":0,"parent":0,"menu_order":44,"comment_status":"closed","ping_status":"closed","template":"","meta":{"footnotes":""},"class_list":["post-18621","page","type-page","status-publish","hentry"],"_links":{"self":[{"href":"https:\/\/henrykskarzynski.pl\/index.php?rest_route=\/wp\/v2\/pages\/18621","targetHints":{"allow":["GET"]}}],"collection":[{"href":"https:\/\/henrykskarzynski.pl\/index.php?rest_route=\/wp\/v2\/pages"}],"about":[{"href":"https:\/\/henrykskarzynski.pl\/index.php?rest_route=\/wp\/v2\/types\/page"}],"author":[{"embeddable":true,"href":"https:\/\/henrykskarzynski.pl\/index.php?rest_route=\/wp\/v2\/users\/4"}],"replies":[{"embeddable":true,"href":"https:\/\/henrykskarzynski.pl\/index.php?rest_route=%2Fwp%2Fv2%2Fcomments&post=18621"}],"version-history":[{"count":0,"href":"https:\/\/henrykskarzynski.pl\/index.php?rest_route=\/wp\/v2\/pages\/18621\/revisions"}],"wp:attachment":[{"href":"https:\/\/henrykskarzynski.pl\/index.php?rest_route=%2Fwp%2Fv2%2Fmedia&parent=18621"}],"curies":[{"name":"wp","href":"https:\/\/api.w.org\/{rel}","templated":true}]}}